{"id":28865,"date":"2024-04-09T21:42:23","date_gmt":"2024-04-09T21:42:23","guid":{"rendered":"https:\/\/cheveuxluxe.com\/index.php\/product\/xp-shampooing-post-coloration-1l\/"},"modified":"2024-04-13T14:27:34","modified_gmt":"2024-04-13T14:27:34","slug":"xp-shampooing-post-coloration-1l","status":"publish","type":"product","link":"https:\/\/cheveuxluxe.com\/index.php\/product\/xp-shampooing-post-coloration-1l\/","title":{"rendered":"XP Shampooing Post-Coloration 1L"},"content":{"rendered":"<div class=\"product-content_bottom\">\n<div class=\"pdp-info\">\n<div class=\"pdp-tabs tab-container\">\n<div class=\"tab js-tab\">\n<h3 class=\"tab-title pdp-tabs_title js-tab-mobile-title open\"><span>Points cl\u00e9s<\/span><\/h3>\n<div class=\"tab-description pdp-tabs_description js-tab-description open\" itemprop=\"description\">\n<ul>\n<li>nettoi les cheveux apr\u00e8s le processus de coloration<br \/>arr\u00eate l\u2019action chimique <br \/>et stabilise les pigments pour des r\u00e9sultats de couleur plus durables<br \/>convient d\u2019utiliser apr\u00e8s toutes les colorations XP permanentes et demi-permanentes<\/li>\n<\/ul>\n<\/div>\n<\/div>\n<div class=\"tab js-tab\">\n<h3 class=\"tab-title pdp-tabs_title js-tab-mobile-title\"><span>Description<\/span><\/h3>\n<div class=\"tab-description pdp-tabs_description js-tab-description\" itemprop=\"description\">Le shampooing XP Post-Coloration nettoi les cheveux apr\u00e8s le processus de coloration. Il arr\u00eate l\u2019action chimique et stabilise les pigments pour des r\u00e9sultats de couleur plus durables.<br \/>Il convient d\u2019utiliser apr\u00e8s toutes les colorations XP permanentes et demi-permanentes.<\/div>\n<\/div>\n<div class=\"tab js-tab\">\n<h3 class=\"tab-title pdp-tabs_title js-tab-mobile-title\"><span>Mode d&#8217;emploi<\/span><\/h3>\n<div class=\"tab-description pdp-tabs_description js-tab-description\">Appliquez uniform\u00e9ment sur les cheveux mouill\u00e9s et faites mousser. <br \/>Laissez agir bri\u00e8vement et rincez abondamment.<\/div>\n<\/div>\n<div class=\"tab js-tab\">\n<h3 class=\"tab-title pdp-tabs_title js-tab-mobile-title\"><span>Ingr\u00e9dients<\/span><\/h3>\n<div class=\"tab-description pdp-tabs_description js-tab-description\">Aqua (Water), Sodium Laureth Sulfate, Sodium Chloride, Cocamide DEA, Cocamidopropyl Betaine, PEG-7 Glyceryl Cocoate, PEG-200 Hydrogenated Glyceryl Palmate, Citric Acid, Polysorbate 20, Disodium EDTA, Prunus Amygdalus Dulcis (Sweet Almond) Oil, Hydrolyzed Sweet Almond Protein, Potassium Palmitoyl Hydrolyzed Wheat Protein, Methylchloroisothiazolinone, Methylisothiazolinone, CI 19140 (Yellow 5), CI 17200 (Red 33), Limonene, Parfum (Fragrance).<\/div>\n<\/div>\n<div class=\"tab js-tab\">\n<h3 class=\"tab-title pdp-tabs_title js-tab-mobile-title\"><span>Livraison et stock<\/span><\/h3>\n<div class=\"tab-description pdp-tabs_description js-tab-description\">\n<div class=\"pdp-delivery_info\">\n<div class=\"content-asset\">Livraison et d\u00e9laisRetours et remboursements<\/div>\n<\/div>\n<\/div>\n<\/div>\n<div class=\"tab js-tab\">\n<h3 class=\"tab-title pdp-tabs_title js-tab-mobile-title\"><span>Pr\u00e9cautions d&#8217;emploi<\/span><\/h3>\n<div class=\"tab-description pdp-tabs_description js-tab-description\">\u00c9vitez le contact avec les yeux.<\/div>\n<\/div>\n<\/div>\n<\/div>\n<\/div>\n","protected":false},"excerpt":{"rendered":"<p>Points cl\u00e9s nettoi les cheveux apr\u00e8s le processus de colorationarr\u00eate l\u2019action chimique et stabilise les&hellip;<\/p>\n","protected":false},"featured_media":21462,"comment_status":"open","ping_status":"closed","template":"","meta":[],"pwb-brand":[654],"product_cat":[617],"product_tag":[274,273,349],"class_list":{"0":"post-28865","1":"product","2":"type-product","3":"status-publish","4":"has-post-thumbnail","6":"pwb-brand-xp","7":"product_cat-coiffure","8":"product_tag-coiffure","9":"product_tag-vegan","10":"product_tag-xp","12":"first","13":"instock","14":"taxable","15":"shipping-taxable","16":"purchasable","17":"product-type-simple","18":"layout-style-3","19":"col-md-4 col-sm-4 col-xs-6","20":"col-lg-3","21":"product-style-default"},"aioseo_notices":[],"brands":[{"id":654,"name":"XP","slug":"xp"}],"_links":{"self":[{"href":"https:\/\/cheveuxluxe.com\/index.php\/wp-json\/wp\/v2\/product\/28865","targetHints":{"allow":["GET"]}}],"collection":[{"href":"https:\/\/cheveuxluxe.com\/index.php\/wp-json\/wp\/v2\/product"}],"about":[{"href":"https:\/\/cheveuxluxe.com\/index.php\/wp-json\/wp\/v2\/types\/product"}],"replies":[{"embeddable":true,"href":"https:\/\/cheveuxluxe.com\/index.php\/wp-json\/wp\/v2\/comments?post=28865"}],"version-history":[{"count":0,"href":"https:\/\/cheveuxluxe.com\/index.php\/wp-json\/wp\/v2\/product\/28865\/revisions"}],"wp:featuredmedia":[{"embeddable":true,"href":"https:\/\/cheveuxluxe.com\/index.php\/wp-json\/wp\/v2\/media\/21462"}],"wp:attachment":[{"href":"https:\/\/cheveuxluxe.com\/index.php\/wp-json\/wp\/v2\/media?parent=28865"}],"wp:term":[{"taxonomy":"pwb-brand","embeddable":true,"href":"https:\/\/cheveuxluxe.com\/index.php\/wp-json\/wp\/v2\/pwb-brand?post=28865"},{"taxonomy":"product_cat","embeddable":true,"href":"https:\/\/cheveuxluxe.com\/index.php\/wp-json\/wp\/v2\/product_cat?post=28865"},{"taxonomy":"product_tag","embeddable":true,"href":"https:\/\/cheveuxluxe.com\/index.php\/wp-json\/wp\/v2\/product_tag?post=28865"}],"curies":[{"name":"wp","href":"https:\/\/api.w.org\/{rel}","templated":true}]}}