{"id":28909,"date":"2024-04-09T21:44:31","date_gmt":"2024-04-09T21:44:31","guid":{"rendered":"https:\/\/cheveuxluxe.com\/index.php\/product\/wella-professionals-oil-reflections-shampoing-1l\/"},"modified":"2024-04-13T13:54:44","modified_gmt":"2024-04-13T13:54:44","slug":"wella-professionals-oil-reflections-shampoing-1l","status":"publish","type":"product","link":"https:\/\/cheveuxluxe.com\/index.php\/product\/wella-professionals-oil-reflections-shampoing-1l\/","title":{"rendered":"Wella Professionals Oil Reflections Shampoing, 1L"},"content":{"rendered":"<div class=\"product-content_bottom\">\n<div class=\"pdp-info\">\n<div class=\"pdp-tabs tab-container\">\n<div class=\"tab js-tab\">\n<h3 class=\"tab-title pdp-tabs_title js-tab-mobile-title open\"><span>Points cl\u00e9s<\/span><\/h3>\n<div class=\"tab-description pdp-tabs_description js-tab-description open\" itemprop=\"description\">\n<ul>\n<li>Nettoie en profondeur, hydrate sans alourdir.<\/li>\n<li>Lisse et prot\u00e8ge la fibre capillaire pour favoriser la r\u00e9flexion de la lumi\u00e8re<\/li>\n<li>Une brillance \u00e9clatante.<\/li>\n<\/ul>\n<\/div>\n<\/div>\n<div class=\"tab js-tab\">\n<h3 class=\"tab-title pdp-tabs_title js-tab-mobile-title\"><span>Description<\/span><\/h3>\n<div class=\"tab-description pdp-tabs_description js-tab-description\" itemprop=\"description\">La gamme Wella Professionals Oil Reflections est sp\u00e9cialement con\u00e7ue pour les cheveux ternes et indisciplin\u00e9s. Avec le programme Oleology \u00e0 base d&rsquo;huiles pr\u00e9cieuses et d&rsquo;extrait de th\u00e9 blanc, la gamme lisse et prot\u00e8ge la fibre capillaire pour favoriser la r\u00e9flexion de la lumi\u00e8re et apporter une brillance \u00e9clatante. Le parfum signature de Oil Reflections est d\u00e9licat et \u00e9voque les dunes de sable blanc de l\u2019Orient.<br \/>La technologie Metal Purifier\u00b9 neutralise les particules m\u00e9talliques nocives pr\u00e9sentes dans l&rsquo;eau et maintient l&rsquo;\u00e9clat de la couleur.<\/p>\n<p>Le r\u00e9sultat : des cheveux jusqu&rsquo;\u00e0 3 fois plus lisses\u00b2 et instantan\u00e9ment plus lumineux.<\/p>\n<p>\u00b9Rendez-vous sur : www.wella.com\/metalpurifier pour en savoir plus sur Metal Purifier<br \/>\u00b2Avec l&rsquo;utilisation du shampoing, masque et huile vs. un shampoing sans agent de soin<\/p>\n<p>Wella Professionals est une marque leader mondiale de la coloration, experte en soins capillaires professionnels. Depuis plus de 140 ans, Wella Professionals est reconnue pour ses produits iconiques, ses technologies avanc\u00e9es et ses formules ultra-performantes d\u00e9di\u00e9es \u00e0 la transformation de vos cheveux. Entretien de la couleur, r\u00e9paration intense, nutrition instantan\u00e9e, brillance, soin du cuir chevelu, nos gammes sont con\u00e7ues pour r\u00e9pondre \u00e0 chaque besoin, pour r\u00e9v\u00e9ler votre beaut\u00e9 et votre personnalit\u00e9.<\/p><\/div>\n<\/div>\n<div class=\"tab js-tab\">\n<h3 class=\"tab-title pdp-tabs_title js-tab-mobile-title\"><span>Mode d&#8217;emploi<\/span><\/h3>\n<div class=\"tab-description pdp-tabs_description js-tab-description\">Appliquez le shampoing Wella Professionals Oil Reflections de Wella sur cheveux humides. Faites mousser et rincez abondamment.<\/div>\n<\/div>\n<div class=\"tab js-tab\">\n<h3 class=\"tab-title pdp-tabs_title js-tab-mobile-title\"><span>Ingr\u00e9dients<\/span><\/h3>\n<div class=\"tab-description pdp-tabs_description js-tab-description\">Aqua\/Water\/Eau, Sodium Lauryl Sulfate, Sodium Laureth Sulfate, Cocamidopropyl Betaine, Parfum\/Fragrance, Panthenol, Sodium Chloride, Sodium Benzoate, Citric Acid, Hydroxypropyl Methylcellulose, Allantoin, Salicylic Acid, Tetrasodium EDTA, Trisodium Ethylenediamine Disuccinate, Methylparaben, Sodium Hydroxide, Hexyl Cinnamal, Propylene Glycol, Linalool, Alpha-Isomethyl Ionone, Camellia Sinensis Leaf Extract, Sodium Citrate, Sodium Xylenesulfonate.<\/div>\n<\/div>\n<div class=\"tab js-tab\">\n<h3 class=\"tab-title pdp-tabs_title js-tab-mobile-title\"><span>Livraison et stock<\/span><\/h3>\n<div class=\"tab-description pdp-tabs_description js-tab-description\">\n<div class=\"pdp-delivery_info\">\n<div class=\"content-asset\">Livraison et d\u00e9laisRetours et remboursements<\/div>\n<\/div>\n<\/div>\n<\/div>\n<\/div>\n<\/div>\n<\/div>\n","protected":false},"excerpt":{"rendered":"<p>Points cl\u00e9s Nettoie en profondeur, hydrate sans alourdir. Lisse et prot\u00e8ge la fibre capillaire pour&hellip;<\/p>\n","protected":false},"featured_media":28902,"comment_status":"open","ping_status":"closed","template":"","meta":[],"pwb-brand":[648],"product_cat":[573],"product_tag":[134,127,323],"class_list":{"0":"post-28909","1":"product","2":"type-product","3":"status-publish","4":"has-post-thumbnail","6":"pwb-brand-wella-professionals","7":"product_cat-shampooing","8":"product_tag-shampooing","9":"product_tag-shampooing-et-coiffure","10":"product_tag-wella-professionals","12":"first","13":"instock","14":"taxable","15":"shipping-taxable","16":"purchasable","17":"product-type-simple","18":"layout-style-3","19":"col-md-4 col-sm-4 col-xs-6","20":"col-lg-3","21":"product-has-gallery","22":"product-style-default"},"aioseo_notices":[],"brands":[{"id":648,"name":"Wella Professionals","slug":"wella-professionals"}],"_links":{"self":[{"href":"https:\/\/cheveuxluxe.com\/index.php\/wp-json\/wp\/v2\/product\/28909","targetHints":{"allow":["GET"]}}],"collection":[{"href":"https:\/\/cheveuxluxe.com\/index.php\/wp-json\/wp\/v2\/product"}],"about":[{"href":"https:\/\/cheveuxluxe.com\/index.php\/wp-json\/wp\/v2\/types\/product"}],"replies":[{"embeddable":true,"href":"https:\/\/cheveuxluxe.com\/index.php\/wp-json\/wp\/v2\/comments?post=28909"}],"version-history":[{"count":0,"href":"https:\/\/cheveuxluxe.com\/index.php\/wp-json\/wp\/v2\/product\/28909\/revisions"}],"wp:featuredmedia":[{"embeddable":true,"href":"https:\/\/cheveuxluxe.com\/index.php\/wp-json\/wp\/v2\/media\/28902"}],"wp:attachment":[{"href":"https:\/\/cheveuxluxe.com\/index.php\/wp-json\/wp\/v2\/media?parent=28909"}],"wp:term":[{"taxonomy":"pwb-brand","embeddable":true,"href":"https:\/\/cheveuxluxe.com\/index.php\/wp-json\/wp\/v2\/pwb-brand?post=28909"},{"taxonomy":"product_cat","embeddable":true,"href":"https:\/\/cheveuxluxe.com\/index.php\/wp-json\/wp\/v2\/product_cat?post=28909"},{"taxonomy":"product_tag","embeddable":true,"href":"https:\/\/cheveuxluxe.com\/index.php\/wp-json\/wp\/v2\/product_tag?post=28909"}],"curies":[{"name":"wp","href":"https:\/\/api.w.org\/{rel}","templated":true}]}}