{"id":28949,"date":"2024-04-09T21:46:23","date_gmt":"2024-04-09T21:46:23","guid":{"rendered":"https:\/\/cheveuxluxe.com\/index.php\/product\/wella-professionals-invigo-color-brilliance-shampoing-1l-2\/"},"modified":"2024-04-13T13:54:51","modified_gmt":"2024-04-13T13:54:51","slug":"wella-professionals-invigo-color-brilliance-shampoing-1l-2","status":"publish","type":"product","link":"https:\/\/cheveuxluxe.com\/index.php\/product\/wella-professionals-invigo-color-brilliance-shampoing-1l-2\/","title":{"rendered":"Wella Professionals Invigo Color Brilliance Shampoing, 1L"},"content":{"rendered":"<div class=\"product-content_bottom\">\n<div class=\"pdp-info\">\n<div class=\"pdp-tabs tab-container\">\n<div class=\"tab js-tab\">\n<h3 class=\"tab-title pdp-tabs_title js-tab-mobile-title open\"><span>Points cl\u00e9s<\/span><\/h3>\n<div class=\"tab-description pdp-tabs_description js-tab-description open\" itemprop=\"description\">\n<ul>\n<li>\u00c9clat instantan\u00e9 et protection de la couleur, pour cheveux fins \u00e0 moyens.<\/li>\n<li>Avec la technologie Metal Purifier\u00b9 pour prot\u00e9ger la couleur des m\u00e9taux nocifs pr\u00e9sents dans l\u2019eau et pour pr\u00e9server l\u2019\u00e9clat de la couleur.<\/li>\n<li>Adapt\u00e9 aux cheveux fins.<\/li>\n<\/ul>\n<\/div>\n<\/div>\n<div class=\"tab js-tab\">\n<h3 class=\"tab-title pdp-tabs_title js-tab-mobile-title\"><span>Description<\/span><\/h3>\n<div class=\"tab-description pdp-tabs_description js-tab-description\" itemprop=\"description\">Adopt\u00e9e pour ses formules \u00e9nergisantes, ador\u00e9e pour la protection de la couleur au quotidien, la gamme Wella Professionals Invigo Color Brilliance pr\u00e9serve l\u2019\u00e9clat des cheveux color\u00e9s. \u00c0 base de citron caviar, de vitamine E et avec la technologie Metal Purifier :<br \/>\u2022 Histidine et vitamine E : pour lutter contre l\u2019oxydation<br \/>\u2022 La technologie Metal Purifier\u00b9 : pour prot\u00e9ger la couleur des m\u00e9taux nocifs pr\u00e9sents dans l\u2019eau et pour pr\u00e9server l\u2019\u00e9clat de la couleur.<\/p>\n<p>\u00b9Rendez-vous sur : www.wella.com\/metalpurifier pour en savoir plus sur Metal Purifier<\/p>\n<p>Wella Professionals est une marque leader mondiale de la coloration, experte en soins capillaires professionnels. Depuis plus de 140 ans, Wella Professionals est reconnue pour ses produits iconiques, ses technologies avanc\u00e9es et ses formules ultra-performantes d\u00e9di\u00e9es \u00e0 la transformation de vos cheveux. Entretien de la couleur, r\u00e9paration intense, nutrition instantan\u00e9e, brillance, soin du cuir chevelu, nos gammes sont con\u00e7ues pour r\u00e9pondre \u00e0 chaque besoin, pour r\u00e9v\u00e9ler votre beaut\u00e9 et votre personnalit\u00e9.<\/p><\/div>\n<\/div>\n<div class=\"tab js-tab\">\n<h3 class=\"tab-title pdp-tabs_title js-tab-mobile-title\"><span>Mode d&#8217;emploi<\/span><\/h3>\n<div class=\"tab-description pdp-tabs_description js-tab-description\">Appliquez sur cheveux mouill\u00e9s et faites mousser en massant d\u00e9licatement. Rincez abondamment. Renouvelez l&rsquo;application si n\u00e9cessaire.<\/div>\n<\/div>\n<div class=\"tab js-tab\">\n<h3 class=\"tab-title pdp-tabs_title js-tab-mobile-title\"><span>Ingr\u00e9dients<\/span><\/h3>\n<div class=\"tab-description pdp-tabs_description js-tab-description\">Aqua\/Water\/Eau, Sodium Lauryl Sulfate, Sodium Laureth Sulfate, Cocamidopropyl Betaine, Dimethicone, Glycol Distearate, Cocamide MEA, Parfum\/Fragrance, Sodium Benzoate, Citric Acid, Guar Hydroxypropyltrimonium Chloride, Glycerin, Salicylic Acid, Tocopheryl Acetate, Tetrasodium EDTA, Sodium Chloride, Limonene, Trisodium Ethylenediamine Disuccinate, Methylparaben, Glyoxylic Acid, Sodium Hydroxide, Linalool, Hexyl Cinnamal, Hydrochloric Acid, Microcitrus Australasica Fruit Extract, Magnesium Nitrate, Methylchloroisothiazolinone, Magnesium Chloride, Sodium Citrate, Methylisothiazolinone, Sodium Xylenesulfonate.<\/div>\n<\/div>\n<div class=\"tab js-tab\">\n<h3 class=\"tab-title pdp-tabs_title js-tab-mobile-title\"><span>Livraison et stock<\/span><\/h3>\n<div class=\"tab-description pdp-tabs_description js-tab-description\">\n<div class=\"pdp-delivery_info\">\n<div class=\"content-asset\">Livraison et d\u00e9laisRetours et remboursements<\/div>\n<\/div>\n<\/div>\n<\/div>\n<\/div>\n<\/div>\n<\/div>\n","protected":false},"excerpt":{"rendered":"<p>Points cl\u00e9s \u00c9clat instantan\u00e9 et protection de la couleur, pour cheveux fins \u00e0 moyens. Avec&hellip;<\/p>\n","protected":false},"featured_media":28944,"comment_status":"open","ping_status":"closed","template":"","meta":[],"pwb-brand":[648],"product_cat":[573],"product_tag":[134,127,323],"class_list":{"0":"post-28949","1":"product","2":"type-product","3":"status-publish","4":"has-post-thumbnail","6":"pwb-brand-wella-professionals","7":"product_cat-shampooing","8":"product_tag-shampooing","9":"product_tag-shampooing-et-coiffure","10":"product_tag-wella-professionals","12":"first","13":"instock","14":"taxable","15":"shipping-taxable","16":"purchasable","17":"product-type-simple","18":"layout-style-3","19":"col-md-4 col-sm-4 col-xs-6","20":"col-lg-3","21":"product-has-gallery","22":"product-style-default"},"aioseo_notices":[],"brands":[{"id":648,"name":"Wella Professionals","slug":"wella-professionals"}],"_links":{"self":[{"href":"https:\/\/cheveuxluxe.com\/index.php\/wp-json\/wp\/v2\/product\/28949","targetHints":{"allow":["GET"]}}],"collection":[{"href":"https:\/\/cheveuxluxe.com\/index.php\/wp-json\/wp\/v2\/product"}],"about":[{"href":"https:\/\/cheveuxluxe.com\/index.php\/wp-json\/wp\/v2\/types\/product"}],"replies":[{"embeddable":true,"href":"https:\/\/cheveuxluxe.com\/index.php\/wp-json\/wp\/v2\/comments?post=28949"}],"version-history":[{"count":0,"href":"https:\/\/cheveuxluxe.com\/index.php\/wp-json\/wp\/v2\/product\/28949\/revisions"}],"wp:featuredmedia":[{"embeddable":true,"href":"https:\/\/cheveuxluxe.com\/index.php\/wp-json\/wp\/v2\/media\/28944"}],"wp:attachment":[{"href":"https:\/\/cheveuxluxe.com\/index.php\/wp-json\/wp\/v2\/media?parent=28949"}],"wp:term":[{"taxonomy":"pwb-brand","embeddable":true,"href":"https:\/\/cheveuxluxe.com\/index.php\/wp-json\/wp\/v2\/pwb-brand?post=28949"},{"taxonomy":"product_cat","embeddable":true,"href":"https:\/\/cheveuxluxe.com\/index.php\/wp-json\/wp\/v2\/product_cat?post=28949"},{"taxonomy":"product_tag","embeddable":true,"href":"https:\/\/cheveuxluxe.com\/index.php\/wp-json\/wp\/v2\/product_tag?post=28949"}],"curies":[{"name":"wp","href":"https:\/\/api.w.org\/{rel}","templated":true}]}}