{"id":29012,"date":"2024-04-09T21:50:36","date_gmt":"2024-04-09T21:50:36","guid":{"rendered":"https:\/\/cheveuxluxe.com\/index.php\/product\/wella-professionals-fusion-shampoing-1l\/"},"modified":"2024-04-13T13:55:01","modified_gmt":"2024-04-13T13:55:01","slug":"wella-professionals-fusion-shampoing-1l","status":"publish","type":"product","link":"https:\/\/cheveuxluxe.com\/index.php\/product\/wella-professionals-fusion-shampoing-1l\/","title":{"rendered":"Wella Professionals Fusion Shampoing, 1L"},"content":{"rendered":"<div class=\"product-content_bottom\">\n<div class=\"pdp-info\">\n<div class=\"pdp-tabs tab-container\">\n<div class=\"tab js-tab\">\n<h3 class=\"tab-title pdp-tabs_title js-tab-mobile-title open\"><span>Points cl\u00e9s<\/span><\/h3>\n<div class=\"tab-description pdp-tabs_description js-tab-description open\" itemprop=\"description\">\n<ul>\n<li>R\u00e9paration intense pour cheveux ab\u00eem\u00e9s et fragilis\u00e9s<\/li>\n<li>Nettoie en douceur et r\u00e9pare en profondeur les cheveux ab\u00eem\u00e9s<\/li>\n<li>Neutralise les impuret\u00e9s m\u00e9talliques via une action antioxydante.<\/li>\n<li>Aide \u00e0 prot\u00e9ger les cheveux contre les agressions ext\u00e9rieures.<\/li>\n<\/ul>\n<\/div>\n<\/div>\n<div class=\"tab js-tab\">\n<h3 class=\"tab-title pdp-tabs_title js-tab-mobile-title\"><span>Description<\/span><\/h3>\n<div class=\"tab-description pdp-tabs_description js-tab-description\" itemprop=\"description\">Avec la gamme Fusion, m\u00eame les cheveux les plus ab\u00eem\u00e9s retrouvent douceur, \u00e9lasticit\u00e9 et r\u00e9sistance \u00e0 la casse. Avec sa technologie inspir\u00e9e de la soie de toile d\u2019araign\u00e9e, elle p\u00e9n\u00e8tre en profondeur dans le cortex pour r\u00e9parer le cheveu et pr\u00e9venir la casse.<\/p>\n<p>1. Le cheveu ab\u00eem\u00e9 a des cuticules endommag\u00e9es et une structure prot\u00e9ique fragilis\u00e9e. Les particules m\u00e9talliques sensibilisent la surface du cheveu, ce qui le rend sec, poreux et cassant.Le r\u00e9sultat : Des cheveux jusqu&rsquo;\u00e0 95% plus r\u00e9sistants \u00e0 la casse*.<br \/>2. Les acides amin\u00e9s p\u00e9n\u00e8trent profond\u00e9ment dans le cortex, pour r\u00e9parer le cheveu de l\u2019int\u00e9rieur.<br \/>3. La technologie Metal Purifier** neutralise les particules m\u00e9talliques nocives pr\u00e9sentes dans l&rsquo;eau et maintient l&rsquo;\u00e9clat de la couleur. Les lipides micronis\u00e9s hydratent instantan\u00e9ment pour prot\u00e9ger la surface du cheveu.*En utilisant le shampoing et l&rsquo;apr\u00e8s-shampoing Fusion vs. un shampoing sans agent de soin**Rendez-vous sur : www.wella.com\/metalpurifier pour en savoir plus sur Metal Purifier<\/p>\n<p>Wella Professionals est une marque leader mondiale de la coloration, experte en soins capillaires professionnels. Depuis plus de 140 ans, Wella Professionals est reconnue pour ses produits iconiques, ses technologies avanc\u00e9es et ses formules ultra-performantes d\u00e9di\u00e9es \u00e0 la transformation de vos cheveux. Entretien de la couleur, r\u00e9paration intense, nutrition instantan\u00e9e, brillance, soin du cuir chevelu, nos gammes sont con\u00e7ues pour r\u00e9pondre \u00e0 chaque besoin, pour r\u00e9v\u00e9ler votre beaut\u00e9 et votre personnalit\u00e9.<\/p><\/div>\n<\/div>\n<div class=\"tab js-tab\">\n<h3 class=\"tab-title pdp-tabs_title js-tab-mobile-title\"><span>Mode d&#8217;emploi<\/span><\/h3>\n<div class=\"tab-description pdp-tabs_description js-tab-description\">Appliquer le shampoing r\u00e9paration intense Fusion sur cheveux mouill\u00e9s. Faire mousser puis rincer abondamment.<\/div>\n<\/div>\n<div class=\"tab js-tab\">\n<h3 class=\"tab-title pdp-tabs_title js-tab-mobile-title\"><span>Ingr\u00e9dients<\/span><\/h3>\n<div class=\"tab-description pdp-tabs_description js-tab-description\">Aqua\/Water\/Eau, Sodium Laureth Sulfate, Cocamidopropyl Betaine, PEG-3 Distearate, Sodium Chloride, Parfum\/Fragrance, Panthenol, Sodium Benzoate, Citric Acid, Methylparaben, Tocopheryl Acetate, Propylparaben, Acid Violet 43, Hydroxypropyl Guar Hydroxypropyltrimonium Chloride, Disodium EDTA, Polyquaternium-10, Benzoic Acid, Linalool, Hexyl Cinnamal, Benzyl Salicylate, Citronellol, Geraniol, Sodium Hydroxide.<\/div>\n<\/div>\n<div class=\"tab js-tab\">\n<h3 class=\"tab-title pdp-tabs_title js-tab-mobile-title\"><span>Livraison et stock<\/span><\/h3>\n<div class=\"tab-description pdp-tabs_description js-tab-description\">\n<div class=\"pdp-delivery_info\">\n<div class=\"content-asset\">Livraison et d\u00e9laisRetours et remboursements<\/div>\n<\/div>\n<\/div>\n<\/div>\n<div class=\"tab js-tab\">\n<h3 class=\"tab-title pdp-tabs_title js-tab-mobile-title\"><span>Pr\u00e9cautions d&#8217;emploi<\/span><\/h3>\n<div class=\"tab-description pdp-tabs_description js-tab-description\">\u00c9viter tout contact avec les yeux.<br \/>Rincer imm\u00e9diatement si le produit entre en contact avec les yeux.Wella est en train de changer l&#8217;emballage. Il se peut donc que vous receviez l&#8217;emballage actuel ou l&rsquo;ancien emballage.Malheureusement, vous ne pourrez pas choisir lequel vous recevrez.Les pompes Wella Professionals compatibles sont actuellement disponibles qu&rsquo;en magasin.<\/div>\n<\/div>\n<\/div>\n<\/div>\n<\/div>\n","protected":false},"excerpt":{"rendered":"<p>Points cl\u00e9s R\u00e9paration intense pour cheveux ab\u00eem\u00e9s et fragilis\u00e9s Nettoie en douceur et r\u00e9pare en&hellip;<\/p>\n","protected":false},"featured_media":29007,"comment_status":"open","ping_status":"closed","template":"","meta":[],"pwb-brand":[648],"product_cat":[573],"product_tag":[134,127,323],"class_list":{"0":"post-29012","1":"product","2":"type-product","3":"status-publish","4":"has-post-thumbnail","6":"pwb-brand-wella-professionals","7":"product_cat-shampooing","8":"product_tag-shampooing","9":"product_tag-shampooing-et-coiffure","10":"product_tag-wella-professionals","12":"first","13":"instock","14":"taxable","15":"shipping-taxable","16":"purchasable","17":"product-type-simple","18":"layout-style-3","19":"col-md-4 col-sm-4 col-xs-6","20":"col-lg-3","21":"product-has-gallery","22":"product-style-default"},"aioseo_notices":[],"brands":[{"id":648,"name":"Wella Professionals","slug":"wella-professionals"}],"_links":{"self":[{"href":"https:\/\/cheveuxluxe.com\/index.php\/wp-json\/wp\/v2\/product\/29012","targetHints":{"allow":["GET"]}}],"collection":[{"href":"https:\/\/cheveuxluxe.com\/index.php\/wp-json\/wp\/v2\/product"}],"about":[{"href":"https:\/\/cheveuxluxe.com\/index.php\/wp-json\/wp\/v2\/types\/product"}],"replies":[{"embeddable":true,"href":"https:\/\/cheveuxluxe.com\/index.php\/wp-json\/wp\/v2\/comments?post=29012"}],"version-history":[{"count":0,"href":"https:\/\/cheveuxluxe.com\/index.php\/wp-json\/wp\/v2\/product\/29012\/revisions"}],"wp:featuredmedia":[{"embeddable":true,"href":"https:\/\/cheveuxluxe.com\/index.php\/wp-json\/wp\/v2\/media\/29007"}],"wp:attachment":[{"href":"https:\/\/cheveuxluxe.com\/index.php\/wp-json\/wp\/v2\/media?parent=29012"}],"wp:term":[{"taxonomy":"pwb-brand","embeddable":true,"href":"https:\/\/cheveuxluxe.com\/index.php\/wp-json\/wp\/v2\/pwb-brand?post=29012"},{"taxonomy":"product_cat","embeddable":true,"href":"https:\/\/cheveuxluxe.com\/index.php\/wp-json\/wp\/v2\/product_cat?post=29012"},{"taxonomy":"product_tag","embeddable":true,"href":"https:\/\/cheveuxluxe.com\/index.php\/wp-json\/wp\/v2\/product_tag?post=29012"}],"curies":[{"name":"wp","href":"https:\/\/api.w.org\/{rel}","templated":true}]}}