{"id":29013,"date":"2024-04-09T21:50:36","date_gmt":"2024-04-09T21:50:36","guid":{"rendered":"https:\/\/cheveuxluxe.com\/index.php\/product\/vitalitys-shampooing-nourrissant-aqua-nutriactive\/"},"modified":"2024-04-13T14:20:27","modified_gmt":"2024-04-13T14:20:27","slug":"vitalitys-shampooing-nourrissant-aqua-nutriactive","status":"publish","type":"product","link":"https:\/\/cheveuxluxe.com\/index.php\/product\/vitalitys-shampooing-nourrissant-aqua-nutriactive\/","title":{"rendered":"Vitality&rsquo;s Shampooing Nourrissant Aqua Nutriactive"},"content":{"rendered":"<div class=\"product-content_bottom\">\n<div class=\"pdp-info\">\n<div class=\"pdp-tabs tab-container\">\n<div class=\"tab js-tab\">\n<h3 class=\"tab-title pdp-tabs_title js-tab-mobile-title open\"><span>Points cl\u00e9s<\/span><\/h3>\n<div class=\"tab-description pdp-tabs_description js-tab-description open\" itemprop=\"description\">\n<ul>\n<li> Shampoing nourrissant<\/li>\n<li>Hydratant<\/li>\n<li>Souplesse<\/li>\n<li>Cheveux secs<\/li>\n<li>Rr\u00e9parateur <\/li>\n<\/ul>\n<\/div>\n<\/div>\n<div class=\"tab js-tab\">\n<h3 class=\"tab-title pdp-tabs_title js-tab-mobile-title\"><span>Description<\/span><\/h3>\n<div class=\"tab-description pdp-tabs_description js-tab-description\" itemprop=\"description\">La formule \u00e9quilibr\u00e9e du shampoing nourrissant Aqua de Vitality&rsquo;s a \u00e9t\u00e9 sp\u00e9cialement \u00e9tudi\u00e9e pour laver les cheveux en douceur, tout en leur assurant l\u2019apport d\u2019eau n\u00e9cessaire \u00e0 leur hydratation quotidienne.Ses actifs d\u00e9riv\u00e9s de la noix de coco assurent un nettoyage sans agressivit\u00e9 de la fibre capillaire, gr\u00e2ce \u00e0 l\u2019int\u00e9gration d\u2019un d\u00e9tergent tensioactif non ionique. Le D-Panthenol a un effet hydratant et redonne de la brillance aux longueurs. Enfin, le Polyquaternium 10 est un agent d\u00e9m\u00ealant et antistatique qui facilite le coiffage.L\u2019usage r\u00e9gulier de ce shampoing est l\u2019alli\u00e9 d\u2019une chevelure saine et resplendissante. Une fois son film hydrolipidique r\u00e9par\u00e9, le cheveu perd son aspect sec et cassant et redevient souple et vigoureux. Hydrat\u00e9 au quotidien, il s\u2019\u00e9panouit et retrouve son brillant et sa force.<\/div>\n<\/div>\n<div class=\"tab js-tab\">\n<h3 class=\"tab-title pdp-tabs_title js-tab-mobile-title\"><span>Mode d&#8217;emploi<\/span><\/h3>\n<div class=\"tab-description pdp-tabs_description js-tab-description\">Mouillez la chevelure et le cuir chevelu \u00e0 l\u2019eau ti\u00e8de et r\u00e9partissez une noix du shampoing nourrissant Aqua sur l\u2019ensemble.Du bout des doigts, massez le cuir chevelu par petits mouvements circulaires, en descendant des racines vers les pointes.Impr\u00e9gnez les longueurs de shampoing, puis rincez abondamment. Aucun temps de pose n\u2019est n\u00e9cessaire.Compl\u00e9tez l\u2019action du shampoing par l\u2019utilisation du masque nourrissant Intensive Aqua de Vitality\u2019s.<\/div>\n<\/div>\n<div class=\"tab js-tab\">\n<h3 class=\"tab-title pdp-tabs_title js-tab-mobile-title\"><span>Ingr\u00e9dients<\/span><\/h3>\n<div class=\"tab-description pdp-tabs_description js-tab-description\">AQUA (WATER), SODIUM LAURETH SULFATE, COCO GLUCOSIDE, PEG-4 RAPESEEDAMIDE, GLYCOL DISTEARATE, SODIUM CHLORIDE, LAURETH-3, PANTHENOL ( Thermal water), CITRUS AURANTIUM DULCIS ( Orange) LEAF EXTRACT, CITRUS NOBILIS ( Mandarin orange) LEAF EXTRACT, OLEA EUROPAEA (Olive) LEAF EXTRACT, CARTHAMUS TINCTORIUS (SAFFLOWER) OIL, PALMITAMIDOPROPYLTRIMONIUM CHLORIDE, SERICIN, POLYQUATERNIUM-7, CETRIMONIUM CHLORIDE, BEHENTRIMONIUM CHLORIDE, DISODIUM COCOAMPHODIACETATE, GUAR HYDROXYPROPYLTRIMONIUM CHLORIDE, QUATERNIUM-80, LACTIC ACID, PEG-40 HYDROGENATED CASTOR OIL, PROPYLENE GLYCOL, TRIDECETH-9, IMIDAZOLIDINYL UREA, TETRASODIUM EDTA, PHENOXYETHANOL, METHYLPARABEN, ETHYLPARABEN, PARFUM (FRAGRANCE).<\/div>\n<\/div>\n<div class=\"tab js-tab\">\n<h3 class=\"tab-title pdp-tabs_title js-tab-mobile-title\"><span>Livraison et stock<\/span><\/h3>\n<div class=\"tab-description pdp-tabs_description js-tab-description\">\n<div class=\"pdp-delivery_info\">\n<div class=\"content-asset\">Livraison et d\u00e9laisRetours et remboursements<\/div>\n<\/div>\n<\/div>\n<\/div>\n<\/div>\n<\/div>\n<\/div>\n","protected":false},"excerpt":{"rendered":"<p>Points cl\u00e9s Shampoing nourrissant Hydratant Souplesse Cheveux secs Rr\u00e9parateur Description La formule \u00e9quilibr\u00e9e du shampoing&hellip;<\/p>\n","protected":false},"featured_media":21152,"comment_status":"open","ping_status":"closed","template":"","meta":[],"pwb-brand":[651],"product_cat":[610],"product_tag":[611,127,333],"class_list":{"0":"post-29013","1":"product","2":"type-product","3":"status-publish","4":"has-post-thumbnail","6":"pwb-brand-vitalitys","7":"product_cat-grands-formats","8":"product_tag-grands-formats","9":"product_tag-shampooing-et-coiffure","10":"product_tag-vitalitys","12":"first","13":"instock","14":"taxable","15":"shipping-taxable","16":"purchasable","17":"product-type-simple","18":"layout-style-3","19":"col-md-4 col-sm-4 col-xs-6","20":"col-lg-3","21":"product-style-default"},"aioseo_notices":[],"brands":[{"id":651,"name":"Vitality's","slug":"vitalitys"}],"_links":{"self":[{"href":"https:\/\/cheveuxluxe.com\/index.php\/wp-json\/wp\/v2\/product\/29013","targetHints":{"allow":["GET"]}}],"collection":[{"href":"https:\/\/cheveuxluxe.com\/index.php\/wp-json\/wp\/v2\/product"}],"about":[{"href":"https:\/\/cheveuxluxe.com\/index.php\/wp-json\/wp\/v2\/types\/product"}],"replies":[{"embeddable":true,"href":"https:\/\/cheveuxluxe.com\/index.php\/wp-json\/wp\/v2\/comments?post=29013"}],"version-history":[{"count":0,"href":"https:\/\/cheveuxluxe.com\/index.php\/wp-json\/wp\/v2\/product\/29013\/revisions"}],"wp:featuredmedia":[{"embeddable":true,"href":"https:\/\/cheveuxluxe.com\/index.php\/wp-json\/wp\/v2\/media\/21152"}],"wp:attachment":[{"href":"https:\/\/cheveuxluxe.com\/index.php\/wp-json\/wp\/v2\/media?parent=29013"}],"wp:term":[{"taxonomy":"pwb-brand","embeddable":true,"href":"https:\/\/cheveuxluxe.com\/index.php\/wp-json\/wp\/v2\/pwb-brand?post=29013"},{"taxonomy":"product_cat","embeddable":true,"href":"https:\/\/cheveuxluxe.com\/index.php\/wp-json\/wp\/v2\/product_cat?post=29013"},{"taxonomy":"product_tag","embeddable":true,"href":"https:\/\/cheveuxluxe.com\/index.php\/wp-json\/wp\/v2\/product_tag?post=29013"}],"curies":[{"name":"wp","href":"https:\/\/api.w.org\/{rel}","templated":true}]}}