{"id":29022,"date":"2024-04-09T21:51:08","date_gmt":"2024-04-09T21:51:08","guid":{"rendered":"https:\/\/cheveuxluxe.com\/index.php\/product\/vitalitys-shampoing-nutriactif-intenfis-250ml\/"},"modified":"2024-04-13T14:20:29","modified_gmt":"2024-04-13T14:20:29","slug":"vitalitys-shampoing-nutriactif-intenfis-250ml","status":"publish","type":"product","link":"https:\/\/cheveuxluxe.com\/index.php\/product\/vitalitys-shampoing-nutriactif-intenfis-250ml\/","title":{"rendered":"Vitality&rsquo;s Shampoing Nutriactif Intenfis 250ml"},"content":{"rendered":"<div class=\"product-content_bottom\">\n<div class=\"pdp-info\">\n<div class=\"pdp-tabs tab-container\">\n<div class=\"tab js-tab\">\n<h3 class=\"tab-title pdp-tabs_title js-tab-mobile-title open\"><span>Points cl\u00e9s<\/span><\/h3>\n<div class=\"tab-description pdp-tabs_description js-tab-description open\" itemprop=\"description\">\n<ul>\n<li> Revitalisation des cheveux secs<\/li>\n<li>Hydratation intense<\/li>\n<li>Vitalit\u00e9<\/li>\n<li>Provitamine B5<\/li>\n<li>Eclat et souplesse <\/li>\n<\/ul>\n<\/div>\n<\/div>\n<div class=\"tab js-tab\">\n<h3 class=\"tab-title pdp-tabs_title js-tab-mobile-title\"><span>Description<\/span><\/h3>\n<div class=\"tab-description pdp-tabs_description js-tab-description\" itemprop=\"description\">Offrez aux cheveux sensibilis\u00e9s par les lissages thermiques fr\u00e9quents, le soleil, la pollution ou encore une mauvaise alimentation, une v\u00e9ritable cure de revitalisation avec le shampooing Nutriactive Intensive de Vitality&rsquo;s. Ses nutriments reconstituent la fibre capillaire en profondeur pour lui redonner vigueur et brillance.Le PH doux du shampooing permet de laver les cheveux sans les agresser et aide \u00e0 les restructurer \u00e0 chaque application. Sa formule enrichie en provitamine B5 et en huile d\u2019olive de M\u00e9diterran\u00e9e apporte nutrition et hydratation aux chevelures sensibilis\u00e9es. Elles retrouvent ainsi leur souplesse et leur \u00e9clat, vous les d\u00e9m\u00ealez et cr\u00e9ez facilement toutes les coiffures dont vos clientes r\u00eavent.Ce shampooing miracle agit comme un v\u00e9ritable soin qui fortifie durablement tous les types de cheveux et restaure leur vitalit\u00e9.<\/div>\n<\/div>\n<div class=\"tab js-tab\">\n<h3 class=\"tab-title pdp-tabs_title js-tab-mobile-title\"><span>Mode d&#8217;emploi<\/span><\/h3>\n<div class=\"tab-description pdp-tabs_description js-tab-description\">Appliquez une noisette de shampooing Nutriactive Intensive de Vitality&rsquo;s sur le cuir chevelu et massez en douceur.Rincez abondamment \u00e0 l\u2019eau claire.Proc\u00e9dez au coiffage habituel.<\/div>\n<\/div>\n<div class=\"tab js-tab\">\n<h3 class=\"tab-title pdp-tabs_title js-tab-mobile-title\"><span>Ingr\u00e9dients<\/span><\/h3>\n<div class=\"tab-description pdp-tabs_description js-tab-description\">AQUA(WATER), SODIUM LAURETH SULFATE, COCAMIDE DEA, SODIUM LAUROYL SARCOSINATE, GLYCERYL STEARATE, COCAMIDOPROPYL BETAINE, COCAMIDOPROPYL BETAINAMIDE MEA MEA CHLORIDE, SODIUM PEG-7 OLIVE OIL CARBOXYLATE, GLYCERIN, CETEARYL ALCOHOL, STEARIC ACID, SODIUM LAUROYL GLUTAMATE, SODIUM CETEARYL SULFATE, DIMETHICONE, LAURETH-8, SUCCINOGLYCAN, POLYQUATERNIUM-7, PANTHENOL, GUAR HYDROXYPROPYLTRIMONIUM CHLORIDE, SODIUM CHLORIDE, CITRIC ACID, DIAZOLIDINYL UREA, IODOPROPYNYL BUTYLCARBAMATE, PHENOXYETHANOL, BUTYLPHENYL METHYLPROPIONAL, PARFUM (FRAGRANCE).<\/div>\n<\/div>\n<div class=\"tab js-tab\">\n<h3 class=\"tab-title pdp-tabs_title js-tab-mobile-title\"><span>Livraison et stock<\/span><\/h3>\n<div class=\"tab-description pdp-tabs_description js-tab-description\">\n<div class=\"pdp-delivery_info\">\n<div class=\"content-asset\">Livraison et d\u00e9laisRetours et remboursements<\/div>\n<\/div>\n<\/div>\n<\/div>\n<\/div>\n<\/div>\n<\/div>\n","protected":false},"excerpt":{"rendered":"<p>Points cl\u00e9s Revitalisation des cheveux secs Hydratation intense Vitalit\u00e9 Provitamine B5 Eclat et souplesse Description&hellip;<\/p>\n","protected":false},"featured_media":29020,"comment_status":"open","ping_status":"closed","template":"","meta":[],"pwb-brand":[651],"product_cat":[610],"product_tag":[611,127,333],"class_list":{"0":"post-29022","1":"product","2":"type-product","3":"status-publish","4":"has-post-thumbnail","6":"pwb-brand-vitalitys","7":"product_cat-grands-formats","8":"product_tag-grands-formats","9":"product_tag-shampooing-et-coiffure","10":"product_tag-vitalitys","12":"first","13":"instock","14":"taxable","15":"shipping-taxable","16":"purchasable","17":"product-type-simple","18":"layout-style-3","19":"col-md-4 col-sm-4 col-xs-6","20":"col-lg-3","21":"product-has-gallery","22":"product-style-default"},"aioseo_notices":[],"brands":[{"id":651,"name":"Vitality's","slug":"vitalitys"}],"_links":{"self":[{"href":"https:\/\/cheveuxluxe.com\/index.php\/wp-json\/wp\/v2\/product\/29022","targetHints":{"allow":["GET"]}}],"collection":[{"href":"https:\/\/cheveuxluxe.com\/index.php\/wp-json\/wp\/v2\/product"}],"about":[{"href":"https:\/\/cheveuxluxe.com\/index.php\/wp-json\/wp\/v2\/types\/product"}],"replies":[{"embeddable":true,"href":"https:\/\/cheveuxluxe.com\/index.php\/wp-json\/wp\/v2\/comments?post=29022"}],"version-history":[{"count":0,"href":"https:\/\/cheveuxluxe.com\/index.php\/wp-json\/wp\/v2\/product\/29022\/revisions"}],"wp:featuredmedia":[{"embeddable":true,"href":"https:\/\/cheveuxluxe.com\/index.php\/wp-json\/wp\/v2\/media\/29020"}],"wp:attachment":[{"href":"https:\/\/cheveuxluxe.com\/index.php\/wp-json\/wp\/v2\/media?parent=29022"}],"wp:term":[{"taxonomy":"pwb-brand","embeddable":true,"href":"https:\/\/cheveuxluxe.com\/index.php\/wp-json\/wp\/v2\/pwb-brand?post=29022"},{"taxonomy":"product_cat","embeddable":true,"href":"https:\/\/cheveuxluxe.com\/index.php\/wp-json\/wp\/v2\/product_cat?post=29022"},{"taxonomy":"product_tag","embeddable":true,"href":"https:\/\/cheveuxluxe.com\/index.php\/wp-json\/wp\/v2\/product_tag?post=29022"}],"curies":[{"name":"wp","href":"https:\/\/api.w.org\/{rel}","templated":true}]}}