{"id":29023,"date":"2024-04-09T21:51:10","date_gmt":"2024-04-09T21:51:10","guid":{"rendered":"https:\/\/cheveuxluxe.com\/index.php\/product\/vitalitys-shampooing-intensif-color-therapy-1l\/"},"modified":"2024-04-13T14:12:51","modified_gmt":"2024-04-13T14:12:51","slug":"vitalitys-shampooing-intensif-color-therapy-1l","status":"publish","type":"product","link":"https:\/\/cheveuxluxe.com\/index.php\/product\/vitalitys-shampooing-intensif-color-therapy-1l\/","title":{"rendered":"Vitality&rsquo;s Shampooing Intensif Color Therapy 1l"},"content":{"rendered":"<div class=\"product-content_bottom\">\n<div class=\"pdp-info\">\n<div class=\"pdp-tabs tab-container\">\n<div class=\"tab js-tab\">\n<h3 class=\"tab-title pdp-tabs_title js-tab-mobile-title open\"><span>Points cl\u00e9s<\/span><\/h3>\n<div class=\"tab-description pdp-tabs_description js-tab-description open\" itemprop=\"description\">\n<ul>\n<li> Protection UV<\/li>\n<li>Reflets \u00e9clatants<\/li>\n<li>Longue dur\u00e9e<\/li>\n<li>Protection pigments<\/li>\n<li>Brillance <\/li>\n<\/ul>\n<\/div>\n<\/div>\n<div class=\"tab js-tab\">\n<h3 class=\"tab-title pdp-tabs_title js-tab-mobile-title\"><span>Description<\/span><\/h3>\n<div class=\"tab-description pdp-tabs_description js-tab-description\" itemprop=\"description\">Afin de conserver l\u2019\u00e9clat de la coloration et \u00e9viter que les cheveux ne deviennent ternes \u00e0 force d\u2019\u00eatre lav\u00e9s, Vitality\u2019s a \u00e9labor\u00e9 le shampoing Intensive Color Therapy.Ce shampoing contient des extraits de vitis vinifera (vigne rouge), qui dynamisent et revitalisent le cheveu pour plus de brillance. Il est aussi boost\u00e9 par la technologie Color Shine System, qui r\u00e9v\u00e8le les nuances de la coloration et assure une meilleure tenue des pigments.Le shampoing nettoie la fibre capillaire des d\u00e9p\u00f4ts li\u00e9s \u00e0 la pollution. Il est aussi id\u00e9al pour former une barri\u00e8re protectrice luttant contre l\u2019agression des UV et de la poussi\u00e8re ambiante. Ainsi, les cheveux sont plus forts et plus vigoureux. La coloration tient plus longtemps et conserve son aspect brillant pendant plusieurs semaines.La formulation unique de ce shampoing n\u2019alourdit pas le cheveu, mais le nourrit afin de restaurer sa souplesse. La chevelure color\u00e9e est plus naturelle et pleine de vie.<\/div>\n<\/div>\n<div class=\"tab js-tab\">\n<h3 class=\"tab-title pdp-tabs_title js-tab-mobile-title\"><span>Mode d&#8217;emploi<\/span><\/h3>\n<div class=\"tab-description pdp-tabs_description js-tab-description\">\u2013\u00a0Pr\u00e9levez une noisette de shampoing et appliquez-la sur les cheveux pr\u00e9alablement mouill\u00e9s.\u2013\u00a0Massez avec la pulpe des doigts.\u2013\u00a0Rincez abondamment.<\/div>\n<\/div>\n<div class=\"tab js-tab\">\n<h3 class=\"tab-title pdp-tabs_title js-tab-mobile-title\"><span>Ingr\u00e9dients<\/span><\/h3>\n<div class=\"tab-description pdp-tabs_description js-tab-description\">AQUA (WATER), SODIUM LAURETH SULFATE, COCAMIDE DEA, COCAMIDOPROPYL BETAINE, DECYL GLUCOSIDE, GLYCOL DISTEARATE, SODIUM MYRISTOYL SARCOSINATE, SODIUM METHYL COCOYL TAURATE, BISAMINO PEG\/PPG-41\/3 AMINOETHYL PG-PROPYL DIMETHICONE, GLYCERIN, LAURETH-10, COCAMIDE MEA, GUAR HYDROXYPROPYLTRIMONIUM CHLORIDE, AMINOPROPYL PHENYL TRIMETHICONE, VITIS VINIFERA EXTRACT, CITRIC ACID, SODIUM CHLORIDE, DIAZOLIDINYL UREA, IODOPROPYNYL BUTYLCARBAMATE, PHENOXYETHANOL, METHYLPARABEN, PARFUM (FRAGRANCE).<\/div>\n<\/div>\n<div class=\"tab js-tab\">\n<h3 class=\"tab-title pdp-tabs_title js-tab-mobile-title\"><span>Livraison et stock<\/span><\/h3>\n<div class=\"tab-description pdp-tabs_description js-tab-description\">\n<div class=\"pdp-delivery_info\">\n<div class=\"content-asset\">Livraison et d\u00e9laisRetours et remboursements<\/div>\n<\/div>\n<\/div>\n<\/div>\n<\/div>\n<\/div>\n<\/div>\n","protected":false},"excerpt":{"rendered":"<p>Points cl\u00e9s Protection UV Reflets \u00e9clatants Longue dur\u00e9e Protection pigments Brillance Description Afin de conserver&hellip;<\/p>\n","protected":false},"featured_media":21150,"comment_status":"open","ping_status":"closed","template":"","meta":[],"pwb-brand":[651],"product_cat":[598],"product_tag":[127,599,333],"class_list":{"0":"post-29023","1":"product","2":"type-product","3":"status-publish","4":"has-post-thumbnail","6":"pwb-brand-vitalitys","7":"product_cat-type-de-cheveux","8":"product_tag-shampooing-et-coiffure","9":"product_tag-type-de-cheveux","10":"product_tag-vitalitys","12":"first","13":"instock","14":"taxable","15":"shipping-taxable","16":"purchasable","17":"product-type-simple","18":"layout-style-3","19":"col-md-4 col-sm-4 col-xs-6","20":"col-lg-3","21":"product-has-gallery","22":"product-style-default"},"aioseo_notices":[],"brands":[{"id":651,"name":"Vitality's","slug":"vitalitys"}],"_links":{"self":[{"href":"https:\/\/cheveuxluxe.com\/index.php\/wp-json\/wp\/v2\/product\/29023","targetHints":{"allow":["GET"]}}],"collection":[{"href":"https:\/\/cheveuxluxe.com\/index.php\/wp-json\/wp\/v2\/product"}],"about":[{"href":"https:\/\/cheveuxluxe.com\/index.php\/wp-json\/wp\/v2\/types\/product"}],"replies":[{"embeddable":true,"href":"https:\/\/cheveuxluxe.com\/index.php\/wp-json\/wp\/v2\/comments?post=29023"}],"version-history":[{"count":0,"href":"https:\/\/cheveuxluxe.com\/index.php\/wp-json\/wp\/v2\/product\/29023\/revisions"}],"wp:featuredmedia":[{"embeddable":true,"href":"https:\/\/cheveuxluxe.com\/index.php\/wp-json\/wp\/v2\/media\/21150"}],"wp:attachment":[{"href":"https:\/\/cheveuxluxe.com\/index.php\/wp-json\/wp\/v2\/media?parent=29023"}],"wp:term":[{"taxonomy":"pwb-brand","embeddable":true,"href":"https:\/\/cheveuxluxe.com\/index.php\/wp-json\/wp\/v2\/pwb-brand?post=29023"},{"taxonomy":"product_cat","embeddable":true,"href":"https:\/\/cheveuxluxe.com\/index.php\/wp-json\/wp\/v2\/product_cat?post=29023"},{"taxonomy":"product_tag","embeddable":true,"href":"https:\/\/cheveuxluxe.com\/index.php\/wp-json\/wp\/v2\/product_tag?post=29023"}],"curies":[{"name":"wp","href":"https:\/\/api.w.org\/{rel}","templated":true}]}}