{"id":29029,"date":"2024-04-09T21:51:21","date_gmt":"2024-04-09T21:51:21","guid":{"rendered":"https:\/\/cheveuxluxe.com\/index.php\/product\/tigi-bed-head-recovery-shampooing-hydratation-express-cheveux-secs-et-abimes-970ml\/"},"modified":"2024-04-13T14:20:32","modified_gmt":"2024-04-13T14:20:32","slug":"tigi-bed-head-recovery-shampooing-hydratation-express-cheveux-secs-et-abimes-970ml","status":"publish","type":"product","link":"https:\/\/cheveuxluxe.com\/index.php\/product\/tigi-bed-head-recovery-shampooing-hydratation-express-cheveux-secs-et-abimes-970ml\/","title":{"rendered":"Tigi Bed Head Recovery Shampooing Hydratation Express Cheveux Secs et ab\u00eem\u00e9s 970ml"},"content":{"rendered":"<div class=\"product-content_bottom\">\n<div class=\"pdp-info\">\n<div class=\"pdp-tabs tab-container\">\n<div class=\"tab js-tab\">\n<h3 class=\"tab-title pdp-tabs_title js-tab-mobile-title open\"><span>Points cl\u00e9s<\/span><\/h3>\n<div class=\"tab-description pdp-tabs_description js-tab-description open\" itemprop=\"description\">\n<ul>\n<li>Des cheveux visiblement plus sains<\/li>\n<li>Des cheveux hydrat\u00e9s et r\u00e9g\u00e9n\u00e9r\u00e9s<\/li>\n<li>Des cheveux brillants et souples<\/li>\n<\/ul>\n<\/div>\n<\/div>\n<div class=\"tab js-tab\">\n<h3 class=\"tab-title pdp-tabs_title js-tab-mobile-title\"><span>Description<\/span><\/h3>\n<div class=\"tab-description pdp-tabs_description js-tab-description\" itemprop=\"description\">Nouveau shampooing Recovery de Bed Head ; nouveau \u00e0 l&rsquo;ext\u00e9rieur et tout aussi fabuleux \u00e0 l&rsquo;int\u00e9rieur. Con\u00e7u avec des professionnels de la coiffure, et utilis\u00e9 en salon, sa formulation hydrate intens\u00e9ment. Apporte des r\u00e9sultats professionnels et prolonge l&rsquo;exp\u00e9rience du salon de coiffure \u00e0 la maison.<\/p>\n<p>Offrez aux cheveux secs et abim\u00e9s une hydratation prodigieuse avec le shampooing Recovery de Bed Head ! Avec une technologie extraordinaire qui aide les composants hydratants \u00e0 rester sur les cheveux pour leur apporter tous les bienfaits hydratants durant la journ\u00e9e. Ce shampooing hydratant nettoie en profondeur et donne de la souplesse aux cheveux secs. Ce shampooing prot\u00e8ge \u00e9galement les cheveux des agressions futures. Rend les cheveux doux, brillants, souples et en bonne sant\u00e9.<\/p>\n<p>Id\u00e9al pour donner une hydratation fulgurante aux cheveux secs. Sans risque pour les cheveux color\u00e9s. Appliquez le shampooing en massant les cheveux mouill\u00e9s, puis rincez. Pour de meilleurs r\u00e9sultats, appliquez ensuite le soin Recovery.<\/p>\n<p>Formul\u00e9 \u00e0 base de glyc\u00e9rine pour hydrater et r\u00e9g\u00e9n\u00e9rer ; d&rsquo;un complexe pour prot\u00e9ger les cheveux des agressions futures et pr\u00e9server leur sant\u00e9 ; pour stimuler la souplesse et la brillance ; et d&rsquo;extrait de figuier de barbarie, reconnu pour ses propri\u00e9t\u00e9s soignantes.<\/p>\n<p>Ce shampooing professionnel de 300ml lib\u00e8re un parfum acidul\u00e9 et \u00e9nergisant !<\/p><\/div>\n<\/div>\n<div class=\"tab js-tab\">\n<h3 class=\"tab-title pdp-tabs_title js-tab-mobile-title\"><span>Mode d&#8217;emploi<\/span><\/h3>\n<div class=\"tab-description pdp-tabs_description js-tab-description\">Appliquez le shampooing en massant les cheveux mouill\u00e9s, puis rincez.<br \/>Pour de meilleurs r\u00e9sultats, appliquez ensuite le soin Recovery.<\/div>\n<\/div>\n<div class=\"tab js-tab\">\n<h3 class=\"tab-title pdp-tabs_title js-tab-mobile-title\"><span>Ingr\u00e9dients<\/span><\/h3>\n<div class=\"tab-description pdp-tabs_description js-tab-description\">Water (Aqua\/Eau), Sodium Laureth Sulfate, Cocamidopropyl Betaine, Glycol Distearate, Dimethiconol, Fragrance (Parfum), Glycerin, Sodium Benzoate, Sodium Chloride, Carbomer, Cocamide MEA, Citric Acid, Opuntia Ficus-Indica Extract, Guar Hydroxypropyltrimonium Chloride, TEA-Dodecylbenzenesulfonate, PPG-9, Laureth-23, Disodium EDTA, PEG-45M, Phenoxyethanol, Propylene Glycol, Silica, Benzyl Benzoate, Geraniol, Limonene, Linalool, Blue 1 (CI 42090), Yellow 5 (CI 19140), Mica (CI 77019), Titanium Dioxide (CI 77891).<\/div>\n<\/div>\n<div class=\"tab js-tab\">\n<h3 class=\"tab-title pdp-tabs_title js-tab-mobile-title\"><span>Livraison et stock<\/span><\/h3>\n<div class=\"tab-description pdp-tabs_description js-tab-description\">\n<div class=\"pdp-delivery_info\">\n<div class=\"content-asset\">Livraison et d\u00e9laisRetours et remboursements<\/div>\n<\/div>\n<\/div>\n<\/div>\n<div class=\"tab js-tab\">\n<h3 class=\"tab-title pdp-tabs_title js-tab-mobile-title\"><span>Pr\u00e9cautions d&#8217;emploi<\/span><\/h3>\n<div class=\"tab-description pdp-tabs_description js-tab-description\">ATTENTION :<br \/>\u00c9VITER LE CONTACT AVEC LES YEUX. EN CAS DE CONTACT, RINCER \u00c0 L\u2019EAU<\/div>\n<\/div>\n<\/div>\n<\/div>\n<\/div>\n","protected":false},"excerpt":{"rendered":"<p>Points cl\u00e9s Des cheveux visiblement plus sains Des cheveux hydrat\u00e9s et r\u00e9g\u00e9n\u00e9r\u00e9s Des cheveux brillants&hellip;<\/p>\n","protected":false},"featured_media":20909,"comment_status":"open","ping_status":"closed","template":"","meta":[],"pwb-brand":[663],"product_cat":[610],"product_tag":[611,127,390],"class_list":{"0":"post-29029","1":"product","2":"type-product","3":"status-publish","4":"has-post-thumbnail","6":"pwb-brand-tigi","7":"product_cat-grands-formats","8":"product_tag-grands-formats","9":"product_tag-shampooing-et-coiffure","10":"product_tag-tigi","12":"first","13":"instock","14":"taxable","15":"shipping-taxable","16":"purchasable","17":"product-type-simple","18":"layout-style-3","19":"col-md-4 col-sm-4 col-xs-6","20":"col-lg-3","21":"product-style-default"},"aioseo_notices":[],"brands":[{"id":663,"name":"Tigi","slug":"tigi"}],"_links":{"self":[{"href":"https:\/\/cheveuxluxe.com\/index.php\/wp-json\/wp\/v2\/product\/29029","targetHints":{"allow":["GET"]}}],"collection":[{"href":"https:\/\/cheveuxluxe.com\/index.php\/wp-json\/wp\/v2\/product"}],"about":[{"href":"https:\/\/cheveuxluxe.com\/index.php\/wp-json\/wp\/v2\/types\/product"}],"replies":[{"embeddable":true,"href":"https:\/\/cheveuxluxe.com\/index.php\/wp-json\/wp\/v2\/comments?post=29029"}],"version-history":[{"count":0,"href":"https:\/\/cheveuxluxe.com\/index.php\/wp-json\/wp\/v2\/product\/29029\/revisions"}],"wp:featuredmedia":[{"embeddable":true,"href":"https:\/\/cheveuxluxe.com\/index.php\/wp-json\/wp\/v2\/media\/20909"}],"wp:attachment":[{"href":"https:\/\/cheveuxluxe.com\/index.php\/wp-json\/wp\/v2\/media?parent=29029"}],"wp:term":[{"taxonomy":"pwb-brand","embeddable":true,"href":"https:\/\/cheveuxluxe.com\/index.php\/wp-json\/wp\/v2\/pwb-brand?post=29029"},{"taxonomy":"product_cat","embeddable":true,"href":"https:\/\/cheveuxluxe.com\/index.php\/wp-json\/wp\/v2\/product_cat?post=29029"},{"taxonomy":"product_tag","embeddable":true,"href":"https:\/\/cheveuxluxe.com\/index.php\/wp-json\/wp\/v2\/product_tag?post=29029"}],"curies":[{"name":"wp","href":"https:\/\/api.w.org\/{rel}","templated":true}]}}