{"id":29030,"date":"2024-04-09T21:51:21","date_gmt":"2024-04-09T21:51:21","guid":{"rendered":"https:\/\/cheveuxluxe.com\/index.php\/product\/tigi-bed-head-serial-blonde-shampooing-reparateur-blonds-audacieux-400ml\/"},"modified":"2024-04-13T14:10:01","modified_gmt":"2024-04-13T14:10:01","slug":"tigi-bed-head-serial-blonde-shampooing-reparateur-blonds-audacieux-400ml","status":"publish","type":"product","link":"https:\/\/cheveuxluxe.com\/index.php\/product\/tigi-bed-head-serial-blonde-shampooing-reparateur-blonds-audacieux-400ml\/","title":{"rendered":"Tigi Bed Head Serial Blonde Shampooing R\u00e9parateur Blonds audacieux 400ml"},"content":{"rendered":"<div class=\"product-content_bottom\">\n<div class=\"pdp-info\">\n<div class=\"pdp-tabs tab-container\">\n<div class=\"tab js-tab\">\n<h3 class=\"tab-title pdp-tabs_title js-tab-mobile-title open\"><span>Points cl\u00e9s<\/span><\/h3>\n<div class=\"tab-description pdp-tabs_description js-tab-description open\" itemprop=\"description\">\n<ul>\n<li>Des cheveux blonds visiblement plus sains<\/li>\n<li>Des cheveux blonds souples et doux<\/li>\n<li>Des cheveux plus forts<\/li>\n<\/ul>\n<\/div>\n<\/div>\n<div class=\"tab js-tab\">\n<h3 class=\"tab-title pdp-tabs_title js-tab-mobile-title\"><span>Description<\/span><\/h3>\n<div class=\"tab-description pdp-tabs_description js-tab-description\" itemprop=\"description\">Shampooing Serial Blonde de Bed Head ; nouveau \u00e0 l&rsquo;ext\u00e9rieur et tout aussi fabuleux \u00e0 l&rsquo;int\u00e9rieur. Con\u00e7u avec des professionnels de la coiffure, et utilis\u00e9 en salon, sa formulation intensifie la couleur. Apporte des r\u00e9sultats professionnels et prolonge l&rsquo;exp\u00e9rience du salon de coiffure \u00e0 la maison. Si vous aimiez le shampooing Dumb Blonde de Bed Head, vous allez adorer Serial Blonde !<\/p>\n<p>La gamme de soins pour cheveux color\u00e9s Bed Head, avec son syst\u00e8me de protection de la couleur, a \u00e9t\u00e9 \u00e9labor\u00e9e avec des professionnels afin de raviver les cheveux trait\u00e9s chimiquement et d&rsquo;intensifier l&rsquo;\u00e9clat de la couleur. Le shampooing Serial Blonde permet de raviver l&rsquo;\u00e9clat d&rsquo;origine des cheveux blonds. Ce shampooing aide \u00e0 r\u00e9parer les cheveux ab\u00eem\u00e9s, les prot\u00e8ge des agressions futures et pr\u00e9serve la couleur des cheveux blonds. Ce shampooing pour cheveux blonds nettoie en profondeur, hydrate et adoucit les cheveux. Pour des cheveux blonds souples, doux et en pleine sant\u00e9.<\/p>\n<p>Id\u00e9al \u00e0 la fois pour les blonds naturels et les cheveux color\u00e9s en blond. Appliquez sur cheveux humides, puis rincez. Pour de meilleurs r\u00e9sultats, appliquez ensuite le soin Serial Blonde.<\/p>\n<p>Formul\u00e9 \u00e0 base de fibres actives, qui p\u00e9n\u00e8trent dans la fibre capillaire et restructurent les prot\u00e9ines ab\u00eem\u00e9es des cheveux pour leur donner un aspect plus sain ; d&rsquo;un complexe r\u00e9g\u00e9n\u00e9rant qui hydrate, adoucit et soigne ; de benzoph\u00e9none qui prot\u00e8ge des UV ; et de k\u00e9ratine hydrolys\u00e9e, prot\u00e9ine majeure du cheveu, pour r\u00e9duire les frisottis et rendre les cheveux plus souples.<\/p>\n<p>Ce shampooing professionnel de 300ml exhale un d\u00e9licieux parfum exotique tropical !<\/p><\/div>\n<\/div>\n<div class=\"tab js-tab\">\n<h3 class=\"tab-title pdp-tabs_title js-tab-mobile-title\"><span>Mode d&#8217;emploi<\/span><\/h3>\n<div class=\"tab-description pdp-tabs_description js-tab-description\">Appliquez sur cheveux humides, puis rincez.<br \/>Pour de meilleurs r\u00e9sultats, appliquez ensuite le soin Serial Blonde.<\/div>\n<\/div>\n<div class=\"tab js-tab\">\n<h3 class=\"tab-title pdp-tabs_title js-tab-mobile-title\"><span>Ingr\u00e9dients<\/span><\/h3>\n<div class=\"tab-description pdp-tabs_description js-tab-description\">Water (Aqua\/Eau), Sodium Laureth Sulfate, Cocamidopropyl Betaine, Glycerin, Potassium Chloride, Dimethiconol, Fragrance (Parfum), Sodium Benzoate, Glycol Distearate, Gluconolactone, Guar Hydroxypropyltrimonium Chloride, Sodium Chloride, Acrylates\/Beheneth-25 Methacrylate Copolymer, Citric Acid, TEA-Dodecylbenzenesulfonate, Sodium Sulfate, Cocamide MEA, Arginine, Trehalose, Hydrolyzed Milk Protein, Laureth-23, Hydrolyzed Keratin, Lysine HCl, Disodium EDTA, PEG-45M, Phenoxyethanol, Benzophenone-4, Magnesium Carbonate, Sodium Lauryl Sulfate, Silica, PPG-9, Mica (CI 77019), Titanium Dioxide (CI 77891), Blue 1 (CI 42090), Red 33 (CI 17200), Yellow 6 (CI 15985).<\/div>\n<\/div>\n<div class=\"tab js-tab\">\n<h3 class=\"tab-title pdp-tabs_title js-tab-mobile-title\"><span>Livraison et stock<\/span><\/h3>\n<div class=\"tab-description pdp-tabs_description js-tab-description\">\n<div class=\"pdp-delivery_info\">\n<div class=\"content-asset\">Livraison et d\u00e9laisRetours et remboursements<\/div>\n<\/div>\n<\/div>\n<\/div>\n<div class=\"tab js-tab\">\n<h3 class=\"tab-title pdp-tabs_title js-tab-mobile-title\"><span>Pr\u00e9cautions d&#8217;emploi<\/span><\/h3>\n<div class=\"tab-description pdp-tabs_description js-tab-description\">ATTENTION :<br \/>\u00c9VITER LE CONTACT AVEC LES YEUX. EN CAS DE CONTACT, RINCER \u00c0 L\u2019EAU<\/div>\n<\/div>\n<\/div>\n<\/div>\n<\/div>\n","protected":false},"excerpt":{"rendered":"<p>Points cl\u00e9s Des cheveux blonds visiblement plus sains Des cheveux blonds souples et doux Des&hellip;<\/p>\n","protected":false},"featured_media":21203,"comment_status":"open","ping_status":"closed","template":"","meta":[],"pwb-brand":[663],"product_cat":[598],"product_tag":[127,390,599],"class_list":{"0":"post-29030","1":"product","2":"type-product","3":"status-publish","4":"has-post-thumbnail","6":"pwb-brand-tigi","7":"product_cat-type-de-cheveux","8":"product_tag-shampooing-et-coiffure","9":"product_tag-tigi","10":"product_tag-type-de-cheveux","12":"first","13":"instock","14":"taxable","15":"shipping-taxable","16":"purchasable","17":"product-type-simple","18":"layout-style-3","19":"col-md-4 col-sm-4 col-xs-6","20":"col-lg-3","21":"product-style-default"},"aioseo_notices":[],"brands":[{"id":663,"name":"Tigi","slug":"tigi"}],"_links":{"self":[{"href":"https:\/\/cheveuxluxe.com\/index.php\/wp-json\/wp\/v2\/product\/29030","targetHints":{"allow":["GET"]}}],"collection":[{"href":"https:\/\/cheveuxluxe.com\/index.php\/wp-json\/wp\/v2\/product"}],"about":[{"href":"https:\/\/cheveuxluxe.com\/index.php\/wp-json\/wp\/v2\/types\/product"}],"replies":[{"embeddable":true,"href":"https:\/\/cheveuxluxe.com\/index.php\/wp-json\/wp\/v2\/comments?post=29030"}],"version-history":[{"count":0,"href":"https:\/\/cheveuxluxe.com\/index.php\/wp-json\/wp\/v2\/product\/29030\/revisions"}],"wp:featuredmedia":[{"embeddable":true,"href":"https:\/\/cheveuxluxe.com\/index.php\/wp-json\/wp\/v2\/media\/21203"}],"wp:attachment":[{"href":"https:\/\/cheveuxluxe.com\/index.php\/wp-json\/wp\/v2\/media?parent=29030"}],"wp:term":[{"taxonomy":"pwb-brand","embeddable":true,"href":"https:\/\/cheveuxluxe.com\/index.php\/wp-json\/wp\/v2\/pwb-brand?post=29030"},{"taxonomy":"product_cat","embeddable":true,"href":"https:\/\/cheveuxluxe.com\/index.php\/wp-json\/wp\/v2\/product_cat?post=29030"},{"taxonomy":"product_tag","embeddable":true,"href":"https:\/\/cheveuxluxe.com\/index.php\/wp-json\/wp\/v2\/product_tag?post=29030"}],"curies":[{"name":"wp","href":"https:\/\/api.w.org\/{rel}","templated":true}]}}