{"id":29031,"date":"2024-04-09T21:51:22","date_gmt":"2024-04-09T21:51:22","guid":{"rendered":"https:\/\/cheveuxluxe.com\/index.php\/product\/tigi-bed-head-down-n-dirty-shampooing-clarifiant-assainissant-400ml\/"},"modified":"2024-04-13T14:10:02","modified_gmt":"2024-04-13T14:10:02","slug":"tigi-bed-head-down-n-dirty-shampooing-clarifiant-assainissant-400ml","status":"publish","type":"product","link":"https:\/\/cheveuxluxe.com\/index.php\/product\/tigi-bed-head-down-n-dirty-shampooing-clarifiant-assainissant-400ml\/","title":{"rendered":"Tigi Bed Head Down N&rsquo; Dirty Shampooing Clarifiant Assainissant 400ml"},"content":{"rendered":"<div class=\"product-content_bottom\">\n<div class=\"pdp-info\">\n<div class=\"pdp-tabs tab-container\">\n<div class=\"tab js-tab\">\n<h3 class=\"tab-title pdp-tabs_title js-tab-mobile-title open\"><span>Points cl\u00e9s<\/span><\/h3>\n<div class=\"tab-description pdp-tabs_description js-tab-description open\" itemprop=\"description\">\n<ul>\n<li>Une chevelure int\u00e9gralement nettoy\u00e9e et rafra\u00eechie<\/li>\n<li>Des cheveux hydrat\u00e9s et doux<\/li>\n<li>Des cheveux visiblement en bonne sant\u00e9<\/li>\n<\/ul>\n<\/div>\n<\/div>\n<div class=\"tab js-tab\">\n<h3 class=\"tab-title pdp-tabs_title js-tab-mobile-title\"><span>Description<\/span><\/h3>\n<div class=\"tab-description pdp-tabs_description js-tab-description\" itemprop=\"description\">Nouveau shampooing Down N&rsquo; Dirty de Bed Head. Con\u00e7u avec des professionnels de la coiffure, et utilis\u00e9 en salon, sa formulation permet de nettoyer et clarifier efficacement les cheveux. Apporte des r\u00e9sultats professionnels et prolonge l&rsquo;exp\u00e9rience du salon de coiffure \u00e0 la maison. Si vous aimiez le shampooing Re-Energise de Bed Head, vous allez adorer Down N&rsquo; Dirty !<\/p>\n<p>Place aux cheveux propres et sains avec le shampooing clarifiant Down N&rsquo; Dirty de Bed Head ! Ce shampooing d\u00e9tox nettoie en profondeur la chevelure et le cuir chevelu des accumulations de produits, tout en d\u00e9licatesse, en plus d&rsquo;hydrater les cheveux, pour des cheveux doux et en bonne sant\u00e9.<\/p>\n<p>Id\u00e9al pour purifier tous types de cheveux. Sans risque pour les cheveux color\u00e9s. Appliquez le shampooing en massant les cheveux mouill\u00e9s, puis rincez. Pour de meilleurs r\u00e9sultats, appliquez ensuite le soin Down N&rsquo; Dirty.<\/p>\n<p>Formul\u00e9 \u00e0 partir du syst\u00e8me purifiant Beach Rescue qui supprime les impuret\u00e9s, la pollution et les accumulations de produits, pour un nettoyage complet des cheveux tout en douceur ; de glyc\u00e9rine, ingr\u00e9dient incontournable pour hydrater le cheveu, qui offre une vraie sensation d&rsquo;hydratation, de douceur et de bonne sant\u00e9 ; et d&rsquo;extrait de fleurs de lotus, reconnu pour ses propri\u00e9t\u00e9s \u00e9mollientes naturelles.<\/p>\n<p>Ce shampooing professionnel grand format de $00ml lib\u00e8re un parfum \u00e9nergisant d&rsquo;agrumes \u00e9pic\u00e9s !<\/p><\/div>\n<\/div>\n<div class=\"tab js-tab\">\n<h3 class=\"tab-title pdp-tabs_title js-tab-mobile-title\"><span>Mode d&#8217;emploi<\/span><\/h3>\n<div class=\"tab-description pdp-tabs_description js-tab-description\">Appliquez le shampooing en massant les cheveux mouill\u00e9s, puis rincez.<br \/>Pour de meilleurs r\u00e9sultats, appliquez ensuite le soin Down N&rsquo; Dirty.<\/div>\n<\/div>\n<div class=\"tab js-tab\">\n<h3 class=\"tab-title pdp-tabs_title js-tab-mobile-title\"><span>Ingr\u00e9dients<\/span><\/h3>\n<div class=\"tab-description pdp-tabs_description js-tab-description\">Water (Aqua\/Eau), Sodium Laureth Sulfate, Sodium Chloride, Cocamidopropyl Betaine, Glycerin, Dimethiconol, Sodium Benzoate, Citric Acid, TEA-Dodecylbenzenesulfonate, Eriodictyon Californicum Flower\/Leaf\/Stem Extract, Nelumbo Nucifera Flower Extract, Fragrance (Parfum), Guar Hydroxypropyltrimonium Chloride, Laureth-23, Disodium EDTA, Phenoxyethanol, Butylene Glycol, PPG-9, Benzyl Salicylate, Citral, Citronellol, Geraniol, Hexyl Cinnamal, Limonene, Linalool, Blue 1 (CI 42090), Red 33 (CI 17200).<\/div>\n<\/div>\n<div class=\"tab js-tab\">\n<h3 class=\"tab-title pdp-tabs_title js-tab-mobile-title\"><span>Livraison et stock<\/span><\/h3>\n<div class=\"tab-description pdp-tabs_description js-tab-description\">\n<div class=\"pdp-delivery_info\">\n<div class=\"content-asset\">Livraison et d\u00e9laisRetours et remboursements<\/div>\n<\/div>\n<\/div>\n<\/div>\n<div class=\"tab js-tab\">\n<h3 class=\"tab-title pdp-tabs_title js-tab-mobile-title\"><span>Pr\u00e9cautions d&#8217;emploi<\/span><\/h3>\n<div class=\"tab-description pdp-tabs_description js-tab-description\">ATTENTION :<br \/>\u00c9VITER LE CONTACT AVEC LES YEUX. EN CAS DE CONTACT, RINCER \u00c0 L\u2019EAU<\/div>\n<\/div>\n<\/div>\n<\/div>\n<\/div>\n","protected":false},"excerpt":{"rendered":"<p>Points cl\u00e9s Une chevelure int\u00e9gralement nettoy\u00e9e et rafra\u00eechie Des cheveux hydrat\u00e9s et doux Des cheveux&hellip;<\/p>\n","protected":false},"featured_media":21378,"comment_status":"open","ping_status":"closed","template":"","meta":[],"pwb-brand":[663],"product_cat":[598],"product_tag":[127,390,599],"class_list":{"0":"post-29031","1":"product","2":"type-product","3":"status-publish","4":"has-post-thumbnail","6":"pwb-brand-tigi","7":"product_cat-type-de-cheveux","8":"product_tag-shampooing-et-coiffure","9":"product_tag-tigi","10":"product_tag-type-de-cheveux","12":"first","13":"instock","14":"taxable","15":"shipping-taxable","16":"purchasable","17":"product-type-simple","18":"layout-style-3","19":"col-md-4 col-sm-4 col-xs-6","20":"col-lg-3","21":"product-style-default"},"aioseo_notices":[],"brands":[{"id":663,"name":"Tigi","slug":"tigi"}],"_links":{"self":[{"href":"https:\/\/cheveuxluxe.com\/index.php\/wp-json\/wp\/v2\/product\/29031","targetHints":{"allow":["GET"]}}],"collection":[{"href":"https:\/\/cheveuxluxe.com\/index.php\/wp-json\/wp\/v2\/product"}],"about":[{"href":"https:\/\/cheveuxluxe.com\/index.php\/wp-json\/wp\/v2\/types\/product"}],"replies":[{"embeddable":true,"href":"https:\/\/cheveuxluxe.com\/index.php\/wp-json\/wp\/v2\/comments?post=29031"}],"version-history":[{"count":0,"href":"https:\/\/cheveuxluxe.com\/index.php\/wp-json\/wp\/v2\/product\/29031\/revisions"}],"wp:featuredmedia":[{"embeddable":true,"href":"https:\/\/cheveuxluxe.com\/index.php\/wp-json\/wp\/v2\/media\/21378"}],"wp:attachment":[{"href":"https:\/\/cheveuxluxe.com\/index.php\/wp-json\/wp\/v2\/media?parent=29031"}],"wp:term":[{"taxonomy":"pwb-brand","embeddable":true,"href":"https:\/\/cheveuxluxe.com\/index.php\/wp-json\/wp\/v2\/pwb-brand?post=29031"},{"taxonomy":"product_cat","embeddable":true,"href":"https:\/\/cheveuxluxe.com\/index.php\/wp-json\/wp\/v2\/product_cat?post=29031"},{"taxonomy":"product_tag","embeddable":true,"href":"https:\/\/cheveuxluxe.com\/index.php\/wp-json\/wp\/v2\/product_tag?post=29031"}],"curies":[{"name":"wp","href":"https:\/\/api.w.org\/{rel}","templated":true}]}}