{"id":29033,"date":"2024-04-09T21:51:22","date_gmt":"2024-04-09T21:51:22","guid":{"rendered":"https:\/\/cheveuxluxe.com\/index.php\/product\/tigi-bed-head-gimme-grip-shampooing-revitalisant-et-texturisant-cheveux-ternes-400ml\/"},"modified":"2024-04-13T13:55:11","modified_gmt":"2024-04-13T13:55:11","slug":"tigi-bed-head-gimme-grip-shampooing-revitalisant-et-texturisant-cheveux-ternes-400ml","status":"publish","type":"product","link":"https:\/\/cheveuxluxe.com\/index.php\/product\/tigi-bed-head-gimme-grip-shampooing-revitalisant-et-texturisant-cheveux-ternes-400ml\/","title":{"rendered":"Tigi Bed Head Gimme Grip Shampooing Revitalisant et Texturisant Cheveux Ternes 400ml"},"content":{"rendered":"<div class=\"product-content_bottom\">\n<div class=\"pdp-info\">\n<div class=\"pdp-tabs tab-container\">\n<div class=\"tab js-tab\">\n<h3 class=\"tab-title pdp-tabs_title js-tab-mobile-title open\"><span>Points cl\u00e9s<\/span><\/h3>\n<div class=\"tab-description pdp-tabs_description js-tab-description open\" itemprop=\"description\">\n<ul>\n<li>Un look coiff\u00e9-d\u00e9coiff\u00e9<\/li>\n<li>Des cheveux pr\u00eats \u00e0 \u00eatre coiff\u00e9s<\/li>\n<li>Un volume qui reste en place<\/li>\n<\/ul>\n<\/div>\n<\/div>\n<div class=\"tab js-tab\">\n<h3 class=\"tab-title pdp-tabs_title js-tab-mobile-title\"><span>Description<\/span><\/h3>\n<div class=\"tab-description pdp-tabs_description js-tab-description\" itemprop=\"description\">Nouveau shampooing Gimme Grip de Bed Head. Con\u00e7u avec des coiffeurs professionnels, et utilis\u00e9 en salon, sa formulation lui conf\u00e8re un pouvoir texturisant sensationnel. Apporte des r\u00e9sultats professionnels et prolonge l&rsquo;exp\u00e9rience du salon de coiffure \u00e0 la maison. Si vous aimiez le shampooing Fully Loaded de Bed Head, vous allez adorer Gimme Grip !<\/p>\n<p>Faites-vous un look \u00ab saut du lit \u00bb en cr\u00e9ant une texture coiff\u00e9e-d\u00e9coiff\u00e9e et pleine de vie avec une mati\u00e8re incroyable pour faciliter le coiffage avec le shampooing texturisant Gimme Grip. Ce shampooing texturisant permet de cr\u00e9er des looks faussement d\u00e9coiff\u00e9s en cr\u00e9ant du volume, de la mati\u00e8re et de la texture. Ce shampooing nettoie les cheveux en profondeur en \u00e9liminant les accumulations de produits, et permet aux cheveux de garder leur volume en m\u00e9moire, pour des cheveux revigor\u00e9s et pr\u00eats \u00e0 \u00eatre coiff\u00e9s.<\/p>\n<p>Id\u00e9al pour ajouter de la texture et de la mati\u00e8re aux cheveux ternes ou plats. Faites mousser le shampooing en massant les cheveux mouill\u00e9s puis rincez. Pour de meilleurs r\u00e9sultats, appliquez ensuite la gel\u00e9e de soin revitalisante et texturisante Gimme Grip<\/p>\n<p>Formul\u00e9 \u00e0 partir de la technologie Uploader, qui permet aux cheveux plats et d\u00e9vitalis\u00e9s de garder leur volume en m\u00e9moire pour que les coiffures ne s&rsquo;affaissent pas ; d&rsquo;un syst\u00e8me de mousse nettoyante qui \u00e9limine les impuret\u00e9s, la pollution et les accumulations de produits ; d&rsquo;extraits de grenade aux propri\u00e9t\u00e9s antioxydantes reconnues ; et d&rsquo;extraits de guarana, puissant stimulant aux bienfaits th\u00e9rapeutiques av\u00e9r\u00e9s.<\/p>\n<p>Ce shampooing professionnel de 300ml lib\u00e8re un p\u00e9tillant parfum de fruits rouges !<\/p><\/div>\n<\/div>\n<div class=\"tab js-tab\">\n<h3 class=\"tab-title pdp-tabs_title js-tab-mobile-title\"><span>Mode d&#8217;emploi<\/span><\/h3>\n<div class=\"tab-description pdp-tabs_description js-tab-description\">Faites mousser le shampooing en massant les cheveux mouill\u00e9s puis rincez.<br \/>Pour de meilleurs r\u00e9sultats, appliquez ensuite la gel\u00e9e de soin revitalisante et texturisante Gimme Grip<\/div>\n<\/div>\n<div class=\"tab js-tab\">\n<h3 class=\"tab-title pdp-tabs_title js-tab-mobile-title\"><span>Ingr\u00e9dients<\/span><\/h3>\n<div class=\"tab-description pdp-tabs_description js-tab-description\">Water (Aqua\/Eau), Sodium Laureth Sulfate, Acrylates Copolymer, Cocamidopropyl Betaine, Sodium Chloride, Glycerin, Fragrance (Parfum), Sodium Benzoate, Carbomer, Punica Granatum Extract, Paullinia Cupana Seed Extract, Pentylene Glycol, Guar Hydroxypropyltrimonium Chloride, Alcohol Denat., Citric Acid, Disodium EDTA, Phenoxyethanol, PEG-45M, Ammonium Hydroxide, Propylene Glycol, Silica, Blue 1 (CI 42090), Yellow 5 (CI 19140).<\/div>\n<\/div>\n<div class=\"tab js-tab\">\n<h3 class=\"tab-title pdp-tabs_title js-tab-mobile-title\"><span>Livraison et stock<\/span><\/h3>\n<div class=\"tab-description pdp-tabs_description js-tab-description\">\n<div class=\"pdp-delivery_info\">\n<div class=\"content-asset\">Livraison et d\u00e9laisRetours et remboursements<\/div>\n<\/div>\n<\/div>\n<\/div>\n<div class=\"tab js-tab\">\n<h3 class=\"tab-title pdp-tabs_title js-tab-mobile-title\"><span>Pr\u00e9cautions d&#8217;emploi<\/span><\/h3>\n<div class=\"tab-description pdp-tabs_description js-tab-description\">ATTENTION :<br \/>\u00c9VITER LE CONTACT AVEC LES YEUX. EN CAS DE CONTACT, RINCER \u00c0 L\u2019EAU<\/div>\n<\/div>\n<\/div>\n<\/div>\n<\/div>\n","protected":false},"excerpt":{"rendered":"<p>Points cl\u00e9s Un look coiff\u00e9-d\u00e9coiff\u00e9 Des cheveux pr\u00eats \u00e0 \u00eatre coiff\u00e9s Un volume qui reste&hellip;<\/p>\n","protected":false},"featured_media":21474,"comment_status":"open","ping_status":"closed","template":"","meta":[],"pwb-brand":[663],"product_cat":[573],"product_tag":[134,127,390],"class_list":{"0":"post-29033","1":"product","2":"type-product","3":"status-publish","4":"has-post-thumbnail","6":"pwb-brand-tigi","7":"product_cat-shampooing","8":"product_tag-shampooing","9":"product_tag-shampooing-et-coiffure","10":"product_tag-tigi","12":"first","13":"instock","14":"taxable","15":"shipping-taxable","16":"purchasable","17":"product-type-simple","18":"layout-style-3","19":"col-md-4 col-sm-4 col-xs-6","20":"col-lg-3","21":"product-style-default"},"aioseo_notices":[],"brands":[{"id":663,"name":"Tigi","slug":"tigi"}],"_links":{"self":[{"href":"https:\/\/cheveuxluxe.com\/index.php\/wp-json\/wp\/v2\/product\/29033","targetHints":{"allow":["GET"]}}],"collection":[{"href":"https:\/\/cheveuxluxe.com\/index.php\/wp-json\/wp\/v2\/product"}],"about":[{"href":"https:\/\/cheveuxluxe.com\/index.php\/wp-json\/wp\/v2\/types\/product"}],"replies":[{"embeddable":true,"href":"https:\/\/cheveuxluxe.com\/index.php\/wp-json\/wp\/v2\/comments?post=29033"}],"version-history":[{"count":0,"href":"https:\/\/cheveuxluxe.com\/index.php\/wp-json\/wp\/v2\/product\/29033\/revisions"}],"wp:featuredmedia":[{"embeddable":true,"href":"https:\/\/cheveuxluxe.com\/index.php\/wp-json\/wp\/v2\/media\/21474"}],"wp:attachment":[{"href":"https:\/\/cheveuxluxe.com\/index.php\/wp-json\/wp\/v2\/media?parent=29033"}],"wp:term":[{"taxonomy":"pwb-brand","embeddable":true,"href":"https:\/\/cheveuxluxe.com\/index.php\/wp-json\/wp\/v2\/pwb-brand?post=29033"},{"taxonomy":"product_cat","embeddable":true,"href":"https:\/\/cheveuxluxe.com\/index.php\/wp-json\/wp\/v2\/product_cat?post=29033"},{"taxonomy":"product_tag","embeddable":true,"href":"https:\/\/cheveuxluxe.com\/index.php\/wp-json\/wp\/v2\/product_tag?post=29033"}],"curies":[{"name":"wp","href":"https:\/\/api.w.org\/{rel}","templated":true}]}}