{"id":29035,"date":"2024-04-09T21:51:23","date_gmt":"2024-04-09T21:51:23","guid":{"rendered":"https:\/\/cheveuxluxe.com\/index.php\/product\/tigi-bed-head-resurrection-shampooing-super-reparateur-cheveux-fragiles-et-cassants-970ml\/"},"modified":"2024-04-13T14:20:33","modified_gmt":"2024-04-13T14:20:33","slug":"tigi-bed-head-resurrection-shampooing-super-reparateur-cheveux-fragiles-et-cassants-970ml","status":"publish","type":"product","link":"https:\/\/cheveuxluxe.com\/index.php\/product\/tigi-bed-head-resurrection-shampooing-super-reparateur-cheveux-fragiles-et-cassants-970ml\/","title":{"rendered":"Tigi Bed Head Resurrection Shampooing Super R\u00e9parateur Cheveux Fragiles et Cassants 970ml"},"content":{"rendered":"<div class=\"product-content_bottom\">\n<div class=\"pdp-info\">\n<div class=\"pdp-tabs tab-container\">\n<div class=\"tab js-tab\">\n<h3 class=\"tab-title pdp-tabs_title js-tab-mobile-title open\"><span>Points cl\u00e9s<\/span><\/h3>\n<div class=\"tab-description pdp-tabs_description js-tab-description open\" itemprop=\"description\">\n<ul>\n<li>Des cheveux ab\u00eem\u00e9s r\u00e9par\u00e9s<\/li>\n<li>Des cheveux visiblement plus sains<\/li>\n<li>Des cheveux doux, nourris et hydrat\u00e9s<\/li>\n<\/ul>\n<\/div>\n<\/div>\n<div class=\"tab js-tab\">\n<h3 class=\"tab-title pdp-tabs_title js-tab-mobile-title\"><span>Description<\/span><\/h3>\n<div class=\"tab-description pdp-tabs_description js-tab-description\" itemprop=\"description\">Nouveau shampooing Resurrection de Bed Head ; nouveau \u00e0 l&rsquo;ext\u00e9rieur et tout aussi fabuleux \u00e0 l&rsquo;int\u00e9rieur. Con\u00e7u avec des professionnels de la coiffure, et utilis\u00e9 en salon, sa formulation permet de r\u00e9parer efficacement. Apporte des r\u00e9sultats professionnels et prolonge l&rsquo;exp\u00e9rience du salon de coiffure \u00e0 la maison.<\/p>\n<p>La gamme r\u00e9paration a \u00e9t\u00e9 \u00e9labor\u00e9e avec des professionnels pour renforcer les cheveux ab\u00eem\u00e9s, leur donner un aspect doux et en bonne sant\u00e9. Ce shampooing r\u00e9parateur \u00e0 la technologie brevet\u00e9e, permet \u00e0 l&rsquo;association unique des composants de rester sur le cheveu tout au long de la journ\u00e9e. Le shampooing agit sur la r\u00e9paration des cheveux secs et ab\u00eem\u00e9s, les nourrit, les hydrate et les r\u00e9g\u00e9n\u00e8re.<\/p>\n<p>Id\u00e9al pour les cheveux fragilis\u00e9s, ab\u00eem\u00e9s et cassants ! Sans risque pour les cheveux color\u00e9s. Appliquez le shampooing en massant les cheveux mouill\u00e9s, puis rincez. Pour de meilleurs r\u00e9sultats, appliquez ensuite le soin Resurrection.<\/p>\n<p>Formul\u00e9 \u00e0 base d&rsquo;agents hydratants qui aident \u00e0 r\u00e9parer les dommages externes et \u00e0 adoucir la cuticule pour un aspect plus sain et une sensation de douceur ; et d&rsquo;extrait de rose de J\u00e9richo, aussi connue sous le nom de \u00ab plante de la r\u00e9surrection \u00bb, pour retenir l&rsquo;hydratation.<\/p>\n<p>Ce shampooing professionnel de 300ml diffuse un parfum de jus de fruits !<\/p><\/div>\n<\/div>\n<div class=\"tab js-tab\">\n<h3 class=\"tab-title pdp-tabs_title js-tab-mobile-title\"><span>Mode d&#8217;emploi<\/span><\/h3>\n<div class=\"tab-description pdp-tabs_description js-tab-description\">Appliquez le shampooing en massant les cheveux mouill\u00e9s, puis rincez.<br \/>Pour de meilleurs r\u00e9sultats, appliquez ensuite le soin Resurrection.<\/div>\n<\/div>\n<div class=\"tab js-tab\">\n<h3 class=\"tab-title pdp-tabs_title js-tab-mobile-title\"><span>Ingr\u00e9dients<\/span><\/h3>\n<div class=\"tab-description pdp-tabs_description js-tab-description\">Water (Aqua\/Eau), Sodium Laureth Sulfate, Dimethiconol, Glycol Distearate, Cocamidopropyl Betaine, Fragrance (Parfum), Sodium Chloride, Glycerin, Sodium Benzoate, Selaginella Lepidophylla Extract, Carbomer, Gluconolactone, Cocamide MEA, TEA-Dodecylbenzenesulfonate, Guar Hydroxypropyltrimonium Chloride, Amodimethicone, Laureth-23, Citric Acid, PPG-9, Sodium Sulfate, Trehalose, Disodium EDTA, Phenoxyethanol, PEG-45M, Cetrimonium Chloride, Trideceth-12, Silica, Limonene, Linalool, Mica (CI 77019), Titanium Dioxide (CI 77891).<\/div>\n<\/div>\n<div class=\"tab js-tab\">\n<h3 class=\"tab-title pdp-tabs_title js-tab-mobile-title\"><span>Livraison et stock<\/span><\/h3>\n<div class=\"tab-description pdp-tabs_description js-tab-description\">\n<div class=\"pdp-delivery_info\">\n<div class=\"content-asset\">Livraison et d\u00e9laisRetours et remboursements<\/div>\n<\/div>\n<\/div>\n<\/div>\n<div class=\"tab js-tab\">\n<h3 class=\"tab-title pdp-tabs_title js-tab-mobile-title\"><span>Pr\u00e9cautions d&#8217;emploi<\/span><\/h3>\n<div class=\"tab-description pdp-tabs_description js-tab-description\">ATTENTION :<br \/>\u00c9VITER LE CONTACT AVEC LES YEUX. EN CAS DE CONTACT, RINCER \u00c0 L\u2019EAU<\/div>\n<\/div>\n<\/div>\n<\/div>\n<\/div>\n","protected":false},"excerpt":{"rendered":"<p>Points cl\u00e9s Des cheveux ab\u00eem\u00e9s r\u00e9par\u00e9s Des cheveux visiblement plus sains Des cheveux doux, nourris&hellip;<\/p>\n","protected":false},"featured_media":21046,"comment_status":"open","ping_status":"closed","template":"","meta":[],"pwb-brand":[663],"product_cat":[610],"product_tag":[611,127,390],"class_list":{"0":"post-29035","1":"product","2":"type-product","3":"status-publish","4":"has-post-thumbnail","6":"pwb-brand-tigi","7":"product_cat-grands-formats","8":"product_tag-grands-formats","9":"product_tag-shampooing-et-coiffure","10":"product_tag-tigi","12":"first","13":"instock","14":"taxable","15":"shipping-taxable","16":"purchasable","17":"product-type-simple","18":"layout-style-3","19":"col-md-4 col-sm-4 col-xs-6","20":"col-lg-3","21":"product-style-default"},"aioseo_notices":[],"brands":[{"id":663,"name":"Tigi","slug":"tigi"}],"_links":{"self":[{"href":"https:\/\/cheveuxluxe.com\/index.php\/wp-json\/wp\/v2\/product\/29035","targetHints":{"allow":["GET"]}}],"collection":[{"href":"https:\/\/cheveuxluxe.com\/index.php\/wp-json\/wp\/v2\/product"}],"about":[{"href":"https:\/\/cheveuxluxe.com\/index.php\/wp-json\/wp\/v2\/types\/product"}],"replies":[{"embeddable":true,"href":"https:\/\/cheveuxluxe.com\/index.php\/wp-json\/wp\/v2\/comments?post=29035"}],"version-history":[{"count":0,"href":"https:\/\/cheveuxluxe.com\/index.php\/wp-json\/wp\/v2\/product\/29035\/revisions"}],"wp:featuredmedia":[{"embeddable":true,"href":"https:\/\/cheveuxluxe.com\/index.php\/wp-json\/wp\/v2\/media\/21046"}],"wp:attachment":[{"href":"https:\/\/cheveuxluxe.com\/index.php\/wp-json\/wp\/v2\/media?parent=29035"}],"wp:term":[{"taxonomy":"pwb-brand","embeddable":true,"href":"https:\/\/cheveuxluxe.com\/index.php\/wp-json\/wp\/v2\/pwb-brand?post=29035"},{"taxonomy":"product_cat","embeddable":true,"href":"https:\/\/cheveuxluxe.com\/index.php\/wp-json\/wp\/v2\/product_cat?post=29035"},{"taxonomy":"product_tag","embeddable":true,"href":"https:\/\/cheveuxluxe.com\/index.php\/wp-json\/wp\/v2\/product_tag?post=29035"}],"curies":[{"name":"wp","href":"https:\/\/api.w.org\/{rel}","templated":true}]}}