{"id":29059,"date":"2024-04-09T21:52:11","date_gmt":"2024-04-09T21:52:11","guid":{"rendered":"https:\/\/cheveuxluxe.com\/index.php\/product\/schwarzkopf-professional-blond-me-ab-shampooing-riche-1l\/"},"modified":"2024-04-13T13:55:22","modified_gmt":"2024-04-13T13:55:22","slug":"schwarzkopf-professional-blond-me-ab-shampooing-riche-1l","status":"publish","type":"product","link":"https:\/\/cheveuxluxe.com\/index.php\/product\/schwarzkopf-professional-blond-me-ab-shampooing-riche-1l\/","title":{"rendered":"Schwarzkopf Professional Blond Me AB Shampooing Riche 1L"},"content":{"rendered":"<div class=\"product-content_bottom\">\n<div class=\"pdp-info\">\n<div class=\"pdp-tabs tab-container\">\n<div class=\"tab js-tab\">\n<h3 class=\"tab-title pdp-tabs_title js-tab-mobile-title open\"><span>Points cl\u00e9s<\/span><\/h3>\n<div class=\"tab-description pdp-tabs_description js-tab-description open\" itemprop=\"description\">\n<ul>\n<li>Nourrit intens\u00e9ment, en p\u00e9n\u00e9trant profond\u00e9ment la structure interne du cheveu endommag\u00e9<\/li>\n<li>Reconstruit la structure interne et externe des cheveux<\/li>\n<li>Procure souplesse et r\u00e9sistance<\/li>\n<li>La formule \u00e0 l&rsquo;huile de Marula lisse la surface des cheveux et leur donne un aspect brillant sain<\/li>\n<\/ul>\n<\/div>\n<\/div>\n<div class=\"tab js-tab\">\n<h3 class=\"tab-title pdp-tabs_title js-tab-mobile-title\"><span>Description<\/span><\/h3>\n<div class=\"tab-description pdp-tabs_description js-tab-description\" itemprop=\"description\">The BLONDME All Blondes Rich Shampoo, avec la Technologie 3D de Cr\u00e9ation des Liens et le Complexe de Prot\u00e9ines \u00e0 base de Cachemire, aide \u00e0 cr\u00e9er de nouveaux liens, tout en nettoyant, illuminant et nourrissant intensivement les cheveux blonds de types normaux \u00e0 \u00e9pais.<\/div>\n<\/div>\n<div class=\"tab js-tab\">\n<h3 class=\"tab-title pdp-tabs_title js-tab-mobile-title\"><span>Mode d&#8217;emploi<\/span><\/h3>\n<div class=\"tab-description pdp-tabs_description js-tab-description\">Faites p\u00e9n\u00e9trer sur cheveux mouill\u00e9s jusqu&rsquo;\u00e0 1 minute.<br \/>Rincez abondamment. Pour un usage quotidien.<\/div>\n<\/div>\n<div class=\"tab js-tab\">\n<h3 class=\"tab-title pdp-tabs_title js-tab-mobile-title\"><span>Ingr\u00e9dients<\/span><\/h3>\n<div class=\"tab-description pdp-tabs_description js-tab-description\">Aqua (Water, Eau)*Cocamidopropyl Betaine*Sodium Methyl Cocoyl Taurate*Coco-Glucoside*Sodium Chloride*Sodium C14-16 Olefin Sulfonate*PEG-120 Methyl Glucose Dioleate*Lanthanum Chloride*Glycine*Succinic Acid*Hydrolyzed Keratin*Sclerocarya Birrea Seed Oil*Panthenol*Caprylyl\/Capryl Glucoside*Parfum (Fragrance)*Polyquaternium-10*Citric Acid*Sodium Benzoate*Glycol Distearate*Coconut Acid*Hydrogenated Castor Oil*Phenoxyethanol*Citronellol*Limonene*Benzyl Alcohol*Propylene Glycol*Sodium Acetate*Sodium Hydroxide*Sorbic Acid*PEG-7 Glyceryl Cocoate*PEG-40 Hydrogenated Castor Oil*Laureth-4<\/div>\n<\/div>\n<div class=\"tab js-tab\">\n<h3 class=\"tab-title pdp-tabs_title js-tab-mobile-title\"><span>Livraison et stock<\/span><\/h3>\n<div class=\"tab-description pdp-tabs_description js-tab-description\">\n<div class=\"pdp-delivery_info\">\n<div class=\"content-asset\">Livraison et d\u00e9laisRetours et remboursements<\/div>\n<\/div>\n<\/div>\n<\/div>\n<\/div>\n<\/div>\n<\/div>\n","protected":false},"excerpt":{"rendered":"<p>Points cl\u00e9s Nourrit intens\u00e9ment, en p\u00e9n\u00e9trant profond\u00e9ment la structure interne du cheveu endommag\u00e9 Reconstruit la&hellip;<\/p>\n","protected":false},"featured_media":21719,"comment_status":"open","ping_status":"closed","template":"","meta":[],"pwb-brand":[646],"product_cat":[573],"product_tag":[319,134,127],"class_list":{"0":"post-29059","1":"product","2":"type-product","3":"status-publish","4":"has-post-thumbnail","6":"pwb-brand-schwarzkopf-professional","7":"product_cat-shampooing","8":"product_tag-schwarzkopf-professional","9":"product_tag-shampooing","10":"product_tag-shampooing-et-coiffure","12":"first","13":"instock","14":"taxable","15":"shipping-taxable","16":"purchasable","17":"product-type-simple","18":"layout-style-3","19":"col-md-4 col-sm-4 col-xs-6","20":"col-lg-3","21":"product-has-gallery","22":"product-style-default"},"aioseo_notices":[],"brands":[{"id":646,"name":"Schwarzkopf Professional","slug":"schwarzkopf-professional"}],"_links":{"self":[{"href":"https:\/\/cheveuxluxe.com\/index.php\/wp-json\/wp\/v2\/product\/29059","targetHints":{"allow":["GET"]}}],"collection":[{"href":"https:\/\/cheveuxluxe.com\/index.php\/wp-json\/wp\/v2\/product"}],"about":[{"href":"https:\/\/cheveuxluxe.com\/index.php\/wp-json\/wp\/v2\/types\/product"}],"replies":[{"embeddable":true,"href":"https:\/\/cheveuxluxe.com\/index.php\/wp-json\/wp\/v2\/comments?post=29059"}],"version-history":[{"count":0,"href":"https:\/\/cheveuxluxe.com\/index.php\/wp-json\/wp\/v2\/product\/29059\/revisions"}],"wp:featuredmedia":[{"embeddable":true,"href":"https:\/\/cheveuxluxe.com\/index.php\/wp-json\/wp\/v2\/media\/21719"}],"wp:attachment":[{"href":"https:\/\/cheveuxluxe.com\/index.php\/wp-json\/wp\/v2\/media?parent=29059"}],"wp:term":[{"taxonomy":"pwb-brand","embeddable":true,"href":"https:\/\/cheveuxluxe.com\/index.php\/wp-json\/wp\/v2\/pwb-brand?post=29059"},{"taxonomy":"product_cat","embeddable":true,"href":"https:\/\/cheveuxluxe.com\/index.php\/wp-json\/wp\/v2\/product_cat?post=29059"},{"taxonomy":"product_tag","embeddable":true,"href":"https:\/\/cheveuxluxe.com\/index.php\/wp-json\/wp\/v2\/product_tag?post=29059"}],"curies":[{"name":"wp","href":"https:\/\/api.w.org\/{rel}","templated":true}]}}