{"id":29070,"date":"2024-04-09T21:52:28","date_gmt":"2024-04-09T21:52:28","guid":{"rendered":"https:\/\/cheveuxluxe.com\/index.php\/product\/schwarzkopf-professional-blondme-ab-shampooing-leger-300ml\/"},"modified":"2024-04-13T13:55:25","modified_gmt":"2024-04-13T13:55:25","slug":"schwarzkopf-professional-blondme-ab-shampooing-leger-300ml","status":"publish","type":"product","link":"https:\/\/cheveuxluxe.com\/index.php\/product\/schwarzkopf-professional-blondme-ab-shampooing-leger-300ml\/","title":{"rendered":"Schwarzkopf Professional BlondMe AB Shampooing L\u00e9ger 300ml"},"content":{"rendered":"<div class=\"product-content_bottom\">\n<div class=\"pdp-info\">\n<div class=\"pdp-tabs tab-container\">\n<div class=\"tab js-tab\">\n<h3 class=\"tab-title pdp-tabs_title js-tab-mobile-title open\"><span>Points cl\u00e9s<\/span><\/h3>\n<div class=\"tab-description pdp-tabs_description js-tab-description open\" itemprop=\"description\">\n<ul>\n<li>Nourrit intens\u00e9ment les cheveux sans les alourdir<\/li>\n<li>Am\u00e9liore la maniabilit\u00e9 et l&rsquo;\u00e9lasticit\u00e9<\/li>\n<li>Donne de la stabilit\u00e9 et du contr\u00f4le aux cheveux et prot\u00e8ge des dommages caus\u00e9s par le s\u00e8che-cheveux<\/li>\n<li>La formule au Panth\u00e9nol hydrate les cheveux, les laissant souples et doux avec un aspect brillant sain<\/li>\n<\/ul>\n<\/div>\n<\/div>\n<div class=\"tab js-tab\">\n<h3 class=\"tab-title pdp-tabs_title js-tab-mobile-title\"><span>Description<\/span><\/h3>\n<div class=\"tab-description pdp-tabs_description js-tab-description\" itemprop=\"description\">The BLONDME All Blondes Light Shampoo, avec la Technologie 3D de Cr\u00e9ation des Liens et le Complexe de Prot\u00e9ines \u00e0 base de Soie de M\u00fbrier, aide \u00e0 cr\u00e9er de nouveaux liens, tout en nettoyant, illuminant et nourrissant les cheveux blonds de types fins \u00e0 normaux.<\/div>\n<\/div>\n<div class=\"tab js-tab\">\n<h3 class=\"tab-title pdp-tabs_title js-tab-mobile-title\"><span>Mode d&#8217;emploi<\/span><\/h3>\n<div class=\"tab-description pdp-tabs_description js-tab-description\">Faites p\u00e9n\u00e9trer sur cheveux mouill\u00e9s jusqu&rsquo;\u00e0 1 minute .<br \/>Rincez abondamment. Pour un usage quotidien.<\/div>\n<\/div>\n<div class=\"tab js-tab\">\n<h3 class=\"tab-title pdp-tabs_title js-tab-mobile-title\"><span>Ingr\u00e9dients<\/span><\/h3>\n<div class=\"tab-description pdp-tabs_description js-tab-description\">Aqua (Water, Eau)*Cocamidopropyl Betaine*Sodium Methyl Cocoyl Taurate*Coco-Glucoside*Sodium Chloride*Sodium Methyl 2-Sulfolaurate*PEG-7 Glyceryl Cocoate*PEG-120 Methyl Glucose Dioleate*Lanthanum Chloride*Glycine*Succinic Acid*Hydrolyzed Silk*Sericin*Nymphaea Alba Root Extract*Panthenol*Caprylyl\/Capryl Glucoside*Citric Acid*Parfum (Fragrance)*Sodium Benzoate*Disodium 2-Sulfolaurate*Propylene Glycol*Coconut Acid*Hydrogenated Castor Oil*Glycol Distearate*Sodium Sulfate*Linalool*C12-18 Fatty Acids Methyl Esters*Hexyl Cinnamal*Limonene*Citronellol*Alpha-Isomethyl Ionone*Sorbitol*Butylene Glycol*Polyquaternium-10*Sodium Hydroxide*Benzyl Alcohol*Sodium Acetate*Potassium Sorbate*Laureth-4*Methylparaben*Propylparaben<\/div>\n<\/div>\n<div class=\"tab js-tab\">\n<h3 class=\"tab-title pdp-tabs_title js-tab-mobile-title\"><span>Livraison et stock<\/span><\/h3>\n<div class=\"tab-description pdp-tabs_description js-tab-description\">\n<div class=\"pdp-delivery_info\">\n<div class=\"content-asset\">Livraison et d\u00e9laisRetours et remboursements<\/div>\n<\/div>\n<\/div>\n<\/div>\n<\/div>\n<\/div>\n<\/div>\n","protected":false},"excerpt":{"rendered":"<p>Points cl\u00e9s Nourrit intens\u00e9ment les cheveux sans les alourdir Am\u00e9liore la maniabilit\u00e9 et l&rsquo;\u00e9lasticit\u00e9 Donne&hellip;<\/p>\n","protected":false},"featured_media":21735,"comment_status":"open","ping_status":"closed","template":"","meta":[],"pwb-brand":[646],"product_cat":[573],"product_tag":[319,134,127],"class_list":{"0":"post-29070","1":"product","2":"type-product","3":"status-publish","4":"has-post-thumbnail","6":"pwb-brand-schwarzkopf-professional","7":"product_cat-shampooing","8":"product_tag-schwarzkopf-professional","9":"product_tag-shampooing","10":"product_tag-shampooing-et-coiffure","12":"first","13":"instock","14":"taxable","15":"shipping-taxable","16":"purchasable","17":"product-type-simple","18":"layout-style-3","19":"col-md-4 col-sm-4 col-xs-6","20":"col-lg-3","21":"product-has-gallery","22":"product-style-default"},"aioseo_notices":[],"brands":[{"id":646,"name":"Schwarzkopf Professional","slug":"schwarzkopf-professional"}],"_links":{"self":[{"href":"https:\/\/cheveuxluxe.com\/index.php\/wp-json\/wp\/v2\/product\/29070","targetHints":{"allow":["GET"]}}],"collection":[{"href":"https:\/\/cheveuxluxe.com\/index.php\/wp-json\/wp\/v2\/product"}],"about":[{"href":"https:\/\/cheveuxluxe.com\/index.php\/wp-json\/wp\/v2\/types\/product"}],"replies":[{"embeddable":true,"href":"https:\/\/cheveuxluxe.com\/index.php\/wp-json\/wp\/v2\/comments?post=29070"}],"version-history":[{"count":0,"href":"https:\/\/cheveuxluxe.com\/index.php\/wp-json\/wp\/v2\/product\/29070\/revisions"}],"wp:featuredmedia":[{"embeddable":true,"href":"https:\/\/cheveuxluxe.com\/index.php\/wp-json\/wp\/v2\/media\/21735"}],"wp:attachment":[{"href":"https:\/\/cheveuxluxe.com\/index.php\/wp-json\/wp\/v2\/media?parent=29070"}],"wp:term":[{"taxonomy":"pwb-brand","embeddable":true,"href":"https:\/\/cheveuxluxe.com\/index.php\/wp-json\/wp\/v2\/pwb-brand?post=29070"},{"taxonomy":"product_cat","embeddable":true,"href":"https:\/\/cheveuxluxe.com\/index.php\/wp-json\/wp\/v2\/product_cat?post=29070"},{"taxonomy":"product_tag","embeddable":true,"href":"https:\/\/cheveuxluxe.com\/index.php\/wp-json\/wp\/v2\/product_tag?post=29070"}],"curies":[{"name":"wp","href":"https:\/\/api.w.org\/{rel}","templated":true}]}}