{"id":29086,"date":"2024-04-09T21:53:03","date_gmt":"2024-04-09T21:53:03","guid":{"rendered":"https:\/\/cheveuxluxe.com\/index.php\/product\/schwarzkopf-professional-bonacure-r-two-shampooing-reconstructeur\/"},"modified":"2024-04-13T14:14:13","modified_gmt":"2024-04-13T14:14:13","slug":"schwarzkopf-professional-bonacure-r-two-shampooing-reconstructeur","status":"publish","type":"product","link":"https:\/\/cheveuxluxe.com\/index.php\/product\/schwarzkopf-professional-bonacure-r-two-shampooing-reconstructeur\/","title":{"rendered":"Schwarzkopf Professional Bonacure R-Two Shampooing Reconstructeur"},"content":{"rendered":"<div class=\"product-content_bottom\">\n<div class=\"pdp-info\">\n<div class=\"pdp-tabs tab-container\">\n<div class=\"tab js-tab\">\n<h3 class=\"tab-title pdp-tabs_title js-tab-mobile-title open\"><span>Points cl\u00e9s<\/span><\/h3>\n<div class=\"tab-description pdp-tabs_description js-tab-description open\" itemprop=\"description\">\n<ul>\n<li>Un shampooing doux<\/li>\n<li>Sans Sodium Laureth Sulfate, Sodium Lauryl Sulfate, silicones ni colorants artificiels<\/li>\n<li>Sans ingr\u00e9dients d&rsquo;origine animale<\/li>\n<\/ul>\n<\/div>\n<\/div>\n<div class=\"tab js-tab\">\n<h3 class=\"tab-title pdp-tabs_title js-tab-mobile-title\"><span>Description<\/span><\/h3>\n<div class=\"tab-description pdp-tabs_description js-tab-description\" itemprop=\"description\">Le Shampooing Reconstructeur BC Bonacure R-TWO, \u00e0 la fois doux et fortifiant, nettoie d\u00e9licatement et restaure les cheveux extr\u00eamement ab\u00eem\u00e9s qui ont \u00e9t\u00e9 surtrait\u00e9s chimiquement et physiquement, en contribuant activement au processus de r\u00e9paration. Le shampooing au pH optimis\u00e9 neutralise le niveau de pH des cheveux apr\u00e8s des interventions chimiques, minimisant l&rsquo;inflammation de la cuticule durant le lavage. Sans Sodium Laureth Sulfate ni Sodium Lauryl Sulfate, silicones ni colorants artificiels. Sans ingr\u00e9dients d&rsquo;origine animale.<\/div>\n<\/div>\n<div class=\"tab js-tab\">\n<h3 class=\"tab-title pdp-tabs_title js-tab-mobile-title\"><span>Mode d&#8217;emploi<\/span><\/h3>\n<div class=\"tab-description pdp-tabs_description js-tab-description\">Appliquez sur cheveux mouill\u00e9s. Lavez et rincez soigneusement.<\/div>\n<\/div>\n<div class=\"tab js-tab\">\n<h3 class=\"tab-title pdp-tabs_title js-tab-mobile-title\"><span>Ingr\u00e9dients<\/span><\/h3>\n<div class=\"tab-description pdp-tabs_description js-tab-description\">Aqua (Water, Eau), Cocamidopropyl Betaine, Sodium Methyl Cocoyl Taurate, Coco-Glucoside, Sodium Chloride, Sodium Methyl 2-Sulfolaurate, Hydroxypropylgluconamide, Soy Amino Acids, Wheat Amino Acids, Serine, Threonine, Arginine HCl, Hydroxypropyl Guar Hydroxypropyltrimonium Chloride, Hydroxypropylammonium Gluconate, Citric Acid, Caprylyl\/Capryl Glucoside, Parfum (Fragrance), Sodium Benzoate, Disodium 2-Sulfolaurate, Coconut Acid, Sodium Sulfate, C12-18 Fatty Acids Methyl Esters, Linalool, Guar Hydroxypropyltrimonium Chloride, PEG-120 Methyl Glucose Dioleate, Cocamidopropyl Dimethylamine, Sodium Glycolate, Sodium Hydroxide, Propylene Glycol, Benzyl Alcohol, Potassium Sorbate<\/div>\n<\/div>\n<div class=\"tab js-tab\">\n<h3 class=\"tab-title pdp-tabs_title js-tab-mobile-title\"><span>Livraison et stock<\/span><\/h3>\n<div class=\"tab-description pdp-tabs_description js-tab-description\">\n<div class=\"pdp-delivery_info\">\n<div class=\"content-asset\">Livraison et d\u00e9laisRetours et remboursements<\/div>\n<\/div>\n<\/div>\n<\/div>\n<div class=\"tab js-tab\">\n<h3 class=\"tab-title pdp-tabs_title js-tab-mobile-title\"><span>Pr\u00e9cautions d&#8217;emploi<\/span><\/h3>\n<div class=\"tab-description pdp-tabs_description js-tab-description\">Eviter le contact avec les yeux. En cas de contact avec les yeux, rincez abondamment avec de l\u2019eau. Gardez hors de port\u00e9e des enfants.<\/div>\n<\/div>\n<\/div>\n<\/div>\n<\/div>\n","protected":false},"excerpt":{"rendered":"<p>Points cl\u00e9s Un shampooing doux Sans Sodium Laureth Sulfate, Sodium Lauryl Sulfate, silicones ni colorants&hellip;<\/p>\n","protected":false},"featured_media":29078,"comment_status":"open","ping_status":"closed","template":"","meta":[],"pwb-brand":[646],"product_cat":[600],"product_tag":[144,319,127],"class_list":{"0":"post-29086","1":"product","2":"type-product","3":"status-publish","4":"has-post-thumbnail","6":"pwb-brand-schwarzkopf-professional","7":"product_cat-lissage-et-keratine","8":"product_tag-lissage-et-keratine","9":"product_tag-schwarzkopf-professional","10":"product_tag-shampooing-et-coiffure","12":"first","13":"instock","14":"taxable","15":"shipping-taxable","16":"purchasable","17":"product-type-simple","18":"layout-style-3","19":"col-md-4 col-sm-4 col-xs-6","20":"col-lg-3","21":"product-has-gallery","22":"product-style-default"},"aioseo_notices":[],"brands":[{"id":646,"name":"Schwarzkopf Professional","slug":"schwarzkopf-professional"}],"_links":{"self":[{"href":"https:\/\/cheveuxluxe.com\/index.php\/wp-json\/wp\/v2\/product\/29086","targetHints":{"allow":["GET"]}}],"collection":[{"href":"https:\/\/cheveuxluxe.com\/index.php\/wp-json\/wp\/v2\/product"}],"about":[{"href":"https:\/\/cheveuxluxe.com\/index.php\/wp-json\/wp\/v2\/types\/product"}],"replies":[{"embeddable":true,"href":"https:\/\/cheveuxluxe.com\/index.php\/wp-json\/wp\/v2\/comments?post=29086"}],"version-history":[{"count":0,"href":"https:\/\/cheveuxluxe.com\/index.php\/wp-json\/wp\/v2\/product\/29086\/revisions"}],"wp:featuredmedia":[{"embeddable":true,"href":"https:\/\/cheveuxluxe.com\/index.php\/wp-json\/wp\/v2\/media\/29078"}],"wp:attachment":[{"href":"https:\/\/cheveuxluxe.com\/index.php\/wp-json\/wp\/v2\/media?parent=29086"}],"wp:term":[{"taxonomy":"pwb-brand","embeddable":true,"href":"https:\/\/cheveuxluxe.com\/index.php\/wp-json\/wp\/v2\/pwb-brand?post=29086"},{"taxonomy":"product_cat","embeddable":true,"href":"https:\/\/cheveuxluxe.com\/index.php\/wp-json\/wp\/v2\/product_cat?post=29086"},{"taxonomy":"product_tag","embeddable":true,"href":"https:\/\/cheveuxluxe.com\/index.php\/wp-json\/wp\/v2\/product_tag?post=29086"}],"curies":[{"name":"wp","href":"https:\/\/api.w.org\/{rel}","templated":true}]}}