{"id":29096,"date":"2024-04-09T21:53:22","date_gmt":"2024-04-09T21:53:22","guid":{"rendered":"https:\/\/cheveuxluxe.com\/index.php\/product\/schwarzkopf-professional-bonacure-scalp-shampooing-activateur-250-ml\/"},"modified":"2024-04-13T13:55:31","modified_gmt":"2024-04-13T13:55:31","slug":"schwarzkopf-professional-bonacure-scalp-shampooing-activateur-250-ml","status":"publish","type":"product","link":"https:\/\/cheveuxluxe.com\/index.php\/product\/schwarzkopf-professional-bonacure-scalp-shampooing-activateur-250-ml\/","title":{"rendered":"Schwarzkopf Professional Bonacure Scalp Shampooing Activateur 250 ml"},"content":{"rendered":"<div class=\"product-content_bottom\">\n<div class=\"pdp-info\">\n<div class=\"pdp-tabs tab-container\">\n<div class=\"tab js-tab\">\n<h3 class=\"tab-title pdp-tabs_title js-tab-mobile-title open\"><span>Points cl\u00e9s<\/span><\/h3>\n<div class=\"tab-description pdp-tabs_description js-tab-description open\" itemprop=\"description\">\n<ul>\n<li>Lave en douceur mais efficacement les cheveux et stimule les racines<\/li>\n<li>Stimule la micro-circulation** sanguine du cuir chevelu pour r\u00e9duire la perte de cheveux non-pathologique apr\u00e8s 6 semaines<\/li>\n<li>Renforce les cheveux jusqu&rsquo;\u00e0 40%, am\u00e9liorant la qualit\u00e9 des cheveux<\/li>\n<li>Nourrit les cheveux, les rendant souples et soyeux<\/li>\n<li> R\u00e9\u00e9quilibre le cuir chevelu et garantit une qualit\u00e9 de cheveux optimale<\/li>\n<\/ul>\n<\/div>\n<\/div>\n<div class=\"tab js-tab\">\n<h3 class=\"tab-title pdp-tabs_title js-tab-mobile-title\"><span>Description<\/span><\/h3>\n<div class=\"tab-description pdp-tabs_description js-tab-description\" itemprop=\"description\">Sp\u00e9cialement formul\u00e9 pour les cheveux fragiles et clairsem\u00e9s, BC Bonacure Shampooing Activateur lave en douceur, stimule les racines* et le cuir chevelu pour r\u00e9duire la perte de cheveux non-pathologique** tout en renfor\u00e7ant jusqu\u2019\u00e0 40% les cheveux. La formule v\u00e9gane****, sans silicone nicolorants artificiels*** et au pH neutre, contient un complexe de super-aliments au Guarana et \u00e0 la Biotine. Le cuir chevelu est r\u00e9\u00e9quilibr\u00e9et la qualit\u00e9 future des cheveux garantit. Peut \u00eatre utilis\u00e9 quotidiennement<\/div>\n<\/div>\n<div class=\"tab js-tab\">\n<h3 class=\"tab-title pdp-tabs_title js-tab-mobile-title\"><span>Mode d&#8217;emploi<\/span><\/h3>\n<div class=\"tab-description pdp-tabs_description js-tab-description\">Appliquer le Shampooing Activateur sur cheveux humides, masser jusqu&rsquo;\u00e0 2 minutes et rincer<\/div>\n<\/div>\n<div class=\"tab js-tab\">\n<h3 class=\"tab-title pdp-tabs_title js-tab-mobile-title\"><span>Ingr\u00e9dients<\/span><\/h3>\n<div class=\"tab-description pdp-tabs_description js-tab-description\">Aqua (Water, Eau), Cocamidopropyl Betaine, Sodium Methyl Cocoyl Taurate, Coco-Glucoside, Carnitine, Sodium Methyl 2-Sulfolaurate, Taurine, Biotin, Paullinia Cupana Seed Extract, Echinacea Purpurea Extract, Sodium Chloride, Citric Acid, Caprylyl\/Capryl Glucoside, Parfum (Fragrance), Tartaric Acid, Sodium Benzoate, Disodium 2-Sulfolaurate, Coconut Acid, Propylene Glycol, Panthenol, Guar Hydroxypropyltrimonium Chloride, Sodium Sulfate, Glycerin, Cocamidopropyl Dimethylamine, PEG-120 Methyl Glucose Dioleate, Limonene, Sodium Glycolate, Citronellol, Sodium Hydroxide, Sorbitol, Hydrolyzed Rice Extract, Benzyl Alcohol, Phenoxyethanol, Hydrolyzed Soybean Extract<\/div>\n<\/div>\n<div class=\"tab js-tab\">\n<h3 class=\"tab-title pdp-tabs_title js-tab-mobile-title\"><span>Livraison et stock<\/span><\/h3>\n<div class=\"tab-description pdp-tabs_description js-tab-description\">\n<div class=\"pdp-delivery_info\">\n<div class=\"content-asset\">Livraison et d\u00e9laisRetours et remboursements<\/div>\n<\/div>\n<\/div>\n<\/div>\n<div class=\"tab js-tab\">\n<h3 class=\"tab-title pdp-tabs_title js-tab-mobile-title\"><span>Pr\u00e9cautions d&#8217;emploi<\/span><\/h3>\n<div class=\"tab-description pdp-tabs_description js-tab-description\">\u00c9viter le contact avec les yeux. En cas de contact, laver imm\u00e9diatement et abondamment avec de l&rsquo;eau. Garder hors de port\u00e9e des enfants<\/div>\n<\/div>\n<\/div>\n<\/div>\n<\/div>\n","protected":false},"excerpt":{"rendered":"<p>Points cl\u00e9s Lave en douceur mais efficacement les cheveux et stimule les racines Stimule la&hellip;<\/p>\n","protected":false},"featured_media":29091,"comment_status":"open","ping_status":"closed","template":"","meta":[],"pwb-brand":[646],"product_cat":[573],"product_tag":[319,134,127],"class_list":{"0":"post-29096","1":"product","2":"type-product","3":"status-publish","4":"has-post-thumbnail","6":"pwb-brand-schwarzkopf-professional","7":"product_cat-shampooing","8":"product_tag-schwarzkopf-professional","9":"product_tag-shampooing","10":"product_tag-shampooing-et-coiffure","12":"first","13":"instock","14":"taxable","15":"shipping-taxable","16":"purchasable","17":"product-type-simple","18":"layout-style-3","19":"col-md-4 col-sm-4 col-xs-6","20":"col-lg-3","21":"product-has-gallery","22":"product-style-default"},"aioseo_notices":[],"brands":[{"id":646,"name":"Schwarzkopf Professional","slug":"schwarzkopf-professional"}],"_links":{"self":[{"href":"https:\/\/cheveuxluxe.com\/index.php\/wp-json\/wp\/v2\/product\/29096","targetHints":{"allow":["GET"]}}],"collection":[{"href":"https:\/\/cheveuxluxe.com\/index.php\/wp-json\/wp\/v2\/product"}],"about":[{"href":"https:\/\/cheveuxluxe.com\/index.php\/wp-json\/wp\/v2\/types\/product"}],"replies":[{"embeddable":true,"href":"https:\/\/cheveuxluxe.com\/index.php\/wp-json\/wp\/v2\/comments?post=29096"}],"version-history":[{"count":0,"href":"https:\/\/cheveuxluxe.com\/index.php\/wp-json\/wp\/v2\/product\/29096\/revisions"}],"wp:featuredmedia":[{"embeddable":true,"href":"https:\/\/cheveuxluxe.com\/index.php\/wp-json\/wp\/v2\/media\/29091"}],"wp:attachment":[{"href":"https:\/\/cheveuxluxe.com\/index.php\/wp-json\/wp\/v2\/media?parent=29096"}],"wp:term":[{"taxonomy":"pwb-brand","embeddable":true,"href":"https:\/\/cheveuxluxe.com\/index.php\/wp-json\/wp\/v2\/pwb-brand?post=29096"},{"taxonomy":"product_cat","embeddable":true,"href":"https:\/\/cheveuxluxe.com\/index.php\/wp-json\/wp\/v2\/product_cat?post=29096"},{"taxonomy":"product_tag","embeddable":true,"href":"https:\/\/cheveuxluxe.com\/index.php\/wp-json\/wp\/v2\/product_tag?post=29096"}],"curies":[{"name":"wp","href":"https:\/\/api.w.org\/{rel}","templated":true}]}}