{"id":29102,"date":"2024-04-09T21:53:33","date_gmt":"2024-04-09T21:53:33","guid":{"rendered":"https:\/\/cheveuxluxe.com\/index.php\/product\/schwarzkopf-professional-bonacure-frizz-away-shampooing-250ml\/"},"modified":"2024-04-13T14:26:27","modified_gmt":"2024-04-13T14:26:27","slug":"schwarzkopf-professional-bonacure-frizz-away-shampooing-250ml","status":"publish","type":"product","link":"https:\/\/cheveuxluxe.com\/index.php\/product\/schwarzkopf-professional-bonacure-frizz-away-shampooing-250ml\/","title":{"rendered":"Schwarzkopf Professional Bonacure Frizz Away Shampooing 250ml"},"content":{"rendered":"<div class=\"product-content_bottom\">\n<div class=\"pdp-info\">\n<div class=\"pdp-tabs tab-container\">\n<div class=\"tab js-tab\">\n<h3 class=\"tab-title pdp-tabs_title js-tab-mobile-title open\"><span>Points cl\u00e9s<\/span><\/h3>\n<div class=\"tab-description pdp-tabs_description js-tab-description open\" itemprop=\"description\">\n<ul>\n<li>Shampooing v\u00e9gan disciplinant pour les cheveux rebelles, \u00e9pais ou fris\u00e9s<\/li>\n<li>Sans ingr\u00e9dients d&rsquo;origine animale ni tensioactifs sulfat\u00e9s SLS\/SLES &#8211; Sodium Lauryl Sulphate et Sodium Laureth Sulphate<\/li>\n<\/ul>\n<\/div>\n<\/div>\n<div class=\"tab js-tab\">\n<h3 class=\"tab-title pdp-tabs_title js-tab-mobile-title\"><span>Description<\/span><\/h3>\n<div class=\"tab-description pdp-tabs_description js-tab-description\" itemprop=\"description\">\u00ab\u00a0Shampooing disciplinant de BC Bonacure Frizz Away, sp\u00e9cialement formul\u00e9 pour laver en douceur les cheveux rebelles, \u00e9pais et fris\u00e9s. Il offre \u00e0 tous les types de cheveux un contr\u00f4le des frisottis longue dur\u00e9e, pour des cheveux lisses et brillants. Sans tensioactifs sulfat\u00e9s SLS\/SLES*, sans silicones et sans colorants artificiels.*SLS\/SLES &#8211; Sodium Lauryl Sulphate et Sodium Laureth SulphateProduit capillaire v\u00e9gan**.\u00a0\u00bb<\/div>\n<\/div>\n<div class=\"tab js-tab\">\n<h3 class=\"tab-title pdp-tabs_title js-tab-mobile-title\"><span>Mode d&#8217;emploi<\/span><\/h3>\n<div class=\"tab-description pdp-tabs_description js-tab-description\">Appliquez le shampooing anti-frisottis sur cheveux mouill\u00e9s. Emulsionnez et rincez abondamment.<\/div>\n<\/div>\n<div class=\"tab js-tab\">\n<h3 class=\"tab-title pdp-tabs_title js-tab-mobile-title\"><span>Ingr\u00e9dients<\/span><\/h3>\n<div class=\"tab-description pdp-tabs_description js-tab-description\">Aqua,Cocamidopropyl Betaine,Sodium Methyl Cocoyl Taurate,Coco-Glucoside,Sodium Chloride,Sodium Methyl 2-Sulfolaurate,PEG-120 Methyl Glucose Dioleate,Cannabis Sativa Seed Oil,Cannabis Sativa Seed Extract,Hydrolyzed Rice Protein,PEG-7 Glyceryl Cocoate,Caprylyl\/Capryl Glucoside,Citric Acid,Parfum,Sodium Benzoate,PEG-40 Hydrogenated Castor Oil,Disodium 2-Sulfolaurate,Guar Hydroxypropyltrimonium Chloride,Coconut Acid,Hydrogenated Castor Oil Sodium Sulfate,Glycerin,C12-18 Fatty Acids Methyl Esters,Linalool.Citronellol,Alpha-Isomethyl Ionone,Propylene Glycol,Sodium Hydroxide,Potassium Sorbate,Benzyl Alcohol.<\/div>\n<\/div>\n<div class=\"tab js-tab\">\n<h3 class=\"tab-title pdp-tabs_title js-tab-mobile-title\"><span>Livraison et stock<\/span><\/h3>\n<div class=\"tab-description pdp-tabs_description js-tab-description\">\n<div class=\"pdp-delivery_info\">\n<div class=\"content-asset\">Livraison et d\u00e9laisRetours et remboursements<\/div>\n<\/div>\n<\/div>\n<\/div>\n<div class=\"tab js-tab\">\n<h3 class=\"tab-title pdp-tabs_title js-tab-mobile-title\"><span>Pr\u00e9cautions d&#8217;emploi<\/span><\/h3>\n<div class=\"tab-description pdp-tabs_description js-tab-description\">\u00c9viter le contact avec les yeux. Rincer imm\u00e9diatement si le produit entre en contact avec les yeux. Tenir hors de port\u00e9e des enfants.<\/div>\n<\/div>\n<\/div>\n<\/div>\n<\/div>\n","protected":false},"excerpt":{"rendered":"<p>Points cl\u00e9s Shampooing v\u00e9gan disciplinant pour les cheveux rebelles, \u00e9pais ou fris\u00e9s Sans ingr\u00e9dients d&rsquo;origine&hellip;<\/p>\n","protected":false},"featured_media":29100,"comment_status":"open","ping_status":"closed","template":"","meta":[],"pwb-brand":[646],"product_cat":[617],"product_tag":[274,319,273],"class_list":{"0":"post-29102","1":"product","2":"type-product","3":"status-publish","4":"has-post-thumbnail","6":"pwb-brand-schwarzkopf-professional","7":"product_cat-coiffure","8":"product_tag-coiffure","9":"product_tag-schwarzkopf-professional","10":"product_tag-vegan","12":"first","13":"instock","14":"taxable","15":"shipping-taxable","16":"purchasable","17":"product-type-simple","18":"layout-style-3","19":"col-md-4 col-sm-4 col-xs-6","20":"col-lg-3","21":"product-has-gallery","22":"product-style-default"},"aioseo_notices":[],"brands":[{"id":646,"name":"Schwarzkopf Professional","slug":"schwarzkopf-professional"}],"_links":{"self":[{"href":"https:\/\/cheveuxluxe.com\/index.php\/wp-json\/wp\/v2\/product\/29102","targetHints":{"allow":["GET"]}}],"collection":[{"href":"https:\/\/cheveuxluxe.com\/index.php\/wp-json\/wp\/v2\/product"}],"about":[{"href":"https:\/\/cheveuxluxe.com\/index.php\/wp-json\/wp\/v2\/types\/product"}],"replies":[{"embeddable":true,"href":"https:\/\/cheveuxluxe.com\/index.php\/wp-json\/wp\/v2\/comments?post=29102"}],"version-history":[{"count":0,"href":"https:\/\/cheveuxluxe.com\/index.php\/wp-json\/wp\/v2\/product\/29102\/revisions"}],"wp:featuredmedia":[{"embeddable":true,"href":"https:\/\/cheveuxluxe.com\/index.php\/wp-json\/wp\/v2\/media\/29100"}],"wp:attachment":[{"href":"https:\/\/cheveuxluxe.com\/index.php\/wp-json\/wp\/v2\/media?parent=29102"}],"wp:term":[{"taxonomy":"pwb-brand","embeddable":true,"href":"https:\/\/cheveuxluxe.com\/index.php\/wp-json\/wp\/v2\/pwb-brand?post=29102"},{"taxonomy":"product_cat","embeddable":true,"href":"https:\/\/cheveuxluxe.com\/index.php\/wp-json\/wp\/v2\/product_cat?post=29102"},{"taxonomy":"product_tag","embeddable":true,"href":"https:\/\/cheveuxluxe.com\/index.php\/wp-json\/wp\/v2\/product_tag?post=29102"}],"curies":[{"name":"wp","href":"https:\/\/api.w.org\/{rel}","templated":true}]}}