{"id":29109,"date":"2024-04-09T21:53:46","date_gmt":"2024-04-09T21:53:46","guid":{"rendered":"https:\/\/cheveuxluxe.com\/index.php\/product\/schwarzkopf-shampooing-goodbye-yellow-1l\/"},"modified":"2024-04-13T16:02:13","modified_gmt":"2024-04-13T16:02:13","slug":"schwarzkopf-shampooing-goodbye-yellow-1l","status":"publish","type":"product","link":"https:\/\/cheveuxluxe.com\/index.php\/product\/schwarzkopf-shampooing-goodbye-yellow-1l\/","title":{"rendered":"Schwarzkopf Shampooing Goodbye Yellow 1L"},"content":{"rendered":"<div class=\"product-content_bottom\">\n<div class=\"pdp-info\">\n<div class=\"pdp-tabs tab-container\">\n<div class=\"tab js-tab\">\n<h3 class=\"tab-title pdp-tabs_title js-tab-mobile-title open\"><span>Points cl\u00e9s<\/span><\/h3>\n<div class=\"tab-description pdp-tabs_description js-tab-description open\" itemprop=\"description\">\n<ul>\n<li>Shampooing Neutralisant<\/li>\n<li>pH 4.5<\/li>\n<li>Anti-reflet jaune<\/li>\n<li>Vegan<\/li>\n<\/ul>\n<\/div>\n<\/div>\n<div class=\"tab js-tab\">\n<h3 class=\"tab-title pdp-tabs_title js-tab-mobile-title\"><span>Description<\/span><\/h3>\n<div class=\"tab-description pdp-tabs_description js-tab-description\" itemprop=\"description\">Technologie Renfor\u00e7atrice de Liaisons int\u00e9gr\u00e9e \u2013 Un shampooing hautement pigment\u00e9 neutralisant les fonds d&rsquo;\u00e9claircissement jaunes ind\u00e9sir\u00e9s. Hauteur de ton : blond moyen \u00e0 blond clair. Nettoie en douceur les cheveux gr\u00e2ce \u00e0 sa Technologie Renfor\u00e7atrice de Liaisons. Formule V\u00e9gane.<\/div>\n<\/div>\n<div class=\"tab js-tab\">\n<h3 class=\"tab-title pdp-tabs_title js-tab-mobile-title\"><span>Mode d&#8217;emploi<\/span><\/h3>\n<div class=\"tab-description pdp-tabs_description js-tab-description\">Porter des gants appropri\u00e9s.<br \/>Prot\u00e9ger les v\u00eatements, le sol et la peau d&rsquo;\u00e9ventuelles taches de coloration et de d\u00e9coloration.<br \/>Appliquer comme un shampooing sur cheveux mouill\u00e9s et laisser poser jusqu&rsquo;\u00e0 5 minutes.<br \/>Rincer soigneusement.<br \/>Le r\u00e9sultat couleur et la tenue dans le temps peuvent varier en fonction de la qualit\u00e9 du cheveu et du temps de pose.<\/div>\n<\/div>\n<div class=\"tab js-tab\">\n<h3 class=\"tab-title pdp-tabs_title js-tab-mobile-title\"><span>Ingr\u00e9dients<\/span><\/h3>\n<div class=\"tab-description pdp-tabs_description js-tab-description\">Aqua (Water, Eau)*Cocamidopropyl Betaine*Sodium Methyl Cocoyl Taurate*Coco-Glucoside*Sodium Chloride*Sodium C14-16 Olefin Sulfonate*PEG-120 Methyl Glucose Dioleate*Sclerocarya Birrea Seed Oil*Panthenol*Polyquaternium-10*Parfum (Fragrance)*PEG-7 Glyceryl Cocoate*Caprylyl\/Capryl Glucoside*Citric Acid*Sodium Benzoate*PEG-40 Hydrogenated Castor Oil*Glycol Distearate*Coconut Acid*Laureth-4*Hydrogenated Castor Oil*Magnesium Citrate*Succinic Acid*Acid Violet 43*HC Blue No. 12*HC Blue No. 16*Lactic Acid*Propylene Glycol*Benzyl Alcohol<\/div>\n<\/div>\n<div class=\"tab js-tab\">\n<h3 class=\"tab-title pdp-tabs_title js-tab-mobile-title\"><span>Livraison et stock<\/span><\/h3>\n<div class=\"tab-description pdp-tabs_description js-tab-description\">\n<div class=\"pdp-delivery_info\">\n<div class=\"content-asset\">Livraison et d\u00e9laisRetours et remboursements<\/div>\n<\/div>\n<\/div>\n<\/div>\n<div class=\"tab js-tab\">\n<h3 class=\"tab-title pdp-tabs_title js-tab-mobile-title\"><span>Pr\u00e9cautions d&#8217;emploi<\/span><\/h3>\n<div class=\"tab-description pdp-tabs_description js-tab-description\">Les colorants capillaires peuvent provoquer des r\u00e9actions allergiques s\u00e9v\u00e8res. Lire et suivre les instructions. Ce produit n\u2019est pas destin\u00e9 \u00e0 \u00eatre utilis\u00e9 sur les personnes de moins de 16 ans. Les tatouages temporaires noirs \u00e0 base de henn\u00e9 peuvent augmenter le risque d\u2019allergie. Ne vous colorez pas les cheveux si : \u2013 vous pr\u00e9sentez une \u00e9ruption cutan\u00e9e sur le visage ou si votre cuir chevelu est sensible, irrit\u00e9 ou ab\u00eem\u00e9, \u2013 vous avez d\u00e9j\u00e0 fait une r\u00e9action apr\u00e8s avoir color\u00e9 vos cheveux,\u2013 vous avez fait par le pass\u00e9 une r\u00e9action \u00e0 un tatouage temporaire noir \u00e0 base de henn\u00e9. Ne pas employer pour la coloration des cils et des sourcils. Bien rincer les cheveux apr\u00e8s application. Garder hors de la port\u00e9e des enfants.<\/div>\n<\/div>\n<\/div>\n<\/div>\n<\/div>\n","protected":false},"excerpt":{"rendered":"<p>Points cl\u00e9s Shampooing Neutralisant pH 4.5 Anti-reflet jaune Vegan Description Technologie Renfor\u00e7atrice de Liaisons int\u00e9gr\u00e9e&hellip;<\/p>\n","protected":false},"featured_media":15468,"comment_status":"open","ping_status":"closed","template":"","meta":[],"pwb-brand":[646],"product_cat":[617],"product_tag":[274,319,273],"class_list":{"0":"post-29109","1":"product","2":"type-product","3":"status-publish","4":"has-post-thumbnail","6":"pwb-brand-schwarzkopf-professional","7":"product_cat-coiffure","8":"product_tag-coiffure","9":"product_tag-schwarzkopf-professional","10":"product_tag-vegan","12":"first","13":"instock","14":"taxable","15":"shipping-taxable","16":"purchasable","17":"product-type-simple","18":"layout-style-3","19":"col-md-4 col-sm-4 col-xs-6","20":"col-lg-3","21":"product-style-default"},"aioseo_notices":[],"brands":[{"id":646,"name":"Schwarzkopf Professional","slug":"schwarzkopf-professional"}],"_links":{"self":[{"href":"https:\/\/cheveuxluxe.com\/index.php\/wp-json\/wp\/v2\/product\/29109","targetHints":{"allow":["GET"]}}],"collection":[{"href":"https:\/\/cheveuxluxe.com\/index.php\/wp-json\/wp\/v2\/product"}],"about":[{"href":"https:\/\/cheveuxluxe.com\/index.php\/wp-json\/wp\/v2\/types\/product"}],"replies":[{"embeddable":true,"href":"https:\/\/cheveuxluxe.com\/index.php\/wp-json\/wp\/v2\/comments?post=29109"}],"version-history":[{"count":0,"href":"https:\/\/cheveuxluxe.com\/index.php\/wp-json\/wp\/v2\/product\/29109\/revisions"}],"wp:featuredmedia":[{"embeddable":true,"href":"https:\/\/cheveuxluxe.com\/index.php\/wp-json\/wp\/v2\/media\/15468"}],"wp:attachment":[{"href":"https:\/\/cheveuxluxe.com\/index.php\/wp-json\/wp\/v2\/media?parent=29109"}],"wp:term":[{"taxonomy":"pwb-brand","embeddable":true,"href":"https:\/\/cheveuxluxe.com\/index.php\/wp-json\/wp\/v2\/pwb-brand?post=29109"},{"taxonomy":"product_cat","embeddable":true,"href":"https:\/\/cheveuxluxe.com\/index.php\/wp-json\/wp\/v2\/product_cat?post=29109"},{"taxonomy":"product_tag","embeddable":true,"href":"https:\/\/cheveuxluxe.com\/index.php\/wp-json\/wp\/v2\/product_tag?post=29109"}],"curies":[{"name":"wp","href":"https:\/\/api.w.org\/{rel}","templated":true}]}}