{"id":29110,"date":"2024-04-09T21:53:47","date_gmt":"2024-04-09T21:53:47","guid":{"rendered":"https:\/\/cheveuxluxe.com\/index.php\/product\/schwarzkopf-professional-blondme-cb-shampooing-neutre-300ml\/"},"modified":"2024-04-13T13:55:36","modified_gmt":"2024-04-13T13:55:36","slug":"schwarzkopf-professional-blondme-cb-shampooing-neutre-300ml","status":"publish","type":"product","link":"https:\/\/cheveuxluxe.com\/index.php\/product\/schwarzkopf-professional-blondme-cb-shampooing-neutre-300ml\/","title":{"rendered":"Schwarzkopf Professional BlondMe CB Shampooing Neutre 300ml"},"content":{"rendered":"<div class=\"product-content_bottom\">\n<div class=\"pdp-info\">\n<div class=\"pdp-tabs tab-container\">\n<div class=\"tab js-tab\">\n<h3 class=\"tab-title pdp-tabs_title js-tab-mobile-title open\"><span>Points cl\u00e9s<\/span><\/h3>\n<div class=\"tab-description pdp-tabs_description js-tab-description open\" itemprop=\"description\">\n<ul>\n<li>R\u00e9pare la structure interne des cheveux fragiles, \u00e9claircis et color\u00e9s sans les surcharger<\/li>\n<li>D\u00e9m\u00eale les cheveux poreux, ce qui les rend faciles \u00e0 peigner<\/li>\n<li>Fournit des pigments cool pour maintenir, rafra\u00eechir et enrichir les directions reflet blond<\/li>\n<li>Aide \u00e0 neutraliser tout blond qui a tendance \u00e0 se r\u00e9chauffer<\/li>\n<\/ul>\n<\/div>\n<\/div>\n<div class=\"tab js-tab\">\n<h3 class=\"tab-title pdp-tabs_title js-tab-mobile-title\"><span>Description<\/span><\/h3>\n<div class=\"tab-description pdp-tabs_description js-tab-description\" itemprop=\"description\">The BLONDME Cool Blondes Neutralizing Shampoo, avec la Technologie 3D de Cr\u00e9ation des Liens et le Complexe de Prot\u00e9ines \u00e0 base de fleur de velours, aide \u00e0 cr\u00e9er de nouveaux liens, \u00e0 \u00e9liminer les tons cuivr\u00e9s et \u00e0 neutraliser les sous-tons jaunes des cheveux blonds.<\/div>\n<\/div>\n<div class=\"tab js-tab\">\n<h3 class=\"tab-title pdp-tabs_title js-tab-mobile-title\"><span>Mode d&#8217;emploi<\/span><\/h3>\n<div class=\"tab-description pdp-tabs_description js-tab-description\">Faites p\u00e9n\u00e9trer sur cheveux mouill\u00e9s et laissez agir jusqu&rsquo;\u00e0 2 minutes.<br \/>Rincez abondamment.<\/div>\n<\/div>\n<div class=\"tab js-tab\">\n<h3 class=\"tab-title pdp-tabs_title js-tab-mobile-title\"><span>Ingr\u00e9dients<\/span><\/h3>\n<div class=\"tab-description pdp-tabs_description js-tab-description\">Aqua (Water, Eau)*Cocamidopropyl Betaine*Sodium Methyl Cocoyl Taurate*Coco-Glucoside*Sodium Chloride*Sodium C14-16 Olefin Sulfonate*PEG-120 Methyl Glucose Dioleate*PEG-7 Glyceryl Cocoate*Caprylyl\/Capryl Glucoside*Parfum (Fragrance)*Sodium Benzoate*PEG-40 Hydrogenated Castor Oil*Citric Acid*Polyquaternium-10*Coconut Acid*Hydrogenated Castor Oil*Panthenol*Acid Violet 43*Glycol Distearate*Glycerin*Glycine*Succinic Acid*Limonene*Laureth-4*Lanthanum Chloride*Linalool*Hydrolyzed Soy Protein*Linalyl Acetate*Magnesium Citrate*Benzoic Acid*Amaranthus Caudatus Seed Extract*Potassium Sorbate*Sorbic Acid<\/div>\n<\/div>\n<div class=\"tab js-tab\">\n<h3 class=\"tab-title pdp-tabs_title js-tab-mobile-title\"><span>Livraison et stock<\/span><\/h3>\n<div class=\"tab-description pdp-tabs_description js-tab-description\">\n<div class=\"pdp-delivery_info\">\n<div class=\"content-asset\">Livraison et d\u00e9laisRetours et remboursements<\/div>\n<\/div>\n<\/div>\n<\/div>\n<\/div>\n<\/div>\n<\/div>\n","protected":false},"excerpt":{"rendered":"<p>Points cl\u00e9s R\u00e9pare la structure interne des cheveux fragiles, \u00e9claircis et color\u00e9s sans les surcharger&hellip;<\/p>\n","protected":false},"featured_media":21771,"comment_status":"open","ping_status":"closed","template":"","meta":[],"pwb-brand":[646],"product_cat":[573],"product_tag":[319,134,127],"class_list":{"0":"post-29110","1":"product","2":"type-product","3":"status-publish","4":"has-post-thumbnail","6":"pwb-brand-schwarzkopf-professional","7":"product_cat-shampooing","8":"product_tag-schwarzkopf-professional","9":"product_tag-shampooing","10":"product_tag-shampooing-et-coiffure","12":"first","13":"instock","14":"taxable","15":"shipping-taxable","16":"purchasable","17":"product-type-simple","18":"layout-style-3","19":"col-md-4 col-sm-4 col-xs-6","20":"col-lg-3","21":"product-has-gallery","22":"product-style-default"},"aioseo_notices":[],"brands":[{"id":646,"name":"Schwarzkopf Professional","slug":"schwarzkopf-professional"}],"_links":{"self":[{"href":"https:\/\/cheveuxluxe.com\/index.php\/wp-json\/wp\/v2\/product\/29110","targetHints":{"allow":["GET"]}}],"collection":[{"href":"https:\/\/cheveuxluxe.com\/index.php\/wp-json\/wp\/v2\/product"}],"about":[{"href":"https:\/\/cheveuxluxe.com\/index.php\/wp-json\/wp\/v2\/types\/product"}],"replies":[{"embeddable":true,"href":"https:\/\/cheveuxluxe.com\/index.php\/wp-json\/wp\/v2\/comments?post=29110"}],"version-history":[{"count":0,"href":"https:\/\/cheveuxluxe.com\/index.php\/wp-json\/wp\/v2\/product\/29110\/revisions"}],"wp:featuredmedia":[{"embeddable":true,"href":"https:\/\/cheveuxluxe.com\/index.php\/wp-json\/wp\/v2\/media\/21771"}],"wp:attachment":[{"href":"https:\/\/cheveuxluxe.com\/index.php\/wp-json\/wp\/v2\/media?parent=29110"}],"wp:term":[{"taxonomy":"pwb-brand","embeddable":true,"href":"https:\/\/cheveuxluxe.com\/index.php\/wp-json\/wp\/v2\/pwb-brand?post=29110"},{"taxonomy":"product_cat","embeddable":true,"href":"https:\/\/cheveuxluxe.com\/index.php\/wp-json\/wp\/v2\/product_cat?post=29110"},{"taxonomy":"product_tag","embeddable":true,"href":"https:\/\/cheveuxluxe.com\/index.php\/wp-json\/wp\/v2\/product_tag?post=29110"}],"curies":[{"name":"wp","href":"https:\/\/api.w.org\/{rel}","templated":true}]}}