{"id":29113,"date":"2024-04-09T21:53:52","date_gmt":"2024-04-09T21:53:52","guid":{"rendered":"https:\/\/cheveuxluxe.com\/index.php\/product\/schwarzkopf-professional-bonacure-clean-balance-shampooing-purifiant\/"},"modified":"2024-04-13T14:25:10","modified_gmt":"2024-04-13T14:25:10","slug":"schwarzkopf-professional-bonacure-clean-balance-shampooing-purifiant","status":"publish","type":"product","link":"https:\/\/cheveuxluxe.com\/index.php\/product\/schwarzkopf-professional-bonacure-clean-balance-shampooing-purifiant\/","title":{"rendered":"Schwarzkopf Professional Bonacure Clean Balance Shampooing Purifiant"},"content":{"rendered":"<div class=\"product-content_bottom\">\n<div class=\"pdp-info\">\n<div class=\"pdp-tabs tab-container\">\n<div class=\"tab js-tab\">\n<h3 class=\"tab-title pdp-tabs_title js-tab-mobile-title open\"><span>Points cl\u00e9s<\/span><\/h3>\n<div class=\"tab-description pdp-tabs_description js-tab-description open\" itemprop=\"description\">\n<ul>\n<li>Nettoie en douceur mais en profondeur les cheveux et le cuir chevelu<\/li>\n<li>\u00c9limine efficacement les impuret\u00e9s et l&rsquo;accumulation de produits<\/li>\n<li>Peut \u00e9galement \u00eatre utilis\u00e9 dans le cadre de la pr\u00e9paration des cheveux aux traitements chimiques<\/li>\n<li>Formule v\u00e9gane*<\/li>\n<\/ul>\n<\/div>\n<\/div>\n<div class=\"tab js-tab\">\n<h3 class=\"tab-title pdp-tabs_title js-tab-mobile-title\"><span>Description<\/span><\/h3>\n<div class=\"tab-description pdp-tabs_description js-tab-description\" itemprop=\"description\">Exempt de sulfates SLS\/SLES*, de silicones et de colorants artificiels, ce shampooing nettoyant en profondeur de Bonacure Clean Balance est sp\u00e9cialement formul\u00e9 pour tous les types de cheveux. Les accumulations de produits, les r\u00e9sidus et les polluants sont \u00e9limin\u00e9s, laissant les cheveux frais et sains.<\/p>\n<p>Produit capillaire vegan**<\/p><\/div>\n<\/div>\n<div class=\"tab js-tab\">\n<h3 class=\"tab-title pdp-tabs_title js-tab-mobile-title\"><span>Mode d&#8217;emploi<\/span><\/h3>\n<div class=\"tab-description pdp-tabs_description js-tab-description\">Utilisez ce nettoyant pour cheveux une fois par semaine. Appliquer une petite quantit\u00e9 et r\u00e9partir uniform\u00e9ment sur les cheveux humides. Rincez abondamment. R\u00e9p\u00e9tez l&rsquo;op\u00e9ration si n\u00e9cessaire.<\/div>\n<\/div>\n<div class=\"tab js-tab\">\n<h3 class=\"tab-title pdp-tabs_title js-tab-mobile-title\"><span>Ingr\u00e9dients<\/span><\/h3>\n<div class=\"tab-description pdp-tabs_description js-tab-description\">Aqua (Water, Eau) Cocamidopropyl Betaine Lauryl Glucoside Sodium Lauroyl Methyl Isethionate Sodium Methyl Cocoyl Taurate Sodium Chloride Sodium Methyl 2-Sulfolaurate Tocopheryl Acetate Soy Amino Acids Wheat Amino Acids Serine Threonine Arginine HCl Parfum (Fragrance) Sodium Benzoate Disodium 2-Sulfolaurate Citric Acid Sodium Methyl Isethionate Phenoxyethanol Lauric Acid Coconut Acid Sodium Sulfate C12-18 Fatty Acids Methyl Esters Zinc Laurate Trisodium Ethylenediamine Disuccinate Sodium Laurate Linalool Hydroxypropyl Guar Hydroxypropyltrimonium Chloride Alpha-Isomethyl Ionone Propylene Glycol PEG-120 Methyl Glucose Dioleate Menthol Benzyl Alcohol Sodium Hydroxide Potassium Sorbate<\/div>\n<\/div>\n<div class=\"tab js-tab\">\n<h3 class=\"tab-title pdp-tabs_title js-tab-mobile-title\"><span>Livraison et stock<\/span><\/h3>\n<div class=\"tab-description pdp-tabs_description js-tab-description\">\n<div class=\"pdp-delivery_info\">\n<div class=\"content-asset\">Livraison et d\u00e9laisRetours et remboursements<\/div>\n<\/div>\n<\/div>\n<\/div>\n<div class=\"tab js-tab\">\n<h3 class=\"tab-title pdp-tabs_title js-tab-mobile-title\"><span>Pr\u00e9cautions d&#8217;emploi<\/span><\/h3>\n<div class=\"tab-description pdp-tabs_description js-tab-description\">\u00c9viter le contact avec les yeux. Rincer imm\u00e9diatement si le produit entre en contact avec les yeux. Tenir hors de port\u00e9e des enfants.<\/div>\n<\/div>\n<\/div>\n<\/div>\n<\/div>\n","protected":false},"excerpt":{"rendered":"<p>Points cl\u00e9s Nettoie en douceur mais en profondeur les cheveux et le cuir chevelu \u00c9limine&hellip;<\/p>\n","protected":false},"featured_media":29111,"comment_status":"open","ping_status":"closed","template":"","meta":[],"pwb-brand":[646],"product_cat":[617],"product_tag":[274,319,273],"class_list":{"0":"post-29113","1":"product","2":"type-product","3":"status-publish","4":"has-post-thumbnail","6":"pwb-brand-schwarzkopf-professional","7":"product_cat-coiffure","8":"product_tag-coiffure","9":"product_tag-schwarzkopf-professional","10":"product_tag-vegan","12":"first","13":"instock","14":"taxable","15":"shipping-taxable","16":"purchasable","17":"product-type-simple","18":"layout-style-3","19":"col-md-4 col-sm-4 col-xs-6","20":"col-lg-3","21":"product-has-gallery","22":"product-style-default"},"aioseo_notices":[],"brands":[{"id":646,"name":"Schwarzkopf Professional","slug":"schwarzkopf-professional"}],"_links":{"self":[{"href":"https:\/\/cheveuxluxe.com\/index.php\/wp-json\/wp\/v2\/product\/29113","targetHints":{"allow":["GET"]}}],"collection":[{"href":"https:\/\/cheveuxluxe.com\/index.php\/wp-json\/wp\/v2\/product"}],"about":[{"href":"https:\/\/cheveuxluxe.com\/index.php\/wp-json\/wp\/v2\/types\/product"}],"replies":[{"embeddable":true,"href":"https:\/\/cheveuxluxe.com\/index.php\/wp-json\/wp\/v2\/comments?post=29113"}],"version-history":[{"count":0,"href":"https:\/\/cheveuxluxe.com\/index.php\/wp-json\/wp\/v2\/product\/29113\/revisions"}],"wp:featuredmedia":[{"embeddable":true,"href":"https:\/\/cheveuxluxe.com\/index.php\/wp-json\/wp\/v2\/media\/29111"}],"wp:attachment":[{"href":"https:\/\/cheveuxluxe.com\/index.php\/wp-json\/wp\/v2\/media?parent=29113"}],"wp:term":[{"taxonomy":"pwb-brand","embeddable":true,"href":"https:\/\/cheveuxluxe.com\/index.php\/wp-json\/wp\/v2\/pwb-brand?post=29113"},{"taxonomy":"product_cat","embeddable":true,"href":"https:\/\/cheveuxluxe.com\/index.php\/wp-json\/wp\/v2\/product_cat?post=29113"},{"taxonomy":"product_tag","embeddable":true,"href":"https:\/\/cheveuxluxe.com\/index.php\/wp-json\/wp\/v2\/product_tag?post=29113"}],"curies":[{"name":"wp","href":"https:\/\/api.w.org\/{rel}","templated":true}]}}