{"id":29114,"date":"2024-04-09T21:53:54","date_gmt":"2024-04-09T21:53:54","guid":{"rendered":"https:\/\/cheveuxluxe.com\/index.php\/product\/revlon-orofluido-shampooing-lumiere-argan\/"},"modified":"2024-04-13T14:25:24","modified_gmt":"2024-04-13T14:25:24","slug":"revlon-orofluido-shampooing-lumiere-argan","status":"publish","type":"product","link":"https:\/\/cheveuxluxe.com\/index.php\/product\/revlon-orofluido-shampooing-lumiere-argan\/","title":{"rendered":"Revlon Orofluido Shampooing Lumi\u00e8re Argan"},"content":{"rendered":"<div class=\"product-content_bottom\">\n<div class=\"pdp-info\">\n<div class=\"pdp-tabs tab-container\">\n<div class=\"tab js-tab\">\n<h3 class=\"tab-title pdp-tabs_title js-tab-mobile-title open\"><span>Points cl\u00e9s<\/span><\/h3>\n<div class=\"tab-description pdp-tabs_description js-tab-description open\" itemprop=\"description\">\n<ul>\n<li>Des cheveux \u00e0 l\u2019\u00e9clat longue dur\u00e9e<\/li>\n<li>Vegan<\/li>\n<li>Respecte les couleurs<\/li>\n<li>Aide \u00e0 conserver l\u2019hydratation naturelle du cuir chevelu<\/li>\n<li>Apporte brillance et douceur<\/li>\n<li>Le parfum de ce Shampooing Lumi\u00e8re Orofluido\u2122 \u00e9veille une sensation de bien-\u00eatre, favorise la relaxation, am\u00e9liore la confiance en soi et la positivit\u00e9<\/li>\n<\/ul>\n<\/div>\n<\/div>\n<div class=\"tab js-tab\">\n<h3 class=\"tab-title pdp-tabs_title js-tab-mobile-title\"><span>Description<\/span><\/h3>\n<div class=\"tab-description pdp-tabs_description js-tab-description\" itemprop=\"description\">Ce Shampooing Orofluido\u2122 infus\u00e9 \u00e0 l\u2019huile d\u2019argan hydrate et lisse les cheveux, pour un effet brillant aux senteurs d\u00e9licates de notre parfum signature. Pour tous les types de cheveux qui recherchent un \u00e9clat longue dur\u00e9e. Particuli\u00e8rement recommand\u00e9 pour les cheveux secs et\/ou ab\u00eem\u00e9s.<\/p>\n<p>Formule vegan.<\/p><\/div>\n<\/div>\n<div class=\"tab js-tab\">\n<h3 class=\"tab-title pdp-tabs_title js-tab-mobile-title\"><span>Mode d&#8217;emploi<\/span><\/h3>\n<div class=\"tab-description pdp-tabs_description js-tab-description\">Appliquez le Shampooing Orofluido\u2122 sur cheveux mouill\u00e9s, massez d\u00e9licatement puis rincez abondamment.<br \/>En compl\u00e9ment de ce shampooing infus\u00e9 \u00e0 l\u2019huile d\u2019argan, d\u00e9couvrez l\u2019int\u00e9gralit\u00e9 de la gamme Orofluido\u2122 pour profiter d\u2019un rituel d\u00e9tente ultime.<\/div>\n<\/div>\n<div class=\"tab js-tab\">\n<h3 class=\"tab-title pdp-tabs_title js-tab-mobile-title\"><span>Ingr\u00e9dients<\/span><\/h3>\n<div class=\"tab-description pdp-tabs_description js-tab-description\">Aqua\/Water\/Eau, Sodium Laureth Sulfate, Cocamidopropyl Betaine, Betaine, Decyl Glucoside, Argania Spinosa Kernel Oil, Benzotriazolyl Dodecyl p-Cresol, Citric Acid, Disodium EDTA, Lauric Acid, Lauryl Alcohol Diphosphonic Acid, Methoxy PEG\/PPG-7\/3 Aminopropyl Dimethicone, Panthenol, PEG-12 Dimethicone, PEG-150 Pentaerythrityl Tetrastearate, PEG-6 Caprylic\/Capric Glycerides, PEG-60 Hydrogenated Castor Oil, Pentylene Glycol, Polyquaternium-10, Sodium Acetate, Sodium Chloride, Tocopheryl Acetate, Parfum (Fragrance), Phenoxyethanol, Sodium Benzoate, Red 4 (CI 14700), Yellow 5 (CI 19140). B01648<\/div>\n<\/div>\n<div class=\"tab js-tab\">\n<h3 class=\"tab-title pdp-tabs_title js-tab-mobile-title\"><span>Livraison et stock<\/span><\/h3>\n<div class=\"tab-description pdp-tabs_description js-tab-description\">\n<div class=\"pdp-delivery_info\">\n<div class=\"content-asset\">Livraison et d\u00e9laisRetours et remboursements<\/div>\n<\/div>\n<\/div>\n<\/div>\n<\/div>\n<\/div>\n<\/div>\n","protected":false},"excerpt":{"rendered":"<p>Points cl\u00e9s Des cheveux \u00e0 l\u2019\u00e9clat longue dur\u00e9e Vegan Respecte les couleurs Aide \u00e0 conserver&hellip;<\/p>\n","protected":false},"featured_media":20599,"comment_status":"open","ping_status":"closed","template":"","meta":[],"pwb-brand":[659],"product_cat":[617],"product_tag":[274,372,273],"class_list":{"0":"post-29114","1":"product","2":"type-product","3":"status-publish","4":"has-post-thumbnail","6":"pwb-brand-revlon","7":"product_cat-coiffure","8":"product_tag-coiffure","9":"product_tag-revlon","10":"product_tag-vegan","12":"first","13":"instock","14":"taxable","15":"shipping-taxable","16":"purchasable","17":"product-type-simple","18":"layout-style-3","19":"col-md-4 col-sm-4 col-xs-6","20":"col-lg-3","21":"product-style-default"},"aioseo_notices":[],"brands":[{"id":659,"name":"Revlon","slug":"revlon"}],"_links":{"self":[{"href":"https:\/\/cheveuxluxe.com\/index.php\/wp-json\/wp\/v2\/product\/29114","targetHints":{"allow":["GET"]}}],"collection":[{"href":"https:\/\/cheveuxluxe.com\/index.php\/wp-json\/wp\/v2\/product"}],"about":[{"href":"https:\/\/cheveuxluxe.com\/index.php\/wp-json\/wp\/v2\/types\/product"}],"replies":[{"embeddable":true,"href":"https:\/\/cheveuxluxe.com\/index.php\/wp-json\/wp\/v2\/comments?post=29114"}],"version-history":[{"count":0,"href":"https:\/\/cheveuxluxe.com\/index.php\/wp-json\/wp\/v2\/product\/29114\/revisions"}],"wp:featuredmedia":[{"embeddable":true,"href":"https:\/\/cheveuxluxe.com\/index.php\/wp-json\/wp\/v2\/media\/20599"}],"wp:attachment":[{"href":"https:\/\/cheveuxluxe.com\/index.php\/wp-json\/wp\/v2\/media?parent=29114"}],"wp:term":[{"taxonomy":"pwb-brand","embeddable":true,"href":"https:\/\/cheveuxluxe.com\/index.php\/wp-json\/wp\/v2\/pwb-brand?post=29114"},{"taxonomy":"product_cat","embeddable":true,"href":"https:\/\/cheveuxluxe.com\/index.php\/wp-json\/wp\/v2\/product_cat?post=29114"},{"taxonomy":"product_tag","embeddable":true,"href":"https:\/\/cheveuxluxe.com\/index.php\/wp-json\/wp\/v2\/product_tag?post=29114"}],"curies":[{"name":"wp","href":"https:\/\/api.w.org\/{rel}","templated":true}]}}