{"id":29115,"date":"2024-04-09T21:53:54","date_gmt":"2024-04-09T21:53:54","guid":{"rendered":"https:\/\/cheveuxluxe.com\/index.php\/product\/revlon-professional-uniqone-shampooing-v2-490ml\/"},"modified":"2024-04-13T14:24:51","modified_gmt":"2024-04-13T14:24:51","slug":"revlon-professional-uniqone-shampooing-v2-490ml","status":"publish","type":"product","link":"https:\/\/cheveuxluxe.com\/index.php\/product\/revlon-professional-uniqone-shampooing-v2-490ml\/","title":{"rendered":"Revlon Professional Uniqone Shampooing V2 490ml"},"content":{"rendered":"<div class=\"product-content_bottom\">\n<div class=\"pdp-info\">\n<div class=\"pdp-tabs tab-container\">\n<div class=\"tab js-tab\">\n<h3 class=\"tab-title pdp-tabs_title js-tab-mobile-title open\"><span>Points cl\u00e9s<\/span><\/h3>\n<div class=\"tab-description pdp-tabs_description js-tab-description open\" itemprop=\"description\">\n<ul>\n<li>R\u00e9pare les cheveux secs et abim\u00e9s<\/li>\n<li>Fortifie et r\u00e9duit la casse<\/li>\n<li>Nourrit et d\u00e9m\u00eale<\/li>\n<li>Hydrate instantan\u00e9ment<\/li>\n<li>Soin thermo-protecteur<\/li>\n<\/ul>\n<\/div>\n<\/div>\n<div class=\"tab js-tab\">\n<h3 class=\"tab-title pdp-tabs_title js-tab-mobile-title\"><span>Mode d&#8217;emploi<\/span><\/h3>\n<div class=\"tab-description pdp-tabs_description js-tab-description\">1. Distribuer le shampooing UniqOne\u2122 sur les cheveux mouill\u00e9s.<br \/>2. Masser d\u00e9licatement.<br \/>3. Rincer abondamment.<br \/>4.R\u00e9p\u00e9ter l&rsquo;op\u00e9ration si n\u00e9cessaire.<\/div>\n<\/div>\n<div class=\"tab js-tab\">\n<h3 class=\"tab-title pdp-tabs_title js-tab-mobile-title\"><span>Ingr\u00e9dients<\/span><\/h3>\n<div class=\"tab-description pdp-tabs_description js-tab-description\">AQUA\/WATER\/EAU, SODIUM LAURETH SULFATE, BETAINE, COCAMIDOPROPYL BETAINE, PEG-7 GLYCERYL COCOATE, DECYL GLUCOSIDE, PEG-3 DISTEARATE, AMODIMETHICONE, C12-14 PARETH-12, CITRIC ACID, DISODIUM EDTA, GUAR HYDROXYPROPYLTRIMONIUM CHLORIDE, PANTHENOL, PEG-150 PENTAERYTHRITYL TETRASTEARATE, PEG-6 CAPRYLIC\/CAPRIC GLYCERIDES, QUATERNIUM-22, PARFUM (FRAGRANCE), ALPHA-ISOMETHYL IONONE, BENZYL SALICYLATE, CITRONELLOL, HEXYL CINNAMAL, LINALOOL, BENZYL ALCOHOL, SODIUM BENZOATE. B02016.<\/div>\n<\/div>\n<div class=\"tab js-tab\">\n<h3 class=\"tab-title pdp-tabs_title js-tab-mobile-title\"><span>Livraison et stock<\/span><\/h3>\n<div class=\"tab-description pdp-tabs_description js-tab-description\">\n<div class=\"pdp-delivery_info\">\n<div class=\"content-asset\">Livraison et d\u00e9laisRetours et remboursements<\/div>\n<\/div>\n<\/div>\n<\/div>\n<\/div>\n<\/div>\n<\/div>\n","protected":false},"excerpt":{"rendered":"<p>Points cl\u00e9s R\u00e9pare les cheveux secs et abim\u00e9s Fortifie et r\u00e9duit la casse Nourrit et&hellip;<\/p>\n","protected":false},"featured_media":20854,"comment_status":"open","ping_status":"closed","template":"","meta":[],"pwb-brand":[659],"product_cat":[617],"product_tag":[274,372,273],"class_list":{"0":"post-29115","1":"product","2":"type-product","3":"status-publish","4":"has-post-thumbnail","6":"pwb-brand-revlon","7":"product_cat-coiffure","8":"product_tag-coiffure","9":"product_tag-revlon","10":"product_tag-vegan","12":"first","13":"instock","14":"taxable","15":"shipping-taxable","16":"purchasable","17":"product-type-simple","18":"layout-style-3","19":"col-md-4 col-sm-4 col-xs-6","20":"col-lg-3","21":"product-style-default"},"aioseo_notices":[],"brands":[{"id":659,"name":"Revlon","slug":"revlon"}],"_links":{"self":[{"href":"https:\/\/cheveuxluxe.com\/index.php\/wp-json\/wp\/v2\/product\/29115","targetHints":{"allow":["GET"]}}],"collection":[{"href":"https:\/\/cheveuxluxe.com\/index.php\/wp-json\/wp\/v2\/product"}],"about":[{"href":"https:\/\/cheveuxluxe.com\/index.php\/wp-json\/wp\/v2\/types\/product"}],"replies":[{"embeddable":true,"href":"https:\/\/cheveuxluxe.com\/index.php\/wp-json\/wp\/v2\/comments?post=29115"}],"version-history":[{"count":0,"href":"https:\/\/cheveuxluxe.com\/index.php\/wp-json\/wp\/v2\/product\/29115\/revisions"}],"wp:featuredmedia":[{"embeddable":true,"href":"https:\/\/cheveuxluxe.com\/index.php\/wp-json\/wp\/v2\/media\/20854"}],"wp:attachment":[{"href":"https:\/\/cheveuxluxe.com\/index.php\/wp-json\/wp\/v2\/media?parent=29115"}],"wp:term":[{"taxonomy":"pwb-brand","embeddable":true,"href":"https:\/\/cheveuxluxe.com\/index.php\/wp-json\/wp\/v2\/pwb-brand?post=29115"},{"taxonomy":"product_cat","embeddable":true,"href":"https:\/\/cheveuxluxe.com\/index.php\/wp-json\/wp\/v2\/product_cat?post=29115"},{"taxonomy":"product_tag","embeddable":true,"href":"https:\/\/cheveuxluxe.com\/index.php\/wp-json\/wp\/v2\/product_tag?post=29115"}],"curies":[{"name":"wp","href":"https:\/\/api.w.org\/{rel}","templated":true}]}}