{"id":29117,"date":"2024-04-09T21:53:56","date_gmt":"2024-04-09T21:53:56","guid":{"rendered":"https:\/\/cheveuxluxe.com\/index.php\/product\/redken-frizz-dismiss-sulfate-shampooing-300ml\/"},"modified":"2024-04-13T14:14:17","modified_gmt":"2024-04-13T14:14:17","slug":"redken-frizz-dismiss-sulfate-shampooing-300ml","status":"publish","type":"product","link":"https:\/\/cheveuxluxe.com\/index.php\/product\/redken-frizz-dismiss-sulfate-shampooing-300ml\/","title":{"rendered":"Redken Frizz Dismiss Sulfate Shampooing 300ml"},"content":{"rendered":"<div class=\"product-content_bottom\">\n<div class=\"pdp-info\">\n<div class=\"pdp-tabs tab-container\">\n<div class=\"tab js-tab\">\n<h3 class=\"tab-title pdp-tabs_title js-tab-mobile-title open\"><span>Points cl\u00e9s<\/span><\/h3>\n<div class=\"tab-description pdp-tabs_description js-tab-description open\" itemprop=\"description\">\n<ul>\n<li>Nettoie, Nourrit et Restaure<\/li>\n<li>Crontr\u00f4le des Frisottis et de l\u2019humidit\u00e9<\/li>\n<li>Cheveux Brillants<\/li>\n<\/ul>\n<\/div>\n<\/div>\n<div class=\"tab js-tab\">\n<h3 class=\"tab-title pdp-tabs_title js-tab-mobile-title\"><span>Description<\/span><\/h3>\n<div class=\"tab-description pdp-tabs_description js-tab-description\" itemprop=\"description\">NETTOIE, NOURRIT ET RESTAURE LES CHEVEUX. PERMET DE CONTR\u00d4LER LES FRISOTTIS DE LA CHEVELURE ET REND LES CHEVEUX BRILLANTS.<\/p>\n<p>NEW HUMIDITY-RESIST COMPLEX. AQUATORIL PROT\u00c8GE DE L\u2018HUMIDIT\u00c9 ET PROCURE UNE HYDRATATION INTENSE. L\u2018HUILE DE GRAINES DE PRACAXI R\u00c9PARE LA FIBRE CAPILLAIRE ET LISSE LES CUTICULES DES CHEVEUX. L\u2018HUILE V\u00c9G\u00c9TALE PERMET UN CONTR\u00d4LE ABSOLU ET REND LES CHEVEUX MANIABLES.<\/p><\/div>\n<\/div>\n<div class=\"tab js-tab\">\n<h3 class=\"tab-title pdp-tabs_title js-tab-mobile-title\"><span>Mode d&#8217;emploi<\/span><\/h3>\n<div class=\"tab-description pdp-tabs_description js-tab-description\">APPLIQUER SUR CHEVEUX HUMIDES. MASSER ET PUIS RINCER.<\/div>\n<\/div>\n<div class=\"tab js-tab\">\n<h3 class=\"tab-title pdp-tabs_title js-tab-mobile-title\"><span>Ingr\u00e9dients<\/span><\/h3>\n<div class=\"tab-description pdp-tabs_description js-tab-description\">AQUA \/ WATER \/ EAU SODIUM LAUROYL METHYL ISETHIONATE SODIUM COCOAMPHOPROPIONATE COCAMIDE MIPA SODIUM LAUROYL SARCOSINATE GLYCOL DISTEARATE DECYL GLUCOSIDE PEG-150 DISTEARATE PPG-5-CETETH-20 DIMETHICONE PARFUM \/ FRAGRANCE SODIUM HYDROXIDE CITRIC ACID PEG-55 PROPYLENE GLYCOL OLEATE PROPYLENE GLYCOL TRISODIUM ETHYLENEDIAMINE DISUCCINATE ACRYLATES\/BEHENETH-25 METHACRYLATE COPOLYMER SODIUM BENZOATE AMODIMETHICONE HYDROXYPROPYL GUAR HYDROXYPROPYLTRIMONIUM CHLORIDE CARBOMER TRIDECETH-10 BENZYL SALICYLATE BENZYL ALCOHOL LINALOOL PEG-100 STEARATE MAGNESIUM NITRATE STEARETH-6 PHENOXYETHANOL HEXYL CINNAMAL GERANIOL AMYL CINNAMAL COUMARIN TRIDECETH-3 CITRONELLOL ORBIGNYA OLEIFERA SEED OIL TETRASODIUM EDTA ACETIC ACID METHYLCHLOROISOTHIAZOLINONE MAGNESIUM CHLORIDE METHYLISOTHIAZOLINONE<\/div>\n<\/div>\n<div class=\"tab js-tab\">\n<h3 class=\"tab-title pdp-tabs_title js-tab-mobile-title\"><span>Livraison et stock<\/span><\/h3>\n<div class=\"tab-description pdp-tabs_description js-tab-description\">\n<div class=\"pdp-delivery_info\">\n<div class=\"content-asset\">Livraison et d\u00e9laisRetours et remboursements<\/div>\n<\/div>\n<\/div>\n<\/div>\n<\/div>\n<\/div>\n<\/div>\n","protected":false},"excerpt":{"rendered":"<p>Points cl\u00e9s Nettoie, Nourrit et Restaure Crontr\u00f4le des Frisottis et de l\u2019humidit\u00e9 Cheveux Brillants Description&hellip;<\/p>\n","protected":false},"featured_media":21394,"comment_status":"open","ping_status":"closed","template":"","meta":[],"pwb-brand":[647],"product_cat":[600],"product_tag":[144,321,127],"class_list":{"0":"post-29117","1":"product","2":"type-product","3":"status-publish","4":"has-post-thumbnail","6":"pwb-brand-redken","7":"product_cat-lissage-et-keratine","8":"product_tag-lissage-et-keratine","9":"product_tag-redken","10":"product_tag-shampooing-et-coiffure","12":"first","13":"instock","14":"taxable","15":"shipping-taxable","16":"purchasable","17":"product-type-simple","18":"layout-style-3","19":"col-md-4 col-sm-4 col-xs-6","20":"col-lg-3","21":"product-has-gallery","22":"product-style-default"},"aioseo_notices":[],"brands":[{"id":647,"name":"Redken","slug":"redken"}],"_links":{"self":[{"href":"https:\/\/cheveuxluxe.com\/index.php\/wp-json\/wp\/v2\/product\/29117","targetHints":{"allow":["GET"]}}],"collection":[{"href":"https:\/\/cheveuxluxe.com\/index.php\/wp-json\/wp\/v2\/product"}],"about":[{"href":"https:\/\/cheveuxluxe.com\/index.php\/wp-json\/wp\/v2\/types\/product"}],"replies":[{"embeddable":true,"href":"https:\/\/cheveuxluxe.com\/index.php\/wp-json\/wp\/v2\/comments?post=29117"}],"version-history":[{"count":0,"href":"https:\/\/cheveuxluxe.com\/index.php\/wp-json\/wp\/v2\/product\/29117\/revisions"}],"wp:featuredmedia":[{"embeddable":true,"href":"https:\/\/cheveuxluxe.com\/index.php\/wp-json\/wp\/v2\/media\/21394"}],"wp:attachment":[{"href":"https:\/\/cheveuxluxe.com\/index.php\/wp-json\/wp\/v2\/media?parent=29117"}],"wp:term":[{"taxonomy":"pwb-brand","embeddable":true,"href":"https:\/\/cheveuxluxe.com\/index.php\/wp-json\/wp\/v2\/pwb-brand?post=29117"},{"taxonomy":"product_cat","embeddable":true,"href":"https:\/\/cheveuxluxe.com\/index.php\/wp-json\/wp\/v2\/product_cat?post=29117"},{"taxonomy":"product_tag","embeddable":true,"href":"https:\/\/cheveuxluxe.com\/index.php\/wp-json\/wp\/v2\/product_tag?post=29117"}],"curies":[{"name":"wp","href":"https:\/\/api.w.org\/{rel}","templated":true}]}}