{"id":29120,"date":"2024-04-09T21:53:57","date_gmt":"2024-04-09T21:53:57","guid":{"rendered":"https:\/\/cheveuxluxe.com\/index.php\/product\/redken-extreme-shampooing-1l\/"},"modified":"2024-04-13T14:10:56","modified_gmt":"2024-04-13T14:10:56","slug":"redken-extreme-shampooing-1l","status":"publish","type":"product","link":"https:\/\/cheveuxluxe.com\/index.php\/product\/redken-extreme-shampooing-1l\/","title":{"rendered":"Redken Extreme Shampooing 1L"},"content":{"rendered":"<div class=\"product-content_bottom\">\n<div class=\"pdp-info\">\n<div class=\"pdp-tabs tab-container\">\n<div class=\"tab js-tab\">\n<h3 class=\"tab-title pdp-tabs_title js-tab-mobile-title open\"><span>Points cl\u00e9s<\/span><\/h3>\n<div class=\"tab-description pdp-tabs_description js-tab-description open\" itemprop=\"description\">\n<ul>\n<li>Prot\u00e8ge de la Casse<\/li>\n<li>Vegan et Sans Silicone<\/li>\n<li>Renforce et Fortifie<\/li>\n<li>Frangrance d\u2019origine 100% naturelle<\/li>\n<\/ul>\n<\/div>\n<\/div>\n<div class=\"tab js-tab\">\n<h3 class=\"tab-title pdp-tabs_title js-tab-mobile-title\"><span>Description<\/span><\/h3>\n<div class=\"tab-description pdp-tabs_description js-tab-description\" itemprop=\"description\">FORTIFIE &amp; RENFORCE LES CHEVEUX. PROT\u00c8GE DE LA CASSE ET DES POINTES FOURCHUES<\/p>\n<p>UNE ALTERNATIVE SANS COMPROMIS \u00c0 NOS GAMMES DE SOINS CAPILLAIRES PR\u00c9F\u00c9R\u00c9ES, ALL SOFT, EXTREME ET COLOR EXTEND. NATURE + SCIENCE EST UNE NOUVELLE GAMME DE SHAMPOOINGS ET CONDITIONERS \u00c0 BASE D&rsquo;INGR\u00c9DIENTS NATURELS QUI PROCURE DOUCEUR, FORCE ET \u00c9CLAT.<\/p>\n<p>VEGAN<br \/>SANS SILICONE POUR UN TOUCHER NATUREL<br \/>PLASTIQUE RECYCL\u00c9<br \/>FRAGRANCE D\u2019ORIGINE 100% NATURELLE<\/div>\n<\/div>\n<div class=\"tab js-tab\">\n<h3 class=\"tab-title pdp-tabs_title js-tab-mobile-title\"><span>Mode d&#8217;emploi<\/span><\/h3>\n<div class=\"tab-description pdp-tabs_description js-tab-description\">APPLIQUER SUR CHEVEUX MOUILL\u00c9S. MASSER PUIS RINCER.<\/div>\n<\/div>\n<div class=\"tab js-tab\">\n<h3 class=\"tab-title pdp-tabs_title js-tab-mobile-title\"><span>Ingr\u00e9dients<\/span><\/h3>\n<div class=\"tab-description pdp-tabs_description js-tab-description\">AQUA \/ WATER \/ EAU DECYL GLUCOSIDE SODIUM COCOYL ISETHIONATE SODIUM LAUROYL SARCOSINATE COCO-BETAINE GLYCERYL OLEATE CITRIC ACID SODIUM CHLORIDE SODIUM BENZOATE BENZYL ALCOHOL SODIUM HYDROXIDE HYDROXYPROPYL GUAR HYDROXYPROPYLTRIMONIUM CHLORIDE HYDROGENATED COCONUT ACID PARFUM \/ FRAGRANCE SALICYLIC ACID SODIUM ISETHIONATE LIMONENE CITRAL LINALOOL GERANIOL GLYCERIN HYDROGENATED PALM GLYCERIDES CITRATE HYDROLYZED LUPINE PROTEIN LECITHIN TOCOPHEROL ASCORBYL PALMITATE<\/div>\n<\/div>\n<div class=\"tab js-tab\">\n<h3 class=\"tab-title pdp-tabs_title js-tab-mobile-title\"><span>Livraison et stock<\/span><\/h3>\n<div class=\"tab-description pdp-tabs_description js-tab-description\">\n<div class=\"pdp-delivery_info\">\n<div class=\"content-asset\">Livraison et d\u00e9laisRetours et remboursements<\/div>\n<\/div>\n<\/div>\n<\/div>\n<\/div>\n<\/div>\n<\/div>\n","protected":false},"excerpt":{"rendered":"<p>Points cl\u00e9s Prot\u00e8ge de la Casse Vegan et Sans Silicone Renforce et Fortifie Frangrance d\u2019origine&hellip;<\/p>\n","protected":false},"featured_media":22186,"comment_status":"open","ping_status":"closed","template":"","meta":[],"pwb-brand":[647],"product_cat":[598],"product_tag":[321,127,599],"class_list":{"0":"post-29120","1":"product","2":"type-product","3":"status-publish","4":"has-post-thumbnail","6":"pwb-brand-redken","7":"product_cat-type-de-cheveux","8":"product_tag-redken","9":"product_tag-shampooing-et-coiffure","10":"product_tag-type-de-cheveux","12":"first","13":"instock","14":"taxable","15":"shipping-taxable","16":"purchasable","17":"product-type-simple","18":"layout-style-3","19":"col-md-4 col-sm-4 col-xs-6","20":"col-lg-3","21":"product-has-gallery","22":"product-style-default"},"aioseo_notices":[],"brands":[{"id":647,"name":"Redken","slug":"redken"}],"_links":{"self":[{"href":"https:\/\/cheveuxluxe.com\/index.php\/wp-json\/wp\/v2\/product\/29120","targetHints":{"allow":["GET"]}}],"collection":[{"href":"https:\/\/cheveuxluxe.com\/index.php\/wp-json\/wp\/v2\/product"}],"about":[{"href":"https:\/\/cheveuxluxe.com\/index.php\/wp-json\/wp\/v2\/types\/product"}],"replies":[{"embeddable":true,"href":"https:\/\/cheveuxluxe.com\/index.php\/wp-json\/wp\/v2\/comments?post=29120"}],"version-history":[{"count":0,"href":"https:\/\/cheveuxluxe.com\/index.php\/wp-json\/wp\/v2\/product\/29120\/revisions"}],"wp:featuredmedia":[{"embeddable":true,"href":"https:\/\/cheveuxluxe.com\/index.php\/wp-json\/wp\/v2\/media\/22186"}],"wp:attachment":[{"href":"https:\/\/cheveuxluxe.com\/index.php\/wp-json\/wp\/v2\/media?parent=29120"}],"wp:term":[{"taxonomy":"pwb-brand","embeddable":true,"href":"https:\/\/cheveuxluxe.com\/index.php\/wp-json\/wp\/v2\/pwb-brand?post=29120"},{"taxonomy":"product_cat","embeddable":true,"href":"https:\/\/cheveuxluxe.com\/index.php\/wp-json\/wp\/v2\/product_cat?post=29120"},{"taxonomy":"product_tag","embeddable":true,"href":"https:\/\/cheveuxluxe.com\/index.php\/wp-json\/wp\/v2\/product_tag?post=29120"}],"curies":[{"name":"wp","href":"https:\/\/api.w.org\/{rel}","templated":true}]}}