{"id":29127,"date":"2024-04-09T21:54:11","date_gmt":"2024-04-09T21:54:11","guid":{"rendered":"https:\/\/cheveuxluxe.com\/index.php\/product\/redken-acidic-colour-gloss-shampooing-300ml\/"},"modified":"2024-04-13T13:55:45","modified_gmt":"2024-04-13T13:55:45","slug":"redken-acidic-colour-gloss-shampooing-300ml","status":"publish","type":"product","link":"https:\/\/cheveuxluxe.com\/index.php\/product\/redken-acidic-colour-gloss-shampooing-300ml\/","title":{"rendered":"Redken Acidic Colour Gloss Shampooing 300ml"},"content":{"rendered":"<div class=\"product-content_bottom\">\n<div class=\"pdp-info\">\n<div class=\"pdp-tabs tab-container\">\n<div class=\"tab js-tab\">\n<h3 class=\"tab-title pdp-tabs_title js-tab-mobile-title open\"><span>Points cl\u00e9s<\/span><\/h3>\n<div class=\"tab-description pdp-tabs_description js-tab-description open\" itemprop=\"description\">\n<ul>\n<li>\u00c9clat de la couleur jusqu&rsquo;\u00e0 32 lavages* *lors de l&rsquo;utilisation d&rsquo;Acidic Color Gloss Shampoo &amp; Conditioner<\/li>\n<li>Protection de la couleur et brillance digne d&rsquo;un salon de coiffure pour les cheveux color\u00e9s<\/li>\n<li>La formule au pH acide permet de sceller la cuticule &amp; de conserver la brillance.<\/li>\n<li>Les cheveux sont instantan\u00e9ment revitalis\u00e9s au toucher et \u00e0 l&rsquo;\u0153il<\/li>\n<\/ul>\n<\/div>\n<\/div>\n<div class=\"tab js-tab\">\n<h3 class=\"tab-title pdp-tabs_title js-tab-mobile-title\"><span>Description<\/span><\/h3>\n<div class=\"tab-description pdp-tabs_description js-tab-description\" itemprop=\"description\">\n<p>Redken Acidic Color Gloss Shampoo assure une tenue optimale de la coloration et apporte une brillance et un soin ultimes. Ce shampooing sans sulfate permet d&rsquo;obtenir une couleur \u00e9clatante de longue dur\u00e9e et de pr\u00e9server la brillance des cheveux. Ce shampooing professionnel est id\u00e9al pour les cheveux color\u00e9s de fa\u00e7on permanente ou semi-permanente pour prolonger les r\u00e9sultats obtenus en salon \u00e0 la maison. Acidic Color Gloss est une gamme de gloss r\u00e9volutionnaire inspir\u00e9e des salons de coiffure.<\/p>\n<p>Ce shampooing apporte \u00e9clat, r\u00e9flexion, brillance et tenue de la couleur pour que vos cheveux soient \u00e9clatants et aient un aspect sain. La technologie pH avanc\u00e9e et le Acidic Shine Complex garantissent \u00e0 vos cheveux une brillance \u00e9clatante, tandis que le niveau de pH de vos cheveux reste \u00e9quilibr\u00e9 pour une couleur optimale. La formule \u00e0 base d&rsquo;acides amin\u00e9s et de vitamine E scelle les cuticules de vos cheveux et leur donne un coup d&rsquo;\u00e9clat instantan\u00e9. Le shampooing est sans sulfate pour un lavage subtil et doux des cheveux.<\/p>\n<p>Les cheveux ont instantan\u00e9ment un aspect et un toucher revitalis\u00e9s et conservent l&rsquo;\u00e9clat de leur couleur jusqu&rsquo;\u00e0 32 shampooings*. Pour de meilleurs r\u00e9sultats, nous vous recommandons d&rsquo;utiliser le shampooing avec les autres produits de la gamme Acidic Color Gloss. *Lorsque vous utilisez Acidic Color Gloss Shampoo &amp; Conditioner<\/p>\n<\/div>\n<\/div>\n<div class=\"tab js-tab\">\n<h3 class=\"tab-title pdp-tabs_title js-tab-mobile-title\"><span>Mode d&#8217;emploi<\/span><\/h3>\n<div class=\"tab-description pdp-tabs_description js-tab-description\">Appliquer sur les cheveux mouill\u00e9s. Faire mousser le shampooing et bien rincer. En cas de contact avec les yeux, rincer imm\u00e9diatement et abondamment. Pour de meilleurs r\u00e9sultats, utiliser avec Acidic Color Gloss Conditioner, Glass Gloss Treatment et Leave-in thermoprotecteur.<\/div>\n<\/div>\n<div class=\"tab js-tab\">\n<h3 class=\"tab-title pdp-tabs_title js-tab-mobile-title\"><span>Ingr\u00e9dients<\/span><\/h3>\n<div class=\"tab-description pdp-tabs_description js-tab-description\">\u00ab\u00a01218388RK7 &#8211; INGREDIENTS: AQUA \/ WATER \u2022 SODIUM C14-16 OLEFIN SULFONATE \u2022 GLYCERIN \u2022 COCAMIDOPROPYL BETAINE \u2022 GLYCOL DISTEARATE \u2022 PEG-150 DISTEARATE \u2022 SODIUM LAUROYL SARCOSINATE \u2022 PROPYLENE GLYCOL \u2022 COCAMIDE MIPA \u2022 HEXYLENE GLYCOL \u2022 PARFUM \/ FRAGRANCE \u2022 CITRIC ACID \u2022 SODIUM HYDROXIDE \u2022 SODIUM CHLORIDE \u2022 SODIUM BENZOATE \u2022 PEG-55 PROPYLENE GLYCOL OLEATE \u2022 COCO-BETAINE \u2022 HYDROXYPROPYL GUAR HYDROXYPROPYLTRIMONIUM CHLORIDE \u2022 PEG\/PPG-4\/12 DIMETHICONE \u2022 SALICYLIC ACID \u2022 CARBOMER \u2022 AMODIMETHICONE \u2022 LIMONENE \u2022 BENZOIC ACID \u2022 POLYQUATERNIUM-7 \u2022 TOCOPHEROL \u2022 LINALOOL \u2022 BENZYL SALICYLATE \u2022 BENZYL ALCOHOL \u2022 ALPHA-ISOMETHYL IONONE \u2022 TRIDECETH-6 \u2022 GLYCINE SOJA OIL \/ SOYBEAN OIL \u2022 ARGININE \u2022 SERINE \u2022 GLUTAMIC ACID \u2022 CETRIMONIUM CHLORIDE \u2022 PENTAERYTHRITYL TETRA-DI-T-BUTYL HYDROXYHYDROCINNAMATE (F.I.L. Z70028037\/1).\u00a0\u00bb<\/div>\n<\/div>\n<div class=\"tab js-tab\">\n<h3 class=\"tab-title pdp-tabs_title js-tab-mobile-title\"><span>Livraison et stock<\/span><\/h3>\n<div class=\"tab-description pdp-tabs_description js-tab-description\">\n<div class=\"pdp-delivery_info\">\n<div class=\"content-asset\">Livraison et d\u00e9laisRetours et remboursements<\/div>\n<\/div>\n<\/div>\n<\/div>\n<\/div>\n<\/div>\n<\/div>\n","protected":false},"excerpt":{"rendered":"<p>Points cl\u00e9s \u00c9clat de la couleur jusqu&rsquo;\u00e0 32 lavages* *lors de l&rsquo;utilisation d&rsquo;Acidic Color Gloss&hellip;<\/p>\n","protected":false},"featured_media":29122,"comment_status":"open","ping_status":"closed","template":"","meta":[],"pwb-brand":[647],"product_cat":[573],"product_tag":[321,134,127],"class_list":{"0":"post-29127","1":"product","2":"type-product","3":"status-publish","4":"has-post-thumbnail","6":"pwb-brand-redken","7":"product_cat-shampooing","8":"product_tag-redken","9":"product_tag-shampooing","10":"product_tag-shampooing-et-coiffure","12":"first","13":"instock","14":"taxable","15":"shipping-taxable","16":"purchasable","17":"product-type-simple","18":"layout-style-3","19":"col-md-4 col-sm-4 col-xs-6","20":"col-lg-3","21":"product-has-gallery","22":"product-style-default"},"aioseo_notices":[],"brands":[{"id":647,"name":"Redken","slug":"redken"}],"_links":{"self":[{"href":"https:\/\/cheveuxluxe.com\/index.php\/wp-json\/wp\/v2\/product\/29127","targetHints":{"allow":["GET"]}}],"collection":[{"href":"https:\/\/cheveuxluxe.com\/index.php\/wp-json\/wp\/v2\/product"}],"about":[{"href":"https:\/\/cheveuxluxe.com\/index.php\/wp-json\/wp\/v2\/types\/product"}],"replies":[{"embeddable":true,"href":"https:\/\/cheveuxluxe.com\/index.php\/wp-json\/wp\/v2\/comments?post=29127"}],"version-history":[{"count":0,"href":"https:\/\/cheveuxluxe.com\/index.php\/wp-json\/wp\/v2\/product\/29127\/revisions"}],"wp:featuredmedia":[{"embeddable":true,"href":"https:\/\/cheveuxluxe.com\/index.php\/wp-json\/wp\/v2\/media\/29122"}],"wp:attachment":[{"href":"https:\/\/cheveuxluxe.com\/index.php\/wp-json\/wp\/v2\/media?parent=29127"}],"wp:term":[{"taxonomy":"pwb-brand","embeddable":true,"href":"https:\/\/cheveuxluxe.com\/index.php\/wp-json\/wp\/v2\/pwb-brand?post=29127"},{"taxonomy":"product_cat","embeddable":true,"href":"https:\/\/cheveuxluxe.com\/index.php\/wp-json\/wp\/v2\/product_cat?post=29127"},{"taxonomy":"product_tag","embeddable":true,"href":"https:\/\/cheveuxluxe.com\/index.php\/wp-json\/wp\/v2\/product_tag?post=29127"}],"curies":[{"name":"wp","href":"https:\/\/api.w.org\/{rel}","templated":true}]}}