{"id":29130,"date":"2024-04-09T21:54:13","date_gmt":"2024-04-09T21:54:13","guid":{"rendered":"https:\/\/cheveuxluxe.com\/index.php\/product\/redken-all-soft-shampooing-1l\/"},"modified":"2024-04-13T14:11:04","modified_gmt":"2024-04-13T14:11:04","slug":"redken-all-soft-shampooing-1l","status":"publish","type":"product","link":"https:\/\/cheveuxluxe.com\/index.php\/product\/redken-all-soft-shampooing-1l\/","title":{"rendered":"Redken All Soft Shampooing 1l"},"content":{"rendered":"<div class=\"product-content_bottom\">\n<div class=\"pdp-info\">\n<div class=\"pdp-tabs tab-container\">\n<div class=\"tab js-tab\">\n<h3 class=\"tab-title pdp-tabs_title js-tab-mobile-title open\"><span>Points cl\u00e9s<\/span><\/h3>\n<div class=\"tab-description pdp-tabs_description js-tab-description open\" itemprop=\"description\">\n<ul>\n<li>Cheveux Doux et Souples<\/li>\n<li>Facile \u00e0 Coiffer<\/li>\n<li>Brillance<\/li>\n<\/ul>\n<\/div>\n<\/div>\n<div class=\"tab js-tab\">\n<h3 class=\"tab-title pdp-tabs_title js-tab-mobile-title\"><span>Description<\/span><\/h3>\n<div class=\"tab-description pdp-tabs_description js-tab-description\" itemprop=\"description\">NETTOYANT DOUX ET SOYEUX. REND LES CHEVEUX SOUPLES, FACILES \u00c0 COIFFER ET BRILLANTS.<\/p>\n<p>L\u2018HUILE D\u2018ARGAN OFFRE UN TRAITEMENT INTENSIF ET R\u00c9\u00c9QUILIBRE LE NIVEAU D\u2018HYDRATATION DES CHEVEUX POUR UNE DOUCEUR INFINIE. L\u2019ARGININE MAINTIENT LE NIVEAU D\u2018HYDRATATION \u00c9QUILIBR\u00c9 AFIN QUE LES CHEVEUX SOIENT SOUPLES ET FACILES \u00c0 COIFFER. RCT COMPLEX EST COMPOS\u00c9 DE PROT\u00c9INE DE SOJA QUI APPORTE DE LA STRUCTURE \u00c0 LA RACINE, D\u2018ARGININE QUI NOURRIT LES CHEVEUX PROFOND\u00c9MENT JUSQU\u2018AU CORTEX ET DE SEPICAP QUI RESTAURE LES POINTES DES CHEVEUX.<\/p><\/div>\n<\/div>\n<div class=\"tab js-tab\">\n<h3 class=\"tab-title pdp-tabs_title js-tab-mobile-title\"><span>Mode d&#8217;emploi<\/span><\/h3>\n<div class=\"tab-description pdp-tabs_description js-tab-description\">APPLIQUER SUR CHEVEUX MOUILL\u00c9S. MASSER PUIS RINCER.<\/div>\n<\/div>\n<div class=\"tab js-tab\">\n<h3 class=\"tab-title pdp-tabs_title js-tab-mobile-title\"><span>Ingr\u00e9dients<\/span><\/h3>\n<div class=\"tab-description pdp-tabs_description js-tab-description\">AQUA\/WATER\/EAU, SODIUM LAURETH SULFATE, DIMETHICONE, DISODIUM COCOAMPHODIACETATE, GLYCOL DISTEARATE, HEXYLENE GLYCOL, SODIUM CHLORIDE, COCAMIDE MIPA, PARFUM\/FRAGRANCE, SODIUM PCA, SALICYLIC ACID, BENZOIC ACID, GUAR HYDROXYPROPYLTRIMONIUM CHLORIDE, CARBOMER, CITRIC ACID, PROPYLENE GLYCOL, SODIUM CITRATE, DISODIUM EDTA, SODIUM COCOYL AMINO ACIDS, POTASSIUM DIMETHICONE PEG-7 PANTHENYL PHOSPHATE, SODIUM SARCOSINATE, BENZYL ALCOHOL, ARGANIA SPINOSA KERNEL OIL, ARGININE, HYDROLYZED SOY PROTEIN, COUMARIN, LINALOOL, LIMONENE, FUMARIC ACID, HYDROLYZED VEGETABLE PROTEIN PG-PROPYL SILANETRIOL, CI 15510\/ORANGE 4, PHENOXYETHANOL, CI 17200\/RED 33, TETRASODIUM EDTA, POTASSIUM SORBATE, SODIUM HYDROXIDE (D184463\/1)<\/div>\n<\/div>\n<div class=\"tab js-tab\">\n<h3 class=\"tab-title pdp-tabs_title js-tab-mobile-title\"><span>Livraison et stock<\/span><\/h3>\n<div class=\"tab-description pdp-tabs_description js-tab-description\">\n<div class=\"pdp-delivery_info\">\n<div class=\"content-asset\">Livraison et d\u00e9laisRetours et remboursements<\/div>\n<\/div>\n<\/div>\n<\/div>\n<\/div>\n<\/div>\n<\/div>\n","protected":false},"excerpt":{"rendered":"<p>Points cl\u00e9s Cheveux Doux et Souples Facile \u00e0 Coiffer Brillance Description NETTOYANT DOUX ET SOYEUX.&hellip;<\/p>\n","protected":false},"featured_media":22271,"comment_status":"open","ping_status":"closed","template":"","meta":[],"pwb-brand":[647],"product_cat":[598],"product_tag":[321,127,599],"class_list":{"0":"post-29130","1":"product","2":"type-product","3":"status-publish","4":"has-post-thumbnail","6":"pwb-brand-redken","7":"product_cat-type-de-cheveux","8":"product_tag-redken","9":"product_tag-shampooing-et-coiffure","10":"product_tag-type-de-cheveux","12":"first","13":"instock","14":"taxable","15":"shipping-taxable","16":"purchasable","17":"product-type-simple","18":"layout-style-3","19":"col-md-4 col-sm-4 col-xs-6","20":"col-lg-3","21":"product-has-gallery","22":"product-style-default"},"aioseo_notices":[],"brands":[{"id":647,"name":"Redken","slug":"redken"}],"_links":{"self":[{"href":"https:\/\/cheveuxluxe.com\/index.php\/wp-json\/wp\/v2\/product\/29130","targetHints":{"allow":["GET"]}}],"collection":[{"href":"https:\/\/cheveuxluxe.com\/index.php\/wp-json\/wp\/v2\/product"}],"about":[{"href":"https:\/\/cheveuxluxe.com\/index.php\/wp-json\/wp\/v2\/types\/product"}],"replies":[{"embeddable":true,"href":"https:\/\/cheveuxluxe.com\/index.php\/wp-json\/wp\/v2\/comments?post=29130"}],"version-history":[{"count":0,"href":"https:\/\/cheveuxluxe.com\/index.php\/wp-json\/wp\/v2\/product\/29130\/revisions"}],"wp:featuredmedia":[{"embeddable":true,"href":"https:\/\/cheveuxluxe.com\/index.php\/wp-json\/wp\/v2\/media\/22271"}],"wp:attachment":[{"href":"https:\/\/cheveuxluxe.com\/index.php\/wp-json\/wp\/v2\/media?parent=29130"}],"wp:term":[{"taxonomy":"pwb-brand","embeddable":true,"href":"https:\/\/cheveuxluxe.com\/index.php\/wp-json\/wp\/v2\/pwb-brand?post=29130"},{"taxonomy":"product_cat","embeddable":true,"href":"https:\/\/cheveuxluxe.com\/index.php\/wp-json\/wp\/v2\/product_cat?post=29130"},{"taxonomy":"product_tag","embeddable":true,"href":"https:\/\/cheveuxluxe.com\/index.php\/wp-json\/wp\/v2\/product_tag?post=29130"}],"curies":[{"name":"wp","href":"https:\/\/api.w.org\/{rel}","templated":true}]}}