{"id":29133,"date":"2024-04-09T21:54:21","date_gmt":"2024-04-09T21:54:21","guid":{"rendered":"https:\/\/cheveuxluxe.com\/index.php\/product\/redken-scalp-relief-shampooing-anti-pelliculaire-500ml\/"},"modified":"2024-04-13T13:55:53","modified_gmt":"2024-04-13T13:55:53","slug":"redken-scalp-relief-shampooing-anti-pelliculaire-500ml","status":"publish","type":"product","link":"https:\/\/cheveuxluxe.com\/index.php\/product\/redken-scalp-relief-shampooing-anti-pelliculaire-500ml\/","title":{"rendered":"Redken Scalp Relief Shampooing Anti-pelliculaire 500ml"},"content":{"rendered":"<div class=\"product-content_bottom\">\n<div class=\"pdp-info\">\n<div class=\"pdp-tabs tab-container\">\n<div class=\"tab js-tab\">\n<h3 class=\"tab-title pdp-tabs_title js-tab-mobile-title open\"><span>Points cl\u00e9s<\/span><\/h3>\n<div class=\"tab-description pdp-tabs_description js-tab-description open\" itemprop=\"description\">\n<ul>\n<li>Aide \u00e0 pr\u00e9venir la r\u00e9currence des pellicules <\/li>\n<li>Contr\u00f4le les d\u00e9mangeaisons du cuir chevelu <\/li>\n<li>Contr\u00f4le l&rsquo;irritation <\/li>\n<li>Contr\u00f4le les rougeurs <\/li>\n<li>Contr\u00f4le la desquamation<\/li>\n<\/ul>\n<\/div>\n<\/div>\n<div class=\"tab js-tab\">\n<h3 class=\"tab-title pdp-tabs_title js-tab-mobile-title\"><span>Description<\/span><\/h3>\n<div class=\"tab-description pdp-tabs_description js-tab-description\" itemprop=\"description\">D\u00e9couvrez toute l&rsquo;efficacit\u00e9 de Redken !<br \/>Gr\u00e2ce \u00e0 une approche unique bas\u00e9e sur la science, nos produits sont \u00e9labor\u00e9s pour apporter hydratation et prot\u00e9ines en respectant le pH du cheveu.<br \/>Test\u00e9s dermatologiquement et recommand\u00e9s par les professionnels de la coiffure.<br \/>Nettoie les cheveux en douceur ppour aider \u00e0 \u00e9liminer et pr\u00e9venir l&rsquo;apparition des pellicules et des symptomes qui y sont associ\u00e9s.<br \/>Syst\u00e8mes Interbond du cuir chevelu et Hydro-Zone permettent d&rsquo;apaiser et d&rsquo;hydrater le cuir chevelu.<br \/>Celui-ci est apais\u00e9, assaini et les cheveux redeviennent brillants, souples et l\u00e9gers.<\/div>\n<\/div>\n<div class=\"tab js-tab\">\n<h3 class=\"tab-title pdp-tabs_title js-tab-mobile-title\"><span>Mode d&#8217;emploi<\/span><\/h3>\n<div class=\"tab-description pdp-tabs_description js-tab-description\">Bien secouer avant chaque utilisation.<br \/>Appliquer sur cheveux mouill\u00e9s ou secs en massant le cuir chevelu pour faire p\u00e9n\u00e9trer.<br \/>Laisser agir 5 minutes.<br \/>Mouiller les cheveux, faire mousser, rincer.<\/div>\n<\/div>\n<div class=\"tab js-tab\">\n<h3 class=\"tab-title pdp-tabs_title js-tab-mobile-title\"><span>Ingr\u00e9dients<\/span><\/h3>\n<div class=\"tab-description pdp-tabs_description js-tab-description\">AQUA \/ WATER \/ EAU, SODIUM LAURETH SULFATE, SODIUM LAURYL SULFATE, GLYCERIN, COCAMIDE MEA, GLYCOL DISTEARATE, SODIUM CHLORIDE, HEXYLENE GLYCOL, DIMETHICONE, CITRIC ACID, SODIUM BENZOATE, SODIUM HYDROXIDE, PIROCTONE OLAMINE, COCO-BETAINE, CARBOMER, GUAR HYDROXYPROPYLTRIMONIUM CHLORIDE, MENTHOXYPROPANEDIOL, SALICYLIC ACID, HYDROLYZED SOY PROTEIN, EUGENOL, LIMONENE, LECITHIN, FUMARIC ACID, PHOSPHORIC ACID, LAVANDULA ANGUSTIFOLIA OIL \/ LAVENDER OIL, TOCOPHEROL, PARFUM \/ FRAGRANCE<\/div>\n<\/div>\n<div class=\"tab js-tab\">\n<h3 class=\"tab-title pdp-tabs_title js-tab-mobile-title\"><span>Livraison et stock<\/span><\/h3>\n<div class=\"tab-description pdp-tabs_description js-tab-description\">\n<div class=\"pdp-delivery_info\">\n<div class=\"content-asset\">Livraison et d\u00e9laisRetours et remboursements<\/div>\n<\/div>\n<\/div>\n<\/div>\n<\/div>\n<\/div>\n<\/div>\n","protected":false},"excerpt":{"rendered":"<p>Points cl\u00e9s Aide \u00e0 pr\u00e9venir la r\u00e9currence des pellicules Contr\u00f4le les d\u00e9mangeaisons du cuir chevelu&hellip;<\/p>\n","protected":false},"featured_media":22208,"comment_status":"open","ping_status":"closed","template":"","meta":[],"pwb-brand":[647],"product_cat":[573],"product_tag":[321,134,127],"class_list":{"0":"post-29133","1":"product","2":"type-product","3":"status-publish","4":"has-post-thumbnail","6":"pwb-brand-redken","7":"product_cat-shampooing","8":"product_tag-redken","9":"product_tag-shampooing","10":"product_tag-shampooing-et-coiffure","12":"first","13":"instock","14":"taxable","15":"shipping-taxable","16":"purchasable","17":"product-type-simple","18":"layout-style-3","19":"col-md-4 col-sm-4 col-xs-6","20":"col-lg-3","21":"product-has-gallery","22":"product-style-default"},"aioseo_notices":[],"brands":[{"id":647,"name":"Redken","slug":"redken"}],"_links":{"self":[{"href":"https:\/\/cheveuxluxe.com\/index.php\/wp-json\/wp\/v2\/product\/29133","targetHints":{"allow":["GET"]}}],"collection":[{"href":"https:\/\/cheveuxluxe.com\/index.php\/wp-json\/wp\/v2\/product"}],"about":[{"href":"https:\/\/cheveuxluxe.com\/index.php\/wp-json\/wp\/v2\/types\/product"}],"replies":[{"embeddable":true,"href":"https:\/\/cheveuxluxe.com\/index.php\/wp-json\/wp\/v2\/comments?post=29133"}],"version-history":[{"count":0,"href":"https:\/\/cheveuxluxe.com\/index.php\/wp-json\/wp\/v2\/product\/29133\/revisions"}],"wp:featuredmedia":[{"embeddable":true,"href":"https:\/\/cheveuxluxe.com\/index.php\/wp-json\/wp\/v2\/media\/22208"}],"wp:attachment":[{"href":"https:\/\/cheveuxluxe.com\/index.php\/wp-json\/wp\/v2\/media?parent=29133"}],"wp:term":[{"taxonomy":"pwb-brand","embeddable":true,"href":"https:\/\/cheveuxluxe.com\/index.php\/wp-json\/wp\/v2\/pwb-brand?post=29133"},{"taxonomy":"product_cat","embeddable":true,"href":"https:\/\/cheveuxluxe.com\/index.php\/wp-json\/wp\/v2\/product_cat?post=29133"},{"taxonomy":"product_tag","embeddable":true,"href":"https:\/\/cheveuxluxe.com\/index.php\/wp-json\/wp\/v2\/product_tag?post=29133"}],"curies":[{"name":"wp","href":"https:\/\/api.w.org\/{rel}","templated":true}]}}