{"id":29137,"date":"2024-04-09T21:54:28","date_gmt":"2024-04-09T21:54:28","guid":{"rendered":"https:\/\/cheveuxluxe.com\/index.php\/product\/redken-shampooing-creme-hair-cleansing\/"},"modified":"2024-04-13T14:09:16","modified_gmt":"2024-04-13T14:09:16","slug":"redken-shampooing-creme-hair-cleansing","status":"publish","type":"product","link":"https:\/\/cheveuxluxe.com\/index.php\/product\/redken-shampooing-creme-hair-cleansing\/","title":{"rendered":"Redken Shampooing Cr\u00e8me Hair Cleansing"},"content":{"rendered":"<div class=\"product-content_bottom\">\n<div class=\"pdp-info\">\n<div class=\"pdp-tabs tab-container\">\n<div class=\"tab js-tab\">\n<h3 class=\"tab-title pdp-tabs_title js-tab-mobile-title open\"><span>Points cl\u00e9s<\/span><\/h3>\n<div class=\"tab-description pdp-tabs_description js-tab-description open\" itemprop=\"description\">\n<ul>\n<li>Les cheveux sont nettoy\u00e9s en profondeur<\/li>\n<li>Le produit \u00e9limine instantan\u00e9ment les accumulations et les impuret\u00e9s<\/li>\n<li>Le produit mousse bien<\/li>\n<\/ul>\n<\/div>\n<\/div>\n<div class=\"tab js-tab\">\n<h3 class=\"tab-title pdp-tabs_title js-tab-mobile-title\"><span>Description<\/span><\/h3>\n<div class=\"tab-description pdp-tabs_description js-tab-description\" itemprop=\"description\">Shampoing purifiant intense qui \u00e9limine efficacement les ions de cuivre et de m\u00e9tal.<br \/>Aide \u00e0 \u00e9galiser les propri\u00e9t\u00e9s de surface des cheveux.<br \/>Contient un polym\u00e8re cationique qui est attir\u00e9 par les cheveux ab\u00eem\u00e9s, ce qui apporte donc une action de soin.<br \/>Purifie et rafra\u00eechit. Extraits de fruits.<\/div>\n<\/div>\n<div class=\"tab js-tab\">\n<h3 class=\"tab-title pdp-tabs_title js-tab-mobile-title\"><span>Ingr\u00e9dients<\/span><\/h3>\n<div class=\"tab-description pdp-tabs_description js-tab-description\">Aqua \/ Water, Sodium Laureth Sulfate, Lauryl Glucoside, Cetyl Alcohol, Sodium Chloride, Glycol Distearate, Citric Acid, Ppg-5-Ceteth-20, Parfum \/ Fragrance, Sodium Benzoate, Sodium Hydroxide, Cocamidopropyl Betaine, Limonene, Disodium Edta, Salicylic Acid, Coco-Betaine, Saccharum Officinarum Extract \/ Sugarcane Extract, Hydroxyprop-Yltrimonium Hydrolyzed Wheat Protein, Hexyl Cinnamal, Linalool, Phenoxyethanol, Citrus Limon Peel Extract \/ Lemon Peel Extract, Pyrus Malus Fruit Extract \/ Apple Fruit Extract, Camellia Sinensis Leaf Extract (D221516\/1)<\/div>\n<\/div>\n<div class=\"tab js-tab\">\n<h3 class=\"tab-title pdp-tabs_title js-tab-mobile-title\"><span>Livraison et stock<\/span><\/h3>\n<div class=\"tab-description pdp-tabs_description js-tab-description\">\n<div class=\"pdp-delivery_info\">\n<div class=\"content-asset\">Livraison et d\u00e9laisRetours et remboursements<\/div>\n<\/div>\n<\/div>\n<\/div>\n<\/div>\n<\/div>\n<\/div>\n","protected":false},"excerpt":{"rendered":"<p>Points cl\u00e9s Les cheveux sont nettoy\u00e9s en profondeur Le produit \u00e9limine instantan\u00e9ment les accumulations et&hellip;<\/p>\n","protected":false},"featured_media":29135,"comment_status":"open","ping_status":"closed","template":"","meta":[],"pwb-brand":[647],"product_cat":[598],"product_tag":[321,127,599],"class_list":{"0":"post-29137","1":"product","2":"type-product","3":"status-publish","4":"has-post-thumbnail","6":"pwb-brand-redken","7":"product_cat-type-de-cheveux","8":"product_tag-redken","9":"product_tag-shampooing-et-coiffure","10":"product_tag-type-de-cheveux","12":"first","13":"instock","14":"taxable","15":"shipping-taxable","16":"purchasable","17":"product-type-simple","18":"layout-style-3","19":"col-md-4 col-sm-4 col-xs-6","20":"col-lg-3","21":"product-has-gallery","22":"product-style-default"},"aioseo_notices":[],"brands":[{"id":647,"name":"Redken","slug":"redken"}],"_links":{"self":[{"href":"https:\/\/cheveuxluxe.com\/index.php\/wp-json\/wp\/v2\/product\/29137","targetHints":{"allow":["GET"]}}],"collection":[{"href":"https:\/\/cheveuxluxe.com\/index.php\/wp-json\/wp\/v2\/product"}],"about":[{"href":"https:\/\/cheveuxluxe.com\/index.php\/wp-json\/wp\/v2\/types\/product"}],"replies":[{"embeddable":true,"href":"https:\/\/cheveuxluxe.com\/index.php\/wp-json\/wp\/v2\/comments?post=29137"}],"version-history":[{"count":0,"href":"https:\/\/cheveuxluxe.com\/index.php\/wp-json\/wp\/v2\/product\/29137\/revisions"}],"wp:featuredmedia":[{"embeddable":true,"href":"https:\/\/cheveuxluxe.com\/index.php\/wp-json\/wp\/v2\/media\/29135"}],"wp:attachment":[{"href":"https:\/\/cheveuxluxe.com\/index.php\/wp-json\/wp\/v2\/media?parent=29137"}],"wp:term":[{"taxonomy":"pwb-brand","embeddable":true,"href":"https:\/\/cheveuxluxe.com\/index.php\/wp-json\/wp\/v2\/pwb-brand?post=29137"},{"taxonomy":"product_cat","embeddable":true,"href":"https:\/\/cheveuxluxe.com\/index.php\/wp-json\/wp\/v2\/product_cat?post=29137"},{"taxonomy":"product_tag","embeddable":true,"href":"https:\/\/cheveuxluxe.com\/index.php\/wp-json\/wp\/v2\/product_tag?post=29137"}],"curies":[{"name":"wp","href":"https:\/\/api.w.org\/{rel}","templated":true}]}}