{"id":29138,"date":"2024-04-09T21:54:29","date_gmt":"2024-04-09T21:54:29","guid":{"rendered":"https:\/\/cheveuxluxe.com\/index.php\/product\/redken-extreme-bleach-recovery-shampooing-1l\/"},"modified":"2024-04-13T14:11:16","modified_gmt":"2024-04-13T14:11:16","slug":"redken-extreme-bleach-recovery-shampooing-1l","status":"publish","type":"product","link":"https:\/\/cheveuxluxe.com\/index.php\/product\/redken-extreme-bleach-recovery-shampooing-1l\/","title":{"rendered":"Redken Extreme Bleach Recovery Shampooing 1L"},"content":{"rendered":"<div class=\"product-content_bottom\">\n<div class=\"pdp-info\">\n<div class=\"pdp-tabs tab-container\">\n<div class=\"tab js-tab\">\n<h3 class=\"tab-title pdp-tabs_title js-tab-mobile-title open\"><span>Points cl\u00e9s<\/span><\/h3>\n<div class=\"tab-description pdp-tabs_description js-tab-description open\" itemprop=\"description\">\n<ul>\n<li>Shampoing doux et fortifiant<\/li>\n<li>Sp\u00e9cialement con\u00e7u pour les cheveux fragiles apr\u00e8s d\u00e9coloration<\/li>\n<li>Formul\u00e9 pour r\u00e9parer, nourrir et combattre la rigidit\u00e9 des cheveux, tout en les nettoyant.<\/li>\n<\/ul>\n<\/div>\n<\/div>\n<div class=\"tab js-tab\">\n<h3 class=\"tab-title pdp-tabs_title js-tab-mobile-title\"><span>Description<\/span><\/h3>\n<div class=\"tab-description pdp-tabs_description js-tab-description\" itemprop=\"description\">D\u00e9couvrez toute l&rsquo;efficacit\u00e9 de Redken ! Gr\u00e2ce \u00e0 une approche unique bas\u00e9e sur la science, nos produits sont \u00e9labor\u00e9s pour apporter hydratation et prot\u00e9ines en respectant le pH du cheveu.<br \/>Test\u00e9s dermatologiquement et recommand\u00e9s par les professionnels de la coiffure.<br \/>Shampoing avec soin int\u00e9gr\u00e9, con\u00e7u sp\u00e9cifiquement pour les cheveux fragilis\u00e9s suite \u00e0 une d\u00e9coloration.<br \/>L&rsquo;utilisation des 3 gestes de la gamme permet de combattre les dommages et la s\u00e9cheresse caus\u00e9s par les d\u00e9colorations et d&rsquo;apporter instantan\u00e9ment douceur, fluidit\u00e9 et r\u00e9paration.<\/div>\n<\/div>\n<div class=\"tab js-tab\">\n<h3 class=\"tab-title pdp-tabs_title js-tab-mobile-title\"><span>Mode d&#8217;emploi<\/span><\/h3>\n<div class=\"tab-description pdp-tabs_description js-tab-description\">Appliquer sur cheveux humides.<br \/>Masser et puis rincer.<\/div>\n<\/div>\n<div class=\"tab js-tab\">\n<h3 class=\"tab-title pdp-tabs_title js-tab-mobile-title\"><span>Ingr\u00e9dients<\/span><\/h3>\n<div class=\"tab-description pdp-tabs_description js-tab-description\">aqua \/ water \/ eau sodium laureth sulfate coco-betaine glycerin glycol distearate sodium chloride propylene glycol parfum \/ fragrance polyquaternium-10 sodium benzoate sodium hydroxide citric acid ppg-5-ceteth-20 carbomer salicylic acid benzyl benzoate centella asiatica extract limonene benzyl alcohol linalool ci 61570 \/ green 5 ci 60730 \/ ext. violet 2 ci 47005 \/ yellow 10<\/div>\n<\/div>\n<div class=\"tab js-tab\">\n<h3 class=\"tab-title pdp-tabs_title js-tab-mobile-title\"><span>Livraison et stock<\/span><\/h3>\n<div class=\"tab-description pdp-tabs_description js-tab-description\">\n<div class=\"pdp-delivery_info\">\n<div class=\"content-asset\">Livraison et d\u00e9laisRetours et remboursements<\/div>\n<\/div>\n<\/div>\n<\/div>\n<\/div>\n<\/div>\n<\/div>\n","protected":false},"excerpt":{"rendered":"<p>Points cl\u00e9s Shampoing doux et fortifiant Sp\u00e9cialement con\u00e7u pour les cheveux fragiles apr\u00e8s d\u00e9coloration Formul\u00e9&hellip;<\/p>\n","protected":false},"featured_media":22234,"comment_status":"open","ping_status":"closed","template":"","meta":[],"pwb-brand":[647],"product_cat":[598],"product_tag":[321,127,599],"class_list":{"0":"post-29138","1":"product","2":"type-product","3":"status-publish","4":"has-post-thumbnail","6":"pwb-brand-redken","7":"product_cat-type-de-cheveux","8":"product_tag-redken","9":"product_tag-shampooing-et-coiffure","10":"product_tag-type-de-cheveux","12":"first","13":"instock","14":"taxable","15":"shipping-taxable","16":"purchasable","17":"product-type-simple","18":"layout-style-3","19":"col-md-4 col-sm-4 col-xs-6","20":"col-lg-3","21":"product-has-gallery","22":"product-style-default"},"aioseo_notices":[],"brands":[{"id":647,"name":"Redken","slug":"redken"}],"_links":{"self":[{"href":"https:\/\/cheveuxluxe.com\/index.php\/wp-json\/wp\/v2\/product\/29138","targetHints":{"allow":["GET"]}}],"collection":[{"href":"https:\/\/cheveuxluxe.com\/index.php\/wp-json\/wp\/v2\/product"}],"about":[{"href":"https:\/\/cheveuxluxe.com\/index.php\/wp-json\/wp\/v2\/types\/product"}],"replies":[{"embeddable":true,"href":"https:\/\/cheveuxluxe.com\/index.php\/wp-json\/wp\/v2\/comments?post=29138"}],"version-history":[{"count":0,"href":"https:\/\/cheveuxluxe.com\/index.php\/wp-json\/wp\/v2\/product\/29138\/revisions"}],"wp:featuredmedia":[{"embeddable":true,"href":"https:\/\/cheveuxluxe.com\/index.php\/wp-json\/wp\/v2\/media\/22234"}],"wp:attachment":[{"href":"https:\/\/cheveuxluxe.com\/index.php\/wp-json\/wp\/v2\/media?parent=29138"}],"wp:term":[{"taxonomy":"pwb-brand","embeddable":true,"href":"https:\/\/cheveuxluxe.com\/index.php\/wp-json\/wp\/v2\/pwb-brand?post=29138"},{"taxonomy":"product_cat","embeddable":true,"href":"https:\/\/cheveuxluxe.com\/index.php\/wp-json\/wp\/v2\/product_cat?post=29138"},{"taxonomy":"product_tag","embeddable":true,"href":"https:\/\/cheveuxluxe.com\/index.php\/wp-json\/wp\/v2\/product_tag?post=29138"}],"curies":[{"name":"wp","href":"https:\/\/api.w.org\/{rel}","templated":true}]}}