{"id":29139,"date":"2024-04-09T21:54:30","date_gmt":"2024-04-09T21:54:30","guid":{"rendered":"https:\/\/cheveuxluxe.com\/index.php\/product\/redken-acidic-bonding-concentrate-pre-traitement-intensif-150ml\/"},"modified":"2024-04-13T14:08:51","modified_gmt":"2024-04-13T14:08:51","slug":"redken-acidic-bonding-concentrate-pre-traitement-intensif-150ml","status":"publish","type":"product","link":"https:\/\/cheveuxluxe.com\/index.php\/product\/redken-acidic-bonding-concentrate-pre-traitement-intensif-150ml\/","title":{"rendered":"Redken Acidic Bonding Concentrate Pr\u00e9-Traitement Intensif 150ml"},"content":{"rendered":"<div class=\"product-content_bottom\">\n<div class=\"pdp-info\">\n<div class=\"pdp-tabs tab-container\">\n<div class=\"tab js-tab\">\n<h3 class=\"tab-title pdp-tabs_title js-tab-mobile-title open\"><span>Points cl\u00e9s<\/span><\/h3>\n<div class=\"tab-description pdp-tabs_description js-tab-description open\" itemprop=\"description\">\n<ul>\n<li>Formul\u00e9 pour pr\u00e9-traiter les cheveux<\/li>\n<li>Renforce la fibre capillaire de l&rsquo;int\u00e9rieur<\/li>\n<li>Pour tous les types et textures de cheveux<\/li>\n<\/ul>\n<\/div>\n<\/div>\n<div class=\"tab js-tab\">\n<h3 class=\"tab-title pdp-tabs_title js-tab-mobile-title\"><span>Description<\/span><\/h3>\n<div class=\"tab-description pdp-tabs_description js-tab-description\" itemprop=\"description\">Le Acidic Bonding Concentrate Intensive Treatment est formul\u00e9 pour pr\u00e9-traiter les cheveux avec la plus haute concentration de Acide Citrique + Bonding Care Complex de cette gamme de produits. Ce pr\u00e9-traitement renforce la fibre capillaire de l&rsquo;int\u00e9rieur et pr\u00e9pare les cheveux aux bienfaits du shampooing et du conditioiner Acid Bonding Concentrate. Le Intensive Treatment apporte un pouvoir fortifiant suppl\u00e9mentaire par rapport \u00e0 l&rsquo;utilisation du shampooing et du conditioner.<\/div>\n<\/div>\n<div class=\"tab js-tab\">\n<h3 class=\"tab-title pdp-tabs_title js-tab-mobile-title\"><span>Mode d&#8217;emploi<\/span><\/h3>\n<div class=\"tab-description pdp-tabs_description js-tab-description\">Appliquez sur les cheveux humides et laissez agir pendant 5 \u00e0 10 minutes. Rincez. Appliquez ensuite le shampooing Acidic Bonding Concentrate, faites mousser et rincez. Appliquez ensuite le conditionneur Acid Bonding Concentrate. En cas de contact avec les yeux, rincez imm\u00e9diatement.<\/div>\n<\/div>\n<div class=\"tab js-tab\">\n<h3 class=\"tab-title pdp-tabs_title js-tab-mobile-title\"><span>Ingr\u00e9dients<\/span><\/h3>\n<div class=\"tab-description pdp-tabs_description js-tab-description\">AQUA \/ WATER \u2022 CETEARYL ALCOHOL \u2022 GLYCERIN \u2022 BEHENTRIMONIUM CHLORIDE \u2022 STEARYL ALCOHOL \u2022 CITRIC ACID \u2022 CETYL ESTERS \u2022 SODIUM CITRATE \u2022 ISOPROPYL ALCOHOL \u2022 PARFUM \/ FRAGRANCE \u2022 PHENOXYETHANOL \u2022 POLYQUATERNIUM-10 \u2022 POLYSORBATE 20 \u2022 HYDROXYPROPYL GUAR \u2022 LIMONENE \u2022 LINALOOL<\/div>\n<\/div>\n<div class=\"tab js-tab\">\n<h3 class=\"tab-title pdp-tabs_title js-tab-mobile-title\"><span>Livraison et stock<\/span><\/h3>\n<div class=\"tab-description pdp-tabs_description js-tab-description\">\n<div class=\"pdp-delivery_info\">\n<div class=\"content-asset\">Livraison et d\u00e9laisRetours et remboursements<\/div>\n<\/div>\n<\/div>\n<\/div>\n<\/div>\n<\/div>\n<\/div>\n","protected":false},"excerpt":{"rendered":"<p>Points cl\u00e9s Formul\u00e9 pour pr\u00e9-traiter les cheveux Renforce la fibre capillaire de l&rsquo;int\u00e9rieur Pour tous&hellip;<\/p>\n","protected":false},"featured_media":20530,"comment_status":"open","ping_status":"closed","template":"","meta":[],"pwb-brand":[647],"product_cat":[598],"product_tag":[321,127,599],"class_list":{"0":"post-29139","1":"product","2":"type-product","3":"status-publish","4":"has-post-thumbnail","6":"pwb-brand-redken","7":"product_cat-type-de-cheveux","8":"product_tag-redken","9":"product_tag-shampooing-et-coiffure","10":"product_tag-type-de-cheveux","12":"first","13":"instock","14":"taxable","15":"shipping-taxable","16":"purchasable","17":"product-type-simple","18":"layout-style-3","19":"col-md-4 col-sm-4 col-xs-6","20":"col-lg-3","21":"product-has-gallery","22":"product-style-default"},"aioseo_notices":[],"brands":[{"id":647,"name":"Redken","slug":"redken"}],"_links":{"self":[{"href":"https:\/\/cheveuxluxe.com\/index.php\/wp-json\/wp\/v2\/product\/29139","targetHints":{"allow":["GET"]}}],"collection":[{"href":"https:\/\/cheveuxluxe.com\/index.php\/wp-json\/wp\/v2\/product"}],"about":[{"href":"https:\/\/cheveuxluxe.com\/index.php\/wp-json\/wp\/v2\/types\/product"}],"replies":[{"embeddable":true,"href":"https:\/\/cheveuxluxe.com\/index.php\/wp-json\/wp\/v2\/comments?post=29139"}],"version-history":[{"count":0,"href":"https:\/\/cheveuxluxe.com\/index.php\/wp-json\/wp\/v2\/product\/29139\/revisions"}],"wp:featuredmedia":[{"embeddable":true,"href":"https:\/\/cheveuxluxe.com\/index.php\/wp-json\/wp\/v2\/media\/20530"}],"wp:attachment":[{"href":"https:\/\/cheveuxluxe.com\/index.php\/wp-json\/wp\/v2\/media?parent=29139"}],"wp:term":[{"taxonomy":"pwb-brand","embeddable":true,"href":"https:\/\/cheveuxluxe.com\/index.php\/wp-json\/wp\/v2\/pwb-brand?post=29139"},{"taxonomy":"product_cat","embeddable":true,"href":"https:\/\/cheveuxluxe.com\/index.php\/wp-json\/wp\/v2\/product_cat?post=29139"},{"taxonomy":"product_tag","embeddable":true,"href":"https:\/\/cheveuxluxe.com\/index.php\/wp-json\/wp\/v2\/product_tag?post=29139"}],"curies":[{"name":"wp","href":"https:\/\/api.w.org\/{rel}","templated":true}]}}