{"id":29143,"date":"2024-04-09T21:54:38","date_gmt":"2024-04-09T21:54:38","guid":{"rendered":"https:\/\/cheveuxluxe.com\/index.php\/product\/redken-shampooing-amino-menthe\/"},"modified":"2024-04-13T13:56:00","modified_gmt":"2024-04-13T13:56:00","slug":"redken-shampooing-amino-menthe","status":"publish","type":"product","link":"https:\/\/cheveuxluxe.com\/index.php\/product\/redken-shampooing-amino-menthe\/","title":{"rendered":"Redken Shampooing Amino Menthe"},"content":{"rendered":"<div class=\"product-content_bottom\">\n<div class=\"pdp-info\">\n<div class=\"pdp-tabs tab-container\">\n<div class=\"tab js-tab\">\n<h3 class=\"tab-title pdp-tabs_title js-tab-mobile-title open\"><span>Points cl\u00e9s<\/span><\/h3>\n<div class=\"tab-description pdp-tabs_description js-tab-description open\" itemprop=\"description\">\n<ul>\n<li>Cible le cuir chevelu<\/li>\n<li>Purifie les racines grasses<\/li>\n<li>Hydrate les pointes s\u00e8ches<\/li>\n<li>Fortifie les longueurs<\/li>\n<\/ul>\n<\/div>\n<\/div>\n<div class=\"tab js-tab\">\n<h3 class=\"tab-title pdp-tabs_title js-tab-mobile-title\"><span>Description<\/span><\/h3>\n<div class=\"tab-description pdp-tabs_description js-tab-description\" itemprop=\"description\">D\u00e9couvrez toute l&rsquo;efficacit\u00e9 de Redken ! Gr\u00e2ce \u00e0 une approche unique bas\u00e9e sur la science, nos produits sont \u00e9labor\u00e9s pour apporter hydratation et prot\u00e9ines en respectant le pH du cheveu. Test\u00e9s dermatologiquement et recommand\u00e9s par les professionnels de la coiffure.<\/p>\n<p>Ce shampoing \u00e0 base d&rsquo;acides amin\u00e9s &amp; menthe rafraichissante purifie et apaise le cuir chevelu tout en hydratant et fortifiant les longueurs. Des cheveux sains commencent par un cuir chevelu au pH \u00e9quilibr\u00e9, de ce fait, la formule est au pH \u00e9quilibrant de 5.<\/p><\/div>\n<\/div>\n<div class=\"tab js-tab\">\n<h3 class=\"tab-title pdp-tabs_title js-tab-mobile-title\"><span>Mode d&#8217;emploi<\/span><\/h3>\n<div class=\"tab-description pdp-tabs_description js-tab-description\">Appliquer sur cheveux humides, masser. Rincer.<\/div>\n<\/div>\n<div class=\"tab js-tab\">\n<h3 class=\"tab-title pdp-tabs_title js-tab-mobile-title\"><span>Ingr\u00e9dients<\/span><\/h3>\n<div class=\"tab-description pdp-tabs_description js-tab-description\">AQUA \/ WATER, SODIUM LAURETH SULFATE, CITRIC ACID, COCAMIDOPROPYL BETAINE, SODIUM HYDROXIDE, SODIUM CHLORIDE, GLYCINE, PROPYLENE GLYCOL, PARFUM \/ FRAGRANCE, SODIUM BENZOATE, HEXYLENE GLYCOL, POLYQUATERNIUM-10, SALICYLIC ACID, MENTHOL, LIMONENE, LINALOOL, PENTYLENE GLYCOL, MENTHA PIPERITA EXTRACT \/ PEPPERMINT EXTRACT<\/div>\n<\/div>\n<div class=\"tab js-tab\">\n<h3 class=\"tab-title pdp-tabs_title js-tab-mobile-title\"><span>Livraison et stock<\/span><\/h3>\n<div class=\"tab-description pdp-tabs_description js-tab-description\">\n<div class=\"pdp-delivery_info\">\n<div class=\"content-asset\">Livraison et d\u00e9laisRetours et remboursements<\/div>\n<\/div>\n<\/div>\n<\/div>\n<div class=\"tab js-tab\">\n<h3 class=\"tab-title pdp-tabs_title js-tab-mobile-title\"><span>Pr\u00e9cautions d&#8217;emploi<\/span><\/h3>\n<div class=\"tab-description pdp-tabs_description js-tab-description\">En cas de contact avec les yeux, les rincer imm\u00e9diatement.<\/div>\n<\/div>\n<\/div>\n<\/div>\n<\/div>\n","protected":false},"excerpt":{"rendered":"<p>Points cl\u00e9s Cible le cuir chevelu Purifie les racines grasses Hydrate les pointes s\u00e8ches Fortifie&hellip;<\/p>\n","protected":false},"featured_media":29140,"comment_status":"open","ping_status":"closed","template":"","meta":[],"pwb-brand":[647],"product_cat":[573],"product_tag":[321,134,127],"class_list":{"0":"post-29143","1":"product","2":"type-product","3":"status-publish","4":"has-post-thumbnail","6":"pwb-brand-redken","7":"product_cat-shampooing","8":"product_tag-redken","9":"product_tag-shampooing","10":"product_tag-shampooing-et-coiffure","12":"first","13":"instock","14":"taxable","15":"shipping-taxable","16":"purchasable","17":"product-type-simple","18":"layout-style-3","19":"col-md-4 col-sm-4 col-xs-6","20":"col-lg-3","21":"product-has-gallery","22":"product-style-default"},"aioseo_notices":[],"brands":[{"id":647,"name":"Redken","slug":"redken"}],"_links":{"self":[{"href":"https:\/\/cheveuxluxe.com\/index.php\/wp-json\/wp\/v2\/product\/29143","targetHints":{"allow":["GET"]}}],"collection":[{"href":"https:\/\/cheveuxluxe.com\/index.php\/wp-json\/wp\/v2\/product"}],"about":[{"href":"https:\/\/cheveuxluxe.com\/index.php\/wp-json\/wp\/v2\/types\/product"}],"replies":[{"embeddable":true,"href":"https:\/\/cheveuxluxe.com\/index.php\/wp-json\/wp\/v2\/comments?post=29143"}],"version-history":[{"count":0,"href":"https:\/\/cheveuxluxe.com\/index.php\/wp-json\/wp\/v2\/product\/29143\/revisions"}],"wp:featuredmedia":[{"embeddable":true,"href":"https:\/\/cheveuxluxe.com\/index.php\/wp-json\/wp\/v2\/media\/29140"}],"wp:attachment":[{"href":"https:\/\/cheveuxluxe.com\/index.php\/wp-json\/wp\/v2\/media?parent=29143"}],"wp:term":[{"taxonomy":"pwb-brand","embeddable":true,"href":"https:\/\/cheveuxluxe.com\/index.php\/wp-json\/wp\/v2\/pwb-brand?post=29143"},{"taxonomy":"product_cat","embeddable":true,"href":"https:\/\/cheveuxluxe.com\/index.php\/wp-json\/wp\/v2\/product_cat?post=29143"},{"taxonomy":"product_tag","embeddable":true,"href":"https:\/\/cheveuxluxe.com\/index.php\/wp-json\/wp\/v2\/product_tag?post=29143"}],"curies":[{"name":"wp","href":"https:\/\/api.w.org\/{rel}","templated":true}]}}