{"id":29154,"date":"2024-04-09T21:55:03","date_gmt":"2024-04-09T21:55:03","guid":{"rendered":"https:\/\/cheveuxluxe.com\/index.php\/product\/pure-elements-barbary-fig-shampooing-revitalisant-bio-250ml\/"},"modified":"2024-04-13T14:26:13","modified_gmt":"2024-04-13T14:26:13","slug":"pure-elements-barbary-fig-shampooing-revitalisant-bio-250ml","status":"publish","type":"product","link":"https:\/\/cheveuxluxe.com\/index.php\/product\/pure-elements-barbary-fig-shampooing-revitalisant-bio-250ml\/","title":{"rendered":"Pure Elements Barbary Fig Shampooing Revitalisant &#8211; BIO 250ml"},"content":{"rendered":"<div class=\"product-content_bottom\">\n<div class=\"pdp-info\">\n<div class=\"pdp-tabs tab-container\">\n<div class=\"tab js-tab\">\n<h3 class=\"tab-title pdp-tabs_title js-tab-mobile-title open\"><span>Points cl\u00e9s<\/span><\/h3>\n<div class=\"tab-description pdp-tabs_description js-tab-description open\" itemprop=\"description\">\n<ul>\n<li>V\u00e9gan et certifi\u00e9 biologique<\/li>\n<li>Au moins 98\u00a0% du total des ingr\u00e9dients sont d&rsquo;origine naturelle<\/li>\n<li>Bouteille recycl\u00e9e \u00e0 100\u00a0% apr\u00e8s consommation<\/li>\n<li>Lavage doux et humide<\/li>\n<li>Pour les cheveux ternes et secs<\/li>\n<li>Avec des prot\u00e9ines de bl\u00e9 et de la figue de Barbarie d&rsquo;origine \u00e9thique<\/li>\n<li>\u00c9pic\u00e9 avec un m\u00e9lange d&rsquo;huiles essentielles et d&rsquo;extraits botaniques \u00e0 base de vanille aromatique.<\/li>\n<\/ul>\n<\/div>\n<\/div>\n<div class=\"tab js-tab\">\n<h3 class=\"tab-title pdp-tabs_title js-tab-mobile-title\"><span>Description<\/span><\/h3>\n<div class=\"tab-description pdp-tabs_description js-tab-description\" itemprop=\"description\">Shampoing certifi\u00e9 biologique, \u00e9pic\u00e9 avec un m\u00e9lange aromatique de vanille, d&rsquo;huiles essentielles et d&rsquo;extraits botaniques. Enrichi en prot\u00e9ines de bl\u00e9 et en extrait de figue de Barbarie biologique d&rsquo;origine \u00e9thique pour r\u00e9hydrater et raviver les cheveux secs. INGR\u00c9DIENTS : PROT\u00c9INES DE BL\u00c9 HYDROLYS\u00c9ES : Prot\u00e9ines, restructure et r\u00e9pare les cheveux. Les prot\u00e9ines de bl\u00e9 hydrolys\u00e9es sont une excellente source de prot\u00e9ines non animales et sont facilement absorb\u00e9es par les cheveux. Elles ajoutent du volume et du corps aux cheveux en p\u00e9n\u00e9trant dans la fibre capillaire et en am\u00e9liorant l&rsquo;hydratation. Elles forment \u00e9galement un film brillant \u00e0 la surface des cheveux et aident \u00e0 r\u00e9parer les cheveux endommag\u00e9s. Ce film cr\u00e9e une douceur et une brillance qui donne aux cheveux un aspect lustr\u00e9. Les prot\u00e9ines de bl\u00e9 hydrolys\u00e9es augmentent \u00e9galement la souplesse et l&rsquo;\u00e9lasticit\u00e9 des cheveux.<\/div>\n<\/div>\n<div class=\"tab js-tab\">\n<h3 class=\"tab-title pdp-tabs_title js-tab-mobile-title\"><span>Mode d&#8217;emploi<\/span><\/h3>\n<div class=\"tab-description pdp-tabs_description js-tab-description\">Rincez les cheveux, appliquez un shampoing et faites mousser. R\u00e9p\u00e9tez l&rsquo;op\u00e9ration si n\u00e9cessaire. Rincez abondamment et appliquez les \u00e9l\u00e9ments purs choisis\u00a0: revitalisant \/ masque \/ styler organique.<\/div>\n<\/div>\n<div class=\"tab js-tab\">\n<h3 class=\"tab-title pdp-tabs_title js-tab-mobile-title\"><span>Ingr\u00e9dients<\/span><\/h3>\n<div class=\"tab-description pdp-tabs_description js-tab-description\">Aqua, Rosmarinus Officinalis leaf water, Lauryl glucoside, Disodium cocoyl glutamate, Cocamidopropyl Betaine, Citric acid, Sodium cocoyl glutamate, Opuntia ficus-indica stem extract, Camellia sinensis leaf extract, Hydrolyzed wheat protein, Glycerin, Coco-glucoside, Glyceryl oleate, PCA Glyceryl Oleate, Guar hydroxypropyltrimonium chloride, sodium citrate, Sodium Chloride, Tocopherol, Hydrogenated Palm glycerides citrate, Sodium Benzoate, Potassium Sorbate, Parfum, Limonene, Linalool<\/div>\n<\/div>\n<div class=\"tab js-tab\">\n<h3 class=\"tab-title pdp-tabs_title js-tab-mobile-title\"><span>Livraison et stock<\/span><\/h3>\n<div class=\"tab-description pdp-tabs_description js-tab-description\">\n<div class=\"pdp-delivery_info\">\n<div class=\"content-asset\">Livraison et d\u00e9laisRetours et remboursements<\/div>\n<\/div>\n<\/div>\n<\/div>\n<div class=\"tab js-tab\">\n<h3 class=\"tab-title pdp-tabs_title js-tab-mobile-title\"><span>Pr\u00e9cautions d&#8217;emploi<\/span><\/h3>\n<div class=\"tab-description pdp-tabs_description js-tab-description\">Tous nos produits contiennent de petites quantit\u00e9s (moins de 0,5\u00a0%) d&rsquo;huiles essentielles pures soigneusement \u00e9quilibr\u00e9es pour am\u00e9liorer votre exp\u00e9rience sensorielle. Bien que les huiles essentielles aient de nombreuses propri\u00e9t\u00e9s b\u00e9n\u00e9fiques, si vous \u00eates une future maman ou si vous allaitez, vous souhaiterez peut-\u00eatre \u00e9viter certaines huiles essentielles. En cas de doute, consultez votre m\u00e9decin, les huiles essentielles ne sont pas recommand\u00e9es pour les enfants de moins de 3 ans<\/div>\n<\/div>\n<\/div>\n<\/div>\n<\/div>\n","protected":false},"excerpt":{"rendered":"<p>Points cl\u00e9s V\u00e9gan et certifi\u00e9 biologique Au moins 98\u00a0% du total des ingr\u00e9dients sont d&rsquo;origine&hellip;<\/p>\n","protected":false},"featured_media":21514,"comment_status":"open","ping_status":"closed","template":"","meta":[],"pwb-brand":[709],"product_cat":[617],"product_tag":[274,575,273],"class_list":{"0":"post-29154","1":"product","2":"type-product","3":"status-publish","4":"has-post-thumbnail","6":"pwb-brand-pure-elements","7":"product_cat-coiffure","8":"product_tag-coiffure","9":"product_tag-pure-elements","10":"product_tag-vegan","12":"first","13":"instock","14":"taxable","15":"shipping-taxable","16":"purchasable","17":"product-type-simple","18":"layout-style-3","19":"col-md-4 col-sm-4 col-xs-6","20":"col-lg-3","21":"product-style-default"},"aioseo_notices":[],"brands":[{"id":709,"name":"Pure Elements","slug":"pure-elements"}],"_links":{"self":[{"href":"https:\/\/cheveuxluxe.com\/index.php\/wp-json\/wp\/v2\/product\/29154","targetHints":{"allow":["GET"]}}],"collection":[{"href":"https:\/\/cheveuxluxe.com\/index.php\/wp-json\/wp\/v2\/product"}],"about":[{"href":"https:\/\/cheveuxluxe.com\/index.php\/wp-json\/wp\/v2\/types\/product"}],"replies":[{"embeddable":true,"href":"https:\/\/cheveuxluxe.com\/index.php\/wp-json\/wp\/v2\/comments?post=29154"}],"version-history":[{"count":0,"href":"https:\/\/cheveuxluxe.com\/index.php\/wp-json\/wp\/v2\/product\/29154\/revisions"}],"wp:featuredmedia":[{"embeddable":true,"href":"https:\/\/cheveuxluxe.com\/index.php\/wp-json\/wp\/v2\/media\/21514"}],"wp:attachment":[{"href":"https:\/\/cheveuxluxe.com\/index.php\/wp-json\/wp\/v2\/media?parent=29154"}],"wp:term":[{"taxonomy":"pwb-brand","embeddable":true,"href":"https:\/\/cheveuxluxe.com\/index.php\/wp-json\/wp\/v2\/pwb-brand?post=29154"},{"taxonomy":"product_cat","embeddable":true,"href":"https:\/\/cheveuxluxe.com\/index.php\/wp-json\/wp\/v2\/product_cat?post=29154"},{"taxonomy":"product_tag","embeddable":true,"href":"https:\/\/cheveuxluxe.com\/index.php\/wp-json\/wp\/v2\/product_tag?post=29154"}],"curies":[{"name":"wp","href":"https:\/\/api.w.org\/{rel}","templated":true}]}}