{"id":29156,"date":"2024-04-09T21:55:04","date_gmt":"2024-04-09T21:55:04","guid":{"rendered":"https:\/\/cheveuxluxe.com\/index.php\/product\/paul-mitchell-shampooing-post-coloration-color-protect-1l\/"},"modified":"2024-04-13T14:20:58","modified_gmt":"2024-04-13T14:20:58","slug":"paul-mitchell-shampooing-post-coloration-color-protect-1l","status":"publish","type":"product","link":"https:\/\/cheveuxluxe.com\/index.php\/product\/paul-mitchell-shampooing-post-coloration-color-protect-1l\/","title":{"rendered":"Paul Mitchell Shampooing Post-Coloration Color Protect 1L"},"content":{"rendered":"<div class=\"product-content_bottom\">\n<div class=\"pdp-info\">\n<div class=\"pdp-tabs tab-container\">\n<div class=\"tab js-tab\">\n<h3 class=\"tab-title pdp-tabs_title js-tab-mobile-title open\"><span>Points cl\u00e9s<\/span><\/h3>\n<div class=\"tab-description pdp-tabs_description js-tab-description open\" itemprop=\"description\">\n<ul>\n<li> Shampoing cheveux color\u00e9s<\/li>\n<li>Sans parab\u00e8ne<\/li>\n<li>Vegan<\/li>\n<li>Hydratant<\/li>\n<li>Protection couleur <\/li>\n<\/ul>\n<\/div>\n<\/div>\n<div class=\"tab js-tab\">\n<h3 class=\"tab-title pdp-tabs_title js-tab-mobile-title\"><span>Description<\/span><\/h3>\n<div class=\"tab-description pdp-tabs_description js-tab-description\" itemprop=\"description\">Le shampoing Color Protect de Paul Mitchell est un produit professionnel au service des cheveux ayant subi une coloration. Ses actifs protecteurs et hydratants permettent d\u2019\u00e9viter l\u2019ass\u00e8chement de la fibre capillaire et rendent toute sa souplesse \u00e0 la chevelure. Les cheveux sont renforc\u00e9s, doux et \u00e9clatants de couleur.<\/p>\n<p>Enrichi en extrait de tournesol, ce shampoing prot\u00e8ge en plus des rayons UV pour garder une couleur intense et \u00e9viter les effets de d\u00e9coloration et de ternissement. La coloration dure plus longtemps et la chevelure est brillante et saine.<\/p>\n<p>Les shampoings et apr\u00e8s-shampoings Paul Mitchell sont des produits sans parab\u00e8ne et vegans, pour prendre soin des cheveux tout en respectant l\u2019environnement. \u00c0 utiliser en association avec l\u2019apr\u00e8s-shampoing Color Protect pour une protection et une brillance optimale.<\/p><\/div>\n<\/div>\n<div class=\"tab js-tab\">\n<h3 class=\"tab-title pdp-tabs_title js-tab-mobile-title\"><span>Mode d&#8217;emploi<\/span><\/h3>\n<div class=\"tab-description pdp-tabs_description js-tab-description\">Le shampoing Color Protect de Paul Mitchell est un produit concentr\u00e9.<br \/>\u2013\u00a0Appliquez une petite dose de produit sur cheveux mouill\u00e9s.<br \/>\u2013\u00a0Massez le cuir chevelu et r\u00e9partissez sur toute la chevelure.<br \/>\u2013\u00a0Rincez abondamment \u00e0 l\u2019eau claire.<\/p>\n<p>Dans la m\u00eame gamme, adoptez le spray Color Protect\u00a0: un spray quotidien qui pr\u00e9serve la couleur et prolonge l\u2019\u00e9clat de la coloration tout en rendant la chevelure plus brillante.<\/p><\/div>\n<\/div>\n<div class=\"tab js-tab\">\n<h3 class=\"tab-title pdp-tabs_title js-tab-mobile-title\"><span>Ingr\u00e9dients<\/span><\/h3>\n<div class=\"tab-description pdp-tabs_description js-tab-description\">Aqua (Water, Eau), Sodium Laureth Sulfate, Sodium Chloride, Cocamide MIPA, Panthenol, Hedychium Coronarium (White Ginger) Root Extract, Rosmarinus Officinalis (Rosemary) Leaf, Simmondsia Chinensis (Jojoba) Seed Oil, Aloe Barbadensis Extract, Anthemis Nobilis Flower Extract, Ascophyllum Nodosum Extract, Foeniculum Vulgare (Fennel) Fruit Extract, Triticum Vulgare (Wheat) Germ Oil, Leuconostoc\/Radish Root Ferment Filtrate, Bisamino PEG\/PPG-41\/3 Aminoethyl PG-Propyl Dimethicone, Butylene Glycol, Citric Acid, Ethylhexylglycerin, Hydroxypropyl Methylcellulose, Isopropanolamine, PEG-12 Dimethicone, Polyquaternium-44, Tetrasodium EDTA, Phenoxyethanol, Magnesium Chloride, Magnesium Nitrate, Methylchloroisothiazolinone, Methylisothiazolinone, Parfum (Fragrance), Benzyl Salicylate, Geraniol, Hexyl Cinnamal, Hydroxycitronellal, Linalool<\/div>\n<\/div>\n<div class=\"tab js-tab\">\n<h3 class=\"tab-title pdp-tabs_title js-tab-mobile-title\"><span>Livraison et stock<\/span><\/h3>\n<div class=\"tab-description pdp-tabs_description js-tab-description\">\n<div class=\"pdp-delivery_info\">\n<div class=\"content-asset\">Livraison et d\u00e9laisRetours et remboursements<\/div>\n<\/div>\n<\/div>\n<\/div>\n<\/div>\n<\/div>\n<\/div>\n","protected":false},"excerpt":{"rendered":"<p>Points cl\u00e9s Shampoing cheveux color\u00e9s Sans parab\u00e8ne Vegan Hydratant Protection couleur Description Le shampoing Color&hellip;<\/p>\n","protected":false},"featured_media":21353,"comment_status":"open","ping_status":"closed","template":"","meta":[],"pwb-brand":[660],"product_cat":[610],"product_tag":[611,373,127],"class_list":{"0":"post-29156","1":"product","2":"type-product","3":"status-publish","4":"has-post-thumbnail","6":"pwb-brand-paul-mitchell","7":"product_cat-grands-formats","8":"product_tag-grands-formats","9":"product_tag-paul-mitchell","10":"product_tag-shampooing-et-coiffure","12":"first","13":"instock","14":"taxable","15":"shipping-taxable","16":"purchasable","17":"product-type-simple","18":"layout-style-3","19":"col-md-4 col-sm-4 col-xs-6","20":"col-lg-3","21":"product-style-default"},"aioseo_notices":[],"brands":[{"id":660,"name":"Paul Mitchell","slug":"paul-mitchell"}],"_links":{"self":[{"href":"https:\/\/cheveuxluxe.com\/index.php\/wp-json\/wp\/v2\/product\/29156","targetHints":{"allow":["GET"]}}],"collection":[{"href":"https:\/\/cheveuxluxe.com\/index.php\/wp-json\/wp\/v2\/product"}],"about":[{"href":"https:\/\/cheveuxluxe.com\/index.php\/wp-json\/wp\/v2\/types\/product"}],"replies":[{"embeddable":true,"href":"https:\/\/cheveuxluxe.com\/index.php\/wp-json\/wp\/v2\/comments?post=29156"}],"version-history":[{"count":0,"href":"https:\/\/cheveuxluxe.com\/index.php\/wp-json\/wp\/v2\/product\/29156\/revisions"}],"wp:featuredmedia":[{"embeddable":true,"href":"https:\/\/cheveuxluxe.com\/index.php\/wp-json\/wp\/v2\/media\/21353"}],"wp:attachment":[{"href":"https:\/\/cheveuxluxe.com\/index.php\/wp-json\/wp\/v2\/media?parent=29156"}],"wp:term":[{"taxonomy":"pwb-brand","embeddable":true,"href":"https:\/\/cheveuxluxe.com\/index.php\/wp-json\/wp\/v2\/pwb-brand?post=29156"},{"taxonomy":"product_cat","embeddable":true,"href":"https:\/\/cheveuxluxe.com\/index.php\/wp-json\/wp\/v2\/product_cat?post=29156"},{"taxonomy":"product_tag","embeddable":true,"href":"https:\/\/cheveuxluxe.com\/index.php\/wp-json\/wp\/v2\/product_tag?post=29156"}],"curies":[{"name":"wp","href":"https:\/\/api.w.org\/{rel}","templated":true}]}}