{"id":29157,"date":"2024-04-09T21:55:04","date_gmt":"2024-04-09T21:55:04","guid":{"rendered":"https:\/\/cheveuxluxe.com\/index.php\/product\/paul-mitchell-shampooing-hydratation-intense-forever-blonde-250ml\/"},"modified":"2024-04-13T14:20:59","modified_gmt":"2024-04-13T14:20:59","slug":"paul-mitchell-shampooing-hydratation-intense-forever-blonde-250ml","status":"publish","type":"product","link":"https:\/\/cheveuxluxe.com\/index.php\/product\/paul-mitchell-shampooing-hydratation-intense-forever-blonde-250ml\/","title":{"rendered":"Paul Mitchell Shampooing Hydratation Intense Forever Blonde 250ml"},"content":{"rendered":"<div class=\"product-content_bottom\">\n<div class=\"pdp-info\">\n<div class=\"pdp-tabs tab-container\">\n<div class=\"tab js-tab\">\n<h3 class=\"tab-title pdp-tabs_title js-tab-mobile-title open\"><span>Points cl\u00e9s<\/span><\/h3>\n<div class=\"tab-description pdp-tabs_description js-tab-description open\" itemprop=\"description\">\n<ul>\n<li> Blond lumineux<\/li>\n<li>Coloration pr\u00e9serv\u00e9e<\/li>\n<li>R\u00e9paration intense<\/li>\n<li>Douceur et \u00e9clat <\/li>\n<\/ul>\n<\/div>\n<\/div>\n<div class=\"tab js-tab\">\n<h3 class=\"tab-title pdp-tabs_title js-tab-mobile-title\"><span>Description<\/span><\/h3>\n<div class=\"tab-description pdp-tabs_description js-tab-description\" itemprop=\"description\">\n<p>La pollution, les lavages r\u00e9guliers et la chaleur sont autant d\u2019agressions qui ab\u00eement et jaunissent les cheveux blonds color\u00e9s ou d\u00e9color\u00e9s. Au fur et \u00e0 mesure du temps, les tons dor\u00e9s affichent des reflets peu esth\u00e9tiques.<\/p>\n<p>Paul Mitchell a la solution ! Gr\u00e2ce \u00e0 ses pigments et \u00e0 ses ingr\u00e9dients actifs comme le safran des Indes, la camomille et le zeste de citron, les blonds naturels restent lumineux\u2026 et pour longtemps ! afin de conserver un blond naturel et lumineux. Avec sa formulation unique, le shampooing Forever Blonde hydrate la fibre capillaire sans alourdir les cheveux. Plus doux, les cheveux se d\u00e9m\u00ealent facilement et affichent un blond \u00e9clatant de vitalit\u00e9 !<\/p>\n<p>La technologie Keractive Repair, d\u00e9velopp\u00e9e par les experts Paul Mitchell, assure une nutrition intense jusqu\u2019au c\u0153ur de la fibre capillaire et referme les \u00e9cailles en surface. Instantan\u00e9ment, le cheveu retrouve son \u00e9lasticit\u00e9 naturelle et une brillance \u00e9tincelante !<\/p>\n<p>On aime : sa formulation sans parab\u00e8nes, sans sulfates ni gluten.<\/p>\n<\/div>\n<\/div>\n<div class=\"tab js-tab\">\n<h3 class=\"tab-title pdp-tabs_title js-tab-mobile-title\"><span>Mode d&#8217;emploi<\/span><\/h3>\n<div class=\"tab-description pdp-tabs_description js-tab-description\">Appliquez une petite dose de shampooing sur l\u2019ensemble des cheveux mouill\u00e9s avant de rincer soigneusement \u00e0 l\u2019eau claire.<br \/>Puis proc\u00e9dez au coiffage habituel.<\/div>\n<\/div>\n<div class=\"tab js-tab\">\n<h3 class=\"tab-title pdp-tabs_title js-tab-mobile-title\"><span>Ingr\u00e9dients<\/span><\/h3>\n<div class=\"tab-description pdp-tabs_description js-tab-description\">Aqua (Water, Eau), Sodium Cocoyl Isethionate, Disodium Laureth Sulfosuccinate, Cocamidopropyl Betaine, Divinyldimethicone\/Dimethicone Copolymer, Sodium Chloride, Sodium Lauryl Sulfoacetate, Sodium Lauroyl Sarcosinate, Glycerin, Polyquaternium-7, Keratin, Anthemis Nobilis (Chamomile) Flower Extract, Curcuma Longa (Turmeric) Root Extract, Calendula Officinalis Flower Extract, Verbascum Thapsus Extract, Carthamus Tinctorius (Safflower) Oleosomes, Hydrolyzed Keratin, Oxidized Keratin, Amodimethicone, C11-15 Pareth-7, C12-13 Pareth-23, C12-13 Pareth-3, Disodium EDTA, Glycereth-26, Glyceryl Distearate, Laureth-9, Magnesium Chloride, Magnesium Nitrate, Polyquaternium-10, Sodium Sulfate, Trideceth-12, Methylchloroisothiazolinone, Methylisothiazolinone, Phenoxyethanol, Parfum (Fragrance), Linalool, CI 60730 (Ext. Violet 2), Sodium Acetate.<\/div>\n<\/div>\n<div class=\"tab js-tab\">\n<h3 class=\"tab-title pdp-tabs_title js-tab-mobile-title\"><span>Livraison et stock<\/span><\/h3>\n<div class=\"tab-description pdp-tabs_description js-tab-description\">\n<div class=\"pdp-delivery_info\">\n<div class=\"content-asset\">Livraison et d\u00e9laisRetours et remboursements<\/div>\n<\/div>\n<\/div>\n<\/div>\n<\/div>\n<\/div>\n<\/div>\n","protected":false},"excerpt":{"rendered":"<p>Points cl\u00e9s Blond lumineux Coloration pr\u00e9serv\u00e9e R\u00e9paration intense Douceur et \u00e9clat Description La pollution, les&hellip;<\/p>\n","protected":false},"featured_media":16077,"comment_status":"open","ping_status":"closed","template":"","meta":[],"pwb-brand":[660],"product_cat":[610],"product_tag":[611,373,127],"class_list":{"0":"post-29157","1":"product","2":"type-product","3":"status-publish","4":"has-post-thumbnail","6":"pwb-brand-paul-mitchell","7":"product_cat-grands-formats","8":"product_tag-grands-formats","9":"product_tag-paul-mitchell","10":"product_tag-shampooing-et-coiffure","12":"first","13":"instock","14":"taxable","15":"shipping-taxable","16":"purchasable","17":"product-type-simple","18":"layout-style-3","19":"col-md-4 col-sm-4 col-xs-6","20":"col-lg-3","21":"product-style-default"},"aioseo_notices":[],"brands":[{"id":660,"name":"Paul Mitchell","slug":"paul-mitchell"}],"_links":{"self":[{"href":"https:\/\/cheveuxluxe.com\/index.php\/wp-json\/wp\/v2\/product\/29157","targetHints":{"allow":["GET"]}}],"collection":[{"href":"https:\/\/cheveuxluxe.com\/index.php\/wp-json\/wp\/v2\/product"}],"about":[{"href":"https:\/\/cheveuxluxe.com\/index.php\/wp-json\/wp\/v2\/types\/product"}],"replies":[{"embeddable":true,"href":"https:\/\/cheveuxluxe.com\/index.php\/wp-json\/wp\/v2\/comments?post=29157"}],"version-history":[{"count":0,"href":"https:\/\/cheveuxluxe.com\/index.php\/wp-json\/wp\/v2\/product\/29157\/revisions"}],"wp:featuredmedia":[{"embeddable":true,"href":"https:\/\/cheveuxluxe.com\/index.php\/wp-json\/wp\/v2\/media\/16077"}],"wp:attachment":[{"href":"https:\/\/cheveuxluxe.com\/index.php\/wp-json\/wp\/v2\/media?parent=29157"}],"wp:term":[{"taxonomy":"pwb-brand","embeddable":true,"href":"https:\/\/cheveuxluxe.com\/index.php\/wp-json\/wp\/v2\/pwb-brand?post=29157"},{"taxonomy":"product_cat","embeddable":true,"href":"https:\/\/cheveuxluxe.com\/index.php\/wp-json\/wp\/v2\/product_cat?post=29157"},{"taxonomy":"product_tag","embeddable":true,"href":"https:\/\/cheveuxluxe.com\/index.php\/wp-json\/wp\/v2\/product_tag?post=29157"}],"curies":[{"name":"wp","href":"https:\/\/api.w.org\/{rel}","templated":true}]}}