{"id":29182,"date":"2024-04-09T21:55:44","date_gmt":"2024-04-09T21:55:44","guid":{"rendered":"https:\/\/cheveuxluxe.com\/index.php\/product\/paul-mitchell-shampooing-doux-quotidien-color-protect\/"},"modified":"2024-04-13T14:21:12","modified_gmt":"2024-04-13T14:21:12","slug":"paul-mitchell-shampooing-doux-quotidien-color-protect","status":"publish","type":"product","link":"https:\/\/cheveuxluxe.com\/index.php\/product\/paul-mitchell-shampooing-doux-quotidien-color-protect\/","title":{"rendered":"Paul Mitchell Shampooing doux quotidien Color Protect"},"content":{"rendered":"<div class=\"product-content_bottom\">\n<div class=\"pdp-info\">\n<div class=\"pdp-tabs tab-container\">\n<div class=\"tab js-tab\">\n<h3 class=\"tab-title pdp-tabs_title js-tab-mobile-title open\"><span>Points cl\u00e9s<\/span><\/h3>\n<div class=\"tab-description pdp-tabs_description js-tab-description open\" itemprop=\"description\">\n<ul>\n<li>Nettoie en douceur les cheveux color\u00e9s<\/li>\n<li>Hydrate, renforce et fait briller<\/li>\n<li>Am\u00e9liore la tenue des couleurs en les prot\u00e9geant du soleil<\/li>\n<li>L&rsquo;extrait de tournesol offre une protection UV intense<\/li>\n<li>Les agents revitalisants hydratent et donnent de la brillance<\/li>\n<\/ul>\n<\/div>\n<\/div>\n<div class=\"tab js-tab\">\n<h3 class=\"tab-title pdp-tabs_title js-tab-mobile-title\"><span>Description<\/span><\/h3>\n<div class=\"tab-description pdp-tabs_description js-tab-description\" itemprop=\"description\">Ce qu&rsquo;il fait\u00a0: <br \/> Nettoie les cheveux color\u00e9s tout en les hydratant, en les renfor\u00e7ant et en les rendant plus brillants.<br \/>Comment \u00e7a marche\u00a0: <br \/> L&rsquo;extrait de tournesol offre une protection UV intense, tandis que les agents et extraits revitalisants hydratent et ajoutent de la brillance.<br \/>Bonus\u00a0: <br \/> Aide les couleurs \u00e0 durer plus longtemps en les prot\u00e9geant du soleil.<\/div>\n<\/div>\n<div class=\"tab js-tab\">\n<h3 class=\"tab-title pdp-tabs_title js-tab-mobile-title\"><span>Mode d&#8217;emploi<\/span><\/h3>\n<div class=\"tab-description pdp-tabs_description js-tab-description\">Appliquez une petite quantit\u00e9.<br \/>Massez.<br \/>Rincez.<\/div>\n<\/div>\n<div class=\"tab js-tab\">\n<h3 class=\"tab-title pdp-tabs_title js-tab-mobile-title\"><span>Ingr\u00e9dients<\/span><\/h3>\n<div class=\"tab-description pdp-tabs_description js-tab-description\">Aqua (Water, Eau), Ammonium Lauryl Sulfate, Sodium Myreth Sulfate, Cocamide MIPA, Cocamidopropyl Betaine, Panthenol, Helianthus Annuus (Sunflower) Extract, Hedychium Coronarium (White Ginger) Root Extract, Aloe Barbadensis Extract, Anthemis Nobilis Flower Extract, Rosmarinus Officinalis (Rosemary) Leaf, Simmondsia Chinensis (Jojoba) Seed Oil, Ascophyllum Nodosum Extract, Triticum Vulgare (Wheat) Starch, Hydrolyzed Wheat Protein, Alcohol Denat., Bisamino PEG\/PPG-41\/3 Aminoethyl PG-Propyl Dimethicone, PEG-12 Dimethicone, Butylene Glycol, Cinnamidopropyltrimonium Chloride, Citric Acid, Ethylhexylglycerin, Glycerin, Glycol Distearate, Glycol Stearate, Hydroxypropyl Guar Hydroxypropyltrimonium Chloride, Polyquaternium-44, Sodium Chloride, Sodium Sulfate, Steareth-4, Phenoxyethanol, Potassium Sorbate, Sodium Benzoate, Magnesium Chloride, Magnesium Nitrate, Methylchloroisothiazolinone, Methylisothiazolinone, Parfum (Fragrance), Benzyl Alcohol, Benzyl Salicylate, Geraniol, Hexyl Cinnamal, Hydroxycitronellal, Linalool<\/div>\n<\/div>\n<div class=\"tab js-tab\">\n<h3 class=\"tab-title pdp-tabs_title js-tab-mobile-title\"><span>Livraison et stock<\/span><\/h3>\n<div class=\"tab-description pdp-tabs_description js-tab-description\">\n<div class=\"pdp-delivery_info\">\n<div class=\"content-asset\">Livraison et d\u00e9laisRetours et remboursements<\/div>\n<\/div>\n<\/div>\n<\/div>\n<\/div>\n<\/div>\n<\/div>\n","protected":false},"excerpt":{"rendered":"<p>Points cl\u00e9s Nettoie en douceur les cheveux color\u00e9s Hydrate, renforce et fait briller Am\u00e9liore la&hellip;<\/p>\n","protected":false},"featured_media":29181,"comment_status":"open","ping_status":"closed","template":"","meta":[],"pwb-brand":[660],"product_cat":[610],"product_tag":[611,373,127],"class_list":{"0":"post-29182","1":"product","2":"type-product","3":"status-publish","4":"has-post-thumbnail","6":"pwb-brand-paul-mitchell","7":"product_cat-grands-formats","8":"product_tag-grands-formats","9":"product_tag-paul-mitchell","10":"product_tag-shampooing-et-coiffure","12":"first","13":"instock","14":"taxable","15":"shipping-taxable","16":"purchasable","17":"product-type-simple","18":"layout-style-3","19":"col-md-4 col-sm-4 col-xs-6","20":"col-lg-3","21":"product-style-default"},"aioseo_notices":[],"brands":[{"id":660,"name":"Paul Mitchell","slug":"paul-mitchell"}],"_links":{"self":[{"href":"https:\/\/cheveuxluxe.com\/index.php\/wp-json\/wp\/v2\/product\/29182","targetHints":{"allow":["GET"]}}],"collection":[{"href":"https:\/\/cheveuxluxe.com\/index.php\/wp-json\/wp\/v2\/product"}],"about":[{"href":"https:\/\/cheveuxluxe.com\/index.php\/wp-json\/wp\/v2\/types\/product"}],"replies":[{"embeddable":true,"href":"https:\/\/cheveuxluxe.com\/index.php\/wp-json\/wp\/v2\/comments?post=29182"}],"version-history":[{"count":0,"href":"https:\/\/cheveuxluxe.com\/index.php\/wp-json\/wp\/v2\/product\/29182\/revisions"}],"wp:featuredmedia":[{"embeddable":true,"href":"https:\/\/cheveuxluxe.com\/index.php\/wp-json\/wp\/v2\/media\/29181"}],"wp:attachment":[{"href":"https:\/\/cheveuxluxe.com\/index.php\/wp-json\/wp\/v2\/media?parent=29182"}],"wp:term":[{"taxonomy":"pwb-brand","embeddable":true,"href":"https:\/\/cheveuxluxe.com\/index.php\/wp-json\/wp\/v2\/pwb-brand?post=29182"},{"taxonomy":"product_cat","embeddable":true,"href":"https:\/\/cheveuxluxe.com\/index.php\/wp-json\/wp\/v2\/product_cat?post=29182"},{"taxonomy":"product_tag","embeddable":true,"href":"https:\/\/cheveuxluxe.com\/index.php\/wp-json\/wp\/v2\/product_tag?post=29182"}],"curies":[{"name":"wp","href":"https:\/\/api.w.org\/{rel}","templated":true}]}}