{"id":29187,"date":"2024-04-09T21:55:58","date_gmt":"2024-04-09T21:55:58","guid":{"rendered":"https:\/\/cheveuxluxe.com\/index.php\/product\/paul-mitchell-shampooing-tree-tea-lemon-sage-1l\/"},"modified":"2024-04-13T14:21:13","modified_gmt":"2024-04-13T14:21:13","slug":"paul-mitchell-shampooing-tree-tea-lemon-sage-1l","status":"publish","type":"product","link":"https:\/\/cheveuxluxe.com\/index.php\/product\/paul-mitchell-shampooing-tree-tea-lemon-sage-1l\/","title":{"rendered":"Paul Mitchell Shampooing Tree Tea Lemon Sage 1L"},"content":{"rendered":"<div class=\"product-content_bottom\">\n<div class=\"pdp-info\">\n<div class=\"pdp-tabs tab-container\">\n<div class=\"tab js-tab\">\n<h3 class=\"tab-title pdp-tabs_title js-tab-mobile-title open\"><span>Points cl\u00e9s<\/span><\/h3>\n<div class=\"tab-description pdp-tabs_description js-tab-description open\" itemprop=\"description\">\n<ul>\n<li>Complexe revitalisant<\/li>\n<li>\u00c9nergisant et volumisateur<\/li>\n<li>Volume<\/li>\n<li>Texture<\/li>\n<li>Densit\u00e9<\/li>\n<li>Cheveux fins<\/li>\n<\/ul>\n<\/div>\n<\/div>\n<div class=\"tab js-tab\">\n<h3 class=\"tab-title pdp-tabs_title js-tab-mobile-title\"><span>Description<\/span><\/h3>\n<div class=\"tab-description pdp-tabs_description js-tab-description\" itemprop=\"description\">Formul\u00e9 \u00e0 partir d\u2019agents naturels, le shampoing \u00e9nergisant et volumateur Tea Tree Lemon Sage de Paul Mitchell nettoie et d\u00e9m\u00eale les cheveux en douceur, pour leur apporter volume et tonus. D\u00e8s la premi\u00e8re utilisation, il renforce et dynamise visiblement les cheveux plats qui manquent d\u2019allure. Il agit sur les longueurs et apporte un soutien et une protection efficaces pour une coiffure d\u2019une excellente tenue.<\/p>\n<p>Son complexe revitalisant de citron, sauge, menthe et huile d\u2019arbre \u00e0 th\u00e9 p\u00e9n\u00e8tre la fibre pour l\u2019\u00e9paissir durablement d\u00e8s la racine, donne \u00e0 chaque cheveu texture et densit\u00e9 et pr\u00e9vient la formation de fourches.<\/p>\n<p>\u00c9nergisant et volumateur, ce shampoing convient aussi bien pour les cheveux fins que normaux, color\u00e9s ou ab\u00eem\u00e9s. Sans parab\u00e8ne, sans gluten, ni colorant, il prend soin de la chevelure, qui devient \u00e0 chaque shampoing plus volumineuse et \u00e9clatante.<\/p><\/div>\n<\/div>\n<div class=\"tab js-tab\">\n<h3 class=\"tab-title pdp-tabs_title js-tab-mobile-title\"><span>Mode d&#8217;emploi<\/span><\/h3>\n<div class=\"tab-description pdp-tabs_description js-tab-description\">\u2013\u00a0Mouillez les cheveux \u00e0 l\u2019eau ti\u00e8de.<br \/>\u2013\u00a0Appliquez une petite dose de shampoing sur toute la chevelure.<br \/>\u2013\u00a0Faites mousser, massez d\u00e9licatement le cuir chevelu, rincez abondamment.<br \/>\u2013\u00a0Proc\u00e9dez au coiffage selon votre mani\u00e8re habituelle\u00a0: brushing, s\u00e9chage naturel ou avec un s\u00e8che-cheveux.<\/p>\n<p>Compl\u00e9tez l\u2019effet du shampoing avec le soin \u00e9nergisant volumateur et le spray booster de coiffage ultral\u00e9ger de la m\u00eame gamme.<\/p><\/div>\n<\/div>\n<div class=\"tab js-tab\">\n<h3 class=\"tab-title pdp-tabs_title js-tab-mobile-title\"><span>Ingr\u00e9dients<\/span><\/h3>\n<div class=\"tab-description pdp-tabs_description js-tab-description\">Aqua (Water, Eau), Sodium Laureth Sulfate, Sodium Lauryl Sulfate, Sodium Chloride, Cocamide MIPA, Melaleuca Alternifolia (Tea Tree) Leaf Oil, Panthenol, Panthenyl Ethyl Ether, Polyquaternium-10, Sodium Xylenesulfonate, Tetrasodium EDTA, Citric Acid, Disodium EDTA, Isopropanolamine, Methylchloroisothiazolinone, Methylisothiazolinone, Magnesium Chloride, Magnesium Nitrate, Parfum (Fragrance), Citral, Limonene.<\/div>\n<\/div>\n<div class=\"tab js-tab\">\n<h3 class=\"tab-title pdp-tabs_title js-tab-mobile-title\"><span>Livraison et stock<\/span><\/h3>\n<div class=\"tab-description pdp-tabs_description js-tab-description\">\n<div class=\"pdp-delivery_info\">\n<div class=\"content-asset\">Livraison et d\u00e9laisRetours et remboursements<\/div>\n<\/div>\n<\/div>\n<\/div>\n<\/div>\n<\/div>\n<\/div>\n","protected":false},"excerpt":{"rendered":"<p>Points cl\u00e9s Complexe revitalisant \u00c9nergisant et volumisateur Volume Texture Densit\u00e9 Cheveux fins Description Formul\u00e9 \u00e0&hellip;<\/p>\n","protected":false},"featured_media":29183,"comment_status":"open","ping_status":"closed","template":"","meta":[],"pwb-brand":[660],"product_cat":[610],"product_tag":[611,373,127],"class_list":{"0":"post-29187","1":"product","2":"type-product","3":"status-publish","4":"has-post-thumbnail","6":"pwb-brand-paul-mitchell","7":"product_cat-grands-formats","8":"product_tag-grands-formats","9":"product_tag-paul-mitchell","10":"product_tag-shampooing-et-coiffure","12":"first","13":"instock","14":"taxable","15":"shipping-taxable","16":"purchasable","17":"product-type-simple","18":"layout-style-3","19":"col-md-4 col-sm-4 col-xs-6","20":"col-lg-3","21":"product-has-gallery","22":"product-style-default"},"aioseo_notices":[],"brands":[{"id":660,"name":"Paul Mitchell","slug":"paul-mitchell"}],"_links":{"self":[{"href":"https:\/\/cheveuxluxe.com\/index.php\/wp-json\/wp\/v2\/product\/29187","targetHints":{"allow":["GET"]}}],"collection":[{"href":"https:\/\/cheveuxluxe.com\/index.php\/wp-json\/wp\/v2\/product"}],"about":[{"href":"https:\/\/cheveuxluxe.com\/index.php\/wp-json\/wp\/v2\/types\/product"}],"replies":[{"embeddable":true,"href":"https:\/\/cheveuxluxe.com\/index.php\/wp-json\/wp\/v2\/comments?post=29187"}],"version-history":[{"count":0,"href":"https:\/\/cheveuxluxe.com\/index.php\/wp-json\/wp\/v2\/product\/29187\/revisions"}],"wp:featuredmedia":[{"embeddable":true,"href":"https:\/\/cheveuxluxe.com\/index.php\/wp-json\/wp\/v2\/media\/29183"}],"wp:attachment":[{"href":"https:\/\/cheveuxluxe.com\/index.php\/wp-json\/wp\/v2\/media?parent=29187"}],"wp:term":[{"taxonomy":"pwb-brand","embeddable":true,"href":"https:\/\/cheveuxluxe.com\/index.php\/wp-json\/wp\/v2\/pwb-brand?post=29187"},{"taxonomy":"product_cat","embeddable":true,"href":"https:\/\/cheveuxluxe.com\/index.php\/wp-json\/wp\/v2\/product_cat?post=29187"},{"taxonomy":"product_tag","embeddable":true,"href":"https:\/\/cheveuxluxe.com\/index.php\/wp-json\/wp\/v2\/product_tag?post=29187"}],"curies":[{"name":"wp","href":"https:\/\/api.w.org\/{rel}","templated":true}]}}