{"id":29188,"date":"2024-04-09T21:55:58","date_gmt":"2024-04-09T21:55:58","guid":{"rendered":"https:\/\/cheveuxluxe.com\/index.php\/product\/paul-mitchell-shampooing-awapuhi-100ml\/"},"modified":"2024-04-13T14:12:33","modified_gmt":"2024-04-13T14:12:33","slug":"paul-mitchell-shampooing-awapuhi-100ml","status":"publish","type":"product","link":"https:\/\/cheveuxluxe.com\/index.php\/product\/paul-mitchell-shampooing-awapuhi-100ml\/","title":{"rendered":"Paul Mitchell Shampooing Awapuhi 100ml"},"content":{"rendered":"<div class=\"product-content_bottom\">\n<div class=\"pdp-info\">\n<div class=\"pdp-tabs tab-container\">\n<div class=\"tab js-tab\">\n<h3 class=\"tab-title pdp-tabs_title js-tab-mobile-title open\"><span>Points cl\u00e9s<\/span><\/h3>\n<div class=\"tab-description pdp-tabs_description js-tab-description open\" itemprop=\"description\">\n<ul>\n<li>Nettoie en profondeur tout type de cheveux, y compris les cheveux color\u00e9s<\/li>\n<li>Aide \u00e0 \u00e9quilibrer l&rsquo;humidit\u00e9 et \u00e0 ajouter du volume<\/li>\n<li>Des revitalisants sp\u00e9ciaux aident \u00e0 am\u00e9liorer la texture des cheveux<\/li>\n<li>L&rsquo;awapuhi hawa\u00efen aide \u00e0 pr\u00e9venir la perte d&rsquo;humidit\u00e9<\/li>\n<li>Produit multi-usage coprs et cheveux<\/li>\n<\/ul>\n<\/div>\n<\/div>\n<div class=\"tab js-tab\">\n<h3 class=\"tab-title pdp-tabs_title js-tab-mobile-title\"><span>Description<\/span><\/h3>\n<div class=\"tab-description pdp-tabs_description js-tab-description\" itemprop=\"description\">Ce qu&rsquo;il fait\u00a0: <br \/> Nettoie en profondeur tout type de cheveux, y compris les cheveux color\u00e9s. Aide \u00e0 \u00e9quilibrer l&rsquo;hydratation et \u00e0 ajouter du volume.<br \/>Comment \u00e7a marche\u00a0: <br \/> L&rsquo;awapuhi hawa\u00efen aide \u00e0 pr\u00e9venir la perte d&rsquo;hydratation et des revitalisants sp\u00e9ciaux aident \u00e0 am\u00e9liorer la texture des cheveux.<br \/>Bonus\u00a0: <br \/> Produit multi-usages corps et cheveux.<\/div>\n<\/div>\n<div class=\"tab js-tab\">\n<h3 class=\"tab-title pdp-tabs_title js-tab-mobile-title\"><span>Mode d&#8217;emploi<\/span><\/h3>\n<div class=\"tab-description pdp-tabs_description js-tab-description\">Appliquez une petite quantit\u00e9.<br \/>Massez.<br \/>Rincez.<\/div>\n<\/div>\n<div class=\"tab js-tab\">\n<h3 class=\"tab-title pdp-tabs_title js-tab-mobile-title\"><span>Ingr\u00e9dients<\/span><\/h3>\n<div class=\"tab-description pdp-tabs_description js-tab-description\">Aqua (Water, Eau), Sodium Laureth Sulfate, Cocamide MIPA, Cocamidopropyl Betaine, Hedychium Coronarium (White Ginger) Root Extract, Aloe Barbadensis Extract, Anthemis Nobilis Flower Extract, Rosmarinus Officinalis Leaf, Simmondsia Chinensis Seed Oil, Ascophyllum Nodosum Extract, Bisamino PEG\/PPG-41\/3 Aminoethyl PG-Propyl Dimethicone, Citric Acid, Glycol Stearate, Isopropanolamine, Magnesium Chloride, Magnesium Nitrate, PEG-12 Dimethicone, PEG-14M, Tetrasodium EDTA, Methylchloroisothiazolinone, Methylisothiazolinone, Phenoxyethanol, Parfum (Fragrance), Benzyl Benzoate.<\/div>\n<\/div>\n<div class=\"tab js-tab\">\n<h3 class=\"tab-title pdp-tabs_title js-tab-mobile-title\"><span>Livraison et stock<\/span><\/h3>\n<div class=\"tab-description pdp-tabs_description js-tab-description\">\n<div class=\"pdp-delivery_info\">\n<div class=\"content-asset\">Livraison et d\u00e9laisRetours et remboursements<\/div>\n<\/div>\n<\/div>\n<\/div>\n<\/div>\n<\/div>\n<\/div>\n","protected":false},"excerpt":{"rendered":"<p>Points cl\u00e9s Nettoie en profondeur tout type de cheveux, y compris les cheveux color\u00e9s Aide&hellip;<\/p>\n","protected":false},"featured_media":16040,"comment_status":"open","ping_status":"closed","template":"","meta":[],"pwb-brand":[660],"product_cat":[598],"product_tag":[373,127,599],"class_list":{"0":"post-29188","1":"product","2":"type-product","3":"status-publish","4":"has-post-thumbnail","6":"pwb-brand-paul-mitchell","7":"product_cat-type-de-cheveux","8":"product_tag-paul-mitchell","9":"product_tag-shampooing-et-coiffure","10":"product_tag-type-de-cheveux","12":"first","13":"instock","14":"taxable","15":"shipping-taxable","16":"purchasable","17":"product-type-simple","18":"layout-style-3","19":"col-md-4 col-sm-4 col-xs-6","20":"col-lg-3","21":"product-style-default"},"aioseo_notices":[],"brands":[{"id":660,"name":"Paul Mitchell","slug":"paul-mitchell"}],"_links":{"self":[{"href":"https:\/\/cheveuxluxe.com\/index.php\/wp-json\/wp\/v2\/product\/29188","targetHints":{"allow":["GET"]}}],"collection":[{"href":"https:\/\/cheveuxluxe.com\/index.php\/wp-json\/wp\/v2\/product"}],"about":[{"href":"https:\/\/cheveuxluxe.com\/index.php\/wp-json\/wp\/v2\/types\/product"}],"replies":[{"embeddable":true,"href":"https:\/\/cheveuxluxe.com\/index.php\/wp-json\/wp\/v2\/comments?post=29188"}],"version-history":[{"count":0,"href":"https:\/\/cheveuxluxe.com\/index.php\/wp-json\/wp\/v2\/product\/29188\/revisions"}],"wp:featuredmedia":[{"embeddable":true,"href":"https:\/\/cheveuxluxe.com\/index.php\/wp-json\/wp\/v2\/media\/16040"}],"wp:attachment":[{"href":"https:\/\/cheveuxluxe.com\/index.php\/wp-json\/wp\/v2\/media?parent=29188"}],"wp:term":[{"taxonomy":"pwb-brand","embeddable":true,"href":"https:\/\/cheveuxluxe.com\/index.php\/wp-json\/wp\/v2\/pwb-brand?post=29188"},{"taxonomy":"product_cat","embeddable":true,"href":"https:\/\/cheveuxluxe.com\/index.php\/wp-json\/wp\/v2\/product_cat?post=29188"},{"taxonomy":"product_tag","embeddable":true,"href":"https:\/\/cheveuxluxe.com\/index.php\/wp-json\/wp\/v2\/product_tag?post=29188"}],"curies":[{"name":"wp","href":"https:\/\/api.w.org\/{rel}","templated":true}]}}