{"id":29208,"date":"2024-04-09T21:56:30","date_gmt":"2024-04-09T21:56:30","guid":{"rendered":"https:\/\/cheveuxluxe.com\/index.php\/product\/paul-mitchell-shampooing-hydratant-mirrorsmooth-250ml\/"},"modified":"2024-04-13T14:13:41","modified_gmt":"2024-04-13T14:13:41","slug":"paul-mitchell-shampooing-hydratant-mirrorsmooth-250ml","status":"publish","type":"product","link":"https:\/\/cheveuxluxe.com\/index.php\/product\/paul-mitchell-shampooing-hydratant-mirrorsmooth-250ml\/","title":{"rendered":"Paul Mitchell Shampooing Hydratant Mirrorsmooth 250ml"},"content":{"rendered":"<div class=\"product-content_bottom\">\n<div class=\"pdp-info\">\n<div class=\"pdp-tabs tab-container\">\n<div class=\"tab js-tab\">\n<h3 class=\"tab-title pdp-tabs_title js-tab-mobile-title open\"><span>Points cl\u00e9s<\/span><\/h3>\n<div class=\"tab-description pdp-tabs_description js-tab-description open\" itemprop=\"description\">\n<ul>\n<li>Brillance<\/li>\n<li>Lave<\/li>\n<li>Hydrate<\/li>\n<li>Lisse<\/li>\n<li>Douceur<\/li>\n<\/ul>\n<\/div>\n<\/div>\n<div class=\"tab js-tab\">\n<h3 class=\"tab-title pdp-tabs_title js-tab-mobile-title\"><span>Description<\/span><\/h3>\n<div class=\"tab-description pdp-tabs_description js-tab-description\" itemprop=\"description\">Le Shampoing Mirrorsmooth Awapuhi Wild Ginger de Paul Mitchell est tr\u00e8s doux sans sulfate, cette mousse riche restaure l\u2019\u00e9quilibre parfait des hydratants et laisse le cheveu hyper lisse et soyeux, il redonne \u00e9clat et vigueur aux cheveux ab\u00eem\u00e9s, apporte un fini brillant plein d&rsquo;\u00e9clat.<\/p>\n<p>Le m\u00e9lange exclusif KeraReflect\u2122 \u00e0 base d&rsquo;huile naturelle d&rsquo;Abyssinie lisse et adoucit les cheveux, qui sont ainsi faciles \u00e0 coiffer et \u00e9clatants de lumi\u00e8re. L&rsquo;huile v\u00e9g\u00e9tale d&rsquo;Abyssinie poss\u00e8de un toucher doux et une viscosit\u00e9 \u00e9lev\u00e9e sans aucune sensation de gras puisqu&rsquo;elle p\u00e9n\u00e8tre instantan\u00e9ment.<br \/>C&rsquo;est un ingr\u00e9dient de choix dans les produits capillaires et les gammes ethniques puisqu&rsquo;elle apporte un \u00e9clat naturel radieux aux cheveux les plus secs tout en d\u00e9m\u00ealant les cheveux les plus cr\u00e9pus.<\/div>\n<\/div>\n<div class=\"tab js-tab\">\n<h3 class=\"tab-title pdp-tabs_title js-tab-mobile-title\"><span>Mode d&#8217;emploi<\/span><\/h3>\n<div class=\"tab-description pdp-tabs_description js-tab-description\">Faire mousser sur cheveux mouill\u00e9s.<br \/>Rincer.<\/div>\n<\/div>\n<div class=\"tab js-tab\">\n<h3 class=\"tab-title pdp-tabs_title js-tab-mobile-title\"><span>Ingr\u00e9dients<\/span><\/h3>\n<div class=\"tab-description pdp-tabs_description js-tab-description\">Aqua (Water, Eau), Sodium Lauroyl Methyl Isethionate, Sodium Cocoyl Isethionate, Sodium Isethionate, Cocamidopropyl Betaine, Sodium Lauroyl Sarcosinate, PEG-150 Pentaerythrityl Tetrastearate, Crambe Abyssinica (Abyssinian) Seed Oil, Keratin, Hydrolyzed Keratin, Oxidized Keratin, Hedychium Coronarium (White Ginger) Flower, Leaf, Stem Extract, Coconut Acid, Glycol Distearate, PEG-150 Distearate, PEG-3 Dioleoylamidoethylmonium Methosulfate, Propylene Glycol, Glycerin, Amodimethicone, Morpholinomethyl Silsesquioxane Copolymer, PEG-6 Caprylic, Capric Glycerides, Citric Acid, Guar Hydroxypropyltrimonium Chloride, Glycol Stearate, Tetrasodium EDTA, Polyquaternium-59, Trideceth-10, Butylene Glycol, Magnesium Nitrate, Bisamino PEG, PPG-41, 3 Aminoethyl PG-Propyl Dimethicone, PEG-12 Dimethicone, Phenoxyethanol, Methylchloroisothiazolinone, Methylisothiazolinone, Parfum (Fragrance), Limonene, Hexyl Cinnamal, Benzyl Salicylate, Linalool, Alpha-Isomethyl Ionone<\/div>\n<\/div>\n<div class=\"tab js-tab\">\n<h3 class=\"tab-title pdp-tabs_title js-tab-mobile-title\"><span>Livraison et stock<\/span><\/h3>\n<div class=\"tab-description pdp-tabs_description js-tab-description\">\n<div class=\"pdp-delivery_info\">\n<div class=\"content-asset\">Livraison et d\u00e9laisRetours et remboursements<\/div>\n<\/div>\n<\/div>\n<\/div>\n<\/div>\n<\/div>\n<\/div>\n","protected":false},"excerpt":{"rendered":"<p>Points cl\u00e9s Brillance Lave Hydrate Lisse Douceur Description Le Shampoing Mirrorsmooth Awapuhi Wild Ginger de&hellip;<\/p>\n","protected":false},"featured_media":15852,"comment_status":"open","ping_status":"closed","template":"","meta":[],"pwb-brand":[660],"product_cat":[598],"product_tag":[373,127,599],"class_list":{"0":"post-29208","1":"product","2":"type-product","3":"status-publish","4":"has-post-thumbnail","6":"pwb-brand-paul-mitchell","7":"product_cat-type-de-cheveux","8":"product_tag-paul-mitchell","9":"product_tag-shampooing-et-coiffure","10":"product_tag-type-de-cheveux","12":"first","13":"instock","14":"taxable","15":"shipping-taxable","16":"purchasable","17":"product-type-simple","18":"layout-style-3","19":"col-md-4 col-sm-4 col-xs-6","20":"col-lg-3","21":"product-style-default"},"aioseo_notices":[],"brands":[{"id":660,"name":"Paul Mitchell","slug":"paul-mitchell"}],"_links":{"self":[{"href":"https:\/\/cheveuxluxe.com\/index.php\/wp-json\/wp\/v2\/product\/29208","targetHints":{"allow":["GET"]}}],"collection":[{"href":"https:\/\/cheveuxluxe.com\/index.php\/wp-json\/wp\/v2\/product"}],"about":[{"href":"https:\/\/cheveuxluxe.com\/index.php\/wp-json\/wp\/v2\/types\/product"}],"replies":[{"embeddable":true,"href":"https:\/\/cheveuxluxe.com\/index.php\/wp-json\/wp\/v2\/comments?post=29208"}],"version-history":[{"count":0,"href":"https:\/\/cheveuxluxe.com\/index.php\/wp-json\/wp\/v2\/product\/29208\/revisions"}],"wp:featuredmedia":[{"embeddable":true,"href":"https:\/\/cheveuxluxe.com\/index.php\/wp-json\/wp\/v2\/media\/15852"}],"wp:attachment":[{"href":"https:\/\/cheveuxluxe.com\/index.php\/wp-json\/wp\/v2\/media?parent=29208"}],"wp:term":[{"taxonomy":"pwb-brand","embeddable":true,"href":"https:\/\/cheveuxluxe.com\/index.php\/wp-json\/wp\/v2\/pwb-brand?post=29208"},{"taxonomy":"product_cat","embeddable":true,"href":"https:\/\/cheveuxluxe.com\/index.php\/wp-json\/wp\/v2\/product_cat?post=29208"},{"taxonomy":"product_tag","embeddable":true,"href":"https:\/\/cheveuxluxe.com\/index.php\/wp-json\/wp\/v2\/product_tag?post=29208"}],"curies":[{"name":"wp","href":"https:\/\/api.w.org\/{rel}","templated":true}]}}