{"id":29209,"date":"2024-04-09T21:56:30","date_gmt":"2024-04-09T21:56:30","guid":{"rendered":"https:\/\/cheveuxluxe.com\/index.php\/product\/paul-mitchell-shampooing-volume-anti-thinning-1l\/"},"modified":"2024-04-13T14:21:18","modified_gmt":"2024-04-13T14:21:18","slug":"paul-mitchell-shampooing-volume-anti-thinning-1l","status":"publish","type":"product","link":"https:\/\/cheveuxluxe.com\/index.php\/product\/paul-mitchell-shampooing-volume-anti-thinning-1l\/","title":{"rendered":"Paul Mitchell Shampooing Volume Anti-Thinning 1l"},"content":{"rendered":"<div class=\"product-content_bottom\">\n<div class=\"pdp-info\">\n<div class=\"pdp-tabs tab-container\">\n<div class=\"tab js-tab\">\n<h3 class=\"tab-title pdp-tabs_title js-tab-mobile-title open\"><span>Points cl\u00e9s<\/span><\/h3>\n<div class=\"tab-description pdp-tabs_description js-tab-description open\" itemprop=\"description\">\n<ul>\n<li>Shampoing sans sulfate<\/li>\n<li>Purifiant<\/li>\n<li>Elimine les impuret\u00e9s en douceur<\/li>\n<li>Renforce le cuir chevelu<\/li>\n<\/ul>\n<\/div>\n<\/div>\n<div class=\"tab js-tab\">\n<h3 class=\"tab-title pdp-tabs_title js-tab-mobile-title\"><span>Description<\/span><\/h3>\n<div class=\"tab-description pdp-tabs_description js-tab-description\" itemprop=\"description\">Le nettoyant sans sulfate \u00e9limine en douceur les impuret\u00e9s pour renforcer le cuir chevelu pour des cheveux plus forts et plus \u00e9pais.<\/p>\n<p>Ce m\u00e9lange exclusif contient de la prune de Kakadu, des peptides de pois, de la fleur de tr\u00e8fle, du curcuma et du ginseng pour stimuler le cuir chevelu et fournir des cheveux plus fort et plus \u00e9pais.<br \/>Augmente le volume en \u00e9paississant chaque m\u00e8ches.<\/div>\n<\/div>\n<div class=\"tab js-tab\">\n<h3 class=\"tab-title pdp-tabs_title js-tab-mobile-title\"><span>Ingr\u00e9dients<\/span><\/h3>\n<div class=\"tab-description pdp-tabs_description js-tab-description\">Aqua (Water, Eau), Sodium Cocoyl Isethionate, Cocamide MIPA, Sodium Methyl Cocoyl Taurate, Cocamidopropyl Hydroxysultaine, Sodium Lauryl Sulfoacetate, Sodium Methyl 2-Sulfolaurate, Coconut Acid, Glycerin, Divinyldimethicone\/Dimethicone Copolymer, Glycol Distearate, Panax Ginseng (Ginseng) Root Extract, Ganoderma Lucidum (Mushroom) Extract, Curcuma Longa (Turmeric) Root Extract, Prunus Africana (Pygeum) Bark Extract, Pisum Sativum (Pea) Peptide, Melaleuca Alternifolia (Tea Tree) Leaf Oil, Trifolium Pratense (Clover) Flower Extract, Terminalia Ferdinandiana (Kakadu Plum) Fruit Extract, Leuconostoc\/Radish Root Ferment Filtrate, Disodium Laureth Sulfosuccinate, Sodium Chloride, Sodium Sulfate, Sodium Isethionate, Guar Hydroxypropyltrimonium Chloride, Glycol Stearate, Disodium 2-Sulfolaurate, Citric Acid, C12-13 Pareth-23, C12-13 Pareth-3, Disodium EDTA, Magnesium Nitrate, Phenoxyethanol, Methylchloroisothiazolinone, Methylisothiazolinone, Sodium Metabisulfite, Red 40 (Cl 16035), Caramel, Parfum (Fragrance), Geraniol, Linalool.<\/div>\n<\/div>\n<div class=\"tab js-tab\">\n<h3 class=\"tab-title pdp-tabs_title js-tab-mobile-title\"><span>Livraison et stock<\/span><\/h3>\n<div class=\"tab-description pdp-tabs_description js-tab-description\">\n<div class=\"pdp-delivery_info\">\n<div class=\"content-asset\">Livraison et d\u00e9laisRetours et remboursements<\/div>\n<\/div>\n<\/div>\n<\/div>\n<\/div>\n<\/div>\n<\/div>\n","protected":false},"excerpt":{"rendered":"<p>Points cl\u00e9s Shampoing sans sulfate Purifiant Elimine les impuret\u00e9s en douceur Renforce le cuir chevelu&hellip;<\/p>\n","protected":false},"featured_media":15720,"comment_status":"open","ping_status":"closed","template":"","meta":[],"pwb-brand":[660],"product_cat":[610],"product_tag":[611,373,127],"class_list":{"0":"post-29209","1":"product","2":"type-product","3":"status-publish","4":"has-post-thumbnail","6":"pwb-brand-paul-mitchell","7":"product_cat-grands-formats","8":"product_tag-grands-formats","9":"product_tag-paul-mitchell","10":"product_tag-shampooing-et-coiffure","12":"first","13":"instock","14":"taxable","15":"shipping-taxable","16":"purchasable","17":"product-type-simple","18":"layout-style-3","19":"col-md-4 col-sm-4 col-xs-6","20":"col-lg-3","21":"product-style-default"},"aioseo_notices":[],"brands":[{"id":660,"name":"Paul Mitchell","slug":"paul-mitchell"}],"_links":{"self":[{"href":"https:\/\/cheveuxluxe.com\/index.php\/wp-json\/wp\/v2\/product\/29209","targetHints":{"allow":["GET"]}}],"collection":[{"href":"https:\/\/cheveuxluxe.com\/index.php\/wp-json\/wp\/v2\/product"}],"about":[{"href":"https:\/\/cheveuxluxe.com\/index.php\/wp-json\/wp\/v2\/types\/product"}],"replies":[{"embeddable":true,"href":"https:\/\/cheveuxluxe.com\/index.php\/wp-json\/wp\/v2\/comments?post=29209"}],"version-history":[{"count":0,"href":"https:\/\/cheveuxluxe.com\/index.php\/wp-json\/wp\/v2\/product\/29209\/revisions"}],"wp:featuredmedia":[{"embeddable":true,"href":"https:\/\/cheveuxluxe.com\/index.php\/wp-json\/wp\/v2\/media\/15720"}],"wp:attachment":[{"href":"https:\/\/cheveuxluxe.com\/index.php\/wp-json\/wp\/v2\/media?parent=29209"}],"wp:term":[{"taxonomy":"pwb-brand","embeddable":true,"href":"https:\/\/cheveuxluxe.com\/index.php\/wp-json\/wp\/v2\/pwb-brand?post=29209"},{"taxonomy":"product_cat","embeddable":true,"href":"https:\/\/cheveuxluxe.com\/index.php\/wp-json\/wp\/v2\/product_cat?post=29209"},{"taxonomy":"product_tag","embeddable":true,"href":"https:\/\/cheveuxluxe.com\/index.php\/wp-json\/wp\/v2\/product_tag?post=29209"}],"curies":[{"name":"wp","href":"https:\/\/api.w.org\/{rel}","templated":true}]}}