{"id":29230,"date":"2024-04-09T21:57:05","date_gmt":"2024-04-09T21:57:05","guid":{"rendered":"https:\/\/cheveuxluxe.com\/index.php\/product\/paul-mitchell-awapuhi-hydrasoft-shampooing-1l\/"},"modified":"2024-04-13T13:56:34","modified_gmt":"2024-04-13T13:56:34","slug":"paul-mitchell-awapuhi-hydrasoft-shampooing-1l","status":"publish","type":"product","link":"https:\/\/cheveuxluxe.com\/index.php\/product\/paul-mitchell-awapuhi-hydrasoft-shampooing-1l\/","title":{"rendered":"Paul Mitchell Awapuhi HydraSoft Shampooing 1L"},"content":{"rendered":"<div class=\"product-content_bottom\">\n<div class=\"pdp-info\">\n<div class=\"pdp-tabs tab-container\">\n<div class=\"tab js-tab\">\n<h3 class=\"tab-title pdp-tabs_title js-tab-mobile-title open\"><span>Points cl\u00e9s<\/span><\/h3>\n<div class=\"tab-description pdp-tabs_description js-tab-description open\" itemprop=\"description\">\n<ul>\n<li>Nettoyez d\u00e9licatement les cheveux tout en les r\u00e9hydratant.<\/li>\n<li>Le m\u00e9lange HydraTriplex\u2122 d\u2019acides amin\u00e9s, de prot\u00e9ines v\u00e9g\u00e9tales et d\u2019huiles nourrissantes hydrate en profondeur, r\u00e9pare et scelle les cheveux<\/li>\n<li>L\u2019acide hyaluronique, le collag\u00e8ne v\u00e9g\u00e9talien et les extraits de plantes offrent une hydratation l\u00e9g\u00e8re pour un fini propre et doux<\/li>\n<li>Convient aux cheveux color\u00e9s.<\/li>\n<\/ul>\n<\/div>\n<\/div>\n<div class=\"tab js-tab\">\n<h3 class=\"tab-title pdp-tabs_title js-tab-mobile-title\"><span>Description<\/span><\/h3>\n<div class=\"tab-description pdp-tabs_description js-tab-description\" itemprop=\"description\">Ce nettoyant doux, protections couleur, r\u00e9hydrate, adoucit les cheveux et leur conf\u00e8re une belle brillance.<\/div>\n<\/div>\n<div class=\"tab js-tab\">\n<h3 class=\"tab-title pdp-tabs_title js-tab-mobile-title\"><span>Mode d&#8217;emploi<\/span><\/h3>\n<div class=\"tab-description pdp-tabs_description js-tab-description\">Appliquez en massant sur cheveux mouill\u00e9s. Rincez. Pour de meilleurs r\u00e9sultats, faites suivre avec le HydraSoft Conditioner.<\/div>\n<\/div>\n<div class=\"tab js-tab\">\n<h3 class=\"tab-title pdp-tabs_title js-tab-mobile-title\"><span>Ingr\u00e9dients<\/span><\/h3>\n<div class=\"tab-description pdp-tabs_description js-tab-description\">Aqua (Water, Eau), Hydrofluorocarbon 152a, PVP, Cetearyl Alcohol, Mineral Oil (Huile Min\u00e9rale, Paraffinum Liquidum), Petrolatum, Behentrimonium Chloride, Behentrimonium Methosulfate, Glycerin, Butylene Glycol, Hydrolyzed Wheat Protein, Cetrimonium Chloride, Panthenol, Argania Spinosa (Argan) Kernel Oil, Bisamino PEG\/PPG-41\/3 Aminoethyl PG-Propyl Dimethicone\/Hedychium Coronarium (White Ginger) Root Extract\/PEG-12 Dimethicone, Hydrolyzed Keratin, Oxidized Keratin, Keratin, Sea Salt (Sel Marin, Maris Sal), Citric Acid, Cetyl Alcohol, Tetrasodium EDTA, Diazolidinyl Urea, Iodopropynyl Butylcarbamate, Parfum (Fragrance), Benzyl Salicylate, Hexyl Cinnamal, Limonene, Linalool.<\/div>\n<\/div>\n<div class=\"tab js-tab\">\n<h3 class=\"tab-title pdp-tabs_title js-tab-mobile-title\"><span>Livraison et stock<\/span><\/h3>\n<div class=\"tab-description pdp-tabs_description js-tab-description\">\n<div class=\"pdp-delivery_info\">\n<div class=\"content-asset\">Livraison et d\u00e9laisRetours et remboursements<\/div>\n<\/div>\n<\/div>\n<\/div>\n<div class=\"tab js-tab\">\n<h3 class=\"tab-title pdp-tabs_title js-tab-mobile-title\"><span>Pr\u00e9cautions d&#8217;emploi<\/span><\/h3>\n<div class=\"tab-description pdp-tabs_description js-tab-description\">Avertissement: \u00c9vitez le contact avec les yeux. En cas de contact avec les yeux, rincer soigneusement \u00e0 l\u2019eau. En cas de r\u00e9action ind\u00e9sirable, arr\u00eatez d\u2019utiliser ce produit. Consultez votre m\u00e9decin si les sympt\u00f4mes persistent.<\/div>\n<\/div>\n<\/div>\n<\/div>\n<\/div>\n","protected":false},"excerpt":{"rendered":"<p>Points cl\u00e9s Nettoyez d\u00e9licatement les cheveux tout en les r\u00e9hydratant. Le m\u00e9lange HydraTriplex\u2122 d\u2019acides amin\u00e9s,&hellip;<\/p>\n","protected":false},"featured_media":29225,"comment_status":"open","ping_status":"closed","template":"","meta":[],"pwb-brand":[660],"product_cat":[573],"product_tag":[373,134,127],"class_list":{"0":"post-29230","1":"product","2":"type-product","3":"status-publish","4":"has-post-thumbnail","6":"pwb-brand-paul-mitchell","7":"product_cat-shampooing","8":"product_tag-paul-mitchell","9":"product_tag-shampooing","10":"product_tag-shampooing-et-coiffure","12":"first","13":"instock","14":"taxable","15":"shipping-taxable","16":"purchasable","17":"product-type-simple","18":"layout-style-3","19":"col-md-4 col-sm-4 col-xs-6","20":"col-lg-3","21":"product-has-gallery","22":"product-style-default"},"aioseo_notices":[],"brands":[{"id":660,"name":"Paul Mitchell","slug":"paul-mitchell"}],"_links":{"self":[{"href":"https:\/\/cheveuxluxe.com\/index.php\/wp-json\/wp\/v2\/product\/29230","targetHints":{"allow":["GET"]}}],"collection":[{"href":"https:\/\/cheveuxluxe.com\/index.php\/wp-json\/wp\/v2\/product"}],"about":[{"href":"https:\/\/cheveuxluxe.com\/index.php\/wp-json\/wp\/v2\/types\/product"}],"replies":[{"embeddable":true,"href":"https:\/\/cheveuxluxe.com\/index.php\/wp-json\/wp\/v2\/comments?post=29230"}],"version-history":[{"count":0,"href":"https:\/\/cheveuxluxe.com\/index.php\/wp-json\/wp\/v2\/product\/29230\/revisions"}],"wp:featuredmedia":[{"embeddable":true,"href":"https:\/\/cheveuxluxe.com\/index.php\/wp-json\/wp\/v2\/media\/29225"}],"wp:attachment":[{"href":"https:\/\/cheveuxluxe.com\/index.php\/wp-json\/wp\/v2\/media?parent=29230"}],"wp:term":[{"taxonomy":"pwb-brand","embeddable":true,"href":"https:\/\/cheveuxluxe.com\/index.php\/wp-json\/wp\/v2\/pwb-brand?post=29230"},{"taxonomy":"product_cat","embeddable":true,"href":"https:\/\/cheveuxluxe.com\/index.php\/wp-json\/wp\/v2\/product_cat?post=29230"},{"taxonomy":"product_tag","embeddable":true,"href":"https:\/\/cheveuxluxe.com\/index.php\/wp-json\/wp\/v2\/product_tag?post=29230"}],"curies":[{"name":"wp","href":"https:\/\/api.w.org\/{rel}","templated":true}]}}