{"id":29235,"date":"2024-04-09T21:57:21","date_gmt":"2024-04-09T21:57:21","guid":{"rendered":"https:\/\/cheveuxluxe.com\/index.php\/product\/paul-mitchell-clean-beauty-shampooing-quotidien-250ml\/"},"modified":"2024-04-13T14:25:47","modified_gmt":"2024-04-13T14:25:47","slug":"paul-mitchell-clean-beauty-shampooing-quotidien-250ml","status":"publish","type":"product","link":"https:\/\/cheveuxluxe.com\/index.php\/product\/paul-mitchell-clean-beauty-shampooing-quotidien-250ml\/","title":{"rendered":"Paul Mitchell Clean Beauty Shampooing Quotidien 250ml"},"content":{"rendered":"<div class=\"product-content_bottom\">\n<div class=\"pdp-info\">\n<div class=\"pdp-tabs tab-container\">\n<div class=\"tab js-tab\">\n<h3 class=\"tab-title pdp-tabs_title js-tab-mobile-title open\"><span>Points cl\u00e9s<\/span><\/h3>\n<div class=\"tab-description pdp-tabs_description js-tab-description open\" itemprop=\"description\">\n<ul>\n<li>Pour tous types de cheveux<\/li>\n<li>Formule \u00e0 l&rsquo;huile d&rsquo;argan et aloe vera<\/li>\n<li>Vegan sans huile min\u00e9rale, alcool, ou ingr\u00e9dients d\u2019origine animale<\/li>\n<\/ul>\n<\/div>\n<\/div>\n<div class=\"tab js-tab\">\n<h3 class=\"tab-title pdp-tabs_title js-tab-mobile-title\"><span>Description<\/span><\/h3>\n<div class=\"tab-description pdp-tabs_description js-tab-description\" itemprop=\"description\">Clean Beauty offre une solution naturelle et durable pour le lavage quotidien des cheveux, pour des cheveux plus brillants et en meilleure sant\u00e9.<\/p>\n<p>Le shampooing \u00e0 l&rsquo;huile d&rsquo;argan et \u00e0 l&rsquo;aloe vera convient \u00e0 tous les types de cheveux. Pour les soins compl\u00e9mentaires, la s\u00e9rie Clean Beauty Quotidien propose \u00e9galement un apr\u00e8s-shampooing et un traitement sans rin\u00e7age.<\/p>\n<p>La gamme Clean Beauty participe \u00e0 un avenir plus durable, en harmonie avec la nature. La gamme combine une formule Vegan, des extraits de plantes biologiques et des mat\u00e9riaux d&#8217;emballage innovants et biologiques, d\u00e9riv\u00e9s de canne \u00e0 sucre \u00e0 90% et est 100% recyclable.<\/p>\n<p>Paul Mitchell est la premi\u00e8re entreprise de cosm\u00e9tiques capillaires \u00e0 s&rsquo;\u00e9lever contre l&rsquo;exp\u00e9rimentation animale.<\/p><\/div>\n<\/div>\n<div class=\"tab js-tab\">\n<h3 class=\"tab-title pdp-tabs_title js-tab-mobile-title\"><span>Mode d&#8217;emploi<\/span><\/h3>\n<div class=\"tab-description pdp-tabs_description js-tab-description\">Appliquer une petite quantit\u00e9.<br \/>Masser.<br \/>Rincer.<br \/>Pour une brillance optimale, utiliser avec l\u2019apr\u00e8s-shampooing.<\/div>\n<\/div>\n<div class=\"tab js-tab\">\n<h3 class=\"tab-title pdp-tabs_title js-tab-mobile-title\"><span>Ingr\u00e9dients<\/span><\/h3>\n<div class=\"tab-description pdp-tabs_description js-tab-description\">Aqua (Water, Eau), Sodium C14-16 Olefin Sulfonate, Linum Usitatissimum (Linseed) Seed Oil, Sodium Cocoamphoacetate, Cocamidopropyl Betaine, Dimethylglucamine, Argania Spinosa Kernel Oil, Aloe Barbadensis Leaf Juice, Butyrospermum Parkii (Shea) Butter, Verbascum Densiflorum Flower\/Stem Extract, Helichrysum Italicum Extract, Cota Tinctoria Flower\/Leaf\/Stem Extract, Linum Usitatissimum (Linseed) Seed Extract, Citrus Aurantium Dulcis (Orange) Peel Oil, Acrylates\/C10-30 Alkyl Acrylate Crosspolymer, Trideceth-8, Glycerin, Cetearyl Alcohol, Glyceryl Stearate SE, Caprylyl Glycol, Sodium PCA, Polyquaternium-39, Citric Acid, BHT, Disodium EDTA, Phenoxyethanol, Sodium Gluceptate, Potassium Sorbate, Sodium Benzoate, Phenethyl Alcohol, Parfum (Fragrance), Citronellol, Geraniol, Linalool, Benzyl Alcohol.<\/div>\n<\/div>\n<div class=\"tab js-tab\">\n<h3 class=\"tab-title pdp-tabs_title js-tab-mobile-title\"><span>Livraison et stock<\/span><\/h3>\n<div class=\"tab-description pdp-tabs_description js-tab-description\">\n<div class=\"pdp-delivery_info\">\n<div class=\"content-asset\">Livraison et d\u00e9laisRetours et remboursements<\/div>\n<\/div>\n<\/div>\n<\/div>\n<\/div>\n<\/div>\n<\/div>\n","protected":false},"excerpt":{"rendered":"<p>Points cl\u00e9s Pour tous types de cheveux Formule \u00e0 l&rsquo;huile d&rsquo;argan et aloe vera Vegan&hellip;<\/p>\n","protected":false},"featured_media":21316,"comment_status":"open","ping_status":"closed","template":"","meta":[],"pwb-brand":[660],"product_cat":[617],"product_tag":[274,373,273],"class_list":{"0":"post-29235","1":"product","2":"type-product","3":"status-publish","4":"has-post-thumbnail","6":"pwb-brand-paul-mitchell","7":"product_cat-coiffure","8":"product_tag-coiffure","9":"product_tag-paul-mitchell","10":"product_tag-vegan","12":"first","13":"instock","14":"taxable","15":"shipping-taxable","16":"purchasable","17":"product-type-simple","18":"layout-style-3","19":"col-md-4 col-sm-4 col-xs-6","20":"col-lg-3","21":"product-has-gallery","22":"product-style-default"},"aioseo_notices":[],"brands":[{"id":660,"name":"Paul Mitchell","slug":"paul-mitchell"}],"_links":{"self":[{"href":"https:\/\/cheveuxluxe.com\/index.php\/wp-json\/wp\/v2\/product\/29235","targetHints":{"allow":["GET"]}}],"collection":[{"href":"https:\/\/cheveuxluxe.com\/index.php\/wp-json\/wp\/v2\/product"}],"about":[{"href":"https:\/\/cheveuxluxe.com\/index.php\/wp-json\/wp\/v2\/types\/product"}],"replies":[{"embeddable":true,"href":"https:\/\/cheveuxluxe.com\/index.php\/wp-json\/wp\/v2\/comments?post=29235"}],"version-history":[{"count":0,"href":"https:\/\/cheveuxluxe.com\/index.php\/wp-json\/wp\/v2\/product\/29235\/revisions"}],"wp:featuredmedia":[{"embeddable":true,"href":"https:\/\/cheveuxluxe.com\/index.php\/wp-json\/wp\/v2\/media\/21316"}],"wp:attachment":[{"href":"https:\/\/cheveuxluxe.com\/index.php\/wp-json\/wp\/v2\/media?parent=29235"}],"wp:term":[{"taxonomy":"pwb-brand","embeddable":true,"href":"https:\/\/cheveuxluxe.com\/index.php\/wp-json\/wp\/v2\/pwb-brand?post=29235"},{"taxonomy":"product_cat","embeddable":true,"href":"https:\/\/cheveuxluxe.com\/index.php\/wp-json\/wp\/v2\/product_cat?post=29235"},{"taxonomy":"product_tag","embeddable":true,"href":"https:\/\/cheveuxluxe.com\/index.php\/wp-json\/wp\/v2\/product_tag?post=29235"}],"curies":[{"name":"wp","href":"https:\/\/api.w.org\/{rel}","templated":true}]}}