{"id":29236,"date":"2024-04-09T21:57:21","date_gmt":"2024-04-09T21:57:21","guid":{"rendered":"https:\/\/cheveuxluxe.com\/index.php\/product\/paul-mitchell-shampooing-doux-enfants-baby-dont-cry-500ml\/"},"modified":"2024-04-13T14:21:31","modified_gmt":"2024-04-13T14:21:31","slug":"paul-mitchell-shampooing-doux-enfants-baby-dont-cry-500ml","status":"publish","type":"product","link":"https:\/\/cheveuxluxe.com\/index.php\/product\/paul-mitchell-shampooing-doux-enfants-baby-dont-cry-500ml\/","title":{"rendered":"Paul Mitchell Shampooing Doux Enfants Baby Don&rsquo;t Cry 500ml"},"content":{"rendered":"<div class=\"product-content_bottom\">\n<div class=\"pdp-info\">\n<div class=\"pdp-tabs tab-container\">\n<div class=\"tab js-tab\">\n<h3 class=\"tab-title pdp-tabs_title js-tab-mobile-title open\"><span>Points cl\u00e9s<\/span><\/h3>\n<div class=\"tab-description pdp-tabs_description js-tab-description open\" itemprop=\"description\">\n<ul>\n<li>Shampoing b\u00e9b\u00e9<\/li>\n<li>Hydratant, apaisant <\/li>\n<li>Ne pique pas les yeux<\/li>\n<li>PH neutre<\/li>\n<\/ul>\n<\/div>\n<\/div>\n<div class=\"tab js-tab\">\n<h3 class=\"tab-title pdp-tabs_title js-tab-mobile-title\"><span>Description<\/span><\/h3>\n<div class=\"tab-description pdp-tabs_description js-tab-description\" itemprop=\"description\">Ce shampooing sp\u00e9cial a \u00e9t\u00e9 con\u00e7u en pensant \u00e0 la peau et au cuir chevelu de b\u00e9b\u00e9.<br \/>Le shampooing Baby Don&rsquo;t Cry\u00ae a \u00e9t\u00e9 formul\u00e9 avec des qualit\u00e9s hydratantes et apaisantes uniques.<br \/>&#8211; Doux : des nettoyants doux et un pH neutre cr\u00e9ent cette formule sans larmes.<br \/>&#8211; Apaise : la camomille et l&rsquo;extrait de fleur de c\u00f4ne aident \u00e0 calmer et apaiser la peau et le cuir chevelu.<br \/>&#8211; Excellent nettoyant pour b\u00e9b\u00e9 : un m\u00e9lange unique d&rsquo;extraits aide \u00e0 remplacer et \u00e0 pr\u00e9venir la perturbation de l&rsquo;humidit\u00e9 naturelle de la peau.<\/div>\n<\/div>\n<div class=\"tab js-tab\">\n<h3 class=\"tab-title pdp-tabs_title js-tab-mobile-title\"><span>Ingr\u00e9dients<\/span><\/h3>\n<div class=\"tab-description pdp-tabs_description js-tab-description\">Aqua (Water, Eau), Sodium Laureth Sulfate, Polysorbate 20, Hydroxypropyl Methylcellulose, Hedychium Coronarium (White Ginger) Root Extract, Stevia Rebaudiana Extract, Ganoderma Lucidum Extract, Trametes Versicolor Extract, Cetyl Betaine, Disodium Phosphate, Phenoxyethanol, Caprylyl Glycol, Sodium Phosphate, Potassium Sorbate, Bisabolol, Bisamino PEG\/PPG-41\/3 Aminoethyl PG-Propyl Dimethicone, PEG-12 Dimethicone, Hexylene Glycol, Sodium Chloride, Magnesium Nitrate, Magnesium Chloride, Methylchloroisothiazolinone, Methylisothiazolinone, Parfum (Fragrance), Benzyl Benzoate, Benzyl Salicylate, Hydroxycitronellal.<\/div>\n<\/div>\n<div class=\"tab js-tab\">\n<h3 class=\"tab-title pdp-tabs_title js-tab-mobile-title\"><span>Livraison et stock<\/span><\/h3>\n<div class=\"tab-description pdp-tabs_description js-tab-description\">\n<div class=\"pdp-delivery_info\">\n<div class=\"content-asset\">Livraison et d\u00e9laisRetours et remboursements<\/div>\n<\/div>\n<\/div>\n<\/div>\n<\/div>\n<\/div>\n<\/div>\n","protected":false},"excerpt":{"rendered":"<p>Points cl\u00e9s Shampoing b\u00e9b\u00e9 Hydratant, apaisant Ne pique pas les yeux PH neutre Description Ce&hellip;<\/p>\n","protected":false},"featured_media":21949,"comment_status":"open","ping_status":"closed","template":"","meta":[],"pwb-brand":[660],"product_cat":[610],"product_tag":[611,373,127],"class_list":{"0":"post-29236","1":"product","2":"type-product","3":"status-publish","4":"has-post-thumbnail","6":"pwb-brand-paul-mitchell","7":"product_cat-grands-formats","8":"product_tag-grands-formats","9":"product_tag-paul-mitchell","10":"product_tag-shampooing-et-coiffure","12":"first","13":"instock","14":"taxable","15":"shipping-taxable","16":"purchasable","17":"product-type-simple","18":"layout-style-3","19":"col-md-4 col-sm-4 col-xs-6","20":"col-lg-3","21":"product-style-default"},"aioseo_notices":[],"brands":[{"id":660,"name":"Paul Mitchell","slug":"paul-mitchell"}],"_links":{"self":[{"href":"https:\/\/cheveuxluxe.com\/index.php\/wp-json\/wp\/v2\/product\/29236","targetHints":{"allow":["GET"]}}],"collection":[{"href":"https:\/\/cheveuxluxe.com\/index.php\/wp-json\/wp\/v2\/product"}],"about":[{"href":"https:\/\/cheveuxluxe.com\/index.php\/wp-json\/wp\/v2\/types\/product"}],"replies":[{"embeddable":true,"href":"https:\/\/cheveuxluxe.com\/index.php\/wp-json\/wp\/v2\/comments?post=29236"}],"version-history":[{"count":0,"href":"https:\/\/cheveuxluxe.com\/index.php\/wp-json\/wp\/v2\/product\/29236\/revisions"}],"wp:featuredmedia":[{"embeddable":true,"href":"https:\/\/cheveuxluxe.com\/index.php\/wp-json\/wp\/v2\/media\/21949"}],"wp:attachment":[{"href":"https:\/\/cheveuxluxe.com\/index.php\/wp-json\/wp\/v2\/media?parent=29236"}],"wp:term":[{"taxonomy":"pwb-brand","embeddable":true,"href":"https:\/\/cheveuxluxe.com\/index.php\/wp-json\/wp\/v2\/pwb-brand?post=29236"},{"taxonomy":"product_cat","embeddable":true,"href":"https:\/\/cheveuxluxe.com\/index.php\/wp-json\/wp\/v2\/product_cat?post=29236"},{"taxonomy":"product_tag","embeddable":true,"href":"https:\/\/cheveuxluxe.com\/index.php\/wp-json\/wp\/v2\/product_tag?post=29236"}],"curies":[{"name":"wp","href":"https:\/\/api.w.org\/{rel}","templated":true}]}}