{"id":29237,"date":"2024-04-09T21:57:22","date_gmt":"2024-04-09T21:57:22","guid":{"rendered":"https:\/\/cheveuxluxe.com\/index.php\/product\/osmo-wonder-10-shampooing-avec-bond-builder-400ml\/"},"modified":"2024-04-13T14:27:03","modified_gmt":"2024-04-13T14:27:03","slug":"osmo-wonder-10-shampooing-avec-bond-builder-400ml","status":"publish","type":"product","link":"https:\/\/cheveuxluxe.com\/index.php\/product\/osmo-wonder-10-shampooing-avec-bond-builder-400ml\/","title":{"rendered":"Osmo Wonder 10\u2122 Shampooing avec Bond Builder 400ml"},"content":{"rendered":"<div class=\"product-content_bottom\">\n<div class=\"pdp-info\">\n<div class=\"pdp-tabs tab-container\">\n<div class=\"tab js-tab\">\n<h3 class=\"tab-title pdp-tabs_title js-tab-mobile-title open\"><span>Points cl\u00e9s<\/span><\/h3>\n<div class=\"tab-description pdp-tabs_description js-tab-description open\" itemprop=\"description\">\n<ul>\n<li>Un shampooing ultra nourrissant formul\u00e9 avec la technologie Fibre Bond.<\/li>\n<li>Nettoie d\u00e9licatement les cheveux et le cuir chevelu.<\/li>\n<li>Aide \u00e0 renforcer et prot\u00e9ger les cheveux.<\/li>\n<li>Aide \u00e0 lutter contre les cheveux cassants.<\/li>\n<li>Laisse les cheveux soyeux, doux et faciles \u00e0 coiffer.<\/li>\n<\/ul>\n<\/div>\n<\/div>\n<div class=\"tab js-tab\">\n<h3 class=\"tab-title pdp-tabs_title js-tab-mobile-title\"><span>Description<\/span><\/h3>\n<div class=\"tab-description pdp-tabs_description js-tab-description\" itemprop=\"description\">Nourrissant, ce shampoing d\u2019exception est con\u00e7u pour nettoyer d\u00e9licatement les cheveux et le cuir chevelu. Sa formule \u00e0 la technologie OSMO\u00ae Fibre Bond renforce et prot\u00e8ge les cheveux tout en lissant les pointes fourchues et luttant contre les cheveux cassants pour une chevelure \u00e9clatante et soyeuse.<\/div>\n<\/div>\n<div class=\"tab js-tab\">\n<h3 class=\"tab-title pdp-tabs_title js-tab-mobile-title\"><span>Mode d&#8217;emploi<\/span><\/h3>\n<div class=\"tab-description pdp-tabs_description js-tab-description\">Appliquer sur des cheveux mouill\u00e9s, en insistant sur les longueurs et les pointes. Rincer soigneusement avant d\u2019appliquer l\u2019apr\u00e8s-shampooing Wonder 10\u2122.<\/div>\n<\/div>\n<div class=\"tab js-tab\">\n<h3 class=\"tab-title pdp-tabs_title js-tab-mobile-title\"><span>Ingr\u00e9dients<\/span><\/h3>\n<div class=\"tab-description pdp-tabs_description js-tab-description\">Aqua (Water), Disodium Laureth Sulfosuccinate, Cocamidopropyl Betaine, Decyl Glucoside, Coco-Glucoside, Sodium Lauryl Sulfoacetate, Hydrolyzed Vegetable Protein PG-Propyl Silanetriol, Hydrolyzed Wheat Protein, Hydrolyzed Wheat Protein PG-Propyl Silanetriol, Hydrolyzed Wheat Starch, Helianthus Annuus (Sunflower) Seed Extract, Glycol Distearate, PEG\/PPG-120\/10 Trimethylolpropane Trioleate, Glycerin, Laureth-2, Butylene Glycol, Polyquaternium-7, Parfum (Fragrance), Alpha-isomethyl Ionone, Linalool, Hexyl Cinnamal, Disodium EDTA, Pheno- xyethanol, Triethylene Glycol, Sodium Benzoate, Potassium Sorbate<\/div>\n<\/div>\n<div class=\"tab js-tab\">\n<h3 class=\"tab-title pdp-tabs_title js-tab-mobile-title\"><span>Livraison et stock<\/span><\/h3>\n<div class=\"tab-description pdp-tabs_description js-tab-description\">\n<div class=\"pdp-delivery_info\">\n<div class=\"content-asset\">Livraison et d\u00e9laisRetours et remboursements<\/div>\n<\/div>\n<\/div>\n<\/div>\n<div class=\"tab js-tab\">\n<h3 class=\"tab-title pdp-tabs_title js-tab-mobile-title\"><span>Pr\u00e9cautions d&#8217;emploi<\/span><\/h3>\n<div class=\"tab-description pdp-tabs_description js-tab-description\">Pour usage externe uniquement. \u00c9viter tout contact avec les yeux.<\/div>\n<\/div>\n<\/div>\n<\/div>\n<\/div>\n","protected":false},"excerpt":{"rendered":"<p>Points cl\u00e9s Un shampooing ultra nourrissant formul\u00e9 avec la technologie Fibre Bond. Nettoie d\u00e9licatement les&hellip;<\/p>\n","protected":false},"featured_media":20662,"comment_status":"open","ping_status":"closed","template":"","meta":[],"pwb-brand":[661],"product_cat":[617],"product_tag":[274,385,273],"class_list":{"0":"post-29237","1":"product","2":"type-product","3":"status-publish","4":"has-post-thumbnail","6":"pwb-brand-osmo","7":"product_cat-coiffure","8":"product_tag-coiffure","9":"product_tag-osmo","10":"product_tag-vegan","12":"first","13":"instock","14":"taxable","15":"shipping-taxable","16":"purchasable","17":"product-type-simple","18":"layout-style-3","19":"col-md-4 col-sm-4 col-xs-6","20":"col-lg-3","21":"product-has-gallery","22":"product-style-default"},"aioseo_notices":[],"brands":[{"id":661,"name":"Osmo","slug":"osmo"}],"_links":{"self":[{"href":"https:\/\/cheveuxluxe.com\/index.php\/wp-json\/wp\/v2\/product\/29237","targetHints":{"allow":["GET"]}}],"collection":[{"href":"https:\/\/cheveuxluxe.com\/index.php\/wp-json\/wp\/v2\/product"}],"about":[{"href":"https:\/\/cheveuxluxe.com\/index.php\/wp-json\/wp\/v2\/types\/product"}],"replies":[{"embeddable":true,"href":"https:\/\/cheveuxluxe.com\/index.php\/wp-json\/wp\/v2\/comments?post=29237"}],"version-history":[{"count":0,"href":"https:\/\/cheveuxluxe.com\/index.php\/wp-json\/wp\/v2\/product\/29237\/revisions"}],"wp:featuredmedia":[{"embeddable":true,"href":"https:\/\/cheveuxluxe.com\/index.php\/wp-json\/wp\/v2\/media\/20662"}],"wp:attachment":[{"href":"https:\/\/cheveuxluxe.com\/index.php\/wp-json\/wp\/v2\/media?parent=29237"}],"wp:term":[{"taxonomy":"pwb-brand","embeddable":true,"href":"https:\/\/cheveuxluxe.com\/index.php\/wp-json\/wp\/v2\/pwb-brand?post=29237"},{"taxonomy":"product_cat","embeddable":true,"href":"https:\/\/cheveuxluxe.com\/index.php\/wp-json\/wp\/v2\/product_cat?post=29237"},{"taxonomy":"product_tag","embeddable":true,"href":"https:\/\/cheveuxluxe.com\/index.php\/wp-json\/wp\/v2\/product_tag?post=29237"}],"curies":[{"name":"wp","href":"https:\/\/api.w.org\/{rel}","templated":true}]}}