{"id":29247,"date":"2024-04-09T21:57:37","date_gmt":"2024-04-09T21:57:37","guid":{"rendered":"https:\/\/cheveuxluxe.com\/index.php\/product\/osmo-shampooing-sans-sulfates-silver-tons-blonds-300ml\/"},"modified":"2024-04-13T14:25:53","modified_gmt":"2024-04-13T14:25:53","slug":"osmo-shampooing-sans-sulfates-silver-tons-blonds-300ml","status":"publish","type":"product","link":"https:\/\/cheveuxluxe.com\/index.php\/product\/osmo-shampooing-sans-sulfates-silver-tons-blonds-300ml\/","title":{"rendered":"Osmo Shampooing sans sulfates Silver Tons blonds 300ml"},"content":{"rendered":"<div class=\"product-content_bottom\">\n<div class=\"pdp-info\">\n<div class=\"pdp-tabs tab-container\">\n<div class=\"tab js-tab\">\n<h3 class=\"tab-title pdp-tabs_title js-tab-mobile-title open\"><span>Points cl\u00e9s<\/span><\/h3>\n<div class=\"tab-description pdp-tabs_description js-tab-description open\" itemprop=\"description\">\n<ul>\n<li> Cheveux color\u00e9s blonds, gris ou blancs<\/li>\n<li>Action d\u00e9jaunissante<\/li>\n<li>Brillance et douceur<\/li>\n<li>Raviveur de couleur <\/li>\n<\/ul>\n<\/div>\n<\/div>\n<div class=\"tab js-tab\">\n<h3 class=\"tab-title pdp-tabs_title js-tab-mobile-title\"><span>Description<\/span><\/h3>\n<div class=\"tab-description pdp-tabs_description js-tab-description\" itemprop=\"description\">Au fil du temps, les rayons UV, les appareils de coiffage et les agressions du quotidien peuvent ternir les cheveux blonds m\u00e9ch\u00e9s ou color\u00e9s, gris ou blancs.Gr\u00e2ce \u00e0 son action d\u00e9jaunissante, le shampooing Silverising d\u2019Osmo redonne une seconde vie aux couleurs tr\u00e8s claires en neutralisant les tons jaunes. Son ingr\u00e9dient secret ? Ses pigments violets, aux super pouvoirs anti-jaunissement.Sa formulation douce sans sulfates respecte tous les types de cheveux, m\u00eame les plus sensibles. Les chevelures color\u00e9es sont visiblement raviv\u00e9es, brillantes et soyeuses\u2026 comme au premier jour.<\/div>\n<\/div>\n<div class=\"tab js-tab\">\n<h3 class=\"tab-title pdp-tabs_title js-tab-mobile-title\"><span>Mode d&#8217;emploi<\/span><\/h3>\n<div class=\"tab-description pdp-tabs_description js-tab-description\">R\u00e9partissez uniform\u00e9ment une petite quantit\u00e9 de shampooing sur l\u2019ensemble des cheveux mouill\u00e9s puis massez d\u00e9licatement du bout des doigts. Pour une efficacit\u00e9 optimale, laissez agir pendant 3 \u00e0 5 minutes avant de rincer soigneusement.<\/div>\n<\/div>\n<div class=\"tab js-tab\">\n<h3 class=\"tab-title pdp-tabs_title js-tab-mobile-title\"><span>Ingr\u00e9dients<\/span><\/h3>\n<div class=\"tab-description pdp-tabs_description js-tab-description\">Aqua (Water), Sodium C14-16 Olefin Sulfonate, Sodium Chloride, Cocamidopropyl Betaine, Glycerin, Coco-Glucoside, Glycol Distearate, Peg-120 Methyl Glucose Trioleate, Amodimethicone, Propylene Glycol, Guar trimonium Chloride, Cetrimonium Chloride, Trideceth-12, Parfum (Fragrance), Benzophenone-3, Benzophenone-4, Tocopheryl Acetate, Rose Absolute, Linum Usitatissimum, (Linseed) Oil, Sodium Hydroxide, Benzyl Salicylate, Amyl Cinnamal, Hexyl Cinnamal, Linalool, Limonene, Sodium Benzoate, Methylchloroisothiazolinone, Methylisothiazolinone, Ci 60730 (Ext D&amp;C Violet No2), Ci 60725 (D&amp;C Violet No2)<\/div>\n<\/div>\n<div class=\"tab js-tab\">\n<h3 class=\"tab-title pdp-tabs_title js-tab-mobile-title\"><span>Livraison et stock<\/span><\/h3>\n<div class=\"tab-description pdp-tabs_description js-tab-description\">\n<div class=\"pdp-delivery_info\">\n<div class=\"content-asset\">Livraison et d\u00e9laisRetours et remboursements<\/div>\n<\/div>\n<\/div>\n<\/div>\n<\/div>\n<\/div>\n<\/div>\n","protected":false},"excerpt":{"rendered":"<p>Points cl\u00e9s Cheveux color\u00e9s blonds, gris ou blancs Action d\u00e9jaunissante Brillance et douceur Raviveur de&hellip;<\/p>\n","protected":false},"featured_media":19941,"comment_status":"open","ping_status":"closed","template":"","meta":[],"pwb-brand":[661],"product_cat":[617],"product_tag":[274,385,273],"class_list":{"0":"post-29247","1":"product","2":"type-product","3":"status-publish","4":"has-post-thumbnail","6":"pwb-brand-osmo","7":"product_cat-coiffure","8":"product_tag-coiffure","9":"product_tag-osmo","10":"product_tag-vegan","12":"first","13":"instock","14":"taxable","15":"shipping-taxable","16":"purchasable","17":"product-type-simple","18":"layout-style-3","19":"col-md-4 col-sm-4 col-xs-6","20":"col-lg-3","21":"product-style-default"},"aioseo_notices":[],"brands":[{"id":661,"name":"Osmo","slug":"osmo"}],"_links":{"self":[{"href":"https:\/\/cheveuxluxe.com\/index.php\/wp-json\/wp\/v2\/product\/29247","targetHints":{"allow":["GET"]}}],"collection":[{"href":"https:\/\/cheveuxluxe.com\/index.php\/wp-json\/wp\/v2\/product"}],"about":[{"href":"https:\/\/cheveuxluxe.com\/index.php\/wp-json\/wp\/v2\/types\/product"}],"replies":[{"embeddable":true,"href":"https:\/\/cheveuxluxe.com\/index.php\/wp-json\/wp\/v2\/comments?post=29247"}],"version-history":[{"count":0,"href":"https:\/\/cheveuxluxe.com\/index.php\/wp-json\/wp\/v2\/product\/29247\/revisions"}],"wp:featuredmedia":[{"embeddable":true,"href":"https:\/\/cheveuxluxe.com\/index.php\/wp-json\/wp\/v2\/media\/19941"}],"wp:attachment":[{"href":"https:\/\/cheveuxluxe.com\/index.php\/wp-json\/wp\/v2\/media?parent=29247"}],"wp:term":[{"taxonomy":"pwb-brand","embeddable":true,"href":"https:\/\/cheveuxluxe.com\/index.php\/wp-json\/wp\/v2\/pwb-brand?post=29247"},{"taxonomy":"product_cat","embeddable":true,"href":"https:\/\/cheveuxluxe.com\/index.php\/wp-json\/wp\/v2\/product_cat?post=29247"},{"taxonomy":"product_tag","embeddable":true,"href":"https:\/\/cheveuxluxe.com\/index.php\/wp-json\/wp\/v2\/product_tag?post=29247"}],"curies":[{"name":"wp","href":"https:\/\/api.w.org\/{rel}","templated":true}]}}