{"id":29259,"date":"2024-04-09T21:58:38","date_gmt":"2024-04-09T21:58:38","guid":{"rendered":"https:\/\/cheveuxluxe.com\/index.php\/product\/osmo-deep-moisture-gift-set\/"},"modified":"2024-04-13T14:03:05","modified_gmt":"2024-04-13T14:03:05","slug":"osmo-deep-moisture-gift-set","status":"publish","type":"product","link":"https:\/\/cheveuxluxe.com\/index.php\/product\/osmo-deep-moisture-gift-set\/","title":{"rendered":"Osmo Deep Moisture Gift Set"},"content":{"rendered":"<div class=\"product-content_bottom\">\n<div class=\"pdp-info\">\n<div class=\"pdp-tabs tab-container\">\n<div class=\"tab js-tab\">\n<h3 class=\"tab-title pdp-tabs_title js-tab-mobile-title open\"><span>Points cl\u00e9s<\/span><\/h3>\n<div class=\"tab-description pdp-tabs_description js-tab-description open\" itemprop=\"description\">\n<ul>\n<li>Contenu:<\/li>\n<li>1 x Shampooing Nourrissant Deep Moisture 400ml<\/li>\n<li>1 x Osmo Dual Action Miracle Repair 250ml<\/li>\n<li>1 x Masque R\u00e9parateur Deep Moisture 250ml<\/li>\n<\/ul>\n<\/div>\n<\/div>\n<div class=\"tab js-tab\">\n<h3 class=\"tab-title pdp-tabs_title js-tab-mobile-title\"><span>Description<\/span><\/h3>\n<div class=\"tab-description pdp-tabs_description js-tab-description\" itemprop=\"description\">\n<p><strong>Shampooing Nourrissant Deep Moisture 400ml:<\/strong> Une formule hautement hydratante pour le soin et la protection des cheveux secs et ab\u00eem\u00e9s.<\/p>\n<p><strong>.Osmo Dual Action Miracle Repair 250ml<\/strong><\/p>\n<p><strong>Masque R\u00e9parateur Deep Moisture 250ml:<\/strong> Sp\u00e9cialement formul\u00e9 pour cheveux trop sollicit\u00e9s, ab\u00eem\u00e9s par la chaleur et les produits chimiques. Ce soin nourrissant intensif restaure l&rsquo;hydratation et l&rsquo;\u00e9lasticit\u00e9 des cheveux, pour les laisser doux, soyeux et faciles \u00e0 coiffer.<\/p>\n<\/div>\n<\/div>\n<div class=\"tab js-tab\">\n<h3 class=\"tab-title pdp-tabs_title js-tab-mobile-title\"><span>Ingr\u00e9dients<\/span><\/h3>\n<div class=\"tab-description pdp-tabs_description js-tab-description\">SHAMPOO: Aqua (Water), Sodium Laureth Sulfate, Cocamidopropyl Betaine, Ammonium Lauryl Sulfate, Sodium Chloride, Panthenol, Glycol Distearate, Amodimethicone, Laureth-10, Guar Hydroxypropyltrimonium Chloride, Hydrolyzed Soy Protein, Oenocarpus Bataua (Pataua) Fruit Oil, Tocopherol, Hydrolyzed Keratin, Tetrasodium EDTA, Cocamide MEA, Cetrimonium Chloride, Trideceth-12, Parfum (Fragrance), Limonene, Citric Acid, Sodium Benzoate, Benzyl Benzoate, Potassium Sorbate, Phenoxyethanol, Methylchloroisothiazolinone, Methylisothiazolinone<br \/>CONDITIONER: Aqua (Water), Cetyl Alcohol, Cetearyl Alcohol, Cetrimonium Chloride, Diethylhexyl Succinate, Ceteareth-20, Amodimethicone, Hydroxyethylcellulose, Polyquaternium-10, Tetrasodium EDTA, Oenocarpus Bataua (Pataua) Fruit Oil , Tocopherol, Hydrolyzed Keratin, Parfum (Fragrance), Benzyl Benzoate, Limonene, Citric Acid, Trideceth-12, Sodium Benzoate, Methylchloroisothiazolinone, Methylisothiazolinone, Phenoxyethanol, Potassium Sorbate<br \/>REPAIR MASK: Aqua (Water), Cetearyl Alcohol, Paraffinum Liquidum (Mineral Oil), Petrolatum, Cetrimonium Chloride, Bis-Diglyceryl Polyacyladipate-2, Panthenol, Hydrolyzed Soy Protein, Simmondsia Chinensis (Jojoba) Seed Oil, Pogostemon Cablin (Patchouli) Leaf Oil, Cananga Odorata (Ylang Ylang) Flower Oil, Parfum (Fragrance), Limonene, Benzyl Benzoate, Benzyl Alcohol, Cocamidopropyl Betaine, Phenoxyethanol, Triethylene Glycol, Potassium Sorbate, Sodium Benzoate, CI 19140 (Yellow 5), CI 14700 (Red 4), CI 17200 (Red 33), CI 42090 (Blue 1)<\/div>\n<\/div>\n<div class=\"tab js-tab\">\n<h3 class=\"tab-title pdp-tabs_title js-tab-mobile-title\"><span>Livraison et stock<\/span><\/h3>\n<div class=\"tab-description pdp-tabs_description js-tab-description\">\n<div class=\"pdp-delivery_info\">\n<div class=\"content-asset\">Livraison et d\u00e9laisRetours et remboursements<\/div>\n<\/div>\n<\/div>\n<\/div>\n<\/div>\n<\/div>\n<\/div>\n","protected":false},"excerpt":{"rendered":"<p>Points cl\u00e9s Contenu: 1 x Shampooing Nourrissant Deep Moisture 400ml 1 x Osmo Dual Action&hellip;<\/p>\n","protected":false},"featured_media":29258,"comment_status":"open","ping_status":"closed","template":"","meta":[],"pwb-brand":[661],"product_cat":[592],"product_tag":[593,385,127],"class_list":{"0":"post-29259","1":"product","2":"type-product","3":"status-publish","4":"has-post-thumbnail","6":"pwb-brand-osmo","7":"product_cat-masques-cheveux","8":"product_tag-masques-cheveux","9":"product_tag-osmo","10":"product_tag-shampooing-et-coiffure","12":"first","13":"instock","14":"taxable","15":"shipping-taxable","16":"purchasable","17":"product-type-simple","18":"layout-style-3","19":"col-md-4 col-sm-4 col-xs-6","20":"col-lg-3","21":"product-style-default"},"aioseo_notices":[],"brands":[{"id":661,"name":"Osmo","slug":"osmo"}],"_links":{"self":[{"href":"https:\/\/cheveuxluxe.com\/index.php\/wp-json\/wp\/v2\/product\/29259","targetHints":{"allow":["GET"]}}],"collection":[{"href":"https:\/\/cheveuxluxe.com\/index.php\/wp-json\/wp\/v2\/product"}],"about":[{"href":"https:\/\/cheveuxluxe.com\/index.php\/wp-json\/wp\/v2\/types\/product"}],"replies":[{"embeddable":true,"href":"https:\/\/cheveuxluxe.com\/index.php\/wp-json\/wp\/v2\/comments?post=29259"}],"version-history":[{"count":0,"href":"https:\/\/cheveuxluxe.com\/index.php\/wp-json\/wp\/v2\/product\/29259\/revisions"}],"wp:featuredmedia":[{"embeddable":true,"href":"https:\/\/cheveuxluxe.com\/index.php\/wp-json\/wp\/v2\/media\/29258"}],"wp:attachment":[{"href":"https:\/\/cheveuxluxe.com\/index.php\/wp-json\/wp\/v2\/media?parent=29259"}],"wp:term":[{"taxonomy":"pwb-brand","embeddable":true,"href":"https:\/\/cheveuxluxe.com\/index.php\/wp-json\/wp\/v2\/pwb-brand?post=29259"},{"taxonomy":"product_cat","embeddable":true,"href":"https:\/\/cheveuxluxe.com\/index.php\/wp-json\/wp\/v2\/product_cat?post=29259"},{"taxonomy":"product_tag","embeddable":true,"href":"https:\/\/cheveuxluxe.com\/index.php\/wp-json\/wp\/v2\/product_tag?post=29259"}],"curies":[{"name":"wp","href":"https:\/\/api.w.org\/{rel}","templated":true}]}}