{"id":29265,"date":"2024-04-09T21:58:51","date_gmt":"2024-04-09T21:58:51","guid":{"rendered":"https:\/\/cheveuxluxe.com\/index.php\/product\/olaplex-kit-intro-salon-3x525ml-no-1-bond-multiplier-2-x-bond-perfector-no-2\/"},"modified":"2024-04-13T16:04:11","modified_gmt":"2024-04-13T16:04:11","slug":"olaplex-kit-intro-salon-3x525ml-no-1-bond-multiplier-2-x-bond-perfector-no-2","status":"publish","type":"product","link":"https:\/\/cheveuxluxe.com\/index.php\/product\/olaplex-kit-intro-salon-3x525ml-no-1-bond-multiplier-2-x-bond-perfector-no-2\/","title":{"rendered":"Olaplex Kit Intro Salon 3x525ml (No.1 Bond Multiplier + 2 x Bond Perfector No.2)"},"content":{"rendered":"<div class=\"product-content_bottom\">\n<div class=\"pdp-info\">\n<div class=\"pdp-tabs tab-container\">\n<div class=\"tab js-tab\">\n<h3 class=\"tab-title pdp-tabs_title js-tab-mobile-title open\"><span>Points cl\u00e9s<\/span><\/h3>\n<div class=\"tab-description pdp-tabs_description js-tab-description open\" itemprop=\"description\">\n<ul>\n<li>Service r\u00e9volutionnaire d&rsquo;am\u00e9lioration des cheveux<\/li>\n<li>Processus simple en 3 \u00e9tapes<\/li>\n<li>Tous types de cheveux<\/li>\n<li>Sans silicone, sulfates, phtalates, DEA, ald\u00e9hydes<\/li>\n<li>Le pack comprend 3 bouteilles de 525ml (1 x No.1, 2 x No.2)<\/li>\n<\/ul>\n<\/div>\n<\/div>\n<div class=\"tab js-tab\">\n<h3 class=\"tab-title pdp-tabs_title js-tab-mobile-title\"><span>Description<\/span><\/h3>\n<div class=\"tab-description pdp-tabs_description js-tab-description\" itemprop=\"description\">Nouveau et r\u00e9volutionnaire, Olaplex est un service de mise \u00e0 niveau pour la coloration des cheveux. Ce proc\u00e9d\u00e9 simple en trois \u00e9tapes comprend un ingr\u00e9dient actif brevet\u00e9 qui agit au niveau mol\u00e9culaire pour rechercher les liaisons bris\u00e9es du cheveux qui sont caus\u00e9es par des dommages chimiques, thermiques et m\u00e9caniques. Vous pouvez utiliser Olaplex pour restaurer les cheveux ab\u00eem\u00e9s ou l&rsquo;ajouter \u00e0 un autre service afin d&rsquo;obtenir l&rsquo;ultime assurance contre la casse.Olaplex est un multiplicateur de liaisons contenant un seul ingr\u00e9dient actif, le bis-aminopropyl-diglycol-dimal\u00e9ate. Olaplex fonctionne en trouvant des liaisons d&rsquo;hydrog\u00e8ne de soufre simple et en les reliant entre elles pour former des liaisons de disulfure avant, pendant et apr\u00e8s les services. Les liaisons disulfure sont rompues par des processus chimiques, thermiques et m\u00e9caniques.Olaplex est le seul produit de ce type, avec 8 brevets mondiaux qui seront bient\u00f4t publi\u00e9s. Olaplex est exempt de silicone, de sulfates, de phtalates, de DEA, d&rsquo;ald\u00e9hydes et n&rsquo;est jamais test\u00e9 sur les animaux.<\/div>\n<\/div>\n<div class=\"tab js-tab\">\n<h3 class=\"tab-title pdp-tabs_title js-tab-mobile-title\"><span>Mode d&#8217;emploi<\/span><\/h3>\n<div class=\"tab-description pdp-tabs_description js-tab-description\">Traitement autonome Olaplex : M\u00e9langez 1\/2oz (15ml) de No.1 avec 3oz (90ml) d&rsquo;eau dans un flacon applicateur non pulv\u00e9risateur. Amener le client dans le bol de shampooing et bien saturer. Faire le traitement pendant 5 minutes.Sans rincer, appliquez une g\u00e9n\u00e9reuse quantit\u00e9 de No.2 des racines aux extr\u00e9mit\u00e9s et peignez soigneusement. Laissez agir pendant au moins 10 \u00e0 20 minutes. Rincer, shampouiner et traiter. Poursuivre avec de l&rsquo;humidit\u00e9 et des prot\u00e9ines, l\u00e0 ou c&rsquo;est n\u00e9cessaire. Olaplex est compatible avec toutes les gammes de couleurs, y compris les couleurs semi, demi, permanentes, directes, haute tenue, brillantes, toniques et syst\u00e8mes de diffusion d&rsquo;huile.Comment utiliser Olaplex No.1 Bond Multiplier dans votre couleur :1. M\u00e9langez la couleur et le r\u00e9v\u00e9lateur ensemble.Pour 2 oz (60 ml) ou plus de couleur (sans le r\u00e9v\u00e9lateur), ajouter 1\/16 oz (1,875 ml) d&rsquo;Olaplex No.1.Pour moins de 60 ml de couleur (sans r\u00e9v\u00e9lateur), ajoutez 1 ml d&rsquo;Olaplex n\u00b0 1.2. Utiliser le doseur fourni pour mesurer la quantit\u00e9 d&rsquo;Olaplex n\u00e9cessaire.3. Ajoutez Olaplex \u00e0 votre couleur pr\u00e9-m\u00e9lang\u00e9e et m\u00e9langez bien.4. Appliquez et traitez comme d&rsquo;habitude. Rincez ou shampouinez et appliquez une quantit\u00e9 g\u00e9n\u00e9reuse d&rsquo;Olaplex No.2 Bond Perfector. Peigner et laisser agir pendant au moins 10 \u00e0 20 minutes. Rincer, shampouiner et traiter.<\/div>\n<\/div>\n<div class=\"tab js-tab\">\n<h3 class=\"tab-title pdp-tabs_title js-tab-mobile-title\"><span>Livraison et stock<\/span><\/h3>\n<div class=\"tab-description pdp-tabs_description js-tab-description\">\n<div class=\"pdp-delivery_info\">\n<div class=\"content-asset\">Livraison et d\u00e9laisRetours et remboursements<\/div>\n<\/div>\n<\/div>\n<\/div>\n<\/div>\n<\/div>\n<\/div>\n","protected":false},"excerpt":{"rendered":"<p>Points cl\u00e9s Service r\u00e9volutionnaire d&rsquo;am\u00e9lioration des cheveux Processus simple en 3 \u00e9tapes Tous types de&hellip;<\/p>\n","protected":false},"featured_media":18795,"comment_status":"open","ping_status":"closed","template":"","meta":[],"pwb-brand":[662],"product_cat":[617],"product_tag":[274,260,273],"class_list":{"0":"post-29265","1":"product","2":"type-product","3":"status-publish","4":"has-post-thumbnail","6":"pwb-brand-olaplex","7":"product_cat-coiffure","8":"product_tag-coiffure","9":"product_tag-olaplex","10":"product_tag-vegan","12":"first","13":"instock","14":"taxable","15":"shipping-taxable","16":"purchasable","17":"product-type-simple","18":"layout-style-3","19":"col-md-4 col-sm-4 col-xs-6","20":"col-lg-3","21":"product-style-default"},"aioseo_notices":[],"brands":[{"id":662,"name":"Olaplex","slug":"olaplex"}],"_links":{"self":[{"href":"https:\/\/cheveuxluxe.com\/index.php\/wp-json\/wp\/v2\/product\/29265","targetHints":{"allow":["GET"]}}],"collection":[{"href":"https:\/\/cheveuxluxe.com\/index.php\/wp-json\/wp\/v2\/product"}],"about":[{"href":"https:\/\/cheveuxluxe.com\/index.php\/wp-json\/wp\/v2\/types\/product"}],"replies":[{"embeddable":true,"href":"https:\/\/cheveuxluxe.com\/index.php\/wp-json\/wp\/v2\/comments?post=29265"}],"version-history":[{"count":0,"href":"https:\/\/cheveuxluxe.com\/index.php\/wp-json\/wp\/v2\/product\/29265\/revisions"}],"wp:featuredmedia":[{"embeddable":true,"href":"https:\/\/cheveuxluxe.com\/index.php\/wp-json\/wp\/v2\/media\/18795"}],"wp:attachment":[{"href":"https:\/\/cheveuxluxe.com\/index.php\/wp-json\/wp\/v2\/media?parent=29265"}],"wp:term":[{"taxonomy":"pwb-brand","embeddable":true,"href":"https:\/\/cheveuxluxe.com\/index.php\/wp-json\/wp\/v2\/pwb-brand?post=29265"},{"taxonomy":"product_cat","embeddable":true,"href":"https:\/\/cheveuxluxe.com\/index.php\/wp-json\/wp\/v2\/product_cat?post=29265"},{"taxonomy":"product_tag","embeddable":true,"href":"https:\/\/cheveuxluxe.com\/index.php\/wp-json\/wp\/v2\/product_tag?post=29265"}],"curies":[{"name":"wp","href":"https:\/\/api.w.org\/{rel}","templated":true}]}}