{"id":29266,"date":"2024-04-09T21:58:51","date_gmt":"2024-04-09T21:58:51","guid":{"rendered":"https:\/\/cheveuxluxe.com\/index.php\/product\/olaplex-kit-le-meilleur-des-bond-builders-no-0-no-3-no-4-no-5\/"},"modified":"2024-04-13T14:27:38","modified_gmt":"2024-04-13T14:27:38","slug":"olaplex-kit-le-meilleur-des-bond-builders-no-0-no-3-no-4-no-5","status":"publish","type":"product","link":"https:\/\/cheveuxluxe.com\/index.php\/product\/olaplex-kit-le-meilleur-des-bond-builders-no-0-no-3-no-4-no-5\/","title":{"rendered":"Olaplex Kit Le Meilleur des Bond Builders (No.0 + No.3 + No.4 + No.5)"},"content":{"rendered":"<div class=\"product-content_bottom\">\n<div class=\"pdp-info\">\n<div class=\"pdp-tabs tab-container\">\n<div class=\"tab js-tab\">\n<h3 class=\"tab-title pdp-tabs_title js-tab-mobile-title open\"><span>Points cl\u00e9s<\/span><\/h3>\n<div class=\"tab-description pdp-tabs_description js-tab-description open\" itemprop=\"description\">\n<ul>\n<li>Une trousse de voyage parfaite contenant tous vos essentiels Olaplex pr\u00e9f\u00e9r\u00e9s<\/li>\n<li>Combinez les produits Olaplex N\u00ba.0 et N\u00ba.3 pour des cheveux 3 fois plus forts et 68 % de r\u00e9paration<\/li>\n<li>Prot\u00e9gez votre chevelure entre deux visites au salon<\/li>\n<li>Les traitements r\u00e9parateurs Olaplex les plus puissants \u00e0 utiliser \u00e0 la maison : ils offrent douceur et \u00e9clat \u00e0 tous les types de cheveux<\/li>\n<li>Il a \u00e9t\u00e9 scientifiquement prouv\u00e9 que ces deux traitements r\u00e9parent et renforcent les liaisons ab\u00eem\u00e9es et rompues<\/li>\n<\/ul>\n<\/div>\n<\/div>\n<div class=\"tab js-tab\">\n<h3 class=\"tab-title pdp-tabs_title js-tab-mobile-title\"><span>Description<\/span><\/h3>\n<div class=\"tab-description pdp-tabs_description js-tab-description\" itemprop=\"description\">Ce kit de 4 articles contient un syst\u00e8me de traitement pr\u00e9-shampooing en deux parties qui r\u00e9pare tous les niveaux de dommages et restaure la sant\u00e9 des cheveux. \u00c0 utiliser chaque semaine. Le kit comprend \u00e9galement les deux best-sellers OLAPLEX en format voyage : le shampooing et l\u2019apr\u00e8s-shampooing qui hydratent et pr\u00e9viennent les frisottis et les pointes fourches. \u00c9labor\u00e9s avec la c\u00e9l\u00e8bre technologie brevet\u00e9e de r\u00e9paration des liaisons OLAPLEX.<\/div>\n<\/div>\n<div class=\"tab js-tab\">\n<h3 class=\"tab-title pdp-tabs_title js-tab-mobile-title\"><span>Mode d&#8217;emploi<\/span><\/h3>\n<div class=\"tab-description pdp-tabs_description js-tab-description\">D\u00e9butez le syst\u00e8me de traitement en deux parties \u00e0 appliquer \u00e0 la maison en utilisant le N\u00ba.0. Ensuite, appliquez le N\u00ba.3 Hair Perfector pour renforcer et r\u00e9parer tous types de cheveux ab\u00eem\u00e9s. Appliquez doucement sur cheveux secs et r\u00e9partissez uniform\u00e9ment des racines jusqu\u2019aux pointes. Appliquez m\u00e9ticuleusement le N\u00ba.0 sur des petites sections en faisant p\u00e9n\u00e9trer le produit afin que la chevelure absorbe le produit au fur et \u00e0 mesure. Les cheveux doivent \u00eatre humides, pas mouill\u00e9s. Laisser poser pendant 10\u00a0minutes. Ne rincez pas. Pour un traitement complet, appliquez le N\u00ba.3 Hair Perfector par-dessus le N\u00ba.0 \u00e0 l\u2019aide d\u2019un peigne si besoin. Laisser poser pendant 10\u00a0minutes minimum. Rincez, appliquez le shampooing, puis l\u2019apr\u00e8s-shampooing. Pour un r\u00e9sultat optimal, utilisez le N\u00ba.4 Shampoo, puis le N\u00ba.5 Conditioner. Appliquez doucement sur cheveux secs et r\u00e9partissez uniform\u00e9ment des racines jusqu\u2019aux pointes. Appliquez m\u00e9ticuleusement le N\u00ba.0 sur des petites sections en faisant p\u00e9n\u00e9trer le produit. Les cheveux doivent \u00eatre humides, pas mouill\u00e9s. Laisser poser pendant 10\u00a0minutes. Ne rincez pas. Appliquez ensuite le N\u00ba.3 Hair Perfector par-dessus le N\u00ba.0 \u00e0 l\u2019aide d\u2019un peigne si besoin. Laisser poser pendant 10\u00a0minutes minimum. Rincez, appliquez le N\u00ba.4 Shampoo, puis le N\u00ba.5 Conditioner.<\/div>\n<\/div>\n<div class=\"tab js-tab\">\n<h3 class=\"tab-title pdp-tabs_title js-tab-mobile-title\"><span>Ingr\u00e9dients<\/span><\/h3>\n<div class=\"tab-description pdp-tabs_description js-tab-description\">No.4 Bond Building Shampoo -Water, (Aqua) Sodium Lauroyl Methyl Isethionate, Cocamidopropyl Hydroxysultaine, Potassium Cocoyl Glycinate, Disodium Cocoyl Glutamate, Sodium Lauroyl Sarcosinate, Potassium Cocoate, Decyl Glucoside, Glycereth-26, Bis-Aminopropyl Diglycol Dimaleate, Propanediol, Euterpe Oleracea Fruit Extract, Punica Granatum Extract, Rosmarinus Officinalis (Rosemary) Leaf Extract, Musa Sapientum (Banana) Fruit Extract, Origanum Vulgare Leaf Extract, Morinda Citrifolia Fruit Extract, Arctium Lappa Root Extract, Fragrance (Parfum), Cocamidopropylamine Oxide, Disodium Laureth Sulfosuccinate, Panthenol, Glycol Distearate, Sodium Cocoyl Glutamate, Methyl Gluceth-20, Acrylates Copolymer, Prunus Armeniaca (Apricot) Kernel Oil, Pseudozyma Epicola\/Argania Spinosa Kernel Oil Ferment Filtrate, Pseudozyma Epicola\/Camellia Sinensis Seed Oil Ferment Extract Filtrate, PEG-120 Methyl Glucose Dioleate, Amodimethicone, Sodium Lauryl Sulfoacetate, Guar Hydroxypropyltrimonium Chloride, Polyquaternium-10, Divinyldimethicone\/Dimethicone Copolymer, Polyquaternium-11, Trisodium Ethylenediamine Disuccinate, C11-15 Pareth-7, Laureth-9, Glycerin, Trideceth-12, Hexyl Cinnamal, Limonene, C12-13 Pareth-23, C12-13 Pareth-3, Hydrolyzed Vegetable Protein PG-Propyl Silanetriol, Acetic Acid, Citral, Benzoic Acid, Tetrasodium EDTA, Pentasodium Triphosphate, Sodium Polyacrylate, Pentaerythrityl Tetra-Di-T-Butyl Hydroxyhydrocinnamate, Disodium EDTA, Sodium Benzoate, Potassium Sorbate, Phenoxyethanol, Chlorphenesin, Ethylhexylglycerin, Quaternium-95, PEG-8, PEG-8\/SMDI Copolymer, Palmitoyl Myristyl Serinate, Citric Acid, Sodium Hyaluronate, Tocopherol, Biotin, Helianthus Annuus (Sunflower) Seed Extract, Helianthus Annuus(Sunflower) Seed Oil *The exact percentage (concentration) of composition has been withheld as a trade secret.<br \/>no.5 Bond Building conditioner &#8211; Water (Aqua), Cetearyl Alcohol, PPG-3 Benzyl Ether Myristate, Caprylic\/Capric Triglyceride, Cetyl Alcohol, Octyldodecyl Ricinoleate, Quaternium-91, Cetrimonium Chloride, Divinyldimethicone\/Dimethicone Copolymer, Behentrimonium Chloride, Glycerin, Cetyl Esters, Isododecane, Bis-Aminopropyl Diglycol Dimaleate, Fragrance (Parfum), Panthenol, Phospholipids, Dimethicone PEG-7 Isostearate, Pseudozyma Epicola\/Argania Spinosa Kernel Oil Ferment Filtrate, Pseudozyma Epicola\/Camellia Sinensis Seed Oil Ferment Extract Filtrate, Tocopheryl Linoleate\/Oleate, Quaternium-95, Propanediol, Punica Granatum Extract, Morinda Citrifolia Fruit Extract, PEG-8, Euterpe Oleracea Fruit Extract, Camellia Sinensis Seed Oil, Crambe Abyssinica Seed Oil, Hydroxypropyl Cyclodextrin, Persea Gratissima (Avocado) Oil, Vitis Vinifera (Grape) Seed Oil, Disodium EDTA, Polysilicone-15, C11-15 Pareth-7, Hydroxypropyl Guar, Glycine Soja (Soybean) Oil, PEG-45M, PEG-7 Amodimethicone, Amodimethicone, C12-13 Pareth-23, C12-13 Pareth-3, Laureth-9, Pentaerythrityl Tetra-Di-T-Butyl Hydroxyhydrocinnamate, PEG-4, Phenoxyethanol, Hexyl Cinnamal, Limonene, Trideceth-12, Sodium Polyaspartate, Citral, Potassium Sorbate, Iodopropynyl Butylcarbamate, Silica, Acetic Acid, Etidronic Acid, Sodium Acetate, Chlorphenesin, Propylene Glycol, PEG-4 Dilaurate, PEG-4 Laurate, BHT, Sodium Dehydroacetate, PEG-8\/SMDI Copolymer, Palmitoyl Myristyl Serinate, Sodium Polyacrylate, Ahnfeltiopsis Concinna Extract, Sodium Benzoate, Citric Acid, Tocopherol, Hydrolyzed Hyaluronic Acid, Biotin, Helianthus Annuus (Sunflower) Seed Extract, Helianthus Annuus (Sunflower) Seed Oil* The exact percentage (concentration) of composition has been withheld as a trade secret.<br \/>no.0 Intensive Bond Building Treatment Water (Aqua), Bis-Aminopropyl Diglycol Dimaleate, Sodium Benzoate, Phenoxyethanol<br \/>no.3 WATER (AQUA\/EAU), BIS-AMINOPROPYL DIGLYCOL DIMALEATE, PROPYLENE GLYCOL, CETEARYL ALCOHOL, BEHENTRIMONIUM METHOSULFATE, CETYL ALCOHOL, PHENOXYETHANOL, GLYCERIN, HYDROXYETHYL ETHYLCELLULOSE, STEARAMIDOPROPYL DIMETHYLAMINE , QUATERNIUM-91, SODIUM BENZOATE, CETRIMONIUM METHOSULFATE, CETRIMONIUM CHLORIDE, FRAGRANCE (PARFUM), POLYQUATERNIUM-37, TETRASODIUM EDTA, BENZYL BENZOATE, ETIDRONIC ACID, ASCORBIC ACID, PHYTANTRIOL, TOCOPHERYL ACETATE, ALOE BARBADENSIS LEAF JUICE, PANTHENOL, SIMMONDSIA CHINENSIS (JOJOBA) SEED OIL, CITRIC ACID, POTASSIUM SORBATE<\/div>\n<\/div>\n<div class=\"tab js-tab\">\n<h3 class=\"tab-title pdp-tabs_title js-tab-mobile-title\"><span>Livraison et stock<\/span><\/h3>\n<div class=\"tab-description pdp-tabs_description js-tab-description\">\n<div class=\"pdp-delivery_info\">\n<div class=\"content-asset\">Livraison et d\u00e9laisRetours et remboursements<\/div>\n<\/div>\n<\/div>\n<\/div>\n<div class=\"tab js-tab\">\n<h3 class=\"tab-title pdp-tabs_title js-tab-mobile-title\"><span>Pr\u00e9cautions d&#8217;emploi<\/span><\/h3>\n<div class=\"tab-description pdp-tabs_description js-tab-description\">\u00c9viter tout contact avec les yeux.<\/div>\n<\/div>\n<\/div>\n<\/div>\n<\/div>\n","protected":false},"excerpt":{"rendered":"<p>Points cl\u00e9s Une trousse de voyage parfaite contenant tous vos essentiels Olaplex pr\u00e9f\u00e9r\u00e9s Combinez les&hellip;<\/p>\n","protected":false},"featured_media":20403,"comment_status":"open","ping_status":"closed","template":"","meta":[],"pwb-brand":[662],"product_cat":[617],"product_tag":[274,260,273],"class_list":{"0":"post-29266","1":"product","2":"type-product","3":"status-publish","4":"has-post-thumbnail","6":"pwb-brand-olaplex","7":"product_cat-coiffure","8":"product_tag-coiffure","9":"product_tag-olaplex","10":"product_tag-vegan","12":"first","13":"instock","14":"taxable","15":"shipping-taxable","16":"purchasable","17":"product-type-simple","18":"layout-style-3","19":"col-md-4 col-sm-4 col-xs-6","20":"col-lg-3","21":"product-has-gallery","22":"product-style-default"},"aioseo_notices":[],"brands":[{"id":662,"name":"Olaplex","slug":"olaplex"}],"_links":{"self":[{"href":"https:\/\/cheveuxluxe.com\/index.php\/wp-json\/wp\/v2\/product\/29266","targetHints":{"allow":["GET"]}}],"collection":[{"href":"https:\/\/cheveuxluxe.com\/index.php\/wp-json\/wp\/v2\/product"}],"about":[{"href":"https:\/\/cheveuxluxe.com\/index.php\/wp-json\/wp\/v2\/types\/product"}],"replies":[{"embeddable":true,"href":"https:\/\/cheveuxluxe.com\/index.php\/wp-json\/wp\/v2\/comments?post=29266"}],"version-history":[{"count":0,"href":"https:\/\/cheveuxluxe.com\/index.php\/wp-json\/wp\/v2\/product\/29266\/revisions"}],"wp:featuredmedia":[{"embeddable":true,"href":"https:\/\/cheveuxluxe.com\/index.php\/wp-json\/wp\/v2\/media\/20403"}],"wp:attachment":[{"href":"https:\/\/cheveuxluxe.com\/index.php\/wp-json\/wp\/v2\/media?parent=29266"}],"wp:term":[{"taxonomy":"pwb-brand","embeddable":true,"href":"https:\/\/cheveuxluxe.com\/index.php\/wp-json\/wp\/v2\/pwb-brand?post=29266"},{"taxonomy":"product_cat","embeddable":true,"href":"https:\/\/cheveuxluxe.com\/index.php\/wp-json\/wp\/v2\/product_cat?post=29266"},{"taxonomy":"product_tag","embeddable":true,"href":"https:\/\/cheveuxluxe.com\/index.php\/wp-json\/wp\/v2\/product_tag?post=29266"}],"curies":[{"name":"wp","href":"https:\/\/api.w.org\/{rel}","templated":true}]}}