{"id":29274,"date":"2024-04-09T21:59:10","date_gmt":"2024-04-09T21:59:10","guid":{"rendered":"https:\/\/cheveuxluxe.com\/index.php\/product\/olaplex-broad-spectrum-traitement-chelateur-370ml\/"},"modified":"2024-04-13T16:02:19","modified_gmt":"2024-04-13T16:02:19","slug":"olaplex-broad-spectrum-traitement-chelateur-370ml","status":"publish","type":"product","link":"https:\/\/cheveuxluxe.com\/index.php\/product\/olaplex-broad-spectrum-traitement-chelateur-370ml\/","title":{"rendered":"Olaplex Broad Spectrum Traitement Ch\u00e9lateur 370ml"},"content":{"rendered":"<div class=\"product-content_bottom\">\n<div class=\"pdp-info\">\n<div class=\"pdp-tabs tab-container\">\n<div class=\"tab js-tab\">\n<h3 class=\"tab-title pdp-tabs_title js-tab-mobile-title open\"><span>Points cl\u00e9s<\/span><\/h3>\n<div class=\"tab-description pdp-tabs_description js-tab-description open\" itemprop=\"description\">\n<ul>\n<li>Ce produit unique en son genre \u00e9limine les particules nocives des cheveux sans les ab\u00eemer, les d\u00e9shydrater ou les priver des prot\u00e9ines essentielles<\/li>\n<li>La vitamine C active permet de purifier le cuir chevelu et d\u2019assurer une protection antioxydante contre la pollution et les dommages caus\u00e9s par les radicaux libres<\/li>\n<li>Permet aux traitements chimiques de mieux p\u00e9n\u00e9trer le cheveu et d&rsquo;\u00eatre plus efficaces<\/li>\n<li>Redonne brillance naturelle, douceur, corps, souplesse et facilite le coiffage<\/li>\n<\/ul>\n<\/div>\n<\/div>\n<div class=\"tab js-tab\">\n<h3 class=\"tab-title pdp-tabs_title js-tab-mobile-title\"><span>Description<\/span><\/h3>\n<div class=\"tab-description pdp-tabs_description js-tab-description\" itemprop=\"description\">Le soin Olaplex Broad Spectrum Chelating Treatment est un agent ch\u00e9lateur professionnel tr\u00e8s puissant qui purifie le cheveu en profondeur jusqu&rsquo;au cortex. Il permet d\u2019\u00e9liminer un large \u00e9ventail de m\u00e9taux lourds, de min\u00e9raux, de pollution, de chlore, de m\u00e9dicaments et d&rsquo;accumulations de produits sans d\u00e9shydrater les cheveux ni les priver de leurs prot\u00e9ines essentielles. Il s&rsquo;agit d&rsquo;une \u00e9tape corrective essentielle pour les client(e)s pr\u00e9sentant des accumulations caus\u00e9es par l&rsquo;eau calcaire, l&rsquo;eau de puits, les m\u00e9dicaments ou les d\u00e9p\u00f4ts de fer et de cuivre causant une d\u00e9coloration.<\/div>\n<\/div>\n<div class=\"tab js-tab\">\n<h3 class=\"tab-title pdp-tabs_title js-tab-mobile-title\"><span>Mode d&#8217;emploi<\/span><\/h3>\n<div class=\"tab-description pdp-tabs_description js-tab-description\">Gr\u00e2ce \u00e0 cette solution sans m\u00e9lange, vous ne perdez ni temps de pr\u00e9paration ni produit et vous obtenez des r\u00e9sultats constants et fiables \u00e0 chaque application. 12 \u00e0 15 applications faciles par flacon. Lavez vos cheveux avec OLAPLEX N\u00ba.4C et rincez abondamment. Appliquez le Broad Spectrum sur les cheveux par sections en les impr\u00e9gnant uniform\u00e9ment. Laissez agir pendant 15 \u00e0 30 minutes. Pour un r\u00e9sultat plus intense, placez vos cheveux sous une source de chaleur ou prolongez le temps d&rsquo;application. Rincez abondamment, puis faites un shampooing avec le N\u00ba.4 pour de meilleurs r\u00e9sultats.<\/div>\n<\/div>\n<div class=\"tab js-tab\">\n<h3 class=\"tab-title pdp-tabs_title js-tab-mobile-title\"><span>Ingr\u00e9dients<\/span><\/h3>\n<div class=\"tab-description pdp-tabs_description js-tab-description\">*Water\/Aqua\/Eau, Hydroxyethylcellulose, Hydroxypropyl Bis-Hydroxyethyldimonium Chloride, Alteromonas Ferment Extract, Polyquaternium-22, Terminalia Ferdinandiana Fruit Extract, Tetrasodium Glutomate, Diacetate, Sodium Gluconate, Bis-Aminopropyl Diglycol Dimaleate, Tocopherol, Caprylyl\/Capryl Glucoside, Glycerin, Butylene Glycol, Ethylhexylglycerin, Phenoxyethanol, Sodium Benzoate, Sodium Hydroxide.<\/div>\n<\/div>\n<div class=\"tab js-tab\">\n<h3 class=\"tab-title pdp-tabs_title js-tab-mobile-title\"><span>Livraison et stock<\/span><\/h3>\n<div class=\"tab-description pdp-tabs_description js-tab-description\">\n<div class=\"pdp-delivery_info\">\n<div class=\"content-asset\">Livraison et d\u00e9laisRetours et remboursements<\/div>\n<\/div>\n<\/div>\n<\/div>\n<div class=\"tab js-tab\">\n<h3 class=\"tab-title pdp-tabs_title js-tab-mobile-title\"><span>Pr\u00e9cautions d&#8217;emploi<\/span><\/h3>\n<div class=\"tab-description pdp-tabs_description js-tab-description\">\u00e9viter le contact avec les yeux<\/div>\n<\/div>\n<\/div>\n<\/div>\n<\/div>\n","protected":false},"excerpt":{"rendered":"<p>Points cl\u00e9s Ce produit unique en son genre \u00e9limine les particules nocives des cheveux sans&hellip;<\/p>\n","protected":false},"featured_media":29267,"comment_status":"open","ping_status":"closed","template":"","meta":[],"pwb-brand":[662],"product_cat":[617],"product_tag":[274,260,273],"class_list":{"0":"post-29274","1":"product","2":"type-product","3":"status-publish","4":"has-post-thumbnail","6":"pwb-brand-olaplex","7":"product_cat-coiffure","8":"product_tag-coiffure","9":"product_tag-olaplex","10":"product_tag-vegan","12":"first","13":"instock","14":"taxable","15":"shipping-taxable","16":"purchasable","17":"product-type-simple","18":"layout-style-3","19":"col-md-4 col-sm-4 col-xs-6","20":"col-lg-3","21":"product-has-gallery","22":"product-style-default"},"aioseo_notices":[],"brands":[{"id":662,"name":"Olaplex","slug":"olaplex"}],"_links":{"self":[{"href":"https:\/\/cheveuxluxe.com\/index.php\/wp-json\/wp\/v2\/product\/29274","targetHints":{"allow":["GET"]}}],"collection":[{"href":"https:\/\/cheveuxluxe.com\/index.php\/wp-json\/wp\/v2\/product"}],"about":[{"href":"https:\/\/cheveuxluxe.com\/index.php\/wp-json\/wp\/v2\/types\/product"}],"replies":[{"embeddable":true,"href":"https:\/\/cheveuxluxe.com\/index.php\/wp-json\/wp\/v2\/comments?post=29274"}],"version-history":[{"count":0,"href":"https:\/\/cheveuxluxe.com\/index.php\/wp-json\/wp\/v2\/product\/29274\/revisions"}],"wp:featuredmedia":[{"embeddable":true,"href":"https:\/\/cheveuxluxe.com\/index.php\/wp-json\/wp\/v2\/media\/29267"}],"wp:attachment":[{"href":"https:\/\/cheveuxluxe.com\/index.php\/wp-json\/wp\/v2\/media?parent=29274"}],"wp:term":[{"taxonomy":"pwb-brand","embeddable":true,"href":"https:\/\/cheveuxluxe.com\/index.php\/wp-json\/wp\/v2\/pwb-brand?post=29274"},{"taxonomy":"product_cat","embeddable":true,"href":"https:\/\/cheveuxluxe.com\/index.php\/wp-json\/wp\/v2\/product_cat?post=29274"},{"taxonomy":"product_tag","embeddable":true,"href":"https:\/\/cheveuxluxe.com\/index.php\/wp-json\/wp\/v2\/product_tag?post=29274"}],"curies":[{"name":"wp","href":"https:\/\/api.w.org\/{rel}","templated":true}]}}