{"id":29282,"date":"2024-04-09T21:59:28","date_gmt":"2024-04-09T21:59:28","guid":{"rendered":"https:\/\/cheveuxluxe.com\/index.php\/product\/olaplex-bond-maintenance-no-4c-shampooing-clarifiant-250ml\/"},"modified":"2024-04-13T14:25:05","modified_gmt":"2024-04-13T14:25:05","slug":"olaplex-bond-maintenance-no-4c-shampooing-clarifiant-250ml","status":"publish","type":"product","link":"https:\/\/cheveuxluxe.com\/index.php\/product\/olaplex-bond-maintenance-no-4c-shampooing-clarifiant-250ml\/","title":{"rendered":"Olaplex Bond Maintenance No. 4C Shampooing Clarifiant 250ml"},"content":{"rendered":"<div class=\"product-content_bottom\">\n<div class=\"pdp-info\">\n<div class=\"pdp-tabs tab-container\">\n<div class=\"tab js-tab\">\n<h3 class=\"tab-title pdp-tabs_title js-tab-mobile-title open\"><span>Points cl\u00e9s<\/span><\/h3>\n<div class=\"tab-description pdp-tabs_description js-tab-description open\" itemprop=\"description\">\n<ul>\n<li style=\"margin-left: 8px;\">Syst\u00e8me de clarification \u00e0 large spectre exclusif qui \u00e9limine les min\u00e9raux des eaux calcaires, le chlore, l\u2019exc\u00e8s de s\u00e9bum, les polluants et l\u2019accumulation de produits d\u00e8s la premi\u00e8re utilisation<\/li>\n<li style=\"margin-left: 8px;\">\u00c9labor\u00e9 avec la technologie brevet\u00e9e OLAPLEX Bond-Building Technology\u2122 pour renforcer les liaisons capillaires<\/li>\n<li style=\"margin-left: 8px;\">Sa mousse riche nettoie en profondeur pour redonner brillance et douceur<\/li>\n<li style=\"margin-left: 8px;\">Sa formule non dess\u00e9chante rend les cheveux doux et brillants avec une clart\u00e9 \u00e9clatante<\/li>\n<li style=\"margin-left: 8px;\">Sans sulfate ou silicone, pH neutre et vegan<\/li>\n<\/ul>\n<\/div>\n<\/div>\n<div class=\"tab js-tab\">\n<h3 class=\"tab-title pdp-tabs_title js-tab-mobile-title\"><span>Description<\/span><\/h3>\n<div class=\"tab-description pdp-tabs_description js-tab-description\" itemprop=\"description\">\n<p>Dot\u00e9 de la technologie brevet\u00e9e de renfort des liaisons et du syst\u00e8me de clarification \u00e0 large spectre exclusif, OLAPLEX N\u00ba.4C est un shampooing clarifiant avanc\u00e9 qui offre un puissant nettoyage en profondeur en \u00e9liminant l\u2019accumulation de produits et les impuret\u00e9s pour des cheveux visiblement plus sains. La mousse riche \u00e9limine les min\u00e9raux des eaux calcaires, le chlore, l\u2019exc\u00e8s de s\u00e9bum, les m\u00e9taux lourds et les polluants d\u00e8s la premi\u00e8re utilisation et sans d\u00e9caper les cheveux. La formule non dess\u00e9chante est sans sulfate et dot\u00e9e d\u2019un pH neutre pour entretenir l\u2019hydratation et rendre les cheveux doux et brillants avec une clart\u00e9 \u00e9clatante. Il est \u00e9labor\u00e9 avec la technologie brevet\u00e9e OLAPLEX Bond-Building Technology\u2122 pour renforcer les liaisons capillaires.<\/p>\n<p><strong>Principaux avantages\u00a0:<\/strong><br \/>\u00a0<\/p>\n<ul>\n<li>Syst\u00e8me de clarification \u00e0 large spectre exclusif qui aide \u00e0 \u00e9liminer les impuret\u00e9s, l\u2019exc\u00e8s de s\u00e9bum et l\u2019accumulation de produits d\u00e8s la premi\u00e8re utilisation\u00a0<\/li>\n<li>Technologie OLAPLEX brevet\u00e9e qui aide \u00e0 entretenir la sant\u00e9 et la force des cheveux\u00a0<\/li>\n<li>Redonne volume, brillance et \u00e9clat de la couleur\u00a0<\/li>\n<li>Formule non d\u00e9capante et non dess\u00e9chante<\/li>\n<\/ul>\n<\/div>\n<\/div>\n<div class=\"tab js-tab\">\n<h3 class=\"tab-title pdp-tabs_title js-tab-mobile-title\"><span>Mode d&#8217;emploi<\/span><\/h3>\n<div class=\"tab-description pdp-tabs_description js-tab-description\">Int\u00e9grez-le une fois par semaine \u00e0 votre routine capillaire \u00e0 la maison. Pour des r\u00e9sultats optimaux, il peut \u00eatre utilis\u00e9 avant les soins de r\u00e9paration capillaire.<\/div>\n<\/div>\n<div class=\"tab js-tab\">\n<h3 class=\"tab-title pdp-tabs_title js-tab-mobile-title\"><span>Ingr\u00e9dients<\/span><\/h3>\n<div class=\"tab-description pdp-tabs_description js-tab-description\">Water (Aqua\/Eau), Sodium Lauroyl Methyl Isethionate, Cocamidopropyl Hydroxysultaine, Sodium Lauroyl Glutamate, Coco-Betaine, Disodium Laureth Sulfosuccinate, Acrylates Copolymer, Cocamidopropyl Betaine, Cocamidopropylamine Oxide, Sodium Methyl Oleoyl Taurate, Decyl Glucoside, Bis-Aminopropyl Diglycol Dimaleate, Sodium Lauryl Sulfoacetate, Phenoxyethanol, Coco-Glucoside, Lauryl Glucoside, Chlorphenesin, Panthenol, Trisodium Ethylenediamine Disuccinate, Ethylhexylglycerin, Sodium Benzoate, Polyquaternium-11, Benzoic Acid, Sodium PCA , Pentasodium Triphosphate, Sodium Lactate, Arginine, Aspartic Acid, PCA, Citric Acid, Glycine, Alanine, Serine, Valine, Isoleucine, Proline,Threonine, Histidine, Phenylalanine, Fragrance (Parfum), Citral, Hexyl Cinnamal, Limonene<\/div>\n<\/div>\n<div class=\"tab js-tab\">\n<h3 class=\"tab-title pdp-tabs_title js-tab-mobile-title\"><span>Livraison et stock<\/span><\/h3>\n<div class=\"tab-description pdp-tabs_description js-tab-description\">\n<div class=\"pdp-delivery_info\">\n<div class=\"content-asset\">Livraison et d\u00e9laisRetours et remboursements<\/div>\n<\/div>\n<\/div>\n<\/div>\n<\/div>\n<\/div>\n<\/div>\n","protected":false},"excerpt":{"rendered":"<p>Points cl\u00e9s Syst\u00e8me de clarification \u00e0 large spectre exclusif qui \u00e9limine les min\u00e9raux des eaux&hellip;<\/p>\n","protected":false},"featured_media":20411,"comment_status":"open","ping_status":"closed","template":"","meta":[],"pwb-brand":[662],"product_cat":[617],"product_tag":[274,260,273],"class_list":{"0":"post-29282","1":"product","2":"type-product","3":"status-publish","4":"has-post-thumbnail","6":"pwb-brand-olaplex","7":"product_cat-coiffure","8":"product_tag-coiffure","9":"product_tag-olaplex","10":"product_tag-vegan","12":"first","13":"instock","14":"taxable","15":"shipping-taxable","16":"purchasable","17":"product-type-simple","18":"layout-style-3","19":"col-md-4 col-sm-4 col-xs-6","20":"col-lg-3","21":"product-has-gallery","22":"product-style-default"},"aioseo_notices":[],"brands":[{"id":662,"name":"Olaplex","slug":"olaplex"}],"_links":{"self":[{"href":"https:\/\/cheveuxluxe.com\/index.php\/wp-json\/wp\/v2\/product\/29282","targetHints":{"allow":["GET"]}}],"collection":[{"href":"https:\/\/cheveuxluxe.com\/index.php\/wp-json\/wp\/v2\/product"}],"about":[{"href":"https:\/\/cheveuxluxe.com\/index.php\/wp-json\/wp\/v2\/types\/product"}],"replies":[{"embeddable":true,"href":"https:\/\/cheveuxluxe.com\/index.php\/wp-json\/wp\/v2\/comments?post=29282"}],"version-history":[{"count":0,"href":"https:\/\/cheveuxluxe.com\/index.php\/wp-json\/wp\/v2\/product\/29282\/revisions"}],"wp:featuredmedia":[{"embeddable":true,"href":"https:\/\/cheveuxluxe.com\/index.php\/wp-json\/wp\/v2\/media\/20411"}],"wp:attachment":[{"href":"https:\/\/cheveuxluxe.com\/index.php\/wp-json\/wp\/v2\/media?parent=29282"}],"wp:term":[{"taxonomy":"pwb-brand","embeddable":true,"href":"https:\/\/cheveuxluxe.com\/index.php\/wp-json\/wp\/v2\/pwb-brand?post=29282"},{"taxonomy":"product_cat","embeddable":true,"href":"https:\/\/cheveuxluxe.com\/index.php\/wp-json\/wp\/v2\/product_cat?post=29282"},{"taxonomy":"product_tag","embeddable":true,"href":"https:\/\/cheveuxluxe.com\/index.php\/wp-json\/wp\/v2\/product_tag?post=29282"}],"curies":[{"name":"wp","href":"https:\/\/api.w.org\/{rel}","templated":true}]}}