{"id":29287,"date":"2024-04-09T21:59:39","date_gmt":"2024-04-09T21:59:39","guid":{"rendered":"https:\/\/cheveuxluxe.com\/index.php\/product\/olaplex-no-4-shampooing-bond-maintenance-1l\/"},"modified":"2024-04-13T16:04:13","modified_gmt":"2024-04-13T16:04:13","slug":"olaplex-no-4-shampooing-bond-maintenance-1l","status":"publish","type":"product","link":"https:\/\/cheveuxluxe.com\/index.php\/product\/olaplex-no-4-shampooing-bond-maintenance-1l\/","title":{"rendered":"Olaplex No. 4 Shampooing Bond Maintenance 1L"},"content":{"rendered":"<div class=\"product-content_bottom\">\n<div class=\"pdp-info\">\n<div class=\"pdp-tabs tab-container\">\n<div class=\"tab js-tab\">\n<h3 class=\"tab-title pdp-tabs_title js-tab-mobile-title open\"><span>Points cl\u00e9s<\/span><\/h3>\n<div class=\"tab-description pdp-tabs_description js-tab-description open\" itemprop=\"description\">\n<ul>\n<li>R\u00e9pare les cheveux ab\u00eem\u00e9s<\/li>\n<li>Prot\u00e8ge des dommages quotidiens<\/li>\n<li>Rends les cheveux brillant et soyeux<\/li>\n<li>Renforce la fibre capillaire pour des cheveux plus forts<\/li>\n<\/ul>\n<\/div>\n<\/div>\n<div class=\"tab js-tab\">\n<h3 class=\"tab-title pdp-tabs_title js-tab-mobile-title\"><span>Description<\/span><\/h3>\n<div class=\"tab-description pdp-tabs_description js-tab-description\" itemprop=\"description\">\n<p>Vos cheveux sont ab\u00eem\u00e9s par des cassures dues \u00e0 la chaleur, aux traitements chimiques et \u00e0 l&rsquo;usure quotidienne ? Le shampooing d&rsquo;entretien Olaplex n\u00b04 r\u00e9pare et prot\u00e8ge tous les types de cheveux contre les dommages, pour les r\u00e9concilier avec leur naturel imm\u00e9diatement apr\u00e8s utilisation.<\/p>\n<p>Gr\u00e2ce \u00e0 la technologie brevet\u00e9e d&rsquo;Olaplex, cette formule v\u00e9g\u00e9talienne et sans sulfate r\u00e9tablit les liens bris\u00e9s des cheveux tout en augmentant leur niveau d&rsquo;hydratation et en am\u00e9liorant leur brillance naturelle. No. 4 hydrate, renforce et d\u00e9m\u00eale \u00e0 chaque lavage.<\/p>\n<p>Olaplex offre aussi l&rsquo;apr\u00e8s-shampoing Olaplex No.5 Bond Maintenance et le traitement hebdomadaire Olaplex No.3 Perfecteur Cheveux, la recette d&rsquo;une routine de soins capillaires unique en son genre.<br \/>Shampooing \u00e0 utiliser en salon ou \u00e0 domicile.<\/p>\n<p>Principaux avantages :<br \/>Formule v\u00e9g\u00e9talienne et sans cruaut\u00e9 envers les animaux, convenant \u00e0 tous types de cheveux.<br \/>La technologie brevet\u00e9e permet de pr\u00e9server la sant\u00e9 et la force des cheveux entre les visites au salon.<br \/>Maintient une couleur de haute qualit\u00e9.<br \/>Renforce les liens bris\u00e9s dans les cheveux et r\u00e9pare les dommages caus\u00e9s par la chaleur et les traitements chimiques.<\/p>\n<\/div>\n<\/div>\n<div class=\"tab js-tab\">\n<h3 class=\"tab-title pdp-tabs_title js-tab-mobile-title\"><span>Mode d&#8217;emploi<\/span><\/h3>\n<div class=\"tab-description pdp-tabs_description js-tab-description\">Appliquer une petite quantit\u00e9, pour nourrir et aider \u00e0 am\u00e9liorer la force et la docilit\u00e9 du cheveux. Utilisez ce shampooing chaque fois que vous lavez les cheveux ou apr\u00e8s avoir rinc\u00e9 le No.3 des cheveux.<\/div>\n<\/div>\n<div class=\"tab js-tab\">\n<h3 class=\"tab-title pdp-tabs_title js-tab-mobile-title\"><span>Ingr\u00e9dients<\/span><\/h3>\n<div class=\"tab-description pdp-tabs_description js-tab-description\">Water, (Aqua) Sodium Lauroyl Methyl Isethionate, Cocamidopropyl Hydroxysultaine, Potassium Cocoyl Glycinate, Disodium Cocoyl Glutamate, Sodium Lauroyl Sarcosinate, Potassium Cocoate, Decyl Glucoside, Glycereth-26, Bis-Aminopropyl Diglycol Dimaleate, Propanediol, Euterpe Oleracea Fruit Extract, Punica Granatum Extract, Rosmarinus Officinalis (Rosemary) Leaf Extract, Musa Sapientum (Banana) Fruit Extract, Origanum Vulgare Leaf Extract, Morinda Citrifolia Fruit Extract, Arctium Lappa Root Extract, Fragrance (Parfum), Cocamidopropylamine Oxide, Disodium Laureth Sulfosuccinate, Panthenol, Glycol Distearate, Sodium Cocoyl Glutamate, Methyl Gluceth-20, Acrylates Copolymer, Prunus Armeniaca (Apricot) Kernel Oil, Pseudozyma Epicola\/Argania Spinosa Kernel Oil Ferment Filtrate, Pseudozyma Epicola\/Camellia Sinensis Seed Oil Ferment Extract Filtrate, PEG-120 Methyl Glucose Dioleate, Amodimethicone, Sodium Lauryl Sulfoacetate, Guar Hydroxypropyltrimonium Chloride, Polyquaternium-10, Divinyldimethicone\/Dimethicone Copolymer, Polyquaternium-11, Trisodium Ethylenediamine Disuccinate, C11-15 Pareth-7, Laureth-9, Glycerin, Trideceth-12, Hexyl Cinnamal, Limonene, C12-13 Pareth-23, C12-13 Pareth-3, Hydrolyzed Vegetable Protein PG-Propyl Silanetriol, Acetic Acid, Citral, Benzoic Acid, Tetrasodium EDTA, Pentasodium Triphosphate, Sodium Polyacrylate, Pentaerythrityl Tetra-Di-T-Butyl Hydroxyhydrocinnamate, Disodium EDTA, Sodium Benzoate, Potassium Sorbate, Phenoxyethanol, Chlorphenesin, Ethylhexylglycerin, Quaternium-95, PEG-8, PEG-8\/SMDI Copolymer, Palmitoyl Myristyl Serinate, Citric Acid, Sodium Hyaluronate, Tocopherol, Biotin, Helianthus Annuus (Sunflower) Seed Extract, Helianthus Annuus(Sunflower) Seed Oil *The exact percentage (concentration) of composition has been withheld as a trade secret.<\/div>\n<\/div>\n<div class=\"tab js-tab\">\n<h3 class=\"tab-title pdp-tabs_title js-tab-mobile-title\"><span>Livraison et stock<\/span><\/h3>\n<div class=\"tab-description pdp-tabs_description js-tab-description\">\n<div class=\"pdp-delivery_info\">\n<div class=\"content-asset\">Livraison et d\u00e9laisRetours et remboursements<\/div>\n<\/div>\n<\/div>\n<\/div>\n<\/div>\n<\/div>\n<\/div>\n","protected":false},"excerpt":{"rendered":"<p>Points cl\u00e9s R\u00e9pare les cheveux ab\u00eem\u00e9s Prot\u00e8ge des dommages quotidiens Rends les cheveux brillant et&hellip;<\/p>\n","protected":false},"featured_media":29283,"comment_status":"open","ping_status":"closed","template":"","meta":[],"pwb-brand":[662],"product_cat":[617],"product_tag":[274,260,273],"class_list":{"0":"post-29287","1":"product","2":"type-product","3":"status-publish","4":"has-post-thumbnail","6":"pwb-brand-olaplex","7":"product_cat-coiffure","8":"product_tag-coiffure","9":"product_tag-olaplex","10":"product_tag-vegan","12":"first","13":"instock","14":"taxable","15":"shipping-taxable","16":"purchasable","17":"product-type-simple","18":"layout-style-3","19":"col-md-4 col-sm-4 col-xs-6","20":"col-lg-3","21":"product-has-gallery","22":"product-style-default"},"aioseo_notices":[],"brands":[{"id":662,"name":"Olaplex","slug":"olaplex"}],"_links":{"self":[{"href":"https:\/\/cheveuxluxe.com\/index.php\/wp-json\/wp\/v2\/product\/29287","targetHints":{"allow":["GET"]}}],"collection":[{"href":"https:\/\/cheveuxluxe.com\/index.php\/wp-json\/wp\/v2\/product"}],"about":[{"href":"https:\/\/cheveuxluxe.com\/index.php\/wp-json\/wp\/v2\/types\/product"}],"replies":[{"embeddable":true,"href":"https:\/\/cheveuxluxe.com\/index.php\/wp-json\/wp\/v2\/comments?post=29287"}],"version-history":[{"count":0,"href":"https:\/\/cheveuxluxe.com\/index.php\/wp-json\/wp\/v2\/product\/29287\/revisions"}],"wp:featuredmedia":[{"embeddable":true,"href":"https:\/\/cheveuxluxe.com\/index.php\/wp-json\/wp\/v2\/media\/29283"}],"wp:attachment":[{"href":"https:\/\/cheveuxluxe.com\/index.php\/wp-json\/wp\/v2\/media?parent=29287"}],"wp:term":[{"taxonomy":"pwb-brand","embeddable":true,"href":"https:\/\/cheveuxluxe.com\/index.php\/wp-json\/wp\/v2\/pwb-brand?post=29287"},{"taxonomy":"product_cat","embeddable":true,"href":"https:\/\/cheveuxluxe.com\/index.php\/wp-json\/wp\/v2\/product_cat?post=29287"},{"taxonomy":"product_tag","embeddable":true,"href":"https:\/\/cheveuxluxe.com\/index.php\/wp-json\/wp\/v2\/product_tag?post=29287"}],"curies":[{"name":"wp","href":"https:\/\/api.w.org\/{rel}","templated":true}]}}